{"id":16735,"date":"2022-07-08T16:32:48","date_gmt":"2022-07-08T14:32:48","guid":{"rendered":"https:\/\/www.imesch-produkte.ch\/?post_type=product&#038;p=16735"},"modified":"2024-09-20T11:23:01","modified_gmt":"2024-09-20T09:23:01","slug":"clean-and-clever-glasreiniger-1-liter","status":"publish","type":"product","link":"https:\/\/www.staging.imesch-produkte.ch\/?product=clean-and-clever-glasreiniger-1-liter","title":{"rendered":"CLEAN and CLEVER Glasreiniger 1 Liter"},"content":{"rendered":"<p>CLEAN and CLEVER Glasreiniger 1 Liter PRO 19 zur kraftvollen Reinigung von Glas-, Spiegel-, Chrom-, Edelstahl- und Kunststoffoberfl\u00e4chen wie bspw. Fensterscheiben und -rahmen sowie sonstigen wasser- und alkoholbest\u00e4ndigen Oberfl\u00e4chen.<\/p>\n<ul>\n<li>auch stark gegen \u00d6l-, Fett- und Nikotinfilme<\/li>\n<li>reinigt streifenfrei, schnell und schonend<\/li>\n<li>hinterl\u00e4sst dauerhaften Glanz<\/li>\n<li>bremst die Wiederverschmutzung<\/li>\n<li>gebrauchsfertig und verd\u00fcnnt einsetzbar<\/li>\n<\/ul>\n<p>Produktvorteile CLEAN and CLEVER Glasreiniger 1 Liter<br \/>\n&#8211; Reinigt und trocknet schnell und streifenfrei<br \/>\n&#8211; Entfernt restlos Schmutzablagerungen, insbesondere \u00f6lige und fettige Verschmutzungen<\/p>\n<p>Der Glasreiniger geh\u00f6rt zu den CLEAN and CLEVER Produkten, welche ausschliesslich Hersteller ber\u00fccksichtigt, die auf ethische Prinzipien achten. Dazu geh\u00f6ren insbesondere der Schutz der Menschenrechte, faire Arbeitsbedingungen, Umweltschutz und Verbot von Korruption. Dies wird mit systematischen Analysen und strengen Produktionsst\u00e4tten Audits \u00fcberwacht.<\/p>\n<p><strong>Europ\u00e4ische Produktion<\/strong><br \/>\nCLEAN and CLEVER Produkte werden vorwiegend in Deutschland produziert. Das erm\u00f6glicht eine bessere Qualit\u00e4tskontrolle, st\u00e4rkt aber auch die europ\u00e4ische Wirtschaft. Gleichzeitig werden Transportwege und der damit verbundene CO2-Ausstoss auf niedrigem Niveau gehalten.<\/p>\n<p><strong>Nachhaltige Entwicklung<\/strong><br \/>\nBei der Entwicklung der Produkte wird die gesamte Wertsch\u00f6pfungskette in den Blick genommen und vor dem Hintergrund von Nachhaltigkeitskriterien auf Optimierungspotenzial untersucht:<br \/>\n\u2013 Kurze Transportwege<br \/>\n\u2013 Verl\u00e4ssliche Partner<br \/>\n\u2013 Nachhaltige Rohstoffe<br \/>\n\u2013 Ressourcenschonende Fertigung<\/p>\n<p>Weitere Reinigungsprodukte finden Sie\u00a0<a href=\"https:\/\/www.imesch-produkte.ch\/produkt-kategorie\/reinigung\/\">hier<\/a>.<\/p>\n","protected":false},"excerpt":{"rendered":"<ul>\n<li>auch stark gegen \u00d6l-, Fett- und Nikotinfilme<\/li>\n<li>reinigt streifenfrei, schnell und schonend<\/li>\n<li>hinterl\u00e4sst dauerhaften Glanz<\/li>\n<li>bremst die Wiederverschmutzung<\/li>\n<li>gebrauchsfertig und verd\u00fcnnt einsetzbar<\/li>\n<\/ul>\n","protected":false},"featured_media":16736,"comment_status":"open","ping_status":"closed","template":"","meta":[],"product_cat":[847,848],"product_tag":[875],"class_list":{"0":"post-16735","1":"product","2":"type-product","3":"status-publish","4":"has-post-thumbnail","6":"product_cat-reinigung","7":"product_cat-reinigungsmittel-reinigung","8":"product_tag-clean-clever","10":"first","11":"instock","12":"taxable","13":"shipping-taxable","14":"purchasable","15":"product-type-simple"},"yoast_head":"<!-- This site is optimized with the Yoast SEO plugin v23.9 - https:\/\/yoast.com\/wordpress\/plugins\/seo\/ -->\n<title>CLEAN and CLEVER Glasreiniger 1 Liter | Imesch Produkte<\/title>\n<meta name=\"description\" content=\"CLEAN and CLEVER Glasreiniger 1 Liter jetzt kaufen. Zur kraftvollen Reinigung von Glas, Spiegel, Chrom, Edelstahl und Kunststoffoberfl\u00e4chen.\" \/>\n<meta name=\"robots\" content=\"noindex, follow, max-snippet:-1, max-image-preview:large, max-video-preview:-1\" \/>\n<meta property=\"og:locale\" content=\"de_DE\" \/>\n<meta property=\"og:type\" content=\"article\" \/>\n<meta property=\"og:title\" content=\"CLEAN and CLEVER Glasreiniger 1 Liter | Imesch Produkte\" \/>\n<meta property=\"og:description\" content=\"CLEAN and CLEVER Glasreiniger 1 Liter jetzt kaufen. Zur kraftvollen Reinigung von Glas, Spiegel, Chrom, Edelstahl und Kunststoffoberfl\u00e4chen.\" \/>\n<meta property=\"og:url\" content=\"https:\/\/www.staging.imesch-produkte.ch\/?product=clean-and-clever-glasreiniger-1-liter\" \/>\n<meta property=\"og:site_name\" content=\"Imesch Produkte\" \/>\n<meta property=\"article:modified_time\" content=\"2024-09-20T09:23:01+00:00\" \/>\n<meta property=\"og:image\" content=\"https:\/\/www.staging.imesch-produkte.ch\/wp-content\/uploads\/2022\/07\/50-37409-00.jpg\" \/>\n\t<meta property=\"og:image:width\" content=\"600\" \/>\n\t<meta property=\"og:image:height\" content=\"600\" \/>\n\t<meta property=\"og:image:type\" content=\"image\/jpeg\" \/>\n<meta name=\"twitter:card\" content=\"summary_large_image\" \/>\n<meta name=\"twitter:label1\" content=\"Gesch\u00e4tzte Lesezeit\" \/>\n\t<meta name=\"twitter:data1\" content=\"2\u00a0Minuten\" \/>\n<script type=\"application\/ld+json\" class=\"yoast-schema-graph\">{\"@context\":\"https:\/\/schema.org\",\"@graph\":[{\"@type\":\"WebPage\",\"@id\":\"https:\/\/www.staging.imesch-produkte.ch\/?product=clean-and-clever-glasreiniger-1-liter\",\"url\":\"https:\/\/www.staging.imesch-produkte.ch\/?product=clean-and-clever-glasreiniger-1-liter\",\"name\":\"CLEAN and CLEVER Glasreiniger 1 Liter | Imesch Produkte\",\"isPartOf\":{\"@id\":\"https:\/\/www.staging.imesch-produkte.ch\/#website\"},\"primaryImageOfPage\":{\"@id\":\"https:\/\/www.staging.imesch-produkte.ch\/?product=clean-and-clever-glasreiniger-1-liter#primaryimage\"},\"image\":{\"@id\":\"https:\/\/www.staging.imesch-produkte.ch\/?product=clean-and-clever-glasreiniger-1-liter#primaryimage\"},\"thumbnailUrl\":\"https:\/\/www.staging.imesch-produkte.ch\/wp-content\/uploads\/2022\/07\/50-37409-00.jpg\",\"datePublished\":\"2022-07-08T14:32:48+00:00\",\"dateModified\":\"2024-09-20T09:23:01+00:00\",\"description\":\"CLEAN and CLEVER Glasreiniger 1 Liter jetzt kaufen. Zur kraftvollen Reinigung von Glas, Spiegel, Chrom, Edelstahl und Kunststoffoberfl\u00e4chen.\",\"breadcrumb\":{\"@id\":\"https:\/\/www.staging.imesch-produkte.ch\/?product=clean-and-clever-glasreiniger-1-liter#breadcrumb\"},\"inLanguage\":\"de\",\"potentialAction\":[{\"@type\":\"ReadAction\",\"target\":[\"https:\/\/www.staging.imesch-produkte.ch\/?product=clean-and-clever-glasreiniger-1-liter\"]}]},{\"@type\":\"ImageObject\",\"inLanguage\":\"de\",\"@id\":\"https:\/\/www.staging.imesch-produkte.ch\/?product=clean-and-clever-glasreiniger-1-liter#primaryimage\",\"url\":\"https:\/\/www.staging.imesch-produkte.ch\/wp-content\/uploads\/2022\/07\/50-37409-00.jpg\",\"contentUrl\":\"https:\/\/www.staging.imesch-produkte.ch\/wp-content\/uploads\/2022\/07\/50-37409-00.jpg\",\"width\":600,\"height\":600,\"caption\":\"Glasreiniger\"},{\"@type\":\"BreadcrumbList\",\"@id\":\"https:\/\/www.staging.imesch-produkte.ch\/?product=clean-and-clever-glasreiniger-1-liter#breadcrumb\",\"itemListElement\":[{\"@type\":\"ListItem\",\"position\":1,\"name\":\"Startseite\",\"item\":\"https:\/\/www.staging.imesch-produkte.ch\/\"},{\"@type\":\"ListItem\",\"position\":2,\"name\":\"Shop\",\"item\":\"https:\/\/www.staging.imesch-produkte.ch\/?page_id=401\"},{\"@type\":\"ListItem\",\"position\":3,\"name\":\"CLEAN and CLEVER Glasreiniger 1 Liter\"}]},{\"@type\":\"WebSite\",\"@id\":\"https:\/\/www.staging.imesch-produkte.ch\/#website\",\"url\":\"https:\/\/www.staging.imesch-produkte.ch\/\",\"name\":\"Imesch-Produkte\",\"description\":\"Qualit\u00e4t verbindet Generationen\",\"publisher\":{\"@id\":\"https:\/\/www.staging.imesch-produkte.ch\/#organization\"},\"potentialAction\":[{\"@type\":\"SearchAction\",\"target\":{\"@type\":\"EntryPoint\",\"urlTemplate\":\"https:\/\/www.staging.imesch-produkte.ch\/?s={search_term_string}\"},\"query-input\":{\"@type\":\"PropertyValueSpecification\",\"valueRequired\":true,\"valueName\":\"search_term_string\"}}],\"inLanguage\":\"de\"},{\"@type\":\"Organization\",\"@id\":\"https:\/\/www.staging.imesch-produkte.ch\/#organization\",\"name\":\"Imesch-Produkte GmbH\",\"url\":\"https:\/\/www.staging.imesch-produkte.ch\/\",\"logo\":{\"@type\":\"ImageObject\",\"inLanguage\":\"de\",\"@id\":\"https:\/\/www.staging.imesch-produkte.ch\/#\/schema\/logo\/image\/\",\"url\":\"https:\/\/i0.wp.com\/www.imesch-produkte.ch\/wordpress\/wp-content\/uploads\/2020\/04\/Logo_Imesch_Produkte.png?fit=871%2C456&ssl=1\",\"contentUrl\":\"https:\/\/i0.wp.com\/www.imesch-produkte.ch\/wordpress\/wp-content\/uploads\/2020\/04\/Logo_Imesch_Produkte.png?fit=871%2C456&ssl=1\",\"width\":871,\"height\":456,\"caption\":\"Imesch-Produkte GmbH\"},\"image\":{\"@id\":\"https:\/\/www.staging.imesch-produkte.ch\/#\/schema\/logo\/image\/\"}}]}<\/script>\n<!-- \/ Yoast SEO plugin. -->","yoast_head_json":{"title":"CLEAN and CLEVER Glasreiniger 1 Liter | Imesch Produkte","description":"CLEAN and CLEVER Glasreiniger 1 Liter jetzt kaufen. Zur kraftvollen Reinigung von Glas, Spiegel, Chrom, Edelstahl und Kunststoffoberfl\u00e4chen.","robots":{"index":"noindex","follow":"follow","max-snippet":"max-snippet:-1","max-image-preview":"max-image-preview:large","max-video-preview":"max-video-preview:-1"},"og_locale":"de_DE","og_type":"article","og_title":"CLEAN and CLEVER Glasreiniger 1 Liter | Imesch Produkte","og_description":"CLEAN and CLEVER Glasreiniger 1 Liter jetzt kaufen. Zur kraftvollen Reinigung von Glas, Spiegel, Chrom, Edelstahl und Kunststoffoberfl\u00e4chen.","og_url":"https:\/\/www.staging.imesch-produkte.ch\/?product=clean-and-clever-glasreiniger-1-liter","og_site_name":"Imesch Produkte","article_modified_time":"2024-09-20T09:23:01+00:00","og_image":[{"width":600,"height":600,"url":"https:\/\/www.staging.imesch-produkte.ch\/wp-content\/uploads\/2022\/07\/50-37409-00.jpg","type":"image\/jpeg"}],"twitter_card":"summary_large_image","twitter_misc":{"Gesch\u00e4tzte Lesezeit":"2\u00a0Minuten"},"schema":{"@context":"https:\/\/schema.org","@graph":[{"@type":"WebPage","@id":"https:\/\/www.staging.imesch-produkte.ch\/?product=clean-and-clever-glasreiniger-1-liter","url":"https:\/\/www.staging.imesch-produkte.ch\/?product=clean-and-clever-glasreiniger-1-liter","name":"CLEAN and CLEVER Glasreiniger 1 Liter | Imesch Produkte","isPartOf":{"@id":"https:\/\/www.staging.imesch-produkte.ch\/#website"},"primaryImageOfPage":{"@id":"https:\/\/www.staging.imesch-produkte.ch\/?product=clean-and-clever-glasreiniger-1-liter#primaryimage"},"image":{"@id":"https:\/\/www.staging.imesch-produkte.ch\/?product=clean-and-clever-glasreiniger-1-liter#primaryimage"},"thumbnailUrl":"https:\/\/www.staging.imesch-produkte.ch\/wp-content\/uploads\/2022\/07\/50-37409-00.jpg","datePublished":"2022-07-08T14:32:48+00:00","dateModified":"2024-09-20T09:23:01+00:00","description":"CLEAN and CLEVER Glasreiniger 1 Liter jetzt kaufen. Zur kraftvollen Reinigung von Glas, Spiegel, Chrom, Edelstahl und Kunststoffoberfl\u00e4chen.","breadcrumb":{"@id":"https:\/\/www.staging.imesch-produkte.ch\/?product=clean-and-clever-glasreiniger-1-liter#breadcrumb"},"inLanguage":"de","potentialAction":[{"@type":"ReadAction","target":["https:\/\/www.staging.imesch-produkte.ch\/?product=clean-and-clever-glasreiniger-1-liter"]}]},{"@type":"ImageObject","inLanguage":"de","@id":"https:\/\/www.staging.imesch-produkte.ch\/?product=clean-and-clever-glasreiniger-1-liter#primaryimage","url":"https:\/\/www.staging.imesch-produkte.ch\/wp-content\/uploads\/2022\/07\/50-37409-00.jpg","contentUrl":"https:\/\/www.staging.imesch-produkte.ch\/wp-content\/uploads\/2022\/07\/50-37409-00.jpg","width":600,"height":600,"caption":"Glasreiniger"},{"@type":"BreadcrumbList","@id":"https:\/\/www.staging.imesch-produkte.ch\/?product=clean-and-clever-glasreiniger-1-liter#breadcrumb","itemListElement":[{"@type":"ListItem","position":1,"name":"Startseite","item":"https:\/\/www.staging.imesch-produkte.ch\/"},{"@type":"ListItem","position":2,"name":"Shop","item":"https:\/\/www.staging.imesch-produkte.ch\/?page_id=401"},{"@type":"ListItem","position":3,"name":"CLEAN and CLEVER Glasreiniger 1 Liter"}]},{"@type":"WebSite","@id":"https:\/\/www.staging.imesch-produkte.ch\/#website","url":"https:\/\/www.staging.imesch-produkte.ch\/","name":"Imesch-Produkte","description":"Qualit\u00e4t verbindet Generationen","publisher":{"@id":"https:\/\/www.staging.imesch-produkte.ch\/#organization"},"potentialAction":[{"@type":"SearchAction","target":{"@type":"EntryPoint","urlTemplate":"https:\/\/www.staging.imesch-produkte.ch\/?s={search_term_string}"},"query-input":{"@type":"PropertyValueSpecification","valueRequired":true,"valueName":"search_term_string"}}],"inLanguage":"de"},{"@type":"Organization","@id":"https:\/\/www.staging.imesch-produkte.ch\/#organization","name":"Imesch-Produkte GmbH","url":"https:\/\/www.staging.imesch-produkte.ch\/","logo":{"@type":"ImageObject","inLanguage":"de","@id":"https:\/\/www.staging.imesch-produkte.ch\/#\/schema\/logo\/image\/","url":"https:\/\/i0.wp.com\/www.imesch-produkte.ch\/wordpress\/wp-content\/uploads\/2020\/04\/Logo_Imesch_Produkte.png?fit=871%2C456&ssl=1","contentUrl":"https:\/\/i0.wp.com\/www.imesch-produkte.ch\/wordpress\/wp-content\/uploads\/2020\/04\/Logo_Imesch_Produkte.png?fit=871%2C456&ssl=1","width":871,"height":456,"caption":"Imesch-Produkte GmbH"},"image":{"@id":"https:\/\/www.staging.imesch-produkte.ch\/#\/schema\/logo\/image\/"}}]}},"_links":{"self":[{"href":"https:\/\/www.staging.imesch-produkte.ch\/index.php?rest_route=\/wp\/v2\/product\/16735","targetHints":{"allow":["GET"]}}],"collection":[{"href":"https:\/\/www.staging.imesch-produkte.ch\/index.php?rest_route=\/wp\/v2\/product"}],"about":[{"href":"https:\/\/www.staging.imesch-produkte.ch\/index.php?rest_route=\/wp\/v2\/types\/product"}],"replies":[{"embeddable":true,"href":"https:\/\/www.staging.imesch-produkte.ch\/index.php?rest_route=%2Fwp%2Fv2%2Fcomments&post=16735"}],"version-history":[{"count":1,"href":"https:\/\/www.staging.imesch-produkte.ch\/index.php?rest_route=\/wp\/v2\/product\/16735\/revisions"}],"predecessor-version":[{"id":16737,"href":"https:\/\/www.staging.imesch-produkte.ch\/index.php?rest_route=\/wp\/v2\/product\/16735\/revisions\/16737"}],"wp:featuredmedia":[{"embeddable":true,"href":"https:\/\/www.staging.imesch-produkte.ch\/index.php?rest_route=\/wp\/v2\/media\/16736"}],"wp:attachment":[{"href":"https:\/\/www.staging.imesch-produkte.ch\/index.php?rest_route=%2Fwp%2Fv2%2Fmedia&parent=16735"}],"wp:term":[{"taxonomy":"product_cat","embeddable":true,"href":"https:\/\/www.staging.imesch-produkte.ch\/index.php?rest_route=%2Fwp%2Fv2%2Fproduct_cat&post=16735"},{"taxonomy":"product_tag","embeddable":true,"href":"https:\/\/www.staging.imesch-produkte.ch\/index.php?rest_route=%2Fwp%2Fv2%2Fproduct_tag&post=16735"}],"curies":[{"name":"wp","href":"https:\/\/api.w.org\/{rel}","templated":true}]}}