{"id":17219,"date":"2022-10-21T16:19:23","date_gmt":"2022-10-21T14:19:23","guid":{"rendered":"https:\/\/www.imesch-produkte.ch\/?post_type=product&#038;p=17219"},"modified":"2024-10-24T23:49:49","modified_gmt":"2024-10-24T21:49:49","slug":"putzstein-all-in-one","status":"publish","type":"product","link":"https:\/\/www.staging.imesch-produkte.ch\/?product=putzstein-all-in-one","title":{"rendered":"Putzstein &#8222;All-in-One&#8220;"},"content":{"rendered":"<h1>Putzstein &#8222;All-in-One&#8220;<\/h1>\n<p>Der Bio Putzstein beseitigt effektiv Fett und Kalk. Dabei ist er biologisch abbaubar und <a href=\"https:\/\/de.wikipedia.org\/wiki\/Phosphate\" target=\"_blank\" rel=\"noopener\">phosphat-<\/a> und s\u00e4urefrei. Der Putzstein &#8222;All-in-One&#8220;\u00a0 ist der Nr. 1 Universalreiniger f\u00fcr deinen Haushalt. Der Biostein reinigt, poliert, konserviert und beinahe alle Oberfl\u00e4chen: Chrom, Edelstahl, Granit, Marmor, Emaille, Glas, Aluminium, Gold, Silber, Messing, Kupfer, Bronze, Zinn, Kristall, Kunststoff, Acryl, Keramik, Porzellan, Holz etc. Der Putzstein ist hautfreundlich, unbegrenzt lange haltbar und wurde in Deutschland hergestellt.<\/p>\n<h2>Putzstein &#8222;All-in-One&#8220; anwenden<\/h2>\n<p>Schamm anfeuchten und mehrmals \u00fcber den Stein gleiten. Schwamm zur Schaumbildung mehrmals zusammendr\u00fccken und Gegenst\u00e4nde reinigen. Mit feuchem Tuch nachwischen oder unter fliessendem Wasser absp\u00fclen und trockenreiben. Dose nach Gebrauch trocknen lassen &#8211; erst dann verschliessen.<\/p>\n<h3>Anwendungsbereiche<\/h3>\n<p><strong>Bad: <\/strong>Badewannen, Armaturen, Waschbecken, Spiegel, Duschw\u00e4nde, Keramikplatten, Fugen, Toilette usw.<br \/>\n<strong>K\u00fcche: <\/strong>Chrom, Edelstahl, Granit, Marmor, K\u00fcchenm\u00f6bel und K\u00fcchenabdeckungen, Kunststoffe (Mikrowelle, Kaffeemaschine), Backofen, Herdplatten, Glaskeramik, Dampfabzug, Silberbesteck, Pfannen usw.<br \/>\n<strong>Haushalt, Gewerbe &amp; Hotel: <\/strong>Fenster- und T\u00fcrrahmen, Rollladen, Gartenm\u00f6bel, \u00a0Grill, W\u00e4nde, Chemin\u00e9eglas, PVC usw.<br \/>\n<strong>Camping &amp; Auto:\u00a0<\/strong>Chrom- und Kunststoffteile, Stossstangen, Felgen, Wohnwagen usw.<br \/>\n<strong>Freizeit &amp; Sport:\u00a0<\/strong>Fahrrad, Motorrad, Surfbrett, Ski und Snowboard, Boot usw.<\/p>\n<h3>Zusammensetzung<\/h3>\n<p>Poliertonerde, Fichtennadel\u00f6l, Zitronen\u00f6l, Aloe Vera\u00f6l, pflanzliche Fette, Glyzerin, Seifenflocken, gr\u00fcne Seife, Wasser<\/p>\n<p>Weitere Reinigungsprodukte findest du <a href=\"https:\/\/www.imesch-produkte.ch\/produkt-kategorie\/reinigung\/\" target=\"_blank\" rel=\"noopener\">hier<\/a>.<\/p>\n","protected":false},"excerpt":{"rendered":"<p>Der All-in-One Putzstein: Dein unverzichtbarer Universalreiniger f\u00fcr den Haushalt \u2013 inklusive 2 Spezialschw\u00e4mme. Nr. 1 in vielseitiger Sauberkeit und Frische.<\/p>\n","protected":false},"featured_media":17220,"comment_status":"open","ping_status":"closed","template":"","meta":[],"product_cat":[847,848,849],"product_tag":[],"class_list":{"0":"post-17219","1":"product","2":"type-product","3":"status-publish","4":"has-post-thumbnail","6":"product_cat-reinigung","7":"product_cat-reinigungsmittel-reinigung","8":"product_cat-reinigungsutensilien-reinigung","10":"first","11":"instock","12":"taxable","13":"shipping-taxable","14":"purchasable","15":"product-type-simple"},"yoast_head":"<!-- This site is optimized with the Yoast SEO plugin v23.9 - https:\/\/yoast.com\/wordpress\/plugins\/seo\/ -->\n<title>Putzstein &quot;All-in-One&quot; | Imesch Produkte<\/title>\n<meta name=\"description\" content=\"Putzstein &quot;All-in-One&quot;. Biologisch abbaubarer Biostein. Kalk- und fettl\u00f6send. Der Nr. 1 Universalreiniger f\u00fcr den Haushalt.\" \/>\n<meta name=\"robots\" content=\"noindex, follow, max-snippet:-1, max-image-preview:large, max-video-preview:-1\" \/>\n<meta property=\"og:locale\" content=\"de_DE\" \/>\n<meta property=\"og:type\" content=\"article\" \/>\n<meta property=\"og:title\" content=\"Putzstein &quot;All-in-One&quot; | Imesch Produkte\" \/>\n<meta property=\"og:description\" content=\"Putzstein &quot;All-in-One&quot;. Biologisch abbaubarer Biostein. Kalk- und fettl\u00f6send. Der Nr. 1 Universalreiniger f\u00fcr den Haushalt.\" \/>\n<meta property=\"og:url\" content=\"https:\/\/www.staging.imesch-produkte.ch\/?product=putzstein-all-in-one\" \/>\n<meta property=\"og:site_name\" content=\"Imesch Produkte\" \/>\n<meta property=\"article:modified_time\" content=\"2024-10-24T21:49:49+00:00\" \/>\n<meta property=\"og:image\" content=\"https:\/\/www.staging.imesch-produkte.ch\/wp-content\/uploads\/2022\/10\/all-in-one_putzstein.png\" \/>\n\t<meta property=\"og:image:width\" content=\"800\" \/>\n\t<meta property=\"og:image:height\" content=\"500\" \/>\n\t<meta property=\"og:image:type\" content=\"image\/png\" \/>\n<meta name=\"twitter:card\" content=\"summary_large_image\" \/>\n<meta name=\"twitter:label1\" content=\"Gesch\u00e4tzte Lesezeit\" \/>\n\t<meta name=\"twitter:data1\" content=\"2\u00a0Minuten\" \/>\n<script type=\"application\/ld+json\" class=\"yoast-schema-graph\">{\"@context\":\"https:\/\/schema.org\",\"@graph\":[{\"@type\":\"WebPage\",\"@id\":\"https:\/\/www.staging.imesch-produkte.ch\/?product=putzstein-all-in-one\",\"url\":\"https:\/\/www.staging.imesch-produkte.ch\/?product=putzstein-all-in-one\",\"name\":\"Putzstein \\\"All-in-One\\\" | Imesch Produkte\",\"isPartOf\":{\"@id\":\"https:\/\/www.staging.imesch-produkte.ch\/#website\"},\"primaryImageOfPage\":{\"@id\":\"https:\/\/www.staging.imesch-produkte.ch\/?product=putzstein-all-in-one#primaryimage\"},\"image\":{\"@id\":\"https:\/\/www.staging.imesch-produkte.ch\/?product=putzstein-all-in-one#primaryimage\"},\"thumbnailUrl\":\"https:\/\/www.staging.imesch-produkte.ch\/wp-content\/uploads\/2022\/10\/all-in-one_putzstein.png\",\"datePublished\":\"2022-10-21T14:19:23+00:00\",\"dateModified\":\"2024-10-24T21:49:49+00:00\",\"description\":\"Putzstein \\\"All-in-One\\\". Biologisch abbaubarer Biostein. Kalk- und fettl\u00f6send. Der Nr. 1 Universalreiniger f\u00fcr den Haushalt.\",\"breadcrumb\":{\"@id\":\"https:\/\/www.staging.imesch-produkte.ch\/?product=putzstein-all-in-one#breadcrumb\"},\"inLanguage\":\"de\",\"potentialAction\":[{\"@type\":\"ReadAction\",\"target\":[\"https:\/\/www.staging.imesch-produkte.ch\/?product=putzstein-all-in-one\"]}]},{\"@type\":\"ImageObject\",\"inLanguage\":\"de\",\"@id\":\"https:\/\/www.staging.imesch-produkte.ch\/?product=putzstein-all-in-one#primaryimage\",\"url\":\"https:\/\/www.staging.imesch-produkte.ch\/wp-content\/uploads\/2022\/10\/all-in-one_putzstein.png\",\"contentUrl\":\"https:\/\/www.staging.imesch-produkte.ch\/wp-content\/uploads\/2022\/10\/all-in-one_putzstein.png\",\"width\":800,\"height\":500,\"caption\":\"All in One Putzstein. Universalreiniger f\u00fcr den Haushalt. Biologisch abbaubar.\"},{\"@type\":\"BreadcrumbList\",\"@id\":\"https:\/\/www.staging.imesch-produkte.ch\/?product=putzstein-all-in-one#breadcrumb\",\"itemListElement\":[{\"@type\":\"ListItem\",\"position\":1,\"name\":\"Startseite\",\"item\":\"https:\/\/www.staging.imesch-produkte.ch\/\"},{\"@type\":\"ListItem\",\"position\":2,\"name\":\"Shop\",\"item\":\"https:\/\/www.staging.imesch-produkte.ch\/?page_id=401\"},{\"@type\":\"ListItem\",\"position\":3,\"name\":\"Putzstein &#8222;All-in-One&#8220;\"}]},{\"@type\":\"WebSite\",\"@id\":\"https:\/\/www.staging.imesch-produkte.ch\/#website\",\"url\":\"https:\/\/www.staging.imesch-produkte.ch\/\",\"name\":\"Imesch-Produkte\",\"description\":\"Qualit\u00e4t verbindet Generationen\",\"publisher\":{\"@id\":\"https:\/\/www.staging.imesch-produkte.ch\/#organization\"},\"potentialAction\":[{\"@type\":\"SearchAction\",\"target\":{\"@type\":\"EntryPoint\",\"urlTemplate\":\"https:\/\/www.staging.imesch-produkte.ch\/?s={search_term_string}\"},\"query-input\":{\"@type\":\"PropertyValueSpecification\",\"valueRequired\":true,\"valueName\":\"search_term_string\"}}],\"inLanguage\":\"de\"},{\"@type\":\"Organization\",\"@id\":\"https:\/\/www.staging.imesch-produkte.ch\/#organization\",\"name\":\"Imesch-Produkte GmbH\",\"url\":\"https:\/\/www.staging.imesch-produkte.ch\/\",\"logo\":{\"@type\":\"ImageObject\",\"inLanguage\":\"de\",\"@id\":\"https:\/\/www.staging.imesch-produkte.ch\/#\/schema\/logo\/image\/\",\"url\":\"https:\/\/i0.wp.com\/www.imesch-produkte.ch\/wordpress\/wp-content\/uploads\/2020\/04\/Logo_Imesch_Produkte.png?fit=871%2C456&ssl=1\",\"contentUrl\":\"https:\/\/i0.wp.com\/www.imesch-produkte.ch\/wordpress\/wp-content\/uploads\/2020\/04\/Logo_Imesch_Produkte.png?fit=871%2C456&ssl=1\",\"width\":871,\"height\":456,\"caption\":\"Imesch-Produkte GmbH\"},\"image\":{\"@id\":\"https:\/\/www.staging.imesch-produkte.ch\/#\/schema\/logo\/image\/\"}}]}<\/script>\n<!-- \/ Yoast SEO plugin. -->","yoast_head_json":{"title":"Putzstein \"All-in-One\" | Imesch Produkte","description":"Putzstein \"All-in-One\". Biologisch abbaubarer Biostein. Kalk- und fettl\u00f6send. Der Nr. 1 Universalreiniger f\u00fcr den Haushalt.","robots":{"index":"noindex","follow":"follow","max-snippet":"max-snippet:-1","max-image-preview":"max-image-preview:large","max-video-preview":"max-video-preview:-1"},"og_locale":"de_DE","og_type":"article","og_title":"Putzstein \"All-in-One\" | Imesch Produkte","og_description":"Putzstein \"All-in-One\". Biologisch abbaubarer Biostein. Kalk- und fettl\u00f6send. Der Nr. 1 Universalreiniger f\u00fcr den Haushalt.","og_url":"https:\/\/www.staging.imesch-produkte.ch\/?product=putzstein-all-in-one","og_site_name":"Imesch Produkte","article_modified_time":"2024-10-24T21:49:49+00:00","og_image":[{"width":800,"height":500,"url":"https:\/\/www.staging.imesch-produkte.ch\/wp-content\/uploads\/2022\/10\/all-in-one_putzstein.png","type":"image\/png"}],"twitter_card":"summary_large_image","twitter_misc":{"Gesch\u00e4tzte Lesezeit":"2\u00a0Minuten"},"schema":{"@context":"https:\/\/schema.org","@graph":[{"@type":"WebPage","@id":"https:\/\/www.staging.imesch-produkte.ch\/?product=putzstein-all-in-one","url":"https:\/\/www.staging.imesch-produkte.ch\/?product=putzstein-all-in-one","name":"Putzstein \"All-in-One\" | Imesch Produkte","isPartOf":{"@id":"https:\/\/www.staging.imesch-produkte.ch\/#website"},"primaryImageOfPage":{"@id":"https:\/\/www.staging.imesch-produkte.ch\/?product=putzstein-all-in-one#primaryimage"},"image":{"@id":"https:\/\/www.staging.imesch-produkte.ch\/?product=putzstein-all-in-one#primaryimage"},"thumbnailUrl":"https:\/\/www.staging.imesch-produkte.ch\/wp-content\/uploads\/2022\/10\/all-in-one_putzstein.png","datePublished":"2022-10-21T14:19:23+00:00","dateModified":"2024-10-24T21:49:49+00:00","description":"Putzstein \"All-in-One\". Biologisch abbaubarer Biostein. Kalk- und fettl\u00f6send. Der Nr. 1 Universalreiniger f\u00fcr den Haushalt.","breadcrumb":{"@id":"https:\/\/www.staging.imesch-produkte.ch\/?product=putzstein-all-in-one#breadcrumb"},"inLanguage":"de","potentialAction":[{"@type":"ReadAction","target":["https:\/\/www.staging.imesch-produkte.ch\/?product=putzstein-all-in-one"]}]},{"@type":"ImageObject","inLanguage":"de","@id":"https:\/\/www.staging.imesch-produkte.ch\/?product=putzstein-all-in-one#primaryimage","url":"https:\/\/www.staging.imesch-produkte.ch\/wp-content\/uploads\/2022\/10\/all-in-one_putzstein.png","contentUrl":"https:\/\/www.staging.imesch-produkte.ch\/wp-content\/uploads\/2022\/10\/all-in-one_putzstein.png","width":800,"height":500,"caption":"All in One Putzstein. Universalreiniger f\u00fcr den Haushalt. Biologisch abbaubar."},{"@type":"BreadcrumbList","@id":"https:\/\/www.staging.imesch-produkte.ch\/?product=putzstein-all-in-one#breadcrumb","itemListElement":[{"@type":"ListItem","position":1,"name":"Startseite","item":"https:\/\/www.staging.imesch-produkte.ch\/"},{"@type":"ListItem","position":2,"name":"Shop","item":"https:\/\/www.staging.imesch-produkte.ch\/?page_id=401"},{"@type":"ListItem","position":3,"name":"Putzstein &#8222;All-in-One&#8220;"}]},{"@type":"WebSite","@id":"https:\/\/www.staging.imesch-produkte.ch\/#website","url":"https:\/\/www.staging.imesch-produkte.ch\/","name":"Imesch-Produkte","description":"Qualit\u00e4t verbindet Generationen","publisher":{"@id":"https:\/\/www.staging.imesch-produkte.ch\/#organization"},"potentialAction":[{"@type":"SearchAction","target":{"@type":"EntryPoint","urlTemplate":"https:\/\/www.staging.imesch-produkte.ch\/?s={search_term_string}"},"query-input":{"@type":"PropertyValueSpecification","valueRequired":true,"valueName":"search_term_string"}}],"inLanguage":"de"},{"@type":"Organization","@id":"https:\/\/www.staging.imesch-produkte.ch\/#organization","name":"Imesch-Produkte GmbH","url":"https:\/\/www.staging.imesch-produkte.ch\/","logo":{"@type":"ImageObject","inLanguage":"de","@id":"https:\/\/www.staging.imesch-produkte.ch\/#\/schema\/logo\/image\/","url":"https:\/\/i0.wp.com\/www.imesch-produkte.ch\/wordpress\/wp-content\/uploads\/2020\/04\/Logo_Imesch_Produkte.png?fit=871%2C456&ssl=1","contentUrl":"https:\/\/i0.wp.com\/www.imesch-produkte.ch\/wordpress\/wp-content\/uploads\/2020\/04\/Logo_Imesch_Produkte.png?fit=871%2C456&ssl=1","width":871,"height":456,"caption":"Imesch-Produkte GmbH"},"image":{"@id":"https:\/\/www.staging.imesch-produkte.ch\/#\/schema\/logo\/image\/"}}]}},"_links":{"self":[{"href":"https:\/\/www.staging.imesch-produkte.ch\/index.php?rest_route=\/wp\/v2\/product\/17219","targetHints":{"allow":["GET"]}}],"collection":[{"href":"https:\/\/www.staging.imesch-produkte.ch\/index.php?rest_route=\/wp\/v2\/product"}],"about":[{"href":"https:\/\/www.staging.imesch-produkte.ch\/index.php?rest_route=\/wp\/v2\/types\/product"}],"replies":[{"embeddable":true,"href":"https:\/\/www.staging.imesch-produkte.ch\/index.php?rest_route=%2Fwp%2Fv2%2Fcomments&post=17219"}],"version-history":[{"count":2,"href":"https:\/\/www.staging.imesch-produkte.ch\/index.php?rest_route=\/wp\/v2\/product\/17219\/revisions"}],"predecessor-version":[{"id":1874291,"href":"https:\/\/www.staging.imesch-produkte.ch\/index.php?rest_route=\/wp\/v2\/product\/17219\/revisions\/1874291"}],"wp:featuredmedia":[{"embeddable":true,"href":"https:\/\/www.staging.imesch-produkte.ch\/index.php?rest_route=\/wp\/v2\/media\/17220"}],"wp:attachment":[{"href":"https:\/\/www.staging.imesch-produkte.ch\/index.php?rest_route=%2Fwp%2Fv2%2Fmedia&parent=17219"}],"wp:term":[{"taxonomy":"product_cat","embeddable":true,"href":"https:\/\/www.staging.imesch-produkte.ch\/index.php?rest_route=%2Fwp%2Fv2%2Fproduct_cat&post=17219"},{"taxonomy":"product_tag","embeddable":true,"href":"https:\/\/www.staging.imesch-produkte.ch\/index.php?rest_route=%2Fwp%2Fv2%2Fproduct_tag&post=17219"}],"curies":[{"name":"wp","href":"https:\/\/api.w.org\/{rel}","templated":true}]}}