{"id":1874661,"date":"2024-03-02T12:13:03","date_gmt":"2024-03-02T11:13:03","guid":{"rendered":"https:\/\/www.imesch-produkte.ch\/?post_type=product&#038;p=1874661"},"modified":"2024-08-09T11:40:33","modified_gmt":"2024-08-09T09:40:33","slug":"trinkbecher-1dl","status":"publish","type":"product","link":"https:\/\/www.staging.imesch-produkte.ch\/?product=trinkbecher-1dl","title":{"rendered":"Trinkbecher 1dl, 200 Stk.\/Box"},"content":{"rendered":"<p>Entdecken Sie den Trinkbecher 1dl &#8211; die perfekte L\u00f6sung f\u00fcr Ihre Veranstaltungen und Feierlichkeiten! Als Pioniere f\u00fcr wiederverwendbares Geschirr im Oberwallis legen wir bei Imesch Produkte GmbH grossen Wert auf Nachhaltigkeit und Umweltschutz. Deshalb k\u00f6nnen Sie unser Geschirr mieten. <strong>Nach Ihrer Veranstaltung k\u00f6nnen Sie den Trinkbecher einfach zur\u00fcckgeben. Ganz ohne ihn waschen zu m\u00fcssen &#8211; wir k\u00fcmmern uns um die Reinigung. <\/strong><\/p>\n<p>Hergestellt aus hochwertigem Polypropylen, zeichnet sich dieser Becher durch seine Langlebigkeit und Vielseitigkeit aus.<\/p>\n<p>Der Trinkbecher 1dl hat eine H\u00f6he von 7 cm und ein Durchmesser von 5,5 cm. Ob kalte Erfrischungen oder ein edler Tropfen Wein &#8211; dieser Becher ist f\u00fcr verschiedene Anwendungen geeignet und macht jede Gelegenheit zu einem besonderen Ereignis.<\/p>\n<p>Dank seiner Hitzebest\u00e4ndigkeit von bis zu 120 Grad Celsius k\u00f6nnen Sie diesen Becher bedenkenlos f\u00fcr warme Getr\u00e4nke verwenden. Dies ganz ohne sich um Verformungen oder Besch\u00e4digungen sorgen zu m\u00fcssen. Das transparente Design erm\u00f6glicht zudem eine ansprechende Pr\u00e4sentation Ihrer Getr\u00e4nke, w\u00e4hrend das robuste Material f\u00fcr eine sichere Handhabung sorgt.<\/p>\n<p>Der Trickbecher 1 dl wird in praktischen Verpackungseinheiten von 200 St\u00fcck pro Box geliefert, was ihn ideal f\u00fcr gr\u00f6ssere Veranstaltungen und Partys macht. Egal, ob Sie eine private Feier, ein Firmenevent oder ein \u00f6ffentliches Fest organisieren &#8211; dieser Becher ist die perfekte Wahl f\u00fcr jeden Anlass.<\/p>\n<p>Entdecken Sie jetzt den Trickbecher 1 dl und machen Sie Ihre Veranstaltungen zu unvergesslichen Erlebnissen &#8211; ganz ohne Einweggeschirr und mit einem bewussten Blick auf die Umwelt!<\/p>\n","protected":false},"excerpt":{"rendered":"<p>Entdecken Sie den Trickbecher 1 dl &#8211; die ideale L\u00f6sung f\u00fcr umweltfreundliches Geschirr ohne l\u00e4stiges Abwaschen! <strong>Bei Imesch Produkte GmbH k\u00f6nnen Sie das Geschirr mieten und nach Ihrem Anlass ohne Waschen zur\u00fcckgeben<\/strong> &#8211; f\u00fcr mehr Bequemlichkeit und Nachhaltigkeit. Machen Sie Ihre Veranstaltungen unvergesslich, ohne die Umwelt zu belasten!<\/p>\n","protected":false},"featured_media":1874633,"comment_status":"open","ping_status":"closed","template":"","meta":[],"product_cat":[943,853],"product_tag":[],"class_list":{"0":"post-1874661","1":"product","2":"type-product","3":"status-publish","4":"has-post-thumbnail","6":"product_cat-geschirr-mieten","7":"product_cat-geschirr","9":"first","10":"instock","11":"virtual","12":"taxable","13":"purchasable","14":"product-type-simple"},"yoast_head":"<!-- This site is optimized with the Yoast SEO plugin v23.9 - https:\/\/yoast.com\/wordpress\/plugins\/seo\/ -->\n<title>Trinkbecher mieten | Ohne Waschen nach dem Gebrauch<\/title>\n<meta name=\"description\" content=\"Entdecken Sie den Trinkbecher 1dl, 200 Stk.\/Box: Ideal Veranstaltungen und Anl\u00e4sse. Machen Sie Ihre Events nachhaltig und stressfrei!\" \/>\n<meta name=\"robots\" content=\"noindex, follow, max-snippet:-1, max-image-preview:large, max-video-preview:-1\" \/>\n<meta property=\"og:locale\" content=\"de_DE\" \/>\n<meta property=\"og:type\" content=\"article\" \/>\n<meta property=\"og:title\" content=\"Trinkbecher mieten | Ohne Waschen nach dem Gebrauch\" \/>\n<meta property=\"og:description\" content=\"Entdecken Sie den Trinkbecher 1dl, 200 Stk.\/Box: Ideal Veranstaltungen und Anl\u00e4sse. Machen Sie Ihre Events nachhaltig und stressfrei!\" \/>\n<meta property=\"og:url\" content=\"https:\/\/www.staging.imesch-produkte.ch\/?product=trinkbecher-1dl\" \/>\n<meta property=\"og:site_name\" content=\"Imesch Produkte\" \/>\n<meta property=\"article:modified_time\" content=\"2024-08-09T09:40:33+00:00\" \/>\n<meta property=\"og:image\" content=\"https:\/\/www.staging.imesch-produkte.ch\/wp-content\/uploads\/2024\/03\/il00003.jpg\" \/>\n\t<meta property=\"og:image:width\" content=\"733\" \/>\n\t<meta property=\"og:image:height\" content=\"550\" \/>\n\t<meta property=\"og:image:type\" content=\"image\/jpeg\" \/>\n<meta name=\"twitter:card\" content=\"summary_large_image\" \/>\n<meta name=\"twitter:label1\" content=\"Gesch\u00e4tzte Lesezeit\" \/>\n\t<meta name=\"twitter:data1\" content=\"2\u00a0Minuten\" \/>\n<script type=\"application\/ld+json\" class=\"yoast-schema-graph\">{\"@context\":\"https:\/\/schema.org\",\"@graph\":[{\"@type\":\"WebPage\",\"@id\":\"https:\/\/www.staging.imesch-produkte.ch\/?product=trinkbecher-1dl\",\"url\":\"https:\/\/www.staging.imesch-produkte.ch\/?product=trinkbecher-1dl\",\"name\":\"Trinkbecher mieten | Ohne Waschen nach dem Gebrauch\",\"isPartOf\":{\"@id\":\"https:\/\/www.staging.imesch-produkte.ch\/#website\"},\"primaryImageOfPage\":{\"@id\":\"https:\/\/www.staging.imesch-produkte.ch\/?product=trinkbecher-1dl#primaryimage\"},\"image\":{\"@id\":\"https:\/\/www.staging.imesch-produkte.ch\/?product=trinkbecher-1dl#primaryimage\"},\"thumbnailUrl\":\"https:\/\/www.staging.imesch-produkte.ch\/wp-content\/uploads\/2024\/03\/il00003.jpg\",\"datePublished\":\"2024-03-02T11:13:03+00:00\",\"dateModified\":\"2024-08-09T09:40:33+00:00\",\"description\":\"Entdecken Sie den Trinkbecher 1dl, 200 Stk.\/Box: Ideal Veranstaltungen und Anl\u00e4sse. Machen Sie Ihre Events nachhaltig und stressfrei!\",\"breadcrumb\":{\"@id\":\"https:\/\/www.staging.imesch-produkte.ch\/?product=trinkbecher-1dl#breadcrumb\"},\"inLanguage\":\"de\",\"potentialAction\":[{\"@type\":\"ReadAction\",\"target\":[\"https:\/\/www.staging.imesch-produkte.ch\/?product=trinkbecher-1dl\"]}]},{\"@type\":\"ImageObject\",\"inLanguage\":\"de\",\"@id\":\"https:\/\/www.staging.imesch-produkte.ch\/?product=trinkbecher-1dl#primaryimage\",\"url\":\"https:\/\/www.staging.imesch-produkte.ch\/wp-content\/uploads\/2024\/03\/il00003.jpg\",\"contentUrl\":\"https:\/\/www.staging.imesch-produkte.ch\/wp-content\/uploads\/2024\/03\/il00003.jpg\",\"width\":733,\"height\":550,\"caption\":\"Trinkbecher 1dl zum Mieten.\"},{\"@type\":\"BreadcrumbList\",\"@id\":\"https:\/\/www.staging.imesch-produkte.ch\/?product=trinkbecher-1dl#breadcrumb\",\"itemListElement\":[{\"@type\":\"ListItem\",\"position\":1,\"name\":\"Startseite\",\"item\":\"https:\/\/www.staging.imesch-produkte.ch\/\"},{\"@type\":\"ListItem\",\"position\":2,\"name\":\"Shop\",\"item\":\"https:\/\/www.staging.imesch-produkte.ch\/?page_id=401\"},{\"@type\":\"ListItem\",\"position\":3,\"name\":\"Trinkbecher 1dl, 200 Stk.\/Box\"}]},{\"@type\":\"WebSite\",\"@id\":\"https:\/\/www.staging.imesch-produkte.ch\/#website\",\"url\":\"https:\/\/www.staging.imesch-produkte.ch\/\",\"name\":\"Imesch-Produkte\",\"description\":\"Qualit\u00e4t verbindet Generationen\",\"publisher\":{\"@id\":\"https:\/\/www.staging.imesch-produkte.ch\/#organization\"},\"potentialAction\":[{\"@type\":\"SearchAction\",\"target\":{\"@type\":\"EntryPoint\",\"urlTemplate\":\"https:\/\/www.staging.imesch-produkte.ch\/?s={search_term_string}\"},\"query-input\":{\"@type\":\"PropertyValueSpecification\",\"valueRequired\":true,\"valueName\":\"search_term_string\"}}],\"inLanguage\":\"de\"},{\"@type\":\"Organization\",\"@id\":\"https:\/\/www.staging.imesch-produkte.ch\/#organization\",\"name\":\"Imesch-Produkte GmbH\",\"url\":\"https:\/\/www.staging.imesch-produkte.ch\/\",\"logo\":{\"@type\":\"ImageObject\",\"inLanguage\":\"de\",\"@id\":\"https:\/\/www.staging.imesch-produkte.ch\/#\/schema\/logo\/image\/\",\"url\":\"https:\/\/i0.wp.com\/www.imesch-produkte.ch\/wordpress\/wp-content\/uploads\/2020\/04\/Logo_Imesch_Produkte.png?fit=871%2C456&ssl=1\",\"contentUrl\":\"https:\/\/i0.wp.com\/www.imesch-produkte.ch\/wordpress\/wp-content\/uploads\/2020\/04\/Logo_Imesch_Produkte.png?fit=871%2C456&ssl=1\",\"width\":871,\"height\":456,\"caption\":\"Imesch-Produkte GmbH\"},\"image\":{\"@id\":\"https:\/\/www.staging.imesch-produkte.ch\/#\/schema\/logo\/image\/\"}}]}<\/script>\n<!-- \/ Yoast SEO plugin. -->","yoast_head_json":{"title":"Trinkbecher mieten | Ohne Waschen nach dem Gebrauch","description":"Entdecken Sie den Trinkbecher 1dl, 200 Stk.\/Box: Ideal Veranstaltungen und Anl\u00e4sse. Machen Sie Ihre Events nachhaltig und stressfrei!","robots":{"index":"noindex","follow":"follow","max-snippet":"max-snippet:-1","max-image-preview":"max-image-preview:large","max-video-preview":"max-video-preview:-1"},"og_locale":"de_DE","og_type":"article","og_title":"Trinkbecher mieten | Ohne Waschen nach dem Gebrauch","og_description":"Entdecken Sie den Trinkbecher 1dl, 200 Stk.\/Box: Ideal Veranstaltungen und Anl\u00e4sse. Machen Sie Ihre Events nachhaltig und stressfrei!","og_url":"https:\/\/www.staging.imesch-produkte.ch\/?product=trinkbecher-1dl","og_site_name":"Imesch Produkte","article_modified_time":"2024-08-09T09:40:33+00:00","og_image":[{"width":733,"height":550,"url":"https:\/\/www.staging.imesch-produkte.ch\/wp-content\/uploads\/2024\/03\/il00003.jpg","type":"image\/jpeg"}],"twitter_card":"summary_large_image","twitter_misc":{"Gesch\u00e4tzte Lesezeit":"2\u00a0Minuten"},"schema":{"@context":"https:\/\/schema.org","@graph":[{"@type":"WebPage","@id":"https:\/\/www.staging.imesch-produkte.ch\/?product=trinkbecher-1dl","url":"https:\/\/www.staging.imesch-produkte.ch\/?product=trinkbecher-1dl","name":"Trinkbecher mieten | Ohne Waschen nach dem Gebrauch","isPartOf":{"@id":"https:\/\/www.staging.imesch-produkte.ch\/#website"},"primaryImageOfPage":{"@id":"https:\/\/www.staging.imesch-produkte.ch\/?product=trinkbecher-1dl#primaryimage"},"image":{"@id":"https:\/\/www.staging.imesch-produkte.ch\/?product=trinkbecher-1dl#primaryimage"},"thumbnailUrl":"https:\/\/www.staging.imesch-produkte.ch\/wp-content\/uploads\/2024\/03\/il00003.jpg","datePublished":"2024-03-02T11:13:03+00:00","dateModified":"2024-08-09T09:40:33+00:00","description":"Entdecken Sie den Trinkbecher 1dl, 200 Stk.\/Box: Ideal Veranstaltungen und Anl\u00e4sse. Machen Sie Ihre Events nachhaltig und stressfrei!","breadcrumb":{"@id":"https:\/\/www.staging.imesch-produkte.ch\/?product=trinkbecher-1dl#breadcrumb"},"inLanguage":"de","potentialAction":[{"@type":"ReadAction","target":["https:\/\/www.staging.imesch-produkte.ch\/?product=trinkbecher-1dl"]}]},{"@type":"ImageObject","inLanguage":"de","@id":"https:\/\/www.staging.imesch-produkte.ch\/?product=trinkbecher-1dl#primaryimage","url":"https:\/\/www.staging.imesch-produkte.ch\/wp-content\/uploads\/2024\/03\/il00003.jpg","contentUrl":"https:\/\/www.staging.imesch-produkte.ch\/wp-content\/uploads\/2024\/03\/il00003.jpg","width":733,"height":550,"caption":"Trinkbecher 1dl zum Mieten."},{"@type":"BreadcrumbList","@id":"https:\/\/www.staging.imesch-produkte.ch\/?product=trinkbecher-1dl#breadcrumb","itemListElement":[{"@type":"ListItem","position":1,"name":"Startseite","item":"https:\/\/www.staging.imesch-produkte.ch\/"},{"@type":"ListItem","position":2,"name":"Shop","item":"https:\/\/www.staging.imesch-produkte.ch\/?page_id=401"},{"@type":"ListItem","position":3,"name":"Trinkbecher 1dl, 200 Stk.\/Box"}]},{"@type":"WebSite","@id":"https:\/\/www.staging.imesch-produkte.ch\/#website","url":"https:\/\/www.staging.imesch-produkte.ch\/","name":"Imesch-Produkte","description":"Qualit\u00e4t verbindet Generationen","publisher":{"@id":"https:\/\/www.staging.imesch-produkte.ch\/#organization"},"potentialAction":[{"@type":"SearchAction","target":{"@type":"EntryPoint","urlTemplate":"https:\/\/www.staging.imesch-produkte.ch\/?s={search_term_string}"},"query-input":{"@type":"PropertyValueSpecification","valueRequired":true,"valueName":"search_term_string"}}],"inLanguage":"de"},{"@type":"Organization","@id":"https:\/\/www.staging.imesch-produkte.ch\/#organization","name":"Imesch-Produkte GmbH","url":"https:\/\/www.staging.imesch-produkte.ch\/","logo":{"@type":"ImageObject","inLanguage":"de","@id":"https:\/\/www.staging.imesch-produkte.ch\/#\/schema\/logo\/image\/","url":"https:\/\/i0.wp.com\/www.imesch-produkte.ch\/wordpress\/wp-content\/uploads\/2020\/04\/Logo_Imesch_Produkte.png?fit=871%2C456&ssl=1","contentUrl":"https:\/\/i0.wp.com\/www.imesch-produkte.ch\/wordpress\/wp-content\/uploads\/2020\/04\/Logo_Imesch_Produkte.png?fit=871%2C456&ssl=1","width":871,"height":456,"caption":"Imesch-Produkte GmbH"},"image":{"@id":"https:\/\/www.staging.imesch-produkte.ch\/#\/schema\/logo\/image\/"}}]}},"_links":{"self":[{"href":"https:\/\/www.staging.imesch-produkte.ch\/index.php?rest_route=\/wp\/v2\/product\/1874661","targetHints":{"allow":["GET"]}}],"collection":[{"href":"https:\/\/www.staging.imesch-produkte.ch\/index.php?rest_route=\/wp\/v2\/product"}],"about":[{"href":"https:\/\/www.staging.imesch-produkte.ch\/index.php?rest_route=\/wp\/v2\/types\/product"}],"replies":[{"embeddable":true,"href":"https:\/\/www.staging.imesch-produkte.ch\/index.php?rest_route=%2Fwp%2Fv2%2Fcomments&post=1874661"}],"version-history":[{"count":11,"href":"https:\/\/www.staging.imesch-produkte.ch\/index.php?rest_route=\/wp\/v2\/product\/1874661\/revisions"}],"predecessor-version":[{"id":1875092,"href":"https:\/\/www.staging.imesch-produkte.ch\/index.php?rest_route=\/wp\/v2\/product\/1874661\/revisions\/1875092"}],"wp:featuredmedia":[{"embeddable":true,"href":"https:\/\/www.staging.imesch-produkte.ch\/index.php?rest_route=\/wp\/v2\/media\/1874633"}],"wp:attachment":[{"href":"https:\/\/www.staging.imesch-produkte.ch\/index.php?rest_route=%2Fwp%2Fv2%2Fmedia&parent=1874661"}],"wp:term":[{"taxonomy":"product_cat","embeddable":true,"href":"https:\/\/www.staging.imesch-produkte.ch\/index.php?rest_route=%2Fwp%2Fv2%2Fproduct_cat&post=1874661"},{"taxonomy":"product_tag","embeddable":true,"href":"https:\/\/www.staging.imesch-produkte.ch\/index.php?rest_route=%2Fwp%2Fv2%2Fproduct_tag&post=1874661"}],"curies":[{"name":"wp","href":"https:\/\/api.w.org\/{rel}","templated":true}]}}