{"id":1874797,"date":"2024-03-11T09:34:17","date_gmt":"2024-03-11T08:34:17","guid":{"rendered":"https:\/\/www.imesch-produkte.ch\/?post_type=product&#038;p=1874797"},"modified":"2024-08-09T12:31:57","modified_gmt":"2024-08-09T10:31:57","slug":"messer","status":"publish","type":"product","link":"https:\/\/www.staging.imesch-produkte.ch\/?product=messer","title":{"rendered":"Messer, 50 Stk.\/Beutel"},"content":{"rendered":"<p>Entdecken Sie unsere Messer &#8211; die perfekte Erg\u00e4nzung f\u00fcr jede Mahlzeit! Als Pioniere f\u00fcr wiederverwendbares Geschirr im Oberwallis legen wir bei Imesch Produkte GmbH grossen Wert auf Nachhaltigkeit und Umweltschutz. Deshalb k\u00f6nnen Sie unser Geschirr mieten. <strong>Nach Ihrer Veranstaltung k\u00f6nnen Sie die Messer einfach zur\u00fcckgeben. Ganz ohne sie waschen zu m\u00fcssen &#8211; wir k\u00fcmmern uns um die Reinigung.<\/strong><\/p>\n<p>Diese Messer aus robustem SAN (Styrol-Acrylnitril) bieten optimale Haltbarkeit und Funktionalit\u00e4t.<\/p>\n<p>Mit einer L\u00e4nge von 19.5 cm sind diese Messer ideal f\u00fcr die Verwendung mit warmen und kalten Speisen. Egal ob Hauptgerichte, Fleisch oder Geb\u00e4ck, diese Messer sind vielseitig einsetzbar.<\/p>\n<p>Die Messer sind ganz weiss, ohne Logo, und werden in praktischen Verpackungseinheiten von 50 St\u00fcck pro Beutel geliefert. Dies macht sie ideal f\u00fcr den privaten Gebrauch zu Hause, in B\u00fcros, Caf\u00e9s und Restaurants.<\/p>\n<p>Entdecken Sie jetzt unsere Messer und geniessen Sie Ihre Mahlzeiten stilvoll und praktisch mit Imesch Produkte GmbH.<\/p>\n","protected":false},"excerpt":{"rendered":"<p>Entdecken Sie die Messer &#8211; die ideale L\u00f6sung f\u00fcr umweltfreundliches Geschirr ohne l\u00e4stiges Abwaschen! <strong>Bei Imesch Produkte GmbH k\u00f6nnen Sie das Geschirr mieten und nach Ihrem Anlass ohne Waschen zur\u00fcckgeben<\/strong> &#8211; f\u00fcr mehr Bequemlichkeit und Nachhaltigkeit. Machen Sie Ihre Veranstaltungen unvergesslich, ohne die Umwelt zu belasten!<\/p>\n","protected":false},"featured_media":1874645,"comment_status":"open","ping_status":"closed","template":"","meta":[],"product_cat":[943,853],"product_tag":[],"class_list":{"0":"post-1874797","1":"product","2":"type-product","3":"status-publish","4":"has-post-thumbnail","6":"product_cat-geschirr-mieten","7":"product_cat-geschirr","9":"first","10":"instock","11":"virtual","12":"taxable","13":"purchasable","14":"product-type-simple"},"yoast_head":"<!-- This site is optimized with the Yoast SEO plugin v23.9 - https:\/\/yoast.com\/wordpress\/plugins\/seo\/ -->\n<title>Messer mieten | Ohne Waschen nach dem Gebrauch<\/title>\n<meta name=\"description\" content=\"Entdecken Sie die Messer 50 Stk.\/Box: Ideal Veranstaltungen und Anl\u00e4sse. Machen Sie Ihre Events nachhaltig und stressfrei!\" \/>\n<meta name=\"robots\" content=\"noindex, follow, max-snippet:-1, max-image-preview:large, max-video-preview:-1\" \/>\n<meta property=\"og:locale\" content=\"de_DE\" \/>\n<meta property=\"og:type\" content=\"article\" \/>\n<meta property=\"og:title\" content=\"Messer mieten | Ohne Waschen nach dem Gebrauch\" \/>\n<meta property=\"og:description\" content=\"Entdecken Sie die Messer 50 Stk.\/Box: Ideal Veranstaltungen und Anl\u00e4sse. Machen Sie Ihre Events nachhaltig und stressfrei!\" \/>\n<meta property=\"og:url\" content=\"https:\/\/www.staging.imesch-produkte.ch\/?product=messer\" \/>\n<meta property=\"og:site_name\" content=\"Imesch Produkte\" \/>\n<meta property=\"article:modified_time\" content=\"2024-08-09T10:31:57+00:00\" \/>\n<meta property=\"og:image\" content=\"https:\/\/www.staging.imesch-produkte.ch\/wp-content\/uploads\/2024\/03\/il20001.jpg\" \/>\n\t<meta property=\"og:image:width\" content=\"733\" \/>\n\t<meta property=\"og:image:height\" content=\"550\" \/>\n\t<meta property=\"og:image:type\" content=\"image\/jpeg\" \/>\n<meta name=\"twitter:card\" content=\"summary_large_image\" \/>\n<meta name=\"twitter:label1\" content=\"Gesch\u00e4tzte Lesezeit\" \/>\n\t<meta name=\"twitter:data1\" content=\"2\u00a0Minuten\" \/>\n<script type=\"application\/ld+json\" class=\"yoast-schema-graph\">{\"@context\":\"https:\/\/schema.org\",\"@graph\":[{\"@type\":\"WebPage\",\"@id\":\"https:\/\/www.staging.imesch-produkte.ch\/?product=messer\",\"url\":\"https:\/\/www.staging.imesch-produkte.ch\/?product=messer\",\"name\":\"Messer mieten | Ohne Waschen nach dem Gebrauch\",\"isPartOf\":{\"@id\":\"https:\/\/www.staging.imesch-produkte.ch\/#website\"},\"primaryImageOfPage\":{\"@id\":\"https:\/\/www.staging.imesch-produkte.ch\/?product=messer#primaryimage\"},\"image\":{\"@id\":\"https:\/\/www.staging.imesch-produkte.ch\/?product=messer#primaryimage\"},\"thumbnailUrl\":\"https:\/\/www.staging.imesch-produkte.ch\/wp-content\/uploads\/2024\/03\/il20001.jpg\",\"datePublished\":\"2024-03-11T08:34:17+00:00\",\"dateModified\":\"2024-08-09T10:31:57+00:00\",\"description\":\"Entdecken Sie die Messer 50 Stk.\/Box: Ideal Veranstaltungen und Anl\u00e4sse. Machen Sie Ihre Events nachhaltig und stressfrei!\",\"breadcrumb\":{\"@id\":\"https:\/\/www.staging.imesch-produkte.ch\/?product=messer#breadcrumb\"},\"inLanguage\":\"de\",\"potentialAction\":[{\"@type\":\"ReadAction\",\"target\":[\"https:\/\/www.staging.imesch-produkte.ch\/?product=messer\"]}]},{\"@type\":\"ImageObject\",\"inLanguage\":\"de\",\"@id\":\"https:\/\/www.staging.imesch-produkte.ch\/?product=messer#primaryimage\",\"url\":\"https:\/\/www.staging.imesch-produkte.ch\/wp-content\/uploads\/2024\/03\/il20001.jpg\",\"contentUrl\":\"https:\/\/www.staging.imesch-produkte.ch\/wp-content\/uploads\/2024\/03\/il20001.jpg\",\"width\":733,\"height\":550,\"caption\":\"Messer zum Mieten.\"},{\"@type\":\"BreadcrumbList\",\"@id\":\"https:\/\/www.staging.imesch-produkte.ch\/?product=messer#breadcrumb\",\"itemListElement\":[{\"@type\":\"ListItem\",\"position\":1,\"name\":\"Startseite\",\"item\":\"https:\/\/www.staging.imesch-produkte.ch\/\"},{\"@type\":\"ListItem\",\"position\":2,\"name\":\"Shop\",\"item\":\"https:\/\/www.staging.imesch-produkte.ch\/?page_id=401\"},{\"@type\":\"ListItem\",\"position\":3,\"name\":\"Messer, 50 Stk.\/Beutel\"}]},{\"@type\":\"WebSite\",\"@id\":\"https:\/\/www.staging.imesch-produkte.ch\/#website\",\"url\":\"https:\/\/www.staging.imesch-produkte.ch\/\",\"name\":\"Imesch-Produkte\",\"description\":\"Qualit\u00e4t verbindet Generationen\",\"publisher\":{\"@id\":\"https:\/\/www.staging.imesch-produkte.ch\/#organization\"},\"potentialAction\":[{\"@type\":\"SearchAction\",\"target\":{\"@type\":\"EntryPoint\",\"urlTemplate\":\"https:\/\/www.staging.imesch-produkte.ch\/?s={search_term_string}\"},\"query-input\":{\"@type\":\"PropertyValueSpecification\",\"valueRequired\":true,\"valueName\":\"search_term_string\"}}],\"inLanguage\":\"de\"},{\"@type\":\"Organization\",\"@id\":\"https:\/\/www.staging.imesch-produkte.ch\/#organization\",\"name\":\"Imesch-Produkte GmbH\",\"url\":\"https:\/\/www.staging.imesch-produkte.ch\/\",\"logo\":{\"@type\":\"ImageObject\",\"inLanguage\":\"de\",\"@id\":\"https:\/\/www.staging.imesch-produkte.ch\/#\/schema\/logo\/image\/\",\"url\":\"https:\/\/i0.wp.com\/www.imesch-produkte.ch\/wordpress\/wp-content\/uploads\/2020\/04\/Logo_Imesch_Produkte.png?fit=871%2C456&ssl=1\",\"contentUrl\":\"https:\/\/i0.wp.com\/www.imesch-produkte.ch\/wordpress\/wp-content\/uploads\/2020\/04\/Logo_Imesch_Produkte.png?fit=871%2C456&ssl=1\",\"width\":871,\"height\":456,\"caption\":\"Imesch-Produkte GmbH\"},\"image\":{\"@id\":\"https:\/\/www.staging.imesch-produkte.ch\/#\/schema\/logo\/image\/\"}}]}<\/script>\n<!-- \/ Yoast SEO plugin. -->","yoast_head_json":{"title":"Messer mieten | Ohne Waschen nach dem Gebrauch","description":"Entdecken Sie die Messer 50 Stk.\/Box: Ideal Veranstaltungen und Anl\u00e4sse. Machen Sie Ihre Events nachhaltig und stressfrei!","robots":{"index":"noindex","follow":"follow","max-snippet":"max-snippet:-1","max-image-preview":"max-image-preview:large","max-video-preview":"max-video-preview:-1"},"og_locale":"de_DE","og_type":"article","og_title":"Messer mieten | Ohne Waschen nach dem Gebrauch","og_description":"Entdecken Sie die Messer 50 Stk.\/Box: Ideal Veranstaltungen und Anl\u00e4sse. Machen Sie Ihre Events nachhaltig und stressfrei!","og_url":"https:\/\/www.staging.imesch-produkte.ch\/?product=messer","og_site_name":"Imesch Produkte","article_modified_time":"2024-08-09T10:31:57+00:00","og_image":[{"width":733,"height":550,"url":"https:\/\/www.staging.imesch-produkte.ch\/wp-content\/uploads\/2024\/03\/il20001.jpg","type":"image\/jpeg"}],"twitter_card":"summary_large_image","twitter_misc":{"Gesch\u00e4tzte Lesezeit":"2\u00a0Minuten"},"schema":{"@context":"https:\/\/schema.org","@graph":[{"@type":"WebPage","@id":"https:\/\/www.staging.imesch-produkte.ch\/?product=messer","url":"https:\/\/www.staging.imesch-produkte.ch\/?product=messer","name":"Messer mieten | Ohne Waschen nach dem Gebrauch","isPartOf":{"@id":"https:\/\/www.staging.imesch-produkte.ch\/#website"},"primaryImageOfPage":{"@id":"https:\/\/www.staging.imesch-produkte.ch\/?product=messer#primaryimage"},"image":{"@id":"https:\/\/www.staging.imesch-produkte.ch\/?product=messer#primaryimage"},"thumbnailUrl":"https:\/\/www.staging.imesch-produkte.ch\/wp-content\/uploads\/2024\/03\/il20001.jpg","datePublished":"2024-03-11T08:34:17+00:00","dateModified":"2024-08-09T10:31:57+00:00","description":"Entdecken Sie die Messer 50 Stk.\/Box: Ideal Veranstaltungen und Anl\u00e4sse. Machen Sie Ihre Events nachhaltig und stressfrei!","breadcrumb":{"@id":"https:\/\/www.staging.imesch-produkte.ch\/?product=messer#breadcrumb"},"inLanguage":"de","potentialAction":[{"@type":"ReadAction","target":["https:\/\/www.staging.imesch-produkte.ch\/?product=messer"]}]},{"@type":"ImageObject","inLanguage":"de","@id":"https:\/\/www.staging.imesch-produkte.ch\/?product=messer#primaryimage","url":"https:\/\/www.staging.imesch-produkte.ch\/wp-content\/uploads\/2024\/03\/il20001.jpg","contentUrl":"https:\/\/www.staging.imesch-produkte.ch\/wp-content\/uploads\/2024\/03\/il20001.jpg","width":733,"height":550,"caption":"Messer zum Mieten."},{"@type":"BreadcrumbList","@id":"https:\/\/www.staging.imesch-produkte.ch\/?product=messer#breadcrumb","itemListElement":[{"@type":"ListItem","position":1,"name":"Startseite","item":"https:\/\/www.staging.imesch-produkte.ch\/"},{"@type":"ListItem","position":2,"name":"Shop","item":"https:\/\/www.staging.imesch-produkte.ch\/?page_id=401"},{"@type":"ListItem","position":3,"name":"Messer, 50 Stk.\/Beutel"}]},{"@type":"WebSite","@id":"https:\/\/www.staging.imesch-produkte.ch\/#website","url":"https:\/\/www.staging.imesch-produkte.ch\/","name":"Imesch-Produkte","description":"Qualit\u00e4t verbindet Generationen","publisher":{"@id":"https:\/\/www.staging.imesch-produkte.ch\/#organization"},"potentialAction":[{"@type":"SearchAction","target":{"@type":"EntryPoint","urlTemplate":"https:\/\/www.staging.imesch-produkte.ch\/?s={search_term_string}"},"query-input":{"@type":"PropertyValueSpecification","valueRequired":true,"valueName":"search_term_string"}}],"inLanguage":"de"},{"@type":"Organization","@id":"https:\/\/www.staging.imesch-produkte.ch\/#organization","name":"Imesch-Produkte GmbH","url":"https:\/\/www.staging.imesch-produkte.ch\/","logo":{"@type":"ImageObject","inLanguage":"de","@id":"https:\/\/www.staging.imesch-produkte.ch\/#\/schema\/logo\/image\/","url":"https:\/\/i0.wp.com\/www.imesch-produkte.ch\/wordpress\/wp-content\/uploads\/2020\/04\/Logo_Imesch_Produkte.png?fit=871%2C456&ssl=1","contentUrl":"https:\/\/i0.wp.com\/www.imesch-produkte.ch\/wordpress\/wp-content\/uploads\/2020\/04\/Logo_Imesch_Produkte.png?fit=871%2C456&ssl=1","width":871,"height":456,"caption":"Imesch-Produkte GmbH"},"image":{"@id":"https:\/\/www.staging.imesch-produkte.ch\/#\/schema\/logo\/image\/"}}]}},"_links":{"self":[{"href":"https:\/\/www.staging.imesch-produkte.ch\/index.php?rest_route=\/wp\/v2\/product\/1874797","targetHints":{"allow":["GET"]}}],"collection":[{"href":"https:\/\/www.staging.imesch-produkte.ch\/index.php?rest_route=\/wp\/v2\/product"}],"about":[{"href":"https:\/\/www.staging.imesch-produkte.ch\/index.php?rest_route=\/wp\/v2\/types\/product"}],"replies":[{"embeddable":true,"href":"https:\/\/www.staging.imesch-produkte.ch\/index.php?rest_route=%2Fwp%2Fv2%2Fcomments&post=1874797"}],"version-history":[{"count":3,"href":"https:\/\/www.staging.imesch-produkte.ch\/index.php?rest_route=\/wp\/v2\/product\/1874797\/revisions"}],"predecessor-version":[{"id":1875068,"href":"https:\/\/www.staging.imesch-produkte.ch\/index.php?rest_route=\/wp\/v2\/product\/1874797\/revisions\/1875068"}],"wp:featuredmedia":[{"embeddable":true,"href":"https:\/\/www.staging.imesch-produkte.ch\/index.php?rest_route=\/wp\/v2\/media\/1874645"}],"wp:attachment":[{"href":"https:\/\/www.staging.imesch-produkte.ch\/index.php?rest_route=%2Fwp%2Fv2%2Fmedia&parent=1874797"}],"wp:term":[{"taxonomy":"product_cat","embeddable":true,"href":"https:\/\/www.staging.imesch-produkte.ch\/index.php?rest_route=%2Fwp%2Fv2%2Fproduct_cat&post=1874797"},{"taxonomy":"product_tag","embeddable":true,"href":"https:\/\/www.staging.imesch-produkte.ch\/index.php?rest_route=%2Fwp%2Fv2%2Fproduct_tag&post=1874797"}],"curies":[{"name":"wp","href":"https:\/\/api.w.org\/{rel}","templated":true}]}}