{"id":1874799,"date":"2024-03-11T09:56:54","date_gmt":"2024-03-11T08:56:54","guid":{"rendered":"https:\/\/www.imesch-produkte.ch\/?post_type=product&#038;p=1874799"},"modified":"2024-08-09T12:34:26","modified_gmt":"2024-08-09T10:34:26","slug":"gabel","status":"publish","type":"product","link":"https:\/\/www.staging.imesch-produkte.ch\/?product=gabel","title":{"rendered":"Gabel, 50 Stk.\/Beutel"},"content":{"rendered":"<div class=\"product-tabs-wrapper\">\n<div class=\"container\">\n<div class=\"row\">\n<div class=\"col-12 poduct-tabs-inner\">\n<div class=\"woocommerce-tabs wc-tabs-wrapper tabs-layout-tabs\" data-state=\"first\" data-layout=\"tabs\">\n<div class=\"wd-accordion-item\">\n<div id=\"tab-description\" class=\"entry-content woocommerce-Tabs-panel woocommerce-Tabs-panel--description wd-active panel wc-tab\" role=\"tabpanel\" aria-labelledby=\"tab-title-description\" data-accordion-index=\"description\">\n<div class=\"wc-tab-inner\">\n<p>Entdecken Sie unsere Gabeln &#8211; die ideale Begleitung f\u00fcr jede Mahlzeit! Als Pioniere f\u00fcr wiederverwendbares Geschirr im Oberwallis legen wir bei Imesch Produkte GmbH grossen Wert auf Nachhaltigkeit und Umweltschutz. Deshalb k\u00f6nnen Sie unser Geschirr mieten. <strong>Nach Ihrer Veranstaltung k\u00f6nnen Sie die Gabeln einfach zur\u00fcckgeben. Ganz ohne sie waschen zu m\u00fcssen &#8211; wir k\u00fcmmern uns um die Reinigung.<\/strong><\/p>\n<\/div>\n<\/div>\n<\/div>\n<div class=\"wd-accordion-item\">\n<p>Diese Gabeln aus robustem SAN (Styrol-Acrylnitril) bieten optimale Haltbarkeit und Funktionalit\u00e4t.<\/p>\n<p>Mit einer L\u00e4nge von 19.5 cm sind diese Gabeln ideal f\u00fcr die Verwendung mit warmen und kalten Speisen. Egal ob Hauptgerichte, Salate oder Vorspeisen, diese Gabeln sind vielseitig einsetzbar.<\/p>\n<p>Die Gabeln sind ganz weiss, ohne Logo, und werden in praktischen Verpackungseinheiten von 50 St\u00fcck pro Beutel geliefert. Dies macht sie ideal f\u00fcr den privaten Gebrauch zu Hause, in B\u00fcros, Caf\u00e9s und Restaurants.<\/p>\n<p>Entdecken Sie jetzt unsere Gabeln und geniessen Sie Ihre Mahlzeiten stilvoll und praktisch mit Imesch Produkte GmbH.<\/p>\n<p>&nbsp;<\/p>\n<\/div>\n<\/div>\n<\/div>\n<\/div>\n<\/div>\n<\/div>\n<div class=\"container related-and-upsells\">\n<div id=\"carousel-628\" class=\"wd-carousel-container related-products with-title wd-products-element wd-products products\">\n<h4 class=\"wd-el-title title slider-title element-title\"><\/h4>\n<\/div>\n<\/div>\n","protected":false},"excerpt":{"rendered":"<p>Entdecken Sie die Gabeln &#8211; die ideale L\u00f6sung f\u00fcr umweltfreundliches Geschirr ohne l\u00e4stiges Abwaschen! <strong>Bei Imesch Produkte GmbH k\u00f6nnen Sie das Geschirr mieten und nach Ihrem Anlass ohne Waschen zur\u00fcckgeben<\/strong> &#8211; f\u00fcr mehr Bequemlichkeit und Nachhaltigkeit. Machen Sie Ihre Veranstaltungen unvergesslich, ohne die Umwelt zu belasten!<\/p>\n","protected":false},"featured_media":1874646,"comment_status":"open","ping_status":"closed","template":"","meta":[],"product_cat":[943,853],"product_tag":[],"class_list":{"0":"post-1874799","1":"product","2":"type-product","3":"status-publish","4":"has-post-thumbnail","6":"product_cat-geschirr-mieten","7":"product_cat-geschirr","9":"first","10":"instock","11":"virtual","12":"taxable","13":"purchasable","14":"product-type-simple"},"yoast_head":"<!-- This site is optimized with the Yoast SEO plugin v23.9 - https:\/\/yoast.com\/wordpress\/plugins\/seo\/ -->\n<title>Gabel mieten | Ohne Waschen nach dem Gebrauch<\/title>\n<meta name=\"description\" content=\"Entdecken Sie die Gablen 50 Stk.\/Box: Ideal Veranstaltungen und Anl\u00e4sse. Machen Sie Ihre Events nachhaltig und stressfrei!\" \/>\n<meta name=\"robots\" content=\"noindex, follow, max-snippet:-1, max-image-preview:large, max-video-preview:-1\" \/>\n<meta property=\"og:locale\" content=\"de_DE\" \/>\n<meta property=\"og:type\" content=\"article\" \/>\n<meta property=\"og:title\" content=\"Gabel mieten | Ohne Waschen nach dem Gebrauch\" \/>\n<meta property=\"og:description\" content=\"Entdecken Sie die Gablen 50 Stk.\/Box: Ideal Veranstaltungen und Anl\u00e4sse. Machen Sie Ihre Events nachhaltig und stressfrei!\" \/>\n<meta property=\"og:url\" content=\"https:\/\/www.staging.imesch-produkte.ch\/?product=gabel\" \/>\n<meta property=\"og:site_name\" content=\"Imesch Produkte\" \/>\n<meta property=\"article:modified_time\" content=\"2024-08-09T10:34:26+00:00\" \/>\n<meta property=\"og:image\" content=\"https:\/\/www.staging.imesch-produkte.ch\/wp-content\/uploads\/2024\/03\/il20002.jpg\" \/>\n\t<meta property=\"og:image:width\" content=\"733\" \/>\n\t<meta property=\"og:image:height\" content=\"550\" \/>\n\t<meta property=\"og:image:type\" content=\"image\/jpeg\" \/>\n<meta name=\"twitter:card\" content=\"summary_large_image\" \/>\n<meta name=\"twitter:label1\" content=\"Gesch\u00e4tzte Lesezeit\" \/>\n\t<meta name=\"twitter:data1\" content=\"2\u00a0Minuten\" \/>\n<script type=\"application\/ld+json\" class=\"yoast-schema-graph\">{\"@context\":\"https:\/\/schema.org\",\"@graph\":[{\"@type\":\"WebPage\",\"@id\":\"https:\/\/www.staging.imesch-produkte.ch\/?product=gabel\",\"url\":\"https:\/\/www.staging.imesch-produkte.ch\/?product=gabel\",\"name\":\"Gabel mieten | Ohne Waschen nach dem Gebrauch\",\"isPartOf\":{\"@id\":\"https:\/\/www.staging.imesch-produkte.ch\/#website\"},\"primaryImageOfPage\":{\"@id\":\"https:\/\/www.staging.imesch-produkte.ch\/?product=gabel#primaryimage\"},\"image\":{\"@id\":\"https:\/\/www.staging.imesch-produkte.ch\/?product=gabel#primaryimage\"},\"thumbnailUrl\":\"https:\/\/www.staging.imesch-produkte.ch\/wp-content\/uploads\/2024\/03\/il20002.jpg\",\"datePublished\":\"2024-03-11T08:56:54+00:00\",\"dateModified\":\"2024-08-09T10:34:26+00:00\",\"description\":\"Entdecken Sie die Gablen 50 Stk.\/Box: Ideal Veranstaltungen und Anl\u00e4sse. Machen Sie Ihre Events nachhaltig und stressfrei!\",\"breadcrumb\":{\"@id\":\"https:\/\/www.staging.imesch-produkte.ch\/?product=gabel#breadcrumb\"},\"inLanguage\":\"de\",\"potentialAction\":[{\"@type\":\"ReadAction\",\"target\":[\"https:\/\/www.staging.imesch-produkte.ch\/?product=gabel\"]}]},{\"@type\":\"ImageObject\",\"inLanguage\":\"de\",\"@id\":\"https:\/\/www.staging.imesch-produkte.ch\/?product=gabel#primaryimage\",\"url\":\"https:\/\/www.staging.imesch-produkte.ch\/wp-content\/uploads\/2024\/03\/il20002.jpg\",\"contentUrl\":\"https:\/\/www.staging.imesch-produkte.ch\/wp-content\/uploads\/2024\/03\/il20002.jpg\",\"width\":733,\"height\":550,\"caption\":\"Gabel zum Mieten.\"},{\"@type\":\"BreadcrumbList\",\"@id\":\"https:\/\/www.staging.imesch-produkte.ch\/?product=gabel#breadcrumb\",\"itemListElement\":[{\"@type\":\"ListItem\",\"position\":1,\"name\":\"Startseite\",\"item\":\"https:\/\/www.staging.imesch-produkte.ch\/\"},{\"@type\":\"ListItem\",\"position\":2,\"name\":\"Shop\",\"item\":\"https:\/\/www.staging.imesch-produkte.ch\/?page_id=401\"},{\"@type\":\"ListItem\",\"position\":3,\"name\":\"Gabel, 50 Stk.\/Beutel\"}]},{\"@type\":\"WebSite\",\"@id\":\"https:\/\/www.staging.imesch-produkte.ch\/#website\",\"url\":\"https:\/\/www.staging.imesch-produkte.ch\/\",\"name\":\"Imesch-Produkte\",\"description\":\"Qualit\u00e4t verbindet Generationen\",\"publisher\":{\"@id\":\"https:\/\/www.staging.imesch-produkte.ch\/#organization\"},\"potentialAction\":[{\"@type\":\"SearchAction\",\"target\":{\"@type\":\"EntryPoint\",\"urlTemplate\":\"https:\/\/www.staging.imesch-produkte.ch\/?s={search_term_string}\"},\"query-input\":{\"@type\":\"PropertyValueSpecification\",\"valueRequired\":true,\"valueName\":\"search_term_string\"}}],\"inLanguage\":\"de\"},{\"@type\":\"Organization\",\"@id\":\"https:\/\/www.staging.imesch-produkte.ch\/#organization\",\"name\":\"Imesch-Produkte GmbH\",\"url\":\"https:\/\/www.staging.imesch-produkte.ch\/\",\"logo\":{\"@type\":\"ImageObject\",\"inLanguage\":\"de\",\"@id\":\"https:\/\/www.staging.imesch-produkte.ch\/#\/schema\/logo\/image\/\",\"url\":\"https:\/\/i0.wp.com\/www.imesch-produkte.ch\/wordpress\/wp-content\/uploads\/2020\/04\/Logo_Imesch_Produkte.png?fit=871%2C456&ssl=1\",\"contentUrl\":\"https:\/\/i0.wp.com\/www.imesch-produkte.ch\/wordpress\/wp-content\/uploads\/2020\/04\/Logo_Imesch_Produkte.png?fit=871%2C456&ssl=1\",\"width\":871,\"height\":456,\"caption\":\"Imesch-Produkte GmbH\"},\"image\":{\"@id\":\"https:\/\/www.staging.imesch-produkte.ch\/#\/schema\/logo\/image\/\"}}]}<\/script>\n<!-- \/ Yoast SEO plugin. -->","yoast_head_json":{"title":"Gabel mieten | Ohne Waschen nach dem Gebrauch","description":"Entdecken Sie die Gablen 50 Stk.\/Box: Ideal Veranstaltungen und Anl\u00e4sse. Machen Sie Ihre Events nachhaltig und stressfrei!","robots":{"index":"noindex","follow":"follow","max-snippet":"max-snippet:-1","max-image-preview":"max-image-preview:large","max-video-preview":"max-video-preview:-1"},"og_locale":"de_DE","og_type":"article","og_title":"Gabel mieten | Ohne Waschen nach dem Gebrauch","og_description":"Entdecken Sie die Gablen 50 Stk.\/Box: Ideal Veranstaltungen und Anl\u00e4sse. Machen Sie Ihre Events nachhaltig und stressfrei!","og_url":"https:\/\/www.staging.imesch-produkte.ch\/?product=gabel","og_site_name":"Imesch Produkte","article_modified_time":"2024-08-09T10:34:26+00:00","og_image":[{"width":733,"height":550,"url":"https:\/\/www.staging.imesch-produkte.ch\/wp-content\/uploads\/2024\/03\/il20002.jpg","type":"image\/jpeg"}],"twitter_card":"summary_large_image","twitter_misc":{"Gesch\u00e4tzte Lesezeit":"2\u00a0Minuten"},"schema":{"@context":"https:\/\/schema.org","@graph":[{"@type":"WebPage","@id":"https:\/\/www.staging.imesch-produkte.ch\/?product=gabel","url":"https:\/\/www.staging.imesch-produkte.ch\/?product=gabel","name":"Gabel mieten | Ohne Waschen nach dem Gebrauch","isPartOf":{"@id":"https:\/\/www.staging.imesch-produkte.ch\/#website"},"primaryImageOfPage":{"@id":"https:\/\/www.staging.imesch-produkte.ch\/?product=gabel#primaryimage"},"image":{"@id":"https:\/\/www.staging.imesch-produkte.ch\/?product=gabel#primaryimage"},"thumbnailUrl":"https:\/\/www.staging.imesch-produkte.ch\/wp-content\/uploads\/2024\/03\/il20002.jpg","datePublished":"2024-03-11T08:56:54+00:00","dateModified":"2024-08-09T10:34:26+00:00","description":"Entdecken Sie die Gablen 50 Stk.\/Box: Ideal Veranstaltungen und Anl\u00e4sse. Machen Sie Ihre Events nachhaltig und stressfrei!","breadcrumb":{"@id":"https:\/\/www.staging.imesch-produkte.ch\/?product=gabel#breadcrumb"},"inLanguage":"de","potentialAction":[{"@type":"ReadAction","target":["https:\/\/www.staging.imesch-produkte.ch\/?product=gabel"]}]},{"@type":"ImageObject","inLanguage":"de","@id":"https:\/\/www.staging.imesch-produkte.ch\/?product=gabel#primaryimage","url":"https:\/\/www.staging.imesch-produkte.ch\/wp-content\/uploads\/2024\/03\/il20002.jpg","contentUrl":"https:\/\/www.staging.imesch-produkte.ch\/wp-content\/uploads\/2024\/03\/il20002.jpg","width":733,"height":550,"caption":"Gabel zum Mieten."},{"@type":"BreadcrumbList","@id":"https:\/\/www.staging.imesch-produkte.ch\/?product=gabel#breadcrumb","itemListElement":[{"@type":"ListItem","position":1,"name":"Startseite","item":"https:\/\/www.staging.imesch-produkte.ch\/"},{"@type":"ListItem","position":2,"name":"Shop","item":"https:\/\/www.staging.imesch-produkte.ch\/?page_id=401"},{"@type":"ListItem","position":3,"name":"Gabel, 50 Stk.\/Beutel"}]},{"@type":"WebSite","@id":"https:\/\/www.staging.imesch-produkte.ch\/#website","url":"https:\/\/www.staging.imesch-produkte.ch\/","name":"Imesch-Produkte","description":"Qualit\u00e4t verbindet Generationen","publisher":{"@id":"https:\/\/www.staging.imesch-produkte.ch\/#organization"},"potentialAction":[{"@type":"SearchAction","target":{"@type":"EntryPoint","urlTemplate":"https:\/\/www.staging.imesch-produkte.ch\/?s={search_term_string}"},"query-input":{"@type":"PropertyValueSpecification","valueRequired":true,"valueName":"search_term_string"}}],"inLanguage":"de"},{"@type":"Organization","@id":"https:\/\/www.staging.imesch-produkte.ch\/#organization","name":"Imesch-Produkte GmbH","url":"https:\/\/www.staging.imesch-produkte.ch\/","logo":{"@type":"ImageObject","inLanguage":"de","@id":"https:\/\/www.staging.imesch-produkte.ch\/#\/schema\/logo\/image\/","url":"https:\/\/i0.wp.com\/www.imesch-produkte.ch\/wordpress\/wp-content\/uploads\/2020\/04\/Logo_Imesch_Produkte.png?fit=871%2C456&ssl=1","contentUrl":"https:\/\/i0.wp.com\/www.imesch-produkte.ch\/wordpress\/wp-content\/uploads\/2020\/04\/Logo_Imesch_Produkte.png?fit=871%2C456&ssl=1","width":871,"height":456,"caption":"Imesch-Produkte GmbH"},"image":{"@id":"https:\/\/www.staging.imesch-produkte.ch\/#\/schema\/logo\/image\/"}}]}},"_links":{"self":[{"href":"https:\/\/www.staging.imesch-produkte.ch\/index.php?rest_route=\/wp\/v2\/product\/1874799","targetHints":{"allow":["GET"]}}],"collection":[{"href":"https:\/\/www.staging.imesch-produkte.ch\/index.php?rest_route=\/wp\/v2\/product"}],"about":[{"href":"https:\/\/www.staging.imesch-produkte.ch\/index.php?rest_route=\/wp\/v2\/types\/product"}],"replies":[{"embeddable":true,"href":"https:\/\/www.staging.imesch-produkte.ch\/index.php?rest_route=%2Fwp%2Fv2%2Fcomments&post=1874799"}],"version-history":[{"count":2,"href":"https:\/\/www.staging.imesch-produkte.ch\/index.php?rest_route=\/wp\/v2\/product\/1874799\/revisions"}],"predecessor-version":[{"id":1874913,"href":"https:\/\/www.staging.imesch-produkte.ch\/index.php?rest_route=\/wp\/v2\/product\/1874799\/revisions\/1874913"}],"wp:featuredmedia":[{"embeddable":true,"href":"https:\/\/www.staging.imesch-produkte.ch\/index.php?rest_route=\/wp\/v2\/media\/1874646"}],"wp:attachment":[{"href":"https:\/\/www.staging.imesch-produkte.ch\/index.php?rest_route=%2Fwp%2Fv2%2Fmedia&parent=1874799"}],"wp:term":[{"taxonomy":"product_cat","embeddable":true,"href":"https:\/\/www.staging.imesch-produkte.ch\/index.php?rest_route=%2Fwp%2Fv2%2Fproduct_cat&post=1874799"},{"taxonomy":"product_tag","embeddable":true,"href":"https:\/\/www.staging.imesch-produkte.ch\/index.php?rest_route=%2Fwp%2Fv2%2Fproduct_tag&post=1874799"}],"curies":[{"name":"wp","href":"https:\/\/api.w.org\/{rel}","templated":true}]}}