{"id":1874846,"date":"2024-03-14T08:57:12","date_gmt":"2024-03-14T07:57:12","guid":{"rendered":"https:\/\/www.imesch-produkte.ch\/?post_type=product&#038;p=1874846"},"modified":"2024-03-14T12:06:00","modified_gmt":"2024-03-14T11:06:00","slug":"ultra-spezial-natur","status":"publish","type":"product","link":"https:\/\/www.staging.imesch-produkte.ch\/?product=ultra-spezial-natur","title":{"rendered":"Ultra spezial natur"},"content":{"rendered":"<p>\u00c4usserst wirksame Handwaschpaste beispielsweise f\u00fcr den Gebrauch im Autogewerbe, mechanisch\/technische Betriebe, Giessereien, Eisenbahnen, Druckereien usw.<\/p>\n<p>Besonders geeignet bei mittel- und stark verschmutzten H\u00e4nden.<\/p>\n<p>Anwendung:<\/p>\n<p>Circa 2-3 ml Handwaschpaste ohne Wasser in den H\u00e4nden gr\u00fcndlich verreiben. Mit wenig Wasser weiter waschen und anschliessend mit viel Wasser gut absp\u00fclen. H\u00e4nde gr\u00fcndlich abtrocknen.<\/p>\n<p>\u2013 Entfernt \u00d6l, Russ, Teer, Fett, Graphit, Farben, Lacke, Tinte, Druckerschw\u00e4rze, Russ, Erde, etc.<br \/>\n\u2013 L\u00f6st schonend hartn\u00e4ckigen Schmutz aus den Vertiefungen der Haut.<\/p>\n","protected":false},"excerpt":{"rendered":"<p>Cremige, r\u00fcckfettende Spezial-Handreinigungspaste f\u00fcr mittlere bis starke Verschmutzungen.<\/p>\n<p>L\u00f6sungsmittel-, silikon- und seifenfrei.<br \/>\nEnth\u00e4lt hautschonende Naturreibek\u00f6rper. Sparsam im Verbrauch.<br \/>\nGeeignet f\u00fcr Handwaschpasten-Spender Kamar 104\u00a0 und 103.<\/p>\n","protected":false},"featured_media":1874850,"comment_status":"open","ping_status":"closed","template":"","meta":[],"product_cat":[846],"product_tag":[],"class_list":{"0":"post-1874846","1":"product","2":"type-product","3":"status-publish","4":"has-post-thumbnail","6":"product_cat-seifen-spender","7":"pa_groesse-bidon-a-500-ml","8":"pa_groesse-fass-a-120-liter","9":"pa_groesse-bidon-a-5-liter","10":"pa_groesse-bidon-a-10-liter","12":"first","13":"instock","14":"taxable","15":"shipping-taxable","16":"purchasable","17":"product-type-variable"},"yoast_head":"<!-- This site is optimized with the Yoast SEO plugin v23.9 - https:\/\/yoast.com\/wordpress\/plugins\/seo\/ -->\n<title>Ultra spezial natur | Imesch Produkte<\/title>\n<meta name=\"robots\" content=\"noindex, follow, max-snippet:-1, max-image-preview:large, max-video-preview:-1\" \/>\n<meta property=\"og:locale\" content=\"de_DE\" \/>\n<meta property=\"og:type\" content=\"article\" \/>\n<meta property=\"og:title\" content=\"Ultra spezial natur | Imesch Produkte\" \/>\n<meta property=\"og:description\" content=\"Cremige, r\u00fcckfettende Spezial-Handreinigungspaste f\u00fcr mittlere bis starke Verschmutzungen.  L\u00f6sungsmittel-, silikon- und seifenfrei. Enth\u00e4lt hautschonende Naturreibek\u00f6rper. Sparsam im Verbrauch. Geeignet f\u00fcr Handwaschpasten-Spender Kamar 104\u00a0 und 103.\" \/>\n<meta property=\"og:url\" content=\"https:\/\/www.staging.imesch-produkte.ch\/?product=ultra-spezial-natur\" \/>\n<meta property=\"og:site_name\" content=\"Imesch Produkte\" \/>\n<meta property=\"article:modified_time\" content=\"2024-03-14T11:06:00+00:00\" \/>\n<meta property=\"og:image\" content=\"https:\/\/www.staging.imesch-produkte.ch\/wp-content\/uploads\/2024\/03\/Ultra-spezial.png\" \/>\n\t<meta property=\"og:image:width\" content=\"448\" \/>\n\t<meta property=\"og:image:height\" content=\"336\" \/>\n\t<meta property=\"og:image:type\" content=\"image\/png\" \/>\n<meta name=\"twitter:card\" content=\"summary_large_image\" \/>\n<meta name=\"twitter:label1\" content=\"Gesch\u00e4tzte Lesezeit\" \/>\n\t<meta name=\"twitter:data1\" content=\"1\u00a0Minute\" \/>\n<script type=\"application\/ld+json\" class=\"yoast-schema-graph\">{\"@context\":\"https:\/\/schema.org\",\"@graph\":[{\"@type\":\"WebPage\",\"@id\":\"https:\/\/www.staging.imesch-produkte.ch\/?product=ultra-spezial-natur\",\"url\":\"https:\/\/www.staging.imesch-produkte.ch\/?product=ultra-spezial-natur\",\"name\":\"Ultra spezial natur | Imesch Produkte\",\"isPartOf\":{\"@id\":\"https:\/\/www.staging.imesch-produkte.ch\/#website\"},\"primaryImageOfPage\":{\"@id\":\"https:\/\/www.staging.imesch-produkte.ch\/?product=ultra-spezial-natur#primaryimage\"},\"image\":{\"@id\":\"https:\/\/www.staging.imesch-produkte.ch\/?product=ultra-spezial-natur#primaryimage\"},\"thumbnailUrl\":\"https:\/\/www.staging.imesch-produkte.ch\/wp-content\/uploads\/2024\/03\/Ultra-spezial.png\",\"datePublished\":\"2024-03-14T07:57:12+00:00\",\"dateModified\":\"2024-03-14T11:06:00+00:00\",\"breadcrumb\":{\"@id\":\"https:\/\/www.staging.imesch-produkte.ch\/?product=ultra-spezial-natur#breadcrumb\"},\"inLanguage\":\"de\",\"potentialAction\":[{\"@type\":\"ReadAction\",\"target\":[\"https:\/\/www.staging.imesch-produkte.ch\/?product=ultra-spezial-natur\"]}]},{\"@type\":\"ImageObject\",\"inLanguage\":\"de\",\"@id\":\"https:\/\/www.staging.imesch-produkte.ch\/?product=ultra-spezial-natur#primaryimage\",\"url\":\"https:\/\/www.staging.imesch-produkte.ch\/wp-content\/uploads\/2024\/03\/Ultra-spezial.png\",\"contentUrl\":\"https:\/\/www.staging.imesch-produkte.ch\/wp-content\/uploads\/2024\/03\/Ultra-spezial.png\",\"width\":448,\"height\":336,\"caption\":\"Ultra spezial natur\"},{\"@type\":\"BreadcrumbList\",\"@id\":\"https:\/\/www.staging.imesch-produkte.ch\/?product=ultra-spezial-natur#breadcrumb\",\"itemListElement\":[{\"@type\":\"ListItem\",\"position\":1,\"name\":\"Startseite\",\"item\":\"https:\/\/www.staging.imesch-produkte.ch\/\"},{\"@type\":\"ListItem\",\"position\":2,\"name\":\"Shop\",\"item\":\"https:\/\/www.staging.imesch-produkte.ch\/?page_id=401\"},{\"@type\":\"ListItem\",\"position\":3,\"name\":\"Ultra spezial natur\"}]},{\"@type\":\"WebSite\",\"@id\":\"https:\/\/www.staging.imesch-produkte.ch\/#website\",\"url\":\"https:\/\/www.staging.imesch-produkte.ch\/\",\"name\":\"Imesch-Produkte\",\"description\":\"Qualit\u00e4t verbindet Generationen\",\"publisher\":{\"@id\":\"https:\/\/www.staging.imesch-produkte.ch\/#organization\"},\"potentialAction\":[{\"@type\":\"SearchAction\",\"target\":{\"@type\":\"EntryPoint\",\"urlTemplate\":\"https:\/\/www.staging.imesch-produkte.ch\/?s={search_term_string}\"},\"query-input\":{\"@type\":\"PropertyValueSpecification\",\"valueRequired\":true,\"valueName\":\"search_term_string\"}}],\"inLanguage\":\"de\"},{\"@type\":\"Organization\",\"@id\":\"https:\/\/www.staging.imesch-produkte.ch\/#organization\",\"name\":\"Imesch-Produkte GmbH\",\"url\":\"https:\/\/www.staging.imesch-produkte.ch\/\",\"logo\":{\"@type\":\"ImageObject\",\"inLanguage\":\"de\",\"@id\":\"https:\/\/www.staging.imesch-produkte.ch\/#\/schema\/logo\/image\/\",\"url\":\"https:\/\/i0.wp.com\/www.imesch-produkte.ch\/wordpress\/wp-content\/uploads\/2020\/04\/Logo_Imesch_Produkte.png?fit=871%2C456&ssl=1\",\"contentUrl\":\"https:\/\/i0.wp.com\/www.imesch-produkte.ch\/wordpress\/wp-content\/uploads\/2020\/04\/Logo_Imesch_Produkte.png?fit=871%2C456&ssl=1\",\"width\":871,\"height\":456,\"caption\":\"Imesch-Produkte GmbH\"},\"image\":{\"@id\":\"https:\/\/www.staging.imesch-produkte.ch\/#\/schema\/logo\/image\/\"}}]}<\/script>\n<!-- \/ Yoast SEO plugin. -->","yoast_head_json":{"title":"Ultra spezial natur | Imesch Produkte","robots":{"index":"noindex","follow":"follow","max-snippet":"max-snippet:-1","max-image-preview":"max-image-preview:large","max-video-preview":"max-video-preview:-1"},"og_locale":"de_DE","og_type":"article","og_title":"Ultra spezial natur | Imesch Produkte","og_description":"Cremige, r\u00fcckfettende Spezial-Handreinigungspaste f\u00fcr mittlere bis starke Verschmutzungen.  L\u00f6sungsmittel-, silikon- und seifenfrei. Enth\u00e4lt hautschonende Naturreibek\u00f6rper. Sparsam im Verbrauch. Geeignet f\u00fcr Handwaschpasten-Spender Kamar 104\u00a0 und 103.","og_url":"https:\/\/www.staging.imesch-produkte.ch\/?product=ultra-spezial-natur","og_site_name":"Imesch Produkte","article_modified_time":"2024-03-14T11:06:00+00:00","og_image":[{"width":448,"height":336,"url":"https:\/\/www.staging.imesch-produkte.ch\/wp-content\/uploads\/2024\/03\/Ultra-spezial.png","type":"image\/png"}],"twitter_card":"summary_large_image","twitter_misc":{"Gesch\u00e4tzte Lesezeit":"1\u00a0Minute"},"schema":{"@context":"https:\/\/schema.org","@graph":[{"@type":"WebPage","@id":"https:\/\/www.staging.imesch-produkte.ch\/?product=ultra-spezial-natur","url":"https:\/\/www.staging.imesch-produkte.ch\/?product=ultra-spezial-natur","name":"Ultra spezial natur | Imesch Produkte","isPartOf":{"@id":"https:\/\/www.staging.imesch-produkte.ch\/#website"},"primaryImageOfPage":{"@id":"https:\/\/www.staging.imesch-produkte.ch\/?product=ultra-spezial-natur#primaryimage"},"image":{"@id":"https:\/\/www.staging.imesch-produkte.ch\/?product=ultra-spezial-natur#primaryimage"},"thumbnailUrl":"https:\/\/www.staging.imesch-produkte.ch\/wp-content\/uploads\/2024\/03\/Ultra-spezial.png","datePublished":"2024-03-14T07:57:12+00:00","dateModified":"2024-03-14T11:06:00+00:00","breadcrumb":{"@id":"https:\/\/www.staging.imesch-produkte.ch\/?product=ultra-spezial-natur#breadcrumb"},"inLanguage":"de","potentialAction":[{"@type":"ReadAction","target":["https:\/\/www.staging.imesch-produkte.ch\/?product=ultra-spezial-natur"]}]},{"@type":"ImageObject","inLanguage":"de","@id":"https:\/\/www.staging.imesch-produkte.ch\/?product=ultra-spezial-natur#primaryimage","url":"https:\/\/www.staging.imesch-produkte.ch\/wp-content\/uploads\/2024\/03\/Ultra-spezial.png","contentUrl":"https:\/\/www.staging.imesch-produkte.ch\/wp-content\/uploads\/2024\/03\/Ultra-spezial.png","width":448,"height":336,"caption":"Ultra spezial natur"},{"@type":"BreadcrumbList","@id":"https:\/\/www.staging.imesch-produkte.ch\/?product=ultra-spezial-natur#breadcrumb","itemListElement":[{"@type":"ListItem","position":1,"name":"Startseite","item":"https:\/\/www.staging.imesch-produkte.ch\/"},{"@type":"ListItem","position":2,"name":"Shop","item":"https:\/\/www.staging.imesch-produkte.ch\/?page_id=401"},{"@type":"ListItem","position":3,"name":"Ultra spezial natur"}]},{"@type":"WebSite","@id":"https:\/\/www.staging.imesch-produkte.ch\/#website","url":"https:\/\/www.staging.imesch-produkte.ch\/","name":"Imesch-Produkte","description":"Qualit\u00e4t verbindet Generationen","publisher":{"@id":"https:\/\/www.staging.imesch-produkte.ch\/#organization"},"potentialAction":[{"@type":"SearchAction","target":{"@type":"EntryPoint","urlTemplate":"https:\/\/www.staging.imesch-produkte.ch\/?s={search_term_string}"},"query-input":{"@type":"PropertyValueSpecification","valueRequired":true,"valueName":"search_term_string"}}],"inLanguage":"de"},{"@type":"Organization","@id":"https:\/\/www.staging.imesch-produkte.ch\/#organization","name":"Imesch-Produkte GmbH","url":"https:\/\/www.staging.imesch-produkte.ch\/","logo":{"@type":"ImageObject","inLanguage":"de","@id":"https:\/\/www.staging.imesch-produkte.ch\/#\/schema\/logo\/image\/","url":"https:\/\/i0.wp.com\/www.imesch-produkte.ch\/wordpress\/wp-content\/uploads\/2020\/04\/Logo_Imesch_Produkte.png?fit=871%2C456&ssl=1","contentUrl":"https:\/\/i0.wp.com\/www.imesch-produkte.ch\/wordpress\/wp-content\/uploads\/2020\/04\/Logo_Imesch_Produkte.png?fit=871%2C456&ssl=1","width":871,"height":456,"caption":"Imesch-Produkte GmbH"},"image":{"@id":"https:\/\/www.staging.imesch-produkte.ch\/#\/schema\/logo\/image\/"}}]}},"_links":{"self":[{"href":"https:\/\/www.staging.imesch-produkte.ch\/index.php?rest_route=\/wp\/v2\/product\/1874846","targetHints":{"allow":["GET"]}}],"collection":[{"href":"https:\/\/www.staging.imesch-produkte.ch\/index.php?rest_route=\/wp\/v2\/product"}],"about":[{"href":"https:\/\/www.staging.imesch-produkte.ch\/index.php?rest_route=\/wp\/v2\/types\/product"}],"replies":[{"embeddable":true,"href":"https:\/\/www.staging.imesch-produkte.ch\/index.php?rest_route=%2Fwp%2Fv2%2Fcomments&post=1874846"}],"version-history":[{"count":1,"href":"https:\/\/www.staging.imesch-produkte.ch\/index.php?rest_route=\/wp\/v2\/product\/1874846\/revisions"}],"predecessor-version":[{"id":1874851,"href":"https:\/\/www.staging.imesch-produkte.ch\/index.php?rest_route=\/wp\/v2\/product\/1874846\/revisions\/1874851"}],"wp:featuredmedia":[{"embeddable":true,"href":"https:\/\/www.staging.imesch-produkte.ch\/index.php?rest_route=\/wp\/v2\/media\/1874850"}],"wp:attachment":[{"href":"https:\/\/www.staging.imesch-produkte.ch\/index.php?rest_route=%2Fwp%2Fv2%2Fmedia&parent=1874846"}],"wp:term":[{"taxonomy":"product_cat","embeddable":true,"href":"https:\/\/www.staging.imesch-produkte.ch\/index.php?rest_route=%2Fwp%2Fv2%2Fproduct_cat&post=1874846"},{"taxonomy":"product_tag","embeddable":true,"href":"https:\/\/www.staging.imesch-produkte.ch\/index.php?rest_route=%2Fwp%2Fv2%2Fproduct_tag&post=1874846"}],"curies":[{"name":"wp","href":"https:\/\/api.w.org\/{rel}","templated":true}]}}