{"id":1875534,"date":"2024-11-11T09:01:15","date_gmt":"2024-11-11T08:01:15","guid":{"rendered":"https:\/\/www.imesch-produkte.ch\/?post_type=product&#038;p=1875534"},"modified":"2024-11-11T09:51:37","modified_gmt":"2024-11-11T08:51:37","slug":"haushaltpapier-satino-puresoft-3-lagig-recycling-pack-a-32-rollen","status":"publish","type":"product","link":"https:\/\/www.staging.imesch-produkte.ch\/?product=haushaltpapier-satino-puresoft-3-lagig-recycling-pack-a-32-rollen","title":{"rendered":"Haushaltpapier Satino PureSoft, 3-lagig, Recycling, Pack \u00e0 32 Rollen"},"content":{"rendered":"<p>Das ungebleichte Satino PureSoft K\u00fcchenpapier bietet eine un\u00fcbertroffen softe und saugstarke Qualit\u00e4t, ist lebensmittelecht und besonders nachhaltig.<\/p>\n<p><strong>Produkteigenschaften:<\/strong><\/p>\n<ul>\n<li>Material: 100% Recycling-Qualit\u00e4t aus Karton<\/li>\n<li>Premiumqualit\u00e4t<\/li>\n<li>Besonders saugf\u00e4hig, soft und leistungsstark<\/li>\n<li>100% hygienisch und zertifiziert f\u00fcr den kurzzeitigen direkten Kontakt mit Lebensmitteln<\/li>\n<li>EU Ecolabel zertifiziert<\/li>\n<li>Lagen: 3<\/li>\n<li>Ausgezeichnet mit dem Blauen Engel<\/li>\n<\/ul>\n<p><a href=\"https:\/\/www.imesch-produkte.ch\/?attachment_id=12691\" rel=\"attachment wp-att-12691\">\u00a0<\/a><a href=\"https:\/\/www.staging.imesch-produkte.ch\/wp-content\/uploads\/2020\/07\/Haushaltpapier.jpg\"><img fetchpriority=\"high\" decoding=\"async\" class=\"alignnone wp-image-8818 size-full\" src=\"https:\/\/www.staging.imesch-produkte.ch\/wp-content\/uploads\/2020\/07\/Haushaltpapier.jpg\" alt=\"\" width=\"1348\" height=\"279\" srcset=\"https:\/\/www.staging.imesch-produkte.ch\/wp-content\/uploads\/2020\/07\/Haushaltpapier.jpg 1348w, https:\/\/www.staging.imesch-produkte.ch\/wp-content\/uploads\/2020\/07\/Haushaltpapier-300x62.jpg 300w, https:\/\/www.staging.imesch-produkte.ch\/wp-content\/uploads\/2020\/07\/Haushaltpapier-1024x212.jpg 1024w, https:\/\/www.staging.imesch-produkte.ch\/wp-content\/uploads\/2020\/07\/Haushaltpapier-768x159.jpg 768w, https:\/\/www.staging.imesch-produkte.ch\/wp-content\/uploads\/2020\/07\/Haushaltpapier-600x124.jpg 600w\" sizes=\"(max-width: 1348px) 100vw, 1348px\" \/><\/a><\/p>\n<p><a href=\"https:\/\/www.imesch-produkte.ch\/?attachment_id=12691\" rel=\"attachment wp-att-12691\">\u00a0 \u00a0<img decoding=\"async\" class=\"alignnone wp-image-12691 \" src=\"https:\/\/www.staging.imesch-produkte.ch\/wp-content\/uploads\/2021\/02\/Blauer-Engel-150x149.png\" alt=\"\" width=\"111\" height=\"110\" srcset=\"https:\/\/www.staging.imesch-produkte.ch\/wp-content\/uploads\/2021\/02\/Blauer-Engel-150x149.png 150w, https:\/\/www.staging.imesch-produkte.ch\/wp-content\/uploads\/2021\/02\/Blauer-Engel-100x100.png 100w\" sizes=\"(max-width: 111px) 100vw, 111px\" \/><\/a><\/p>\n<p>&nbsp;<\/p>\n","protected":false},"excerpt":{"rendered":"<p>Haushaltsrollen aus 3-lagigem, hochweissem Recyclingmaterial, sauerstoffgebleicht ohne chemische Zus\u00e4tze, verpackt im Pack \u00e0 8 x 4 Rollen \u00e0 64 Coupons.<\/p>\n","protected":false},"featured_media":1875535,"comment_status":"open","ping_status":"closed","template":"","meta":[],"product_cat":[840,843],"product_tag":[98,94,700,699],"class_list":{"0":"post-1875534","1":"product","2":"type-product","3":"status-publish","4":"has-post-thumbnail","6":"product_cat-hygiene-tischpapiere","7":"product_cat-papierrollen-hygiene-tischpapiere","8":"product_tag-fest","9":"product_tag-haushalt","10":"product_tag-umwelt","11":"product_tag-unternehmen","13":"first","14":"instock","15":"taxable","16":"shipping-taxable","17":"purchasable","18":"product-type-simple"},"yoast_head":"<!-- This site is optimized with the Yoast SEO plugin v23.9 - https:\/\/yoast.com\/wordpress\/plugins\/seo\/ -->\n<title>Haushaltpapier Satino PureSoft, 3-lagig, Recycling, Pack \u00e0 32 Rollen | Imesch Produkte<\/title>\n<meta name=\"robots\" content=\"noindex, follow, max-snippet:-1, max-image-preview:large, max-video-preview:-1\" \/>\n<meta property=\"og:locale\" content=\"de_DE\" \/>\n<meta property=\"og:type\" content=\"article\" \/>\n<meta property=\"og:title\" content=\"Haushaltpapier Satino PureSoft, 3-lagig, Recycling, Pack \u00e0 32 Rollen | Imesch Produkte\" \/>\n<meta property=\"og:description\" content=\"Haushaltsrollen aus 3-lagigem, hochweissem Recyclingmaterial, sauerstoffgebleicht ohne chemische Zus\u00e4tze, verpackt im Pack \u00e0 8 x 4 Rollen \u00e0 64 Coupons.\" \/>\n<meta property=\"og:url\" content=\"https:\/\/www.staging.imesch-produkte.ch\/?product=haushaltpapier-satino-puresoft-3-lagig-recycling-pack-a-32-rollen\" \/>\n<meta property=\"og:site_name\" content=\"Imesch Produkte\" \/>\n<meta property=\"article:modified_time\" content=\"2024-11-11T08:51:37+00:00\" \/>\n<meta property=\"og:image\" content=\"https:\/\/www.staging.imesch-produkte.ch\/wp-content\/uploads\/2024\/11\/WEB_Haushaltpapier_Nachhaltig_1515.10274_BIG_01.jpg\" \/>\n\t<meta property=\"og:image:width\" content=\"750\" \/>\n\t<meta property=\"og:image:height\" content=\"750\" \/>\n\t<meta property=\"og:image:type\" content=\"image\/jpeg\" \/>\n<meta name=\"twitter:card\" content=\"summary_large_image\" \/>\n<meta name=\"twitter:label1\" content=\"Gesch\u00e4tzte Lesezeit\" \/>\n\t<meta name=\"twitter:data1\" content=\"1\u00a0Minute\" \/>\n<script type=\"application\/ld+json\" class=\"yoast-schema-graph\">{\"@context\":\"https:\/\/schema.org\",\"@graph\":[{\"@type\":\"WebPage\",\"@id\":\"https:\/\/www.staging.imesch-produkte.ch\/?product=haushaltpapier-satino-puresoft-3-lagig-recycling-pack-a-32-rollen\",\"url\":\"https:\/\/www.staging.imesch-produkte.ch\/?product=haushaltpapier-satino-puresoft-3-lagig-recycling-pack-a-32-rollen\",\"name\":\"Haushaltpapier Satino PureSoft, 3-lagig, Recycling, Pack \u00e0 32 Rollen | Imesch Produkte\",\"isPartOf\":{\"@id\":\"https:\/\/www.staging.imesch-produkte.ch\/#website\"},\"primaryImageOfPage\":{\"@id\":\"https:\/\/www.staging.imesch-produkte.ch\/?product=haushaltpapier-satino-puresoft-3-lagig-recycling-pack-a-32-rollen#primaryimage\"},\"image\":{\"@id\":\"https:\/\/www.staging.imesch-produkte.ch\/?product=haushaltpapier-satino-puresoft-3-lagig-recycling-pack-a-32-rollen#primaryimage\"},\"thumbnailUrl\":\"https:\/\/www.staging.imesch-produkte.ch\/wp-content\/uploads\/2024\/11\/WEB_Haushaltpapier_Nachhaltig_1515.10274_BIG_01.jpg\",\"datePublished\":\"2024-11-11T08:01:15+00:00\",\"dateModified\":\"2024-11-11T08:51:37+00:00\",\"breadcrumb\":{\"@id\":\"https:\/\/www.staging.imesch-produkte.ch\/?product=haushaltpapier-satino-puresoft-3-lagig-recycling-pack-a-32-rollen#breadcrumb\"},\"inLanguage\":\"de\",\"potentialAction\":[{\"@type\":\"ReadAction\",\"target\":[\"https:\/\/www.staging.imesch-produkte.ch\/?product=haushaltpapier-satino-puresoft-3-lagig-recycling-pack-a-32-rollen\"]}]},{\"@type\":\"ImageObject\",\"inLanguage\":\"de\",\"@id\":\"https:\/\/www.staging.imesch-produkte.ch\/?product=haushaltpapier-satino-puresoft-3-lagig-recycling-pack-a-32-rollen#primaryimage\",\"url\":\"https:\/\/www.staging.imesch-produkte.ch\/wp-content\/uploads\/2024\/11\/WEB_Haushaltpapier_Nachhaltig_1515.10274_BIG_01.jpg\",\"contentUrl\":\"https:\/\/www.staging.imesch-produkte.ch\/wp-content\/uploads\/2024\/11\/WEB_Haushaltpapier_Nachhaltig_1515.10274_BIG_01.jpg\",\"width\":750,\"height\":750},{\"@type\":\"BreadcrumbList\",\"@id\":\"https:\/\/www.staging.imesch-produkte.ch\/?product=haushaltpapier-satino-puresoft-3-lagig-recycling-pack-a-32-rollen#breadcrumb\",\"itemListElement\":[{\"@type\":\"ListItem\",\"position\":1,\"name\":\"Startseite\",\"item\":\"https:\/\/www.staging.imesch-produkte.ch\/\"},{\"@type\":\"ListItem\",\"position\":2,\"name\":\"Shop\",\"item\":\"https:\/\/www.staging.imesch-produkte.ch\/?page_id=401\"},{\"@type\":\"ListItem\",\"position\":3,\"name\":\"Haushaltpapier Satino PureSoft, 3-lagig, Recycling, Pack \u00e0 32 Rollen\"}]},{\"@type\":\"WebSite\",\"@id\":\"https:\/\/www.staging.imesch-produkte.ch\/#website\",\"url\":\"https:\/\/www.staging.imesch-produkte.ch\/\",\"name\":\"Imesch-Produkte\",\"description\":\"Qualit\u00e4t verbindet Generationen\",\"publisher\":{\"@id\":\"https:\/\/www.staging.imesch-produkte.ch\/#organization\"},\"potentialAction\":[{\"@type\":\"SearchAction\",\"target\":{\"@type\":\"EntryPoint\",\"urlTemplate\":\"https:\/\/www.staging.imesch-produkte.ch\/?s={search_term_string}\"},\"query-input\":{\"@type\":\"PropertyValueSpecification\",\"valueRequired\":true,\"valueName\":\"search_term_string\"}}],\"inLanguage\":\"de\"},{\"@type\":\"Organization\",\"@id\":\"https:\/\/www.staging.imesch-produkte.ch\/#organization\",\"name\":\"Imesch-Produkte GmbH\",\"url\":\"https:\/\/www.staging.imesch-produkte.ch\/\",\"logo\":{\"@type\":\"ImageObject\",\"inLanguage\":\"de\",\"@id\":\"https:\/\/www.staging.imesch-produkte.ch\/#\/schema\/logo\/image\/\",\"url\":\"https:\/\/i0.wp.com\/www.imesch-produkte.ch\/wordpress\/wp-content\/uploads\/2020\/04\/Logo_Imesch_Produkte.png?fit=871%2C456&ssl=1\",\"contentUrl\":\"https:\/\/i0.wp.com\/www.imesch-produkte.ch\/wordpress\/wp-content\/uploads\/2020\/04\/Logo_Imesch_Produkte.png?fit=871%2C456&ssl=1\",\"width\":871,\"height\":456,\"caption\":\"Imesch-Produkte GmbH\"},\"image\":{\"@id\":\"https:\/\/www.staging.imesch-produkte.ch\/#\/schema\/logo\/image\/\"}}]}<\/script>\n<!-- \/ Yoast SEO plugin. -->","yoast_head_json":{"title":"Haushaltpapier Satino PureSoft, 3-lagig, Recycling, Pack \u00e0 32 Rollen | Imesch Produkte","robots":{"index":"noindex","follow":"follow","max-snippet":"max-snippet:-1","max-image-preview":"max-image-preview:large","max-video-preview":"max-video-preview:-1"},"og_locale":"de_DE","og_type":"article","og_title":"Haushaltpapier Satino PureSoft, 3-lagig, Recycling, Pack \u00e0 32 Rollen | Imesch Produkte","og_description":"Haushaltsrollen aus 3-lagigem, hochweissem Recyclingmaterial, sauerstoffgebleicht ohne chemische Zus\u00e4tze, verpackt im Pack \u00e0 8 x 4 Rollen \u00e0 64 Coupons.","og_url":"https:\/\/www.staging.imesch-produkte.ch\/?product=haushaltpapier-satino-puresoft-3-lagig-recycling-pack-a-32-rollen","og_site_name":"Imesch Produkte","article_modified_time":"2024-11-11T08:51:37+00:00","og_image":[{"width":750,"height":750,"url":"https:\/\/www.staging.imesch-produkte.ch\/wp-content\/uploads\/2024\/11\/WEB_Haushaltpapier_Nachhaltig_1515.10274_BIG_01.jpg","type":"image\/jpeg"}],"twitter_card":"summary_large_image","twitter_misc":{"Gesch\u00e4tzte Lesezeit":"1\u00a0Minute"},"schema":{"@context":"https:\/\/schema.org","@graph":[{"@type":"WebPage","@id":"https:\/\/www.staging.imesch-produkte.ch\/?product=haushaltpapier-satino-puresoft-3-lagig-recycling-pack-a-32-rollen","url":"https:\/\/www.staging.imesch-produkte.ch\/?product=haushaltpapier-satino-puresoft-3-lagig-recycling-pack-a-32-rollen","name":"Haushaltpapier Satino PureSoft, 3-lagig, Recycling, Pack \u00e0 32 Rollen | Imesch Produkte","isPartOf":{"@id":"https:\/\/www.staging.imesch-produkte.ch\/#website"},"primaryImageOfPage":{"@id":"https:\/\/www.staging.imesch-produkte.ch\/?product=haushaltpapier-satino-puresoft-3-lagig-recycling-pack-a-32-rollen#primaryimage"},"image":{"@id":"https:\/\/www.staging.imesch-produkte.ch\/?product=haushaltpapier-satino-puresoft-3-lagig-recycling-pack-a-32-rollen#primaryimage"},"thumbnailUrl":"https:\/\/www.staging.imesch-produkte.ch\/wp-content\/uploads\/2024\/11\/WEB_Haushaltpapier_Nachhaltig_1515.10274_BIG_01.jpg","datePublished":"2024-11-11T08:01:15+00:00","dateModified":"2024-11-11T08:51:37+00:00","breadcrumb":{"@id":"https:\/\/www.staging.imesch-produkte.ch\/?product=haushaltpapier-satino-puresoft-3-lagig-recycling-pack-a-32-rollen#breadcrumb"},"inLanguage":"de","potentialAction":[{"@type":"ReadAction","target":["https:\/\/www.staging.imesch-produkte.ch\/?product=haushaltpapier-satino-puresoft-3-lagig-recycling-pack-a-32-rollen"]}]},{"@type":"ImageObject","inLanguage":"de","@id":"https:\/\/www.staging.imesch-produkte.ch\/?product=haushaltpapier-satino-puresoft-3-lagig-recycling-pack-a-32-rollen#primaryimage","url":"https:\/\/www.staging.imesch-produkte.ch\/wp-content\/uploads\/2024\/11\/WEB_Haushaltpapier_Nachhaltig_1515.10274_BIG_01.jpg","contentUrl":"https:\/\/www.staging.imesch-produkte.ch\/wp-content\/uploads\/2024\/11\/WEB_Haushaltpapier_Nachhaltig_1515.10274_BIG_01.jpg","width":750,"height":750},{"@type":"BreadcrumbList","@id":"https:\/\/www.staging.imesch-produkte.ch\/?product=haushaltpapier-satino-puresoft-3-lagig-recycling-pack-a-32-rollen#breadcrumb","itemListElement":[{"@type":"ListItem","position":1,"name":"Startseite","item":"https:\/\/www.staging.imesch-produkte.ch\/"},{"@type":"ListItem","position":2,"name":"Shop","item":"https:\/\/www.staging.imesch-produkte.ch\/?page_id=401"},{"@type":"ListItem","position":3,"name":"Haushaltpapier Satino PureSoft, 3-lagig, Recycling, Pack \u00e0 32 Rollen"}]},{"@type":"WebSite","@id":"https:\/\/www.staging.imesch-produkte.ch\/#website","url":"https:\/\/www.staging.imesch-produkte.ch\/","name":"Imesch-Produkte","description":"Qualit\u00e4t verbindet Generationen","publisher":{"@id":"https:\/\/www.staging.imesch-produkte.ch\/#organization"},"potentialAction":[{"@type":"SearchAction","target":{"@type":"EntryPoint","urlTemplate":"https:\/\/www.staging.imesch-produkte.ch\/?s={search_term_string}"},"query-input":{"@type":"PropertyValueSpecification","valueRequired":true,"valueName":"search_term_string"}}],"inLanguage":"de"},{"@type":"Organization","@id":"https:\/\/www.staging.imesch-produkte.ch\/#organization","name":"Imesch-Produkte GmbH","url":"https:\/\/www.staging.imesch-produkte.ch\/","logo":{"@type":"ImageObject","inLanguage":"de","@id":"https:\/\/www.staging.imesch-produkte.ch\/#\/schema\/logo\/image\/","url":"https:\/\/i0.wp.com\/www.imesch-produkte.ch\/wordpress\/wp-content\/uploads\/2020\/04\/Logo_Imesch_Produkte.png?fit=871%2C456&ssl=1","contentUrl":"https:\/\/i0.wp.com\/www.imesch-produkte.ch\/wordpress\/wp-content\/uploads\/2020\/04\/Logo_Imesch_Produkte.png?fit=871%2C456&ssl=1","width":871,"height":456,"caption":"Imesch-Produkte GmbH"},"image":{"@id":"https:\/\/www.staging.imesch-produkte.ch\/#\/schema\/logo\/image\/"}}]}},"_links":{"self":[{"href":"https:\/\/www.staging.imesch-produkte.ch\/index.php?rest_route=\/wp\/v2\/product\/1875534","targetHints":{"allow":["GET"]}}],"collection":[{"href":"https:\/\/www.staging.imesch-produkte.ch\/index.php?rest_route=\/wp\/v2\/product"}],"about":[{"href":"https:\/\/www.staging.imesch-produkte.ch\/index.php?rest_route=\/wp\/v2\/types\/product"}],"replies":[{"embeddable":true,"href":"https:\/\/www.staging.imesch-produkte.ch\/index.php?rest_route=%2Fwp%2Fv2%2Fcomments&post=1875534"}],"version-history":[{"count":5,"href":"https:\/\/www.staging.imesch-produkte.ch\/index.php?rest_route=\/wp\/v2\/product\/1875534\/revisions"}],"predecessor-version":[{"id":1875542,"href":"https:\/\/www.staging.imesch-produkte.ch\/index.php?rest_route=\/wp\/v2\/product\/1875534\/revisions\/1875542"}],"wp:featuredmedia":[{"embeddable":true,"href":"https:\/\/www.staging.imesch-produkte.ch\/index.php?rest_route=\/wp\/v2\/media\/1875535"}],"wp:attachment":[{"href":"https:\/\/www.staging.imesch-produkte.ch\/index.php?rest_route=%2Fwp%2Fv2%2Fmedia&parent=1875534"}],"wp:term":[{"taxonomy":"product_cat","embeddable":true,"href":"https:\/\/www.staging.imesch-produkte.ch\/index.php?rest_route=%2Fwp%2Fv2%2Fproduct_cat&post=1875534"},{"taxonomy":"product_tag","embeddable":true,"href":"https:\/\/www.staging.imesch-produkte.ch\/index.php?rest_route=%2Fwp%2Fv2%2Fproduct_tag&post=1875534"}],"curies":[{"name":"wp","href":"https:\/\/api.w.org\/{rel}","templated":true}]}}