{"id":3238,"date":"2020-03-14T15:56:50","date_gmt":"2020-03-14T14:56:50","guid":{"rendered":"http:\/\/www.imesch-produkte.ch\/wordpress\/?post_type=product&#038;p=3238"},"modified":"2024-02-26T16:34:24","modified_gmt":"2024-02-26T15:34:24","slug":"papierfalthandtuecher-c-falz-1-lagig-25-x-33-cm-recycling","status":"publish","type":"product","link":"https:\/\/www.staging.imesch-produkte.ch\/?product=papierfalthandtuecher-c-falz-1-lagig-25-x-33-cm-recycling","title":{"rendered":"Papierfalthandt\u00fccher, C-Falz, 1-lagig, Recycling, Karton \u00e0 3&#8217;456 Blatt"},"content":{"rendered":"<p>Das Papierfalthandtuch ist durch seine recycelten Bestandteile sehr \u00f6kologisch. Das Produkt bietet eine C-Falzung. Die Masse betragen im gefalteten Zustand 9.5 x 25.0 cm.<\/p>\n","protected":false},"excerpt":{"rendered":"<p>Das gepr\u00e4gte Papierfalthandtuch zeichnet sich vor allem durch seine umweltfreundlich aus.<\/p>\n<p>Palette \u00e0 32 Karton auf Anfrage<\/p>\n","protected":false},"featured_media":4650,"comment_status":"open","ping_status":"closed","template":"","meta":[],"product_cat":[840,842],"product_tag":[733,700,699],"class_list":{"0":"post-3238","1":"product","2":"type-product","3":"status-publish","4":"has-post-thumbnail","6":"product_cat-hygiene-tischpapiere","7":"product_cat-falthandtuecher","8":"product_tag-gastronomie","9":"product_tag-umwelt","10":"product_tag-unternehmen","12":"first","13":"instock","14":"taxable","15":"shipping-taxable","16":"purchasable","17":"product-type-simple"},"yoast_head":"<!-- This site is optimized with the Yoast SEO plugin v23.9 - https:\/\/yoast.com\/wordpress\/plugins\/seo\/ -->\n<title>Papierfalthandt\u00fccher, C-Falz, 1-lagig, Recycling, Karton \u00e0 3&#039;456 Blatt | Imesch Produkte<\/title>\n<meta name=\"description\" content=\"Das Papierfalthandtuch ist durch seine recycelten Bestandteile sehr \u00f6kologisch. Erh\u00e4ltlich im Karton \u00e0 3&#039;456 Blatt oder Palette.\" \/>\n<meta name=\"robots\" content=\"noindex, follow, max-snippet:-1, max-image-preview:large, max-video-preview:-1\" \/>\n<meta property=\"og:locale\" content=\"de_DE\" \/>\n<meta property=\"og:type\" content=\"article\" \/>\n<meta property=\"og:title\" content=\"Papierfalthandt\u00fccher, C-Falz, 1-lagig, Recycling, Karton \u00e0 3&#039;456 Blatt | Imesch Produkte\" \/>\n<meta property=\"og:description\" content=\"Das Papierfalthandtuch ist durch seine recycelten Bestandteile sehr \u00f6kologisch. Erh\u00e4ltlich im Karton \u00e0 3&#039;456 Blatt oder Palette.\" \/>\n<meta property=\"og:url\" content=\"https:\/\/www.staging.imesch-produkte.ch\/?product=papierfalthandtuecher-c-falz-1-lagig-25-x-33-cm-recycling\" \/>\n<meta property=\"og:site_name\" content=\"Imesch Produkte\" \/>\n<meta property=\"article:modified_time\" content=\"2024-02-26T15:34:24+00:00\" \/>\n<meta property=\"og:image\" content=\"https:\/\/www.staging.imesch-produkte.ch\/wp-content\/uploads\/2020\/03\/WEB_108211_Papierhandtuch.png\" \/>\n\t<meta property=\"og:image:width\" content=\"1000\" \/>\n\t<meta property=\"og:image:height\" content=\"1000\" \/>\n\t<meta property=\"og:image:type\" content=\"image\/png\" \/>\n<meta name=\"twitter:card\" content=\"summary_large_image\" \/>\n<meta name=\"twitter:label1\" content=\"Gesch\u00e4tzte Lesezeit\" \/>\n\t<meta name=\"twitter:data1\" content=\"1\u00a0Minute\" \/>\n<script type=\"application\/ld+json\" class=\"yoast-schema-graph\">{\"@context\":\"https:\/\/schema.org\",\"@graph\":[{\"@type\":\"WebPage\",\"@id\":\"https:\/\/www.staging.imesch-produkte.ch\/?product=papierfalthandtuecher-c-falz-1-lagig-25-x-33-cm-recycling\",\"url\":\"https:\/\/www.staging.imesch-produkte.ch\/?product=papierfalthandtuecher-c-falz-1-lagig-25-x-33-cm-recycling\",\"name\":\"Papierfalthandt\u00fccher, C-Falz, 1-lagig, Recycling, Karton \u00e0 3'456 Blatt | Imesch Produkte\",\"isPartOf\":{\"@id\":\"https:\/\/www.staging.imesch-produkte.ch\/#website\"},\"primaryImageOfPage\":{\"@id\":\"https:\/\/www.staging.imesch-produkte.ch\/?product=papierfalthandtuecher-c-falz-1-lagig-25-x-33-cm-recycling#primaryimage\"},\"image\":{\"@id\":\"https:\/\/www.staging.imesch-produkte.ch\/?product=papierfalthandtuecher-c-falz-1-lagig-25-x-33-cm-recycling#primaryimage\"},\"thumbnailUrl\":\"https:\/\/www.staging.imesch-produkte.ch\/wp-content\/uploads\/2020\/03\/WEB_108211_Papierhandtuch.png\",\"datePublished\":\"2020-03-14T14:56:50+00:00\",\"dateModified\":\"2024-02-26T15:34:24+00:00\",\"description\":\"Das Papierfalthandtuch ist durch seine recycelten Bestandteile sehr \u00f6kologisch. Erh\u00e4ltlich im Karton \u00e0 3'456 Blatt oder Palette.\",\"breadcrumb\":{\"@id\":\"https:\/\/www.staging.imesch-produkte.ch\/?product=papierfalthandtuecher-c-falz-1-lagig-25-x-33-cm-recycling#breadcrumb\"},\"inLanguage\":\"de\",\"potentialAction\":[{\"@type\":\"ReadAction\",\"target\":[\"https:\/\/www.staging.imesch-produkte.ch\/?product=papierfalthandtuecher-c-falz-1-lagig-25-x-33-cm-recycling\"]}]},{\"@type\":\"ImageObject\",\"inLanguage\":\"de\",\"@id\":\"https:\/\/www.staging.imesch-produkte.ch\/?product=papierfalthandtuecher-c-falz-1-lagig-25-x-33-cm-recycling#primaryimage\",\"url\":\"https:\/\/www.staging.imesch-produkte.ch\/wp-content\/uploads\/2020\/03\/WEB_108211_Papierhandtuch.png\",\"contentUrl\":\"https:\/\/www.staging.imesch-produkte.ch\/wp-content\/uploads\/2020\/03\/WEB_108211_Papierhandtuch.png\",\"width\":1000,\"height\":1000,\"caption\":\"Pack, Papier, Serviette, Tuch, T\u00fcchlein, weiss, Recycling\"},{\"@type\":\"BreadcrumbList\",\"@id\":\"https:\/\/www.staging.imesch-produkte.ch\/?product=papierfalthandtuecher-c-falz-1-lagig-25-x-33-cm-recycling#breadcrumb\",\"itemListElement\":[{\"@type\":\"ListItem\",\"position\":1,\"name\":\"Startseite\",\"item\":\"https:\/\/www.staging.imesch-produkte.ch\/\"},{\"@type\":\"ListItem\",\"position\":2,\"name\":\"Shop\",\"item\":\"https:\/\/www.staging.imesch-produkte.ch\/?page_id=401\"},{\"@type\":\"ListItem\",\"position\":3,\"name\":\"Papierfalthandt\u00fccher, C-Falz, 1-lagig, Recycling, Karton \u00e0 3&#8217;456 Blatt\"}]},{\"@type\":\"WebSite\",\"@id\":\"https:\/\/www.staging.imesch-produkte.ch\/#website\",\"url\":\"https:\/\/www.staging.imesch-produkte.ch\/\",\"name\":\"Imesch-Produkte\",\"description\":\"Qualit\u00e4t verbindet Generationen\",\"publisher\":{\"@id\":\"https:\/\/www.staging.imesch-produkte.ch\/#organization\"},\"potentialAction\":[{\"@type\":\"SearchAction\",\"target\":{\"@type\":\"EntryPoint\",\"urlTemplate\":\"https:\/\/www.staging.imesch-produkte.ch\/?s={search_term_string}\"},\"query-input\":{\"@type\":\"PropertyValueSpecification\",\"valueRequired\":true,\"valueName\":\"search_term_string\"}}],\"inLanguage\":\"de\"},{\"@type\":\"Organization\",\"@id\":\"https:\/\/www.staging.imesch-produkte.ch\/#organization\",\"name\":\"Imesch-Produkte GmbH\",\"url\":\"https:\/\/www.staging.imesch-produkte.ch\/\",\"logo\":{\"@type\":\"ImageObject\",\"inLanguage\":\"de\",\"@id\":\"https:\/\/www.staging.imesch-produkte.ch\/#\/schema\/logo\/image\/\",\"url\":\"https:\/\/i0.wp.com\/www.imesch-produkte.ch\/wordpress\/wp-content\/uploads\/2020\/04\/Logo_Imesch_Produkte.png?fit=871%2C456&ssl=1\",\"contentUrl\":\"https:\/\/i0.wp.com\/www.imesch-produkte.ch\/wordpress\/wp-content\/uploads\/2020\/04\/Logo_Imesch_Produkte.png?fit=871%2C456&ssl=1\",\"width\":871,\"height\":456,\"caption\":\"Imesch-Produkte GmbH\"},\"image\":{\"@id\":\"https:\/\/www.staging.imesch-produkte.ch\/#\/schema\/logo\/image\/\"}}]}<\/script>\n<!-- \/ Yoast SEO plugin. -->","yoast_head_json":{"title":"Papierfalthandt\u00fccher, C-Falz, 1-lagig, Recycling, Karton \u00e0 3'456 Blatt | Imesch Produkte","description":"Das Papierfalthandtuch ist durch seine recycelten Bestandteile sehr \u00f6kologisch. Erh\u00e4ltlich im Karton \u00e0 3'456 Blatt oder Palette.","robots":{"index":"noindex","follow":"follow","max-snippet":"max-snippet:-1","max-image-preview":"max-image-preview:large","max-video-preview":"max-video-preview:-1"},"og_locale":"de_DE","og_type":"article","og_title":"Papierfalthandt\u00fccher, C-Falz, 1-lagig, Recycling, Karton \u00e0 3'456 Blatt | Imesch Produkte","og_description":"Das Papierfalthandtuch ist durch seine recycelten Bestandteile sehr \u00f6kologisch. Erh\u00e4ltlich im Karton \u00e0 3'456 Blatt oder Palette.","og_url":"https:\/\/www.staging.imesch-produkte.ch\/?product=papierfalthandtuecher-c-falz-1-lagig-25-x-33-cm-recycling","og_site_name":"Imesch Produkte","article_modified_time":"2024-02-26T15:34:24+00:00","og_image":[{"width":1000,"height":1000,"url":"https:\/\/www.staging.imesch-produkte.ch\/wp-content\/uploads\/2020\/03\/WEB_108211_Papierhandtuch.png","type":"image\/png"}],"twitter_card":"summary_large_image","twitter_misc":{"Gesch\u00e4tzte Lesezeit":"1\u00a0Minute"},"schema":{"@context":"https:\/\/schema.org","@graph":[{"@type":"WebPage","@id":"https:\/\/www.staging.imesch-produkte.ch\/?product=papierfalthandtuecher-c-falz-1-lagig-25-x-33-cm-recycling","url":"https:\/\/www.staging.imesch-produkte.ch\/?product=papierfalthandtuecher-c-falz-1-lagig-25-x-33-cm-recycling","name":"Papierfalthandt\u00fccher, C-Falz, 1-lagig, Recycling, Karton \u00e0 3'456 Blatt | Imesch Produkte","isPartOf":{"@id":"https:\/\/www.staging.imesch-produkte.ch\/#website"},"primaryImageOfPage":{"@id":"https:\/\/www.staging.imesch-produkte.ch\/?product=papierfalthandtuecher-c-falz-1-lagig-25-x-33-cm-recycling#primaryimage"},"image":{"@id":"https:\/\/www.staging.imesch-produkte.ch\/?product=papierfalthandtuecher-c-falz-1-lagig-25-x-33-cm-recycling#primaryimage"},"thumbnailUrl":"https:\/\/www.staging.imesch-produkte.ch\/wp-content\/uploads\/2020\/03\/WEB_108211_Papierhandtuch.png","datePublished":"2020-03-14T14:56:50+00:00","dateModified":"2024-02-26T15:34:24+00:00","description":"Das Papierfalthandtuch ist durch seine recycelten Bestandteile sehr \u00f6kologisch. Erh\u00e4ltlich im Karton \u00e0 3'456 Blatt oder Palette.","breadcrumb":{"@id":"https:\/\/www.staging.imesch-produkte.ch\/?product=papierfalthandtuecher-c-falz-1-lagig-25-x-33-cm-recycling#breadcrumb"},"inLanguage":"de","potentialAction":[{"@type":"ReadAction","target":["https:\/\/www.staging.imesch-produkte.ch\/?product=papierfalthandtuecher-c-falz-1-lagig-25-x-33-cm-recycling"]}]},{"@type":"ImageObject","inLanguage":"de","@id":"https:\/\/www.staging.imesch-produkte.ch\/?product=papierfalthandtuecher-c-falz-1-lagig-25-x-33-cm-recycling#primaryimage","url":"https:\/\/www.staging.imesch-produkte.ch\/wp-content\/uploads\/2020\/03\/WEB_108211_Papierhandtuch.png","contentUrl":"https:\/\/www.staging.imesch-produkte.ch\/wp-content\/uploads\/2020\/03\/WEB_108211_Papierhandtuch.png","width":1000,"height":1000,"caption":"Pack, Papier, Serviette, Tuch, T\u00fcchlein, weiss, Recycling"},{"@type":"BreadcrumbList","@id":"https:\/\/www.staging.imesch-produkte.ch\/?product=papierfalthandtuecher-c-falz-1-lagig-25-x-33-cm-recycling#breadcrumb","itemListElement":[{"@type":"ListItem","position":1,"name":"Startseite","item":"https:\/\/www.staging.imesch-produkte.ch\/"},{"@type":"ListItem","position":2,"name":"Shop","item":"https:\/\/www.staging.imesch-produkte.ch\/?page_id=401"},{"@type":"ListItem","position":3,"name":"Papierfalthandt\u00fccher, C-Falz, 1-lagig, Recycling, Karton \u00e0 3&#8217;456 Blatt"}]},{"@type":"WebSite","@id":"https:\/\/www.staging.imesch-produkte.ch\/#website","url":"https:\/\/www.staging.imesch-produkte.ch\/","name":"Imesch-Produkte","description":"Qualit\u00e4t verbindet Generationen","publisher":{"@id":"https:\/\/www.staging.imesch-produkte.ch\/#organization"},"potentialAction":[{"@type":"SearchAction","target":{"@type":"EntryPoint","urlTemplate":"https:\/\/www.staging.imesch-produkte.ch\/?s={search_term_string}"},"query-input":{"@type":"PropertyValueSpecification","valueRequired":true,"valueName":"search_term_string"}}],"inLanguage":"de"},{"@type":"Organization","@id":"https:\/\/www.staging.imesch-produkte.ch\/#organization","name":"Imesch-Produkte GmbH","url":"https:\/\/www.staging.imesch-produkte.ch\/","logo":{"@type":"ImageObject","inLanguage":"de","@id":"https:\/\/www.staging.imesch-produkte.ch\/#\/schema\/logo\/image\/","url":"https:\/\/i0.wp.com\/www.imesch-produkte.ch\/wordpress\/wp-content\/uploads\/2020\/04\/Logo_Imesch_Produkte.png?fit=871%2C456&ssl=1","contentUrl":"https:\/\/i0.wp.com\/www.imesch-produkte.ch\/wordpress\/wp-content\/uploads\/2020\/04\/Logo_Imesch_Produkte.png?fit=871%2C456&ssl=1","width":871,"height":456,"caption":"Imesch-Produkte GmbH"},"image":{"@id":"https:\/\/www.staging.imesch-produkte.ch\/#\/schema\/logo\/image\/"}}]}},"_links":{"self":[{"href":"https:\/\/www.staging.imesch-produkte.ch\/index.php?rest_route=\/wp\/v2\/product\/3238","targetHints":{"allow":["GET"]}}],"collection":[{"href":"https:\/\/www.staging.imesch-produkte.ch\/index.php?rest_route=\/wp\/v2\/product"}],"about":[{"href":"https:\/\/www.staging.imesch-produkte.ch\/index.php?rest_route=\/wp\/v2\/types\/product"}],"replies":[{"embeddable":true,"href":"https:\/\/www.staging.imesch-produkte.ch\/index.php?rest_route=%2Fwp%2Fv2%2Fcomments&post=3238"}],"version-history":[{"count":1,"href":"https:\/\/www.staging.imesch-produkte.ch\/index.php?rest_route=\/wp\/v2\/product\/3238\/revisions"}],"predecessor-version":[{"id":1874599,"href":"https:\/\/www.staging.imesch-produkte.ch\/index.php?rest_route=\/wp\/v2\/product\/3238\/revisions\/1874599"}],"wp:featuredmedia":[{"embeddable":true,"href":"https:\/\/www.staging.imesch-produkte.ch\/index.php?rest_route=\/wp\/v2\/media\/4650"}],"wp:attachment":[{"href":"https:\/\/www.staging.imesch-produkte.ch\/index.php?rest_route=%2Fwp%2Fv2%2Fmedia&parent=3238"}],"wp:term":[{"taxonomy":"product_cat","embeddable":true,"href":"https:\/\/www.staging.imesch-produkte.ch\/index.php?rest_route=%2Fwp%2Fv2%2Fproduct_cat&post=3238"},{"taxonomy":"product_tag","embeddable":true,"href":"https:\/\/www.staging.imesch-produkte.ch\/index.php?rest_route=%2Fwp%2Fv2%2Fproduct_tag&post=3238"}],"curies":[{"name":"wp","href":"https:\/\/api.w.org\/{rel}","templated":true}]}}