{"id":3256,"date":"2020-03-14T16:31:37","date_gmt":"2020-03-14T15:31:37","guid":{"rendered":"http:\/\/www.imesch-produkte.ch\/wordpress\/?post_type=product&#038;p=3256"},"modified":"2024-02-26T16:34:25","modified_gmt":"2024-02-26T15:34:25","slug":"putzkrepp-maxi-100-zellstoff-2-lagig","status":"publish","type":"product","link":"https:\/\/www.staging.imesch-produkte.ch\/?product=putzkrepp-maxi-100-zellstoff-2-lagig","title":{"rendered":"Putzkrepp Maxi, 100% Zellstoff, 2-lagig, Pack \u00e0 2 Rollen"},"content":{"rendered":"","protected":false},"excerpt":{"rendered":"<p>gepr\u00e4gt, lagenverleimt<br \/>\n325 Laufmeter<br \/>\n903 Blatt \u00e0 36 cm<br \/>\nSpiralh\u00fclse 70 mm<br \/>\nRollendurchmesser 27 cm<\/p>\n<p>Preis f\u00fcr Palette \u00e0 36 Pack auf Anfrage<\/p>\n","protected":false},"featured_media":4416,"comment_status":"open","ping_status":"closed","template":"","meta":[],"product_cat":[840,843],"product_tag":[733,699],"class_list":{"0":"post-3256","1":"product","2":"type-product","3":"status-publish","4":"has-post-thumbnail","6":"product_cat-hygiene-tischpapiere","7":"product_cat-papierrollen-hygiene-tischpapiere","8":"product_tag-gastronomie","9":"product_tag-unternehmen","11":"first","12":"instock","13":"taxable","14":"shipping-taxable","15":"purchasable","16":"product-type-simple"},"yoast_head":"<!-- This site is optimized with the Yoast SEO plugin v23.9 - https:\/\/yoast.com\/wordpress\/plugins\/seo\/ -->\n<title>Putzkrepp Maxi, 100% Zellstoff, 2-lagig, Pack \u00e0 2 Rollen | Imesch Produkte<\/title>\n<meta name=\"robots\" content=\"noindex, follow, max-snippet:-1, max-image-preview:large, max-video-preview:-1\" \/>\n<meta property=\"og:locale\" content=\"de_DE\" \/>\n<meta property=\"og:type\" content=\"article\" \/>\n<meta property=\"og:title\" content=\"Putzkrepp Maxi, 100% Zellstoff, 2-lagig, Pack \u00e0 2 Rollen | Imesch Produkte\" \/>\n<meta property=\"og:description\" content=\"gepr\u00e4gt, lagenverleimt 325 Laufmeter 903 Blatt \u00e0 36 cm Spiralh\u00fclse 70 mm Rollendurchmesser 27 cm  Preis f\u00fcr Palette \u00e0 36 Pack auf Anfrage\" \/>\n<meta property=\"og:url\" content=\"https:\/\/www.staging.imesch-produkte.ch\/?product=putzkrepp-maxi-100-zellstoff-2-lagig\" \/>\n<meta property=\"og:site_name\" content=\"Imesch Produkte\" \/>\n<meta property=\"article:modified_time\" content=\"2024-02-26T15:34:25+00:00\" \/>\n<meta property=\"og:image\" content=\"https:\/\/www.staging.imesch-produkte.ch\/wp-content\/uploads\/2020\/03\/WEB_108370_Putzkrepp.png\" \/>\n\t<meta property=\"og:image:width\" content=\"500\" \/>\n\t<meta property=\"og:image:height\" content=\"500\" \/>\n\t<meta property=\"og:image:type\" content=\"image\/png\" \/>\n<meta name=\"twitter:card\" content=\"summary_large_image\" \/>\n<script type=\"application\/ld+json\" class=\"yoast-schema-graph\">{\"@context\":\"https:\/\/schema.org\",\"@graph\":[{\"@type\":\"WebPage\",\"@id\":\"https:\/\/www.staging.imesch-produkte.ch\/?product=putzkrepp-maxi-100-zellstoff-2-lagig\",\"url\":\"https:\/\/www.staging.imesch-produkte.ch\/?product=putzkrepp-maxi-100-zellstoff-2-lagig\",\"name\":\"Putzkrepp Maxi, 100% Zellstoff, 2-lagig, Pack \u00e0 2 Rollen | Imesch Produkte\",\"isPartOf\":{\"@id\":\"https:\/\/www.staging.imesch-produkte.ch\/#website\"},\"primaryImageOfPage\":{\"@id\":\"https:\/\/www.staging.imesch-produkte.ch\/?product=putzkrepp-maxi-100-zellstoff-2-lagig#primaryimage\"},\"image\":{\"@id\":\"https:\/\/www.staging.imesch-produkte.ch\/?product=putzkrepp-maxi-100-zellstoff-2-lagig#primaryimage\"},\"thumbnailUrl\":\"https:\/\/www.staging.imesch-produkte.ch\/wp-content\/uploads\/2020\/03\/WEB_108370_Putzkrepp.png\",\"datePublished\":\"2020-03-14T15:31:37+00:00\",\"dateModified\":\"2024-02-26T15:34:25+00:00\",\"breadcrumb\":{\"@id\":\"https:\/\/www.staging.imesch-produkte.ch\/?product=putzkrepp-maxi-100-zellstoff-2-lagig#breadcrumb\"},\"inLanguage\":\"de\",\"potentialAction\":[{\"@type\":\"ReadAction\",\"target\":[\"https:\/\/www.staging.imesch-produkte.ch\/?product=putzkrepp-maxi-100-zellstoff-2-lagig\"]}]},{\"@type\":\"ImageObject\",\"inLanguage\":\"de\",\"@id\":\"https:\/\/www.staging.imesch-produkte.ch\/?product=putzkrepp-maxi-100-zellstoff-2-lagig#primaryimage\",\"url\":\"https:\/\/www.staging.imesch-produkte.ch\/wp-content\/uploads\/2020\/03\/WEB_108370_Putzkrepp.png\",\"contentUrl\":\"https:\/\/www.staging.imesch-produkte.ch\/wp-content\/uploads\/2020\/03\/WEB_108370_Putzkrepp.png\",\"width\":500,\"height\":500,\"caption\":\"Maxirolle, Prima, Putzen, Reinigung, Reinigungsrolle, Rolle, gross\"},{\"@type\":\"BreadcrumbList\",\"@id\":\"https:\/\/www.staging.imesch-produkte.ch\/?product=putzkrepp-maxi-100-zellstoff-2-lagig#breadcrumb\",\"itemListElement\":[{\"@type\":\"ListItem\",\"position\":1,\"name\":\"Startseite\",\"item\":\"https:\/\/www.staging.imesch-produkte.ch\/\"},{\"@type\":\"ListItem\",\"position\":2,\"name\":\"Shop\",\"item\":\"https:\/\/www.staging.imesch-produkte.ch\/?page_id=401\"},{\"@type\":\"ListItem\",\"position\":3,\"name\":\"Putzkrepp Maxi, 100% Zellstoff, 2-lagig, Pack \u00e0 2 Rollen\"}]},{\"@type\":\"WebSite\",\"@id\":\"https:\/\/www.staging.imesch-produkte.ch\/#website\",\"url\":\"https:\/\/www.staging.imesch-produkte.ch\/\",\"name\":\"Imesch-Produkte\",\"description\":\"Qualit\u00e4t verbindet Generationen\",\"publisher\":{\"@id\":\"https:\/\/www.staging.imesch-produkte.ch\/#organization\"},\"potentialAction\":[{\"@type\":\"SearchAction\",\"target\":{\"@type\":\"EntryPoint\",\"urlTemplate\":\"https:\/\/www.staging.imesch-produkte.ch\/?s={search_term_string}\"},\"query-input\":{\"@type\":\"PropertyValueSpecification\",\"valueRequired\":true,\"valueName\":\"search_term_string\"}}],\"inLanguage\":\"de\"},{\"@type\":\"Organization\",\"@id\":\"https:\/\/www.staging.imesch-produkte.ch\/#organization\",\"name\":\"Imesch-Produkte GmbH\",\"url\":\"https:\/\/www.staging.imesch-produkte.ch\/\",\"logo\":{\"@type\":\"ImageObject\",\"inLanguage\":\"de\",\"@id\":\"https:\/\/www.staging.imesch-produkte.ch\/#\/schema\/logo\/image\/\",\"url\":\"https:\/\/i0.wp.com\/www.imesch-produkte.ch\/wordpress\/wp-content\/uploads\/2020\/04\/Logo_Imesch_Produkte.png?fit=871%2C456&ssl=1\",\"contentUrl\":\"https:\/\/i0.wp.com\/www.imesch-produkte.ch\/wordpress\/wp-content\/uploads\/2020\/04\/Logo_Imesch_Produkte.png?fit=871%2C456&ssl=1\",\"width\":871,\"height\":456,\"caption\":\"Imesch-Produkte GmbH\"},\"image\":{\"@id\":\"https:\/\/www.staging.imesch-produkte.ch\/#\/schema\/logo\/image\/\"}}]}<\/script>\n<!-- \/ Yoast SEO plugin. -->","yoast_head_json":{"title":"Putzkrepp Maxi, 100% Zellstoff, 2-lagig, Pack \u00e0 2 Rollen | Imesch Produkte","robots":{"index":"noindex","follow":"follow","max-snippet":"max-snippet:-1","max-image-preview":"max-image-preview:large","max-video-preview":"max-video-preview:-1"},"og_locale":"de_DE","og_type":"article","og_title":"Putzkrepp Maxi, 100% Zellstoff, 2-lagig, Pack \u00e0 2 Rollen | Imesch Produkte","og_description":"gepr\u00e4gt, lagenverleimt 325 Laufmeter 903 Blatt \u00e0 36 cm Spiralh\u00fclse 70 mm Rollendurchmesser 27 cm  Preis f\u00fcr Palette \u00e0 36 Pack auf Anfrage","og_url":"https:\/\/www.staging.imesch-produkte.ch\/?product=putzkrepp-maxi-100-zellstoff-2-lagig","og_site_name":"Imesch Produkte","article_modified_time":"2024-02-26T15:34:25+00:00","og_image":[{"width":500,"height":500,"url":"https:\/\/www.staging.imesch-produkte.ch\/wp-content\/uploads\/2020\/03\/WEB_108370_Putzkrepp.png","type":"image\/png"}],"twitter_card":"summary_large_image","schema":{"@context":"https:\/\/schema.org","@graph":[{"@type":"WebPage","@id":"https:\/\/www.staging.imesch-produkte.ch\/?product=putzkrepp-maxi-100-zellstoff-2-lagig","url":"https:\/\/www.staging.imesch-produkte.ch\/?product=putzkrepp-maxi-100-zellstoff-2-lagig","name":"Putzkrepp Maxi, 100% Zellstoff, 2-lagig, Pack \u00e0 2 Rollen | Imesch Produkte","isPartOf":{"@id":"https:\/\/www.staging.imesch-produkte.ch\/#website"},"primaryImageOfPage":{"@id":"https:\/\/www.staging.imesch-produkte.ch\/?product=putzkrepp-maxi-100-zellstoff-2-lagig#primaryimage"},"image":{"@id":"https:\/\/www.staging.imesch-produkte.ch\/?product=putzkrepp-maxi-100-zellstoff-2-lagig#primaryimage"},"thumbnailUrl":"https:\/\/www.staging.imesch-produkte.ch\/wp-content\/uploads\/2020\/03\/WEB_108370_Putzkrepp.png","datePublished":"2020-03-14T15:31:37+00:00","dateModified":"2024-02-26T15:34:25+00:00","breadcrumb":{"@id":"https:\/\/www.staging.imesch-produkte.ch\/?product=putzkrepp-maxi-100-zellstoff-2-lagig#breadcrumb"},"inLanguage":"de","potentialAction":[{"@type":"ReadAction","target":["https:\/\/www.staging.imesch-produkte.ch\/?product=putzkrepp-maxi-100-zellstoff-2-lagig"]}]},{"@type":"ImageObject","inLanguage":"de","@id":"https:\/\/www.staging.imesch-produkte.ch\/?product=putzkrepp-maxi-100-zellstoff-2-lagig#primaryimage","url":"https:\/\/www.staging.imesch-produkte.ch\/wp-content\/uploads\/2020\/03\/WEB_108370_Putzkrepp.png","contentUrl":"https:\/\/www.staging.imesch-produkte.ch\/wp-content\/uploads\/2020\/03\/WEB_108370_Putzkrepp.png","width":500,"height":500,"caption":"Maxirolle, Prima, Putzen, Reinigung, Reinigungsrolle, Rolle, gross"},{"@type":"BreadcrumbList","@id":"https:\/\/www.staging.imesch-produkte.ch\/?product=putzkrepp-maxi-100-zellstoff-2-lagig#breadcrumb","itemListElement":[{"@type":"ListItem","position":1,"name":"Startseite","item":"https:\/\/www.staging.imesch-produkte.ch\/"},{"@type":"ListItem","position":2,"name":"Shop","item":"https:\/\/www.staging.imesch-produkte.ch\/?page_id=401"},{"@type":"ListItem","position":3,"name":"Putzkrepp Maxi, 100% Zellstoff, 2-lagig, Pack \u00e0 2 Rollen"}]},{"@type":"WebSite","@id":"https:\/\/www.staging.imesch-produkte.ch\/#website","url":"https:\/\/www.staging.imesch-produkte.ch\/","name":"Imesch-Produkte","description":"Qualit\u00e4t verbindet Generationen","publisher":{"@id":"https:\/\/www.staging.imesch-produkte.ch\/#organization"},"potentialAction":[{"@type":"SearchAction","target":{"@type":"EntryPoint","urlTemplate":"https:\/\/www.staging.imesch-produkte.ch\/?s={search_term_string}"},"query-input":{"@type":"PropertyValueSpecification","valueRequired":true,"valueName":"search_term_string"}}],"inLanguage":"de"},{"@type":"Organization","@id":"https:\/\/www.staging.imesch-produkte.ch\/#organization","name":"Imesch-Produkte GmbH","url":"https:\/\/www.staging.imesch-produkte.ch\/","logo":{"@type":"ImageObject","inLanguage":"de","@id":"https:\/\/www.staging.imesch-produkte.ch\/#\/schema\/logo\/image\/","url":"https:\/\/i0.wp.com\/www.imesch-produkte.ch\/wordpress\/wp-content\/uploads\/2020\/04\/Logo_Imesch_Produkte.png?fit=871%2C456&ssl=1","contentUrl":"https:\/\/i0.wp.com\/www.imesch-produkte.ch\/wordpress\/wp-content\/uploads\/2020\/04\/Logo_Imesch_Produkte.png?fit=871%2C456&ssl=1","width":871,"height":456,"caption":"Imesch-Produkte GmbH"},"image":{"@id":"https:\/\/www.staging.imesch-produkte.ch\/#\/schema\/logo\/image\/"}}]}},"_links":{"self":[{"href":"https:\/\/www.staging.imesch-produkte.ch\/index.php?rest_route=\/wp\/v2\/product\/3256","targetHints":{"allow":["GET"]}}],"collection":[{"href":"https:\/\/www.staging.imesch-produkte.ch\/index.php?rest_route=\/wp\/v2\/product"}],"about":[{"href":"https:\/\/www.staging.imesch-produkte.ch\/index.php?rest_route=\/wp\/v2\/types\/product"}],"replies":[{"embeddable":true,"href":"https:\/\/www.staging.imesch-produkte.ch\/index.php?rest_route=%2Fwp%2Fv2%2Fcomments&post=3256"}],"version-history":[{"count":1,"href":"https:\/\/www.staging.imesch-produkte.ch\/index.php?rest_route=\/wp\/v2\/product\/3256\/revisions"}],"predecessor-version":[{"id":16932,"href":"https:\/\/www.staging.imesch-produkte.ch\/index.php?rest_route=\/wp\/v2\/product\/3256\/revisions\/16932"}],"wp:featuredmedia":[{"embeddable":true,"href":"https:\/\/www.staging.imesch-produkte.ch\/index.php?rest_route=\/wp\/v2\/media\/4416"}],"wp:attachment":[{"href":"https:\/\/www.staging.imesch-produkte.ch\/index.php?rest_route=%2Fwp%2Fv2%2Fmedia&parent=3256"}],"wp:term":[{"taxonomy":"product_cat","embeddable":true,"href":"https:\/\/www.staging.imesch-produkte.ch\/index.php?rest_route=%2Fwp%2Fv2%2Fproduct_cat&post=3256"},{"taxonomy":"product_tag","embeddable":true,"href":"https:\/\/www.staging.imesch-produkte.ch\/index.php?rest_route=%2Fwp%2Fv2%2Fproduct_tag&post=3256"}],"curies":[{"name":"wp","href":"https:\/\/api.w.org\/{rel}","templated":true}]}}