{"id":3434,"date":"2020-03-27T08:57:57","date_gmt":"2020-03-27T07:57:57","guid":{"rendered":"http:\/\/www.imesch-produkte.ch\/wordpress\/?post_type=product&#038;p=3434"},"modified":"2024-06-27T22:11:40","modified_gmt":"2024-06-27T20:11:40","slug":"baumwollhandschuhe-jessie-karton-a-24-paar","status":"publish","type":"product","link":"https:\/\/www.staging.imesch-produkte.ch\/?product=baumwollhandschuhe-jessie-karton-a-24-paar","title":{"rendered":"Baumwollhandschuhe Jessie, Karton \u00e0 24 Paar"},"content":{"rendered":"<p>Die Baumwollhandschuhe &#8222;Jessie&#8220; sind <a href=\"https:\/\/de.wikipedia.org\/wiki\/Gewirke_(Textil)\">gewirkte<\/a> Textilhandschuhe aus 100% Baumwolle. Sie sind weiss gebleicht und sorgen f\u00fcr ein gutes Tastgef\u00fchl. Die Baumwolle sorgt f\u00fcr eine gute Saugf\u00e4higkeit, Reissfestigkeit im nassen und trockenen Zustand und Hautfreundlichkeit durch geringes Allergiepotenzial. Ausserdem ist er sehr hitzebest\u00e4ndig, langlebig, pflegeleicht, strapazierbar, dehnbar und verhindert Fingerabdr\u00fccke.<\/p>\n<p>&nbsp;<\/p>\n<p>Weitere Handschuhe finden Sie <a href=\"https:\/\/www.imesch-produkte.ch\/?s=Handschuhe&amp;post_type=product\">hier<\/a>.<\/p>\n","protected":false},"excerpt":{"rendered":"<p>Farbe: weiss<br \/>\nMaterial: 100% gewirkte Baumwolle<br \/>\nL\u00e4nge: 21.0 \u2013 28.0 cm<br \/>\nWaschbarkeit: 30\u00b0C<\/p>\n","protected":false},"featured_media":3435,"comment_status":"open","ping_status":"closed","template":"","meta":[],"product_cat":[847,849,852],"product_tag":[94,699],"class_list":{"0":"post-3434","1":"product","2":"type-product","3":"status-publish","4":"has-post-thumbnail","6":"product_cat-reinigung","7":"product_cat-reinigungsutensilien-reinigung","8":"product_cat-schutzartikel","9":"product_tag-haushalt","10":"product_tag-unternehmen","11":"pa_groesse-s","12":"pa_groesse-m","13":"pa_groesse-l","14":"pa_groesse-xl","16":"first","17":"instock","18":"featured","19":"taxable","20":"shipping-taxable","21":"purchasable","22":"product-type-variable"},"yoast_head":"<!-- This site is optimized with the Yoast SEO plugin v23.9 - https:\/\/yoast.com\/wordpress\/plugins\/seo\/ -->\n<title>Baumwollhandschuhe Jessie, Karton \u00e0 24 Paar | Imesch Produkte<\/title>\n<meta name=\"description\" content=\"Die Baumwollhandschuhe &quot;Jessie&quot; sind gewirkte Textilhandschuhe aus 100% Baumwolle. Weiss gebleicht und gutes Tastgef\u00fchl.\" \/>\n<meta name=\"robots\" content=\"noindex, follow, max-snippet:-1, max-image-preview:large, max-video-preview:-1\" \/>\n<meta property=\"og:locale\" content=\"de_DE\" \/>\n<meta property=\"og:type\" content=\"article\" \/>\n<meta property=\"og:title\" content=\"Baumwollhandschuhe Jessie, Karton \u00e0 24 Paar | Imesch Produkte\" \/>\n<meta property=\"og:description\" content=\"Die Baumwollhandschuhe &quot;Jessie&quot; sind gewirkte Textilhandschuhe aus 100% Baumwolle. Weiss gebleicht und gutes Tastgef\u00fchl.\" \/>\n<meta property=\"og:url\" content=\"https:\/\/www.staging.imesch-produkte.ch\/?product=baumwollhandschuhe-jessie-karton-a-24-paar\" \/>\n<meta property=\"og:site_name\" content=\"Imesch Produkte\" \/>\n<meta property=\"article:modified_time\" content=\"2024-06-27T20:11:40+00:00\" \/>\n<meta property=\"og:image\" content=\"https:\/\/www.staging.imesch-produkte.ch\/wp-content\/uploads\/2020\/03\/WEB_2323271_Handschuhe.jpg\" \/>\n\t<meta property=\"og:image:width\" content=\"750\" \/>\n\t<meta property=\"og:image:height\" content=\"750\" \/>\n\t<meta property=\"og:image:type\" content=\"image\/jpeg\" \/>\n<meta name=\"twitter:card\" content=\"summary_large_image\" \/>\n<script type=\"application\/ld+json\" class=\"yoast-schema-graph\">{\"@context\":\"https:\/\/schema.org\",\"@graph\":[{\"@type\":\"WebPage\",\"@id\":\"https:\/\/www.staging.imesch-produkte.ch\/?product=baumwollhandschuhe-jessie-karton-a-24-paar\",\"url\":\"https:\/\/www.staging.imesch-produkte.ch\/?product=baumwollhandschuhe-jessie-karton-a-24-paar\",\"name\":\"Baumwollhandschuhe Jessie, Karton \u00e0 24 Paar | Imesch Produkte\",\"isPartOf\":{\"@id\":\"https:\/\/www.staging.imesch-produkte.ch\/#website\"},\"primaryImageOfPage\":{\"@id\":\"https:\/\/www.staging.imesch-produkte.ch\/?product=baumwollhandschuhe-jessie-karton-a-24-paar#primaryimage\"},\"image\":{\"@id\":\"https:\/\/www.staging.imesch-produkte.ch\/?product=baumwollhandschuhe-jessie-karton-a-24-paar#primaryimage\"},\"thumbnailUrl\":\"https:\/\/www.staging.imesch-produkte.ch\/wp-content\/uploads\/2020\/03\/WEB_2323271_Handschuhe.jpg\",\"datePublished\":\"2020-03-27T07:57:57+00:00\",\"dateModified\":\"2024-06-27T20:11:40+00:00\",\"description\":\"Die Baumwollhandschuhe \\\"Jessie\\\" sind gewirkte Textilhandschuhe aus 100% Baumwolle. Weiss gebleicht und gutes Tastgef\u00fchl.\",\"breadcrumb\":{\"@id\":\"https:\/\/www.staging.imesch-produkte.ch\/?product=baumwollhandschuhe-jessie-karton-a-24-paar#breadcrumb\"},\"inLanguage\":\"de\",\"potentialAction\":[{\"@type\":\"ReadAction\",\"target\":[\"https:\/\/www.staging.imesch-produkte.ch\/?product=baumwollhandschuhe-jessie-karton-a-24-paar\"]}]},{\"@type\":\"ImageObject\",\"inLanguage\":\"de\",\"@id\":\"https:\/\/www.staging.imesch-produkte.ch\/?product=baumwollhandschuhe-jessie-karton-a-24-paar#primaryimage\",\"url\":\"https:\/\/www.staging.imesch-produkte.ch\/wp-content\/uploads\/2020\/03\/WEB_2323271_Handschuhe.jpg\",\"contentUrl\":\"https:\/\/www.staging.imesch-produkte.ch\/wp-content\/uploads\/2020\/03\/WEB_2323271_Handschuhe.jpg\",\"width\":750,\"height\":750,\"caption\":\"Baumwollhandschuhe Jessie\"},{\"@type\":\"BreadcrumbList\",\"@id\":\"https:\/\/www.staging.imesch-produkte.ch\/?product=baumwollhandschuhe-jessie-karton-a-24-paar#breadcrumb\",\"itemListElement\":[{\"@type\":\"ListItem\",\"position\":1,\"name\":\"Startseite\",\"item\":\"https:\/\/www.staging.imesch-produkte.ch\/\"},{\"@type\":\"ListItem\",\"position\":2,\"name\":\"Shop\",\"item\":\"https:\/\/www.staging.imesch-produkte.ch\/?page_id=401\"},{\"@type\":\"ListItem\",\"position\":3,\"name\":\"Baumwollhandschuhe Jessie, Karton \u00e0 24 Paar\"}]},{\"@type\":\"WebSite\",\"@id\":\"https:\/\/www.staging.imesch-produkte.ch\/#website\",\"url\":\"https:\/\/www.staging.imesch-produkte.ch\/\",\"name\":\"Imesch-Produkte\",\"description\":\"Qualit\u00e4t verbindet Generationen\",\"publisher\":{\"@id\":\"https:\/\/www.staging.imesch-produkte.ch\/#organization\"},\"potentialAction\":[{\"@type\":\"SearchAction\",\"target\":{\"@type\":\"EntryPoint\",\"urlTemplate\":\"https:\/\/www.staging.imesch-produkte.ch\/?s={search_term_string}\"},\"query-input\":{\"@type\":\"PropertyValueSpecification\",\"valueRequired\":true,\"valueName\":\"search_term_string\"}}],\"inLanguage\":\"de\"},{\"@type\":\"Organization\",\"@id\":\"https:\/\/www.staging.imesch-produkte.ch\/#organization\",\"name\":\"Imesch-Produkte GmbH\",\"url\":\"https:\/\/www.staging.imesch-produkte.ch\/\",\"logo\":{\"@type\":\"ImageObject\",\"inLanguage\":\"de\",\"@id\":\"https:\/\/www.staging.imesch-produkte.ch\/#\/schema\/logo\/image\/\",\"url\":\"https:\/\/i0.wp.com\/www.imesch-produkte.ch\/wordpress\/wp-content\/uploads\/2020\/04\/Logo_Imesch_Produkte.png?fit=871%2C456&ssl=1\",\"contentUrl\":\"https:\/\/i0.wp.com\/www.imesch-produkte.ch\/wordpress\/wp-content\/uploads\/2020\/04\/Logo_Imesch_Produkte.png?fit=871%2C456&ssl=1\",\"width\":871,\"height\":456,\"caption\":\"Imesch-Produkte GmbH\"},\"image\":{\"@id\":\"https:\/\/www.staging.imesch-produkte.ch\/#\/schema\/logo\/image\/\"}}]}<\/script>\n<!-- \/ Yoast SEO plugin. -->","yoast_head_json":{"title":"Baumwollhandschuhe Jessie, Karton \u00e0 24 Paar | Imesch Produkte","description":"Die Baumwollhandschuhe \"Jessie\" sind gewirkte Textilhandschuhe aus 100% Baumwolle. Weiss gebleicht und gutes Tastgef\u00fchl.","robots":{"index":"noindex","follow":"follow","max-snippet":"max-snippet:-1","max-image-preview":"max-image-preview:large","max-video-preview":"max-video-preview:-1"},"og_locale":"de_DE","og_type":"article","og_title":"Baumwollhandschuhe Jessie, Karton \u00e0 24 Paar | Imesch Produkte","og_description":"Die Baumwollhandschuhe \"Jessie\" sind gewirkte Textilhandschuhe aus 100% Baumwolle. Weiss gebleicht und gutes Tastgef\u00fchl.","og_url":"https:\/\/www.staging.imesch-produkte.ch\/?product=baumwollhandschuhe-jessie-karton-a-24-paar","og_site_name":"Imesch Produkte","article_modified_time":"2024-06-27T20:11:40+00:00","og_image":[{"width":750,"height":750,"url":"https:\/\/www.staging.imesch-produkte.ch\/wp-content\/uploads\/2020\/03\/WEB_2323271_Handschuhe.jpg","type":"image\/jpeg"}],"twitter_card":"summary_large_image","schema":{"@context":"https:\/\/schema.org","@graph":[{"@type":"WebPage","@id":"https:\/\/www.staging.imesch-produkte.ch\/?product=baumwollhandschuhe-jessie-karton-a-24-paar","url":"https:\/\/www.staging.imesch-produkte.ch\/?product=baumwollhandschuhe-jessie-karton-a-24-paar","name":"Baumwollhandschuhe Jessie, Karton \u00e0 24 Paar | Imesch Produkte","isPartOf":{"@id":"https:\/\/www.staging.imesch-produkte.ch\/#website"},"primaryImageOfPage":{"@id":"https:\/\/www.staging.imesch-produkte.ch\/?product=baumwollhandschuhe-jessie-karton-a-24-paar#primaryimage"},"image":{"@id":"https:\/\/www.staging.imesch-produkte.ch\/?product=baumwollhandschuhe-jessie-karton-a-24-paar#primaryimage"},"thumbnailUrl":"https:\/\/www.staging.imesch-produkte.ch\/wp-content\/uploads\/2020\/03\/WEB_2323271_Handschuhe.jpg","datePublished":"2020-03-27T07:57:57+00:00","dateModified":"2024-06-27T20:11:40+00:00","description":"Die Baumwollhandschuhe \"Jessie\" sind gewirkte Textilhandschuhe aus 100% Baumwolle. Weiss gebleicht und gutes Tastgef\u00fchl.","breadcrumb":{"@id":"https:\/\/www.staging.imesch-produkte.ch\/?product=baumwollhandschuhe-jessie-karton-a-24-paar#breadcrumb"},"inLanguage":"de","potentialAction":[{"@type":"ReadAction","target":["https:\/\/www.staging.imesch-produkte.ch\/?product=baumwollhandschuhe-jessie-karton-a-24-paar"]}]},{"@type":"ImageObject","inLanguage":"de","@id":"https:\/\/www.staging.imesch-produkte.ch\/?product=baumwollhandschuhe-jessie-karton-a-24-paar#primaryimage","url":"https:\/\/www.staging.imesch-produkte.ch\/wp-content\/uploads\/2020\/03\/WEB_2323271_Handschuhe.jpg","contentUrl":"https:\/\/www.staging.imesch-produkte.ch\/wp-content\/uploads\/2020\/03\/WEB_2323271_Handschuhe.jpg","width":750,"height":750,"caption":"Baumwollhandschuhe Jessie"},{"@type":"BreadcrumbList","@id":"https:\/\/www.staging.imesch-produkte.ch\/?product=baumwollhandschuhe-jessie-karton-a-24-paar#breadcrumb","itemListElement":[{"@type":"ListItem","position":1,"name":"Startseite","item":"https:\/\/www.staging.imesch-produkte.ch\/"},{"@type":"ListItem","position":2,"name":"Shop","item":"https:\/\/www.staging.imesch-produkte.ch\/?page_id=401"},{"@type":"ListItem","position":3,"name":"Baumwollhandschuhe Jessie, Karton \u00e0 24 Paar"}]},{"@type":"WebSite","@id":"https:\/\/www.staging.imesch-produkte.ch\/#website","url":"https:\/\/www.staging.imesch-produkte.ch\/","name":"Imesch-Produkte","description":"Qualit\u00e4t verbindet Generationen","publisher":{"@id":"https:\/\/www.staging.imesch-produkte.ch\/#organization"},"potentialAction":[{"@type":"SearchAction","target":{"@type":"EntryPoint","urlTemplate":"https:\/\/www.staging.imesch-produkte.ch\/?s={search_term_string}"},"query-input":{"@type":"PropertyValueSpecification","valueRequired":true,"valueName":"search_term_string"}}],"inLanguage":"de"},{"@type":"Organization","@id":"https:\/\/www.staging.imesch-produkte.ch\/#organization","name":"Imesch-Produkte GmbH","url":"https:\/\/www.staging.imesch-produkte.ch\/","logo":{"@type":"ImageObject","inLanguage":"de","@id":"https:\/\/www.staging.imesch-produkte.ch\/#\/schema\/logo\/image\/","url":"https:\/\/i0.wp.com\/www.imesch-produkte.ch\/wordpress\/wp-content\/uploads\/2020\/04\/Logo_Imesch_Produkte.png?fit=871%2C456&ssl=1","contentUrl":"https:\/\/i0.wp.com\/www.imesch-produkte.ch\/wordpress\/wp-content\/uploads\/2020\/04\/Logo_Imesch_Produkte.png?fit=871%2C456&ssl=1","width":871,"height":456,"caption":"Imesch-Produkte GmbH"},"image":{"@id":"https:\/\/www.staging.imesch-produkte.ch\/#\/schema\/logo\/image\/"}}]}},"_links":{"self":[{"href":"https:\/\/www.staging.imesch-produkte.ch\/index.php?rest_route=\/wp\/v2\/product\/3434","targetHints":{"allow":["GET"]}}],"collection":[{"href":"https:\/\/www.staging.imesch-produkte.ch\/index.php?rest_route=\/wp\/v2\/product"}],"about":[{"href":"https:\/\/www.staging.imesch-produkte.ch\/index.php?rest_route=\/wp\/v2\/types\/product"}],"replies":[{"embeddable":true,"href":"https:\/\/www.staging.imesch-produkte.ch\/index.php?rest_route=%2Fwp%2Fv2%2Fcomments&post=3434"}],"version-history":[{"count":2,"href":"https:\/\/www.staging.imesch-produkte.ch\/index.php?rest_route=\/wp\/v2\/product\/3434\/revisions"}],"predecessor-version":[{"id":16783,"href":"https:\/\/www.staging.imesch-produkte.ch\/index.php?rest_route=\/wp\/v2\/product\/3434\/revisions\/16783"}],"wp:featuredmedia":[{"embeddable":true,"href":"https:\/\/www.staging.imesch-produkte.ch\/index.php?rest_route=\/wp\/v2\/media\/3435"}],"wp:attachment":[{"href":"https:\/\/www.staging.imesch-produkte.ch\/index.php?rest_route=%2Fwp%2Fv2%2Fmedia&parent=3434"}],"wp:term":[{"taxonomy":"product_cat","embeddable":true,"href":"https:\/\/www.staging.imesch-produkte.ch\/index.php?rest_route=%2Fwp%2Fv2%2Fproduct_cat&post=3434"},{"taxonomy":"product_tag","embeddable":true,"href":"https:\/\/www.staging.imesch-produkte.ch\/index.php?rest_route=%2Fwp%2Fv2%2Fproduct_tag&post=3434"}],"curies":[{"name":"wp","href":"https:\/\/api.w.org\/{rel}","templated":true}]}}