{"id":3969,"date":"2020-04-16T18:08:10","date_gmt":"2020-04-16T16:08:10","guid":{"rendered":"http:\/\/www.imesch-produkte.ch\/wordpress\/?post_type=product&#038;p=3969"},"modified":"2024-10-24T11:58:53","modified_gmt":"2024-10-24T09:58:53","slug":"handreinigungspaste-aristokrat","status":"publish","type":"product","link":"https:\/\/www.staging.imesch-produkte.ch\/?product=handreinigungspaste-aristokrat","title":{"rendered":"Handreinigungspaste Aristokrat"},"content":{"rendered":"<h1>Handreinigungspaste Aristokrat<\/h1>\n<p>\u00c4usserst wirksame Handreinigungspaste f\u00fcr Gewerbe und Industrie. Vor allem im Autogewerbe, mechanisch\/technische Betriebe, Giessereien, Eisenbahnen, Druckereien usw.<\/p>\n<p>Besonders geeignet bei extrem verschmutzten H\u00e4nden. Zum Beispiel durch: Alt\u00f6l, Fett, Farben usw.<\/p>\n<p>Anwendung:<\/p>\n<p>Eine haselnussgrosse Menge Aristokrat auf angefeuchtete H\u00e4nde verreiben. Absp\u00fclen, H\u00e4nde gut trocknen.<br \/>\n&#8211; Entfernt \u00d6l, Russ, Teer, Fett, Graphit, Farben, Druckerschw\u00e4rze, Erde, etc.<br \/>\n&#8211; L\u00f6st schonend hartn\u00e4ckigen Schmutz aus den Vertiefungen der Haut.<br \/>\n&#8211; Eignet sich auch zum Reinigen verschiedenster Flecken auf reibfesten Oberfl\u00e4chen.<\/p>\n<p>&nbsp;<\/p>\n<p>\u00d6kologische Handreinigungspaste mit Hautschutz. F\u00fcr stark verschmutzte H\u00e4nde. Ergiebig, spenderg\u00e4ngig, NTA-frei, VOC-frei.<\/p>\n","protected":false},"excerpt":{"rendered":"<p>Leider ist die Handreinigungspaste Arisokrat zurzeit nicht mehr verf\u00fcgbar. <strong><a href=\"https:\/\/www.imesch-produkte.ch\/produkt\/ultra-handwaschpaste\/\">Hier<\/a> findest du ein Alternativprodukt, welches dir dieselbe Qualit\u00e4t zum selben Preis bietet!<\/strong><\/p>\n<p>&nbsp;<\/p>\n","protected":false},"featured_media":6147,"comment_status":"open","ping_status":"closed","template":"","meta":[],"product_cat":[846],"product_tag":[733,699],"class_list":{"0":"post-3969","1":"product","2":"type-product","3":"status-publish","4":"has-post-thumbnail","6":"product_cat-seifen-spender","7":"product_tag-gastronomie","8":"product_tag-unternehmen","9":"pa_groesse-kessel-a-12-5-kg","10":"pa_groesse-kessel-a-5-kg","12":"first","13":"outofstock","14":"taxable","15":"shipping-taxable","16":"purchasable","17":"product-type-variable"},"yoast_head":"<!-- This site is optimized with the Yoast SEO plugin v23.9 - https:\/\/yoast.com\/wordpress\/plugins\/seo\/ -->\n<title>Handreinigungspaste Aristokrat | Imesch Produkte<\/title>\n<meta name=\"description\" content=\"\u00d6kologische Handreinigungspaste mit Hautschutz. F\u00fcr stark verschmutzte H\u00e4nde. Ergiebig, spenderg\u00e4ngig, NTA-frei, VOC-frei.\" \/>\n<meta name=\"robots\" content=\"noindex, follow, max-snippet:-1, max-image-preview:large, max-video-preview:-1\" \/>\n<meta property=\"og:locale\" content=\"de_DE\" \/>\n<meta property=\"og:type\" content=\"article\" \/>\n<meta property=\"og:title\" content=\"Handreinigungspaste Aristokrat | Imesch Produkte\" \/>\n<meta property=\"og:description\" content=\"\u00d6kologische Handreinigungspaste mit Hautschutz. F\u00fcr stark verschmutzte H\u00e4nde. Ergiebig, spenderg\u00e4ngig, NTA-frei, VOC-frei.\" \/>\n<meta property=\"og:url\" content=\"https:\/\/www.staging.imesch-produkte.ch\/?product=handreinigungspaste-aristokrat\" \/>\n<meta property=\"og:site_name\" content=\"Imesch Produkte\" \/>\n<meta property=\"article:modified_time\" content=\"2024-10-24T09:58:53+00:00\" \/>\n<meta property=\"og:image\" content=\"https:\/\/www.staging.imesch-produkte.ch\/wp-content\/uploads\/2020\/04\/WEB_185300.24_Aristokrat.png\" \/>\n\t<meta property=\"og:image:width\" content=\"500\" \/>\n\t<meta property=\"og:image:height\" content=\"500\" \/>\n\t<meta property=\"og:image:type\" content=\"image\/png\" \/>\n<meta name=\"twitter:card\" content=\"summary_large_image\" \/>\n<meta name=\"twitter:label1\" content=\"Gesch\u00e4tzte Lesezeit\" \/>\n\t<meta name=\"twitter:data1\" content=\"1\u00a0Minute\" \/>\n<script type=\"application\/ld+json\" class=\"yoast-schema-graph\">{\"@context\":\"https:\/\/schema.org\",\"@graph\":[{\"@type\":\"WebPage\",\"@id\":\"https:\/\/www.staging.imesch-produkte.ch\/?product=handreinigungspaste-aristokrat\",\"url\":\"https:\/\/www.staging.imesch-produkte.ch\/?product=handreinigungspaste-aristokrat\",\"name\":\"Handreinigungspaste Aristokrat | Imesch Produkte\",\"isPartOf\":{\"@id\":\"https:\/\/www.staging.imesch-produkte.ch\/#website\"},\"primaryImageOfPage\":{\"@id\":\"https:\/\/www.staging.imesch-produkte.ch\/?product=handreinigungspaste-aristokrat#primaryimage\"},\"image\":{\"@id\":\"https:\/\/www.staging.imesch-produkte.ch\/?product=handreinigungspaste-aristokrat#primaryimage\"},\"thumbnailUrl\":\"https:\/\/www.staging.imesch-produkte.ch\/wp-content\/uploads\/2020\/04\/WEB_185300.24_Aristokrat.png\",\"datePublished\":\"2020-04-16T16:08:10+00:00\",\"dateModified\":\"2024-10-24T09:58:53+00:00\",\"description\":\"\u00d6kologische Handreinigungspaste mit Hautschutz. F\u00fcr stark verschmutzte H\u00e4nde. Ergiebig, spenderg\u00e4ngig, NTA-frei, VOC-frei.\",\"breadcrumb\":{\"@id\":\"https:\/\/www.staging.imesch-produkte.ch\/?product=handreinigungspaste-aristokrat#breadcrumb\"},\"inLanguage\":\"de\",\"potentialAction\":[{\"@type\":\"ReadAction\",\"target\":[\"https:\/\/www.staging.imesch-produkte.ch\/?product=handreinigungspaste-aristokrat\"]}]},{\"@type\":\"ImageObject\",\"inLanguage\":\"de\",\"@id\":\"https:\/\/www.staging.imesch-produkte.ch\/?product=handreinigungspaste-aristokrat#primaryimage\",\"url\":\"https:\/\/www.staging.imesch-produkte.ch\/wp-content\/uploads\/2020\/04\/WEB_185300.24_Aristokrat.png\",\"contentUrl\":\"https:\/\/www.staging.imesch-produkte.ch\/wp-content\/uploads\/2020\/04\/WEB_185300.24_Aristokrat.png\",\"width\":500,\"height\":500,\"caption\":\"Hand, Reinigung, Aristokrat\"},{\"@type\":\"BreadcrumbList\",\"@id\":\"https:\/\/www.staging.imesch-produkte.ch\/?product=handreinigungspaste-aristokrat#breadcrumb\",\"itemListElement\":[{\"@type\":\"ListItem\",\"position\":1,\"name\":\"Startseite\",\"item\":\"https:\/\/www.staging.imesch-produkte.ch\/\"},{\"@type\":\"ListItem\",\"position\":2,\"name\":\"Shop\",\"item\":\"https:\/\/www.staging.imesch-produkte.ch\/?page_id=401\"},{\"@type\":\"ListItem\",\"position\":3,\"name\":\"Handreinigungspaste Aristokrat\"}]},{\"@type\":\"WebSite\",\"@id\":\"https:\/\/www.staging.imesch-produkte.ch\/#website\",\"url\":\"https:\/\/www.staging.imesch-produkte.ch\/\",\"name\":\"Imesch-Produkte\",\"description\":\"Qualit\u00e4t verbindet Generationen\",\"publisher\":{\"@id\":\"https:\/\/www.staging.imesch-produkte.ch\/#organization\"},\"potentialAction\":[{\"@type\":\"SearchAction\",\"target\":{\"@type\":\"EntryPoint\",\"urlTemplate\":\"https:\/\/www.staging.imesch-produkte.ch\/?s={search_term_string}\"},\"query-input\":{\"@type\":\"PropertyValueSpecification\",\"valueRequired\":true,\"valueName\":\"search_term_string\"}}],\"inLanguage\":\"de\"},{\"@type\":\"Organization\",\"@id\":\"https:\/\/www.staging.imesch-produkte.ch\/#organization\",\"name\":\"Imesch-Produkte GmbH\",\"url\":\"https:\/\/www.staging.imesch-produkte.ch\/\",\"logo\":{\"@type\":\"ImageObject\",\"inLanguage\":\"de\",\"@id\":\"https:\/\/www.staging.imesch-produkte.ch\/#\/schema\/logo\/image\/\",\"url\":\"https:\/\/i0.wp.com\/www.imesch-produkte.ch\/wordpress\/wp-content\/uploads\/2020\/04\/Logo_Imesch_Produkte.png?fit=871%2C456&ssl=1\",\"contentUrl\":\"https:\/\/i0.wp.com\/www.imesch-produkte.ch\/wordpress\/wp-content\/uploads\/2020\/04\/Logo_Imesch_Produkte.png?fit=871%2C456&ssl=1\",\"width\":871,\"height\":456,\"caption\":\"Imesch-Produkte GmbH\"},\"image\":{\"@id\":\"https:\/\/www.staging.imesch-produkte.ch\/#\/schema\/logo\/image\/\"}}]}<\/script>\n<!-- \/ Yoast SEO plugin. -->","yoast_head_json":{"title":"Handreinigungspaste Aristokrat | Imesch Produkte","description":"\u00d6kologische Handreinigungspaste mit Hautschutz. F\u00fcr stark verschmutzte H\u00e4nde. Ergiebig, spenderg\u00e4ngig, NTA-frei, VOC-frei.","robots":{"index":"noindex","follow":"follow","max-snippet":"max-snippet:-1","max-image-preview":"max-image-preview:large","max-video-preview":"max-video-preview:-1"},"og_locale":"de_DE","og_type":"article","og_title":"Handreinigungspaste Aristokrat | Imesch Produkte","og_description":"\u00d6kologische Handreinigungspaste mit Hautschutz. F\u00fcr stark verschmutzte H\u00e4nde. Ergiebig, spenderg\u00e4ngig, NTA-frei, VOC-frei.","og_url":"https:\/\/www.staging.imesch-produkte.ch\/?product=handreinigungspaste-aristokrat","og_site_name":"Imesch Produkte","article_modified_time":"2024-10-24T09:58:53+00:00","og_image":[{"width":500,"height":500,"url":"https:\/\/www.staging.imesch-produkte.ch\/wp-content\/uploads\/2020\/04\/WEB_185300.24_Aristokrat.png","type":"image\/png"}],"twitter_card":"summary_large_image","twitter_misc":{"Gesch\u00e4tzte Lesezeit":"1\u00a0Minute"},"schema":{"@context":"https:\/\/schema.org","@graph":[{"@type":"WebPage","@id":"https:\/\/www.staging.imesch-produkte.ch\/?product=handreinigungspaste-aristokrat","url":"https:\/\/www.staging.imesch-produkte.ch\/?product=handreinigungspaste-aristokrat","name":"Handreinigungspaste Aristokrat | Imesch Produkte","isPartOf":{"@id":"https:\/\/www.staging.imesch-produkte.ch\/#website"},"primaryImageOfPage":{"@id":"https:\/\/www.staging.imesch-produkte.ch\/?product=handreinigungspaste-aristokrat#primaryimage"},"image":{"@id":"https:\/\/www.staging.imesch-produkte.ch\/?product=handreinigungspaste-aristokrat#primaryimage"},"thumbnailUrl":"https:\/\/www.staging.imesch-produkte.ch\/wp-content\/uploads\/2020\/04\/WEB_185300.24_Aristokrat.png","datePublished":"2020-04-16T16:08:10+00:00","dateModified":"2024-10-24T09:58:53+00:00","description":"\u00d6kologische Handreinigungspaste mit Hautschutz. F\u00fcr stark verschmutzte H\u00e4nde. Ergiebig, spenderg\u00e4ngig, NTA-frei, VOC-frei.","breadcrumb":{"@id":"https:\/\/www.staging.imesch-produkte.ch\/?product=handreinigungspaste-aristokrat#breadcrumb"},"inLanguage":"de","potentialAction":[{"@type":"ReadAction","target":["https:\/\/www.staging.imesch-produkte.ch\/?product=handreinigungspaste-aristokrat"]}]},{"@type":"ImageObject","inLanguage":"de","@id":"https:\/\/www.staging.imesch-produkte.ch\/?product=handreinigungspaste-aristokrat#primaryimage","url":"https:\/\/www.staging.imesch-produkte.ch\/wp-content\/uploads\/2020\/04\/WEB_185300.24_Aristokrat.png","contentUrl":"https:\/\/www.staging.imesch-produkte.ch\/wp-content\/uploads\/2020\/04\/WEB_185300.24_Aristokrat.png","width":500,"height":500,"caption":"Hand, Reinigung, Aristokrat"},{"@type":"BreadcrumbList","@id":"https:\/\/www.staging.imesch-produkte.ch\/?product=handreinigungspaste-aristokrat#breadcrumb","itemListElement":[{"@type":"ListItem","position":1,"name":"Startseite","item":"https:\/\/www.staging.imesch-produkte.ch\/"},{"@type":"ListItem","position":2,"name":"Shop","item":"https:\/\/www.staging.imesch-produkte.ch\/?page_id=401"},{"@type":"ListItem","position":3,"name":"Handreinigungspaste Aristokrat"}]},{"@type":"WebSite","@id":"https:\/\/www.staging.imesch-produkte.ch\/#website","url":"https:\/\/www.staging.imesch-produkte.ch\/","name":"Imesch-Produkte","description":"Qualit\u00e4t verbindet Generationen","publisher":{"@id":"https:\/\/www.staging.imesch-produkte.ch\/#organization"},"potentialAction":[{"@type":"SearchAction","target":{"@type":"EntryPoint","urlTemplate":"https:\/\/www.staging.imesch-produkte.ch\/?s={search_term_string}"},"query-input":{"@type":"PropertyValueSpecification","valueRequired":true,"valueName":"search_term_string"}}],"inLanguage":"de"},{"@type":"Organization","@id":"https:\/\/www.staging.imesch-produkte.ch\/#organization","name":"Imesch-Produkte GmbH","url":"https:\/\/www.staging.imesch-produkte.ch\/","logo":{"@type":"ImageObject","inLanguage":"de","@id":"https:\/\/www.staging.imesch-produkte.ch\/#\/schema\/logo\/image\/","url":"https:\/\/i0.wp.com\/www.imesch-produkte.ch\/wordpress\/wp-content\/uploads\/2020\/04\/Logo_Imesch_Produkte.png?fit=871%2C456&ssl=1","contentUrl":"https:\/\/i0.wp.com\/www.imesch-produkte.ch\/wordpress\/wp-content\/uploads\/2020\/04\/Logo_Imesch_Produkte.png?fit=871%2C456&ssl=1","width":871,"height":456,"caption":"Imesch-Produkte GmbH"},"image":{"@id":"https:\/\/www.staging.imesch-produkte.ch\/#\/schema\/logo\/image\/"}}]}},"_links":{"self":[{"href":"https:\/\/www.staging.imesch-produkte.ch\/index.php?rest_route=\/wp\/v2\/product\/3969","targetHints":{"allow":["GET"]}}],"collection":[{"href":"https:\/\/www.staging.imesch-produkte.ch\/index.php?rest_route=\/wp\/v2\/product"}],"about":[{"href":"https:\/\/www.staging.imesch-produkte.ch\/index.php?rest_route=\/wp\/v2\/types\/product"}],"replies":[{"embeddable":true,"href":"https:\/\/www.staging.imesch-produkte.ch\/index.php?rest_route=%2Fwp%2Fv2%2Fcomments&post=3969"}],"version-history":[{"count":7,"href":"https:\/\/www.staging.imesch-produkte.ch\/index.php?rest_route=\/wp\/v2\/product\/3969\/revisions"}],"predecessor-version":[{"id":1873971,"href":"https:\/\/www.staging.imesch-produkte.ch\/index.php?rest_route=\/wp\/v2\/product\/3969\/revisions\/1873971"}],"wp:featuredmedia":[{"embeddable":true,"href":"https:\/\/www.staging.imesch-produkte.ch\/index.php?rest_route=\/wp\/v2\/media\/6147"}],"wp:attachment":[{"href":"https:\/\/www.staging.imesch-produkte.ch\/index.php?rest_route=%2Fwp%2Fv2%2Fmedia&parent=3969"}],"wp:term":[{"taxonomy":"product_cat","embeddable":true,"href":"https:\/\/www.staging.imesch-produkte.ch\/index.php?rest_route=%2Fwp%2Fv2%2Fproduct_cat&post=3969"},{"taxonomy":"product_tag","embeddable":true,"href":"https:\/\/www.staging.imesch-produkte.ch\/index.php?rest_route=%2Fwp%2Fv2%2Fproduct_tag&post=3969"}],"curies":[{"name":"wp","href":"https:\/\/api.w.org\/{rel}","templated":true}]}}