{"id":4470,"date":"2020-04-23T16:58:51","date_gmt":"2020-04-23T14:58:51","guid":{"rendered":"http:\/\/www.imesch-produkte.ch\/wordpress\/?post_type=product&#038;p=4470"},"modified":"2024-09-18T20:54:24","modified_gmt":"2024-09-18T18:54:24","slug":"flaschenreiniger","status":"publish","type":"product","link":"https:\/\/www.staging.imesch-produkte.ch\/?product=flaschenreiniger","title":{"rendered":"Flaschenreiniger"},"content":{"rendered":"<h1>Flaschenreiniger<\/h1>\n<p>Dieser Flaschenreiniger ist das perfekte Werkzeug f\u00fcr die Reinigung von Flaschen aller Formen und Gr\u00f6ssen! Mit einem robusten Durchmesser von 50 mm und einem eleganten blauen PP-Geh\u00e4use ist dieser Flaschenreiniger ein Muss f\u00fcr jeden, der seine Getr\u00e4nkebeh\u00e4lter kristallklar halten m\u00f6chte.<\/p>\n<p>Anders als andere Produkte auf dem Markt, wurde dieses Produkt entwickelt, um auch an schwer zug\u00e4ngliche Stellen zu gelangen und selbst hartn\u00e4ckigen Schmutz zu entfernen. Das einzigartige Design sorgt daf\u00fcr, dass kein Winkel und keine Ritze Ihrer Flaschen unsauber bleibt. Ausserdem ist es einfach zu benutzen. Einfach den Griff greifen und die Borsten in jede Ecke der Flasche dr\u00fccken. Anschliessend drehen und wenden, um den Schmutz zu beseitigen. Mit ein wenig Schrubben sind deine Flaschen im Handumdrehen blitzsauber! Und wenn du fertig bist, sp\u00fclst du den Reiniger einfach mit warmem Wasser aus und schon ist er wieder einsatzbereit.<\/p>\n<p>Wenn du also nach einer einfachen und effektiven Methode suchst, um deine Flaschen sauber zu halten, ist der Flaschenreiniger das perfekte Werkzeug f\u00fcr dich.<\/p>\n","protected":false},"excerpt":{"rendered":"<p>Dieser Flaschenreiniger ist die perfekte L\u00f6sung f\u00fcr die Reinigung von Flaschen aller Formen und Gr\u00f6ssen! Mit einem pr\u00e4zisionsgefertigten Durchmesser von 50 mm ist das Ger\u00e4t auch f\u00fcr gr\u00f6ssere Flaschen geeignet. Das PP-Geh\u00e4use sorgt f\u00fcr lange Haltbarkeit.<\/p>\n","protected":false},"featured_media":4471,"comment_status":"open","ping_status":"closed","template":"","meta":[],"product_cat":[847,850],"product_tag":[733,94,699],"class_list":{"0":"post-4470","1":"product","2":"type-product","3":"status-publish","4":"has-post-thumbnail","6":"product_cat-reinigung","7":"product_cat-besen-buersten-pinsel","8":"product_tag-gastronomie","9":"product_tag-haushalt","10":"product_tag-unternehmen","12":"first","13":"instock","14":"taxable","15":"shipping-taxable","16":"purchasable","17":"product-type-simple"},"yoast_head":"<!-- This site is optimized with the Yoast SEO plugin v23.9 - https:\/\/yoast.com\/wordpress\/plugins\/seo\/ -->\n<title>Flaschenreiniger | Imesch Produkte<\/title>\n<meta name=\"description\" content=\"Der Flaschenreiniger hilft, den Zeitaufwand f\u00fcr die Reinigung &amp; Desinfektion zu reduzieren. Professionell, hygienisch und sicher.\" \/>\n<meta name=\"robots\" content=\"noindex, follow, max-snippet:-1, max-image-preview:large, max-video-preview:-1\" \/>\n<meta property=\"og:locale\" content=\"de_DE\" \/>\n<meta property=\"og:type\" content=\"article\" \/>\n<meta property=\"og:title\" content=\"Flaschenreiniger | Imesch Produkte\" \/>\n<meta property=\"og:description\" content=\"Der Flaschenreiniger hilft, den Zeitaufwand f\u00fcr die Reinigung &amp; Desinfektion zu reduzieren. Professionell, hygienisch und sicher.\" \/>\n<meta property=\"og:url\" content=\"https:\/\/www.staging.imesch-produkte.ch\/?product=flaschenreiniger\" \/>\n<meta property=\"og:site_name\" content=\"Imesch Produkte\" \/>\n<meta property=\"article:modified_time\" content=\"2024-09-18T18:54:24+00:00\" \/>\n<meta property=\"og:image\" content=\"https:\/\/www.staging.imesch-produkte.ch\/wp-content\/uploads\/2020\/04\/WEB_851000-Flaschenputzer.jpg\" \/>\n\t<meta property=\"og:image:width\" content=\"500\" \/>\n\t<meta property=\"og:image:height\" content=\"500\" \/>\n\t<meta property=\"og:image:type\" content=\"image\/jpeg\" \/>\n<meta name=\"twitter:card\" content=\"summary_large_image\" \/>\n<meta name=\"twitter:label1\" content=\"Gesch\u00e4tzte Lesezeit\" \/>\n\t<meta name=\"twitter:data1\" content=\"1\u00a0Minute\" \/>\n<script type=\"application\/ld+json\" class=\"yoast-schema-graph\">{\"@context\":\"https:\/\/schema.org\",\"@graph\":[{\"@type\":\"WebPage\",\"@id\":\"https:\/\/www.staging.imesch-produkte.ch\/?product=flaschenreiniger\",\"url\":\"https:\/\/www.staging.imesch-produkte.ch\/?product=flaschenreiniger\",\"name\":\"Flaschenreiniger | Imesch Produkte\",\"isPartOf\":{\"@id\":\"https:\/\/www.staging.imesch-produkte.ch\/#website\"},\"primaryImageOfPage\":{\"@id\":\"https:\/\/www.staging.imesch-produkte.ch\/?product=flaschenreiniger#primaryimage\"},\"image\":{\"@id\":\"https:\/\/www.staging.imesch-produkte.ch\/?product=flaschenreiniger#primaryimage\"},\"thumbnailUrl\":\"https:\/\/www.staging.imesch-produkte.ch\/wp-content\/uploads\/2020\/04\/WEB_851000-Flaschenputzer.jpg\",\"datePublished\":\"2020-04-23T14:58:51+00:00\",\"dateModified\":\"2024-09-18T18:54:24+00:00\",\"description\":\"Der Flaschenreiniger hilft, den Zeitaufwand f\u00fcr die Reinigung & Desinfektion zu reduzieren. Professionell, hygienisch und sicher.\",\"breadcrumb\":{\"@id\":\"https:\/\/www.staging.imesch-produkte.ch\/?product=flaschenreiniger#breadcrumb\"},\"inLanguage\":\"de\",\"potentialAction\":[{\"@type\":\"ReadAction\",\"target\":[\"https:\/\/www.staging.imesch-produkte.ch\/?product=flaschenreiniger\"]}]},{\"@type\":\"ImageObject\",\"inLanguage\":\"de\",\"@id\":\"https:\/\/www.staging.imesch-produkte.ch\/?product=flaschenreiniger#primaryimage\",\"url\":\"https:\/\/www.staging.imesch-produkte.ch\/wp-content\/uploads\/2020\/04\/WEB_851000-Flaschenputzer.jpg\",\"contentUrl\":\"https:\/\/www.staging.imesch-produkte.ch\/wp-content\/uploads\/2020\/04\/WEB_851000-Flaschenputzer.jpg\",\"width\":500,\"height\":500,\"caption\":\"Flaschenreiniger\"},{\"@type\":\"BreadcrumbList\",\"@id\":\"https:\/\/www.staging.imesch-produkte.ch\/?product=flaschenreiniger#breadcrumb\",\"itemListElement\":[{\"@type\":\"ListItem\",\"position\":1,\"name\":\"Startseite\",\"item\":\"https:\/\/www.staging.imesch-produkte.ch\/\"},{\"@type\":\"ListItem\",\"position\":2,\"name\":\"Shop\",\"item\":\"https:\/\/www.staging.imesch-produkte.ch\/?page_id=401\"},{\"@type\":\"ListItem\",\"position\":3,\"name\":\"Flaschenreiniger\"}]},{\"@type\":\"WebSite\",\"@id\":\"https:\/\/www.staging.imesch-produkte.ch\/#website\",\"url\":\"https:\/\/www.staging.imesch-produkte.ch\/\",\"name\":\"Imesch-Produkte\",\"description\":\"Qualit\u00e4t verbindet Generationen\",\"publisher\":{\"@id\":\"https:\/\/www.staging.imesch-produkte.ch\/#organization\"},\"potentialAction\":[{\"@type\":\"SearchAction\",\"target\":{\"@type\":\"EntryPoint\",\"urlTemplate\":\"https:\/\/www.staging.imesch-produkte.ch\/?s={search_term_string}\"},\"query-input\":{\"@type\":\"PropertyValueSpecification\",\"valueRequired\":true,\"valueName\":\"search_term_string\"}}],\"inLanguage\":\"de\"},{\"@type\":\"Organization\",\"@id\":\"https:\/\/www.staging.imesch-produkte.ch\/#organization\",\"name\":\"Imesch-Produkte GmbH\",\"url\":\"https:\/\/www.staging.imesch-produkte.ch\/\",\"logo\":{\"@type\":\"ImageObject\",\"inLanguage\":\"de\",\"@id\":\"https:\/\/www.staging.imesch-produkte.ch\/#\/schema\/logo\/image\/\",\"url\":\"https:\/\/i0.wp.com\/www.imesch-produkte.ch\/wordpress\/wp-content\/uploads\/2020\/04\/Logo_Imesch_Produkte.png?fit=871%2C456&ssl=1\",\"contentUrl\":\"https:\/\/i0.wp.com\/www.imesch-produkte.ch\/wordpress\/wp-content\/uploads\/2020\/04\/Logo_Imesch_Produkte.png?fit=871%2C456&ssl=1\",\"width\":871,\"height\":456,\"caption\":\"Imesch-Produkte GmbH\"},\"image\":{\"@id\":\"https:\/\/www.staging.imesch-produkte.ch\/#\/schema\/logo\/image\/\"}}]}<\/script>\n<!-- \/ Yoast SEO plugin. -->","yoast_head_json":{"title":"Flaschenreiniger | Imesch Produkte","description":"Der Flaschenreiniger hilft, den Zeitaufwand f\u00fcr die Reinigung & Desinfektion zu reduzieren. Professionell, hygienisch und sicher.","robots":{"index":"noindex","follow":"follow","max-snippet":"max-snippet:-1","max-image-preview":"max-image-preview:large","max-video-preview":"max-video-preview:-1"},"og_locale":"de_DE","og_type":"article","og_title":"Flaschenreiniger | Imesch Produkte","og_description":"Der Flaschenreiniger hilft, den Zeitaufwand f\u00fcr die Reinigung & Desinfektion zu reduzieren. Professionell, hygienisch und sicher.","og_url":"https:\/\/www.staging.imesch-produkte.ch\/?product=flaschenreiniger","og_site_name":"Imesch Produkte","article_modified_time":"2024-09-18T18:54:24+00:00","og_image":[{"width":500,"height":500,"url":"https:\/\/www.staging.imesch-produkte.ch\/wp-content\/uploads\/2020\/04\/WEB_851000-Flaschenputzer.jpg","type":"image\/jpeg"}],"twitter_card":"summary_large_image","twitter_misc":{"Gesch\u00e4tzte Lesezeit":"1\u00a0Minute"},"schema":{"@context":"https:\/\/schema.org","@graph":[{"@type":"WebPage","@id":"https:\/\/www.staging.imesch-produkte.ch\/?product=flaschenreiniger","url":"https:\/\/www.staging.imesch-produkte.ch\/?product=flaschenreiniger","name":"Flaschenreiniger | Imesch Produkte","isPartOf":{"@id":"https:\/\/www.staging.imesch-produkte.ch\/#website"},"primaryImageOfPage":{"@id":"https:\/\/www.staging.imesch-produkte.ch\/?product=flaschenreiniger#primaryimage"},"image":{"@id":"https:\/\/www.staging.imesch-produkte.ch\/?product=flaschenreiniger#primaryimage"},"thumbnailUrl":"https:\/\/www.staging.imesch-produkte.ch\/wp-content\/uploads\/2020\/04\/WEB_851000-Flaschenputzer.jpg","datePublished":"2020-04-23T14:58:51+00:00","dateModified":"2024-09-18T18:54:24+00:00","description":"Der Flaschenreiniger hilft, den Zeitaufwand f\u00fcr die Reinigung & Desinfektion zu reduzieren. Professionell, hygienisch und sicher.","breadcrumb":{"@id":"https:\/\/www.staging.imesch-produkte.ch\/?product=flaschenreiniger#breadcrumb"},"inLanguage":"de","potentialAction":[{"@type":"ReadAction","target":["https:\/\/www.staging.imesch-produkte.ch\/?product=flaschenreiniger"]}]},{"@type":"ImageObject","inLanguage":"de","@id":"https:\/\/www.staging.imesch-produkte.ch\/?product=flaschenreiniger#primaryimage","url":"https:\/\/www.staging.imesch-produkte.ch\/wp-content\/uploads\/2020\/04\/WEB_851000-Flaschenputzer.jpg","contentUrl":"https:\/\/www.staging.imesch-produkte.ch\/wp-content\/uploads\/2020\/04\/WEB_851000-Flaschenputzer.jpg","width":500,"height":500,"caption":"Flaschenreiniger"},{"@type":"BreadcrumbList","@id":"https:\/\/www.staging.imesch-produkte.ch\/?product=flaschenreiniger#breadcrumb","itemListElement":[{"@type":"ListItem","position":1,"name":"Startseite","item":"https:\/\/www.staging.imesch-produkte.ch\/"},{"@type":"ListItem","position":2,"name":"Shop","item":"https:\/\/www.staging.imesch-produkte.ch\/?page_id=401"},{"@type":"ListItem","position":3,"name":"Flaschenreiniger"}]},{"@type":"WebSite","@id":"https:\/\/www.staging.imesch-produkte.ch\/#website","url":"https:\/\/www.staging.imesch-produkte.ch\/","name":"Imesch-Produkte","description":"Qualit\u00e4t verbindet Generationen","publisher":{"@id":"https:\/\/www.staging.imesch-produkte.ch\/#organization"},"potentialAction":[{"@type":"SearchAction","target":{"@type":"EntryPoint","urlTemplate":"https:\/\/www.staging.imesch-produkte.ch\/?s={search_term_string}"},"query-input":{"@type":"PropertyValueSpecification","valueRequired":true,"valueName":"search_term_string"}}],"inLanguage":"de"},{"@type":"Organization","@id":"https:\/\/www.staging.imesch-produkte.ch\/#organization","name":"Imesch-Produkte GmbH","url":"https:\/\/www.staging.imesch-produkte.ch\/","logo":{"@type":"ImageObject","inLanguage":"de","@id":"https:\/\/www.staging.imesch-produkte.ch\/#\/schema\/logo\/image\/","url":"https:\/\/i0.wp.com\/www.imesch-produkte.ch\/wordpress\/wp-content\/uploads\/2020\/04\/Logo_Imesch_Produkte.png?fit=871%2C456&ssl=1","contentUrl":"https:\/\/i0.wp.com\/www.imesch-produkte.ch\/wordpress\/wp-content\/uploads\/2020\/04\/Logo_Imesch_Produkte.png?fit=871%2C456&ssl=1","width":871,"height":456,"caption":"Imesch-Produkte GmbH"},"image":{"@id":"https:\/\/www.staging.imesch-produkte.ch\/#\/schema\/logo\/image\/"}}]}},"_links":{"self":[{"href":"https:\/\/www.staging.imesch-produkte.ch\/index.php?rest_route=\/wp\/v2\/product\/4470","targetHints":{"allow":["GET"]}}],"collection":[{"href":"https:\/\/www.staging.imesch-produkte.ch\/index.php?rest_route=\/wp\/v2\/product"}],"about":[{"href":"https:\/\/www.staging.imesch-produkte.ch\/index.php?rest_route=\/wp\/v2\/types\/product"}],"replies":[{"embeddable":true,"href":"https:\/\/www.staging.imesch-produkte.ch\/index.php?rest_route=%2Fwp%2Fv2%2Fcomments&post=4470"}],"version-history":[{"count":2,"href":"https:\/\/www.staging.imesch-produkte.ch\/index.php?rest_route=\/wp\/v2\/product\/4470\/revisions"}],"predecessor-version":[{"id":17625,"href":"https:\/\/www.staging.imesch-produkte.ch\/index.php?rest_route=\/wp\/v2\/product\/4470\/revisions\/17625"}],"wp:featuredmedia":[{"embeddable":true,"href":"https:\/\/www.staging.imesch-produkte.ch\/index.php?rest_route=\/wp\/v2\/media\/4471"}],"wp:attachment":[{"href":"https:\/\/www.staging.imesch-produkte.ch\/index.php?rest_route=%2Fwp%2Fv2%2Fmedia&parent=4470"}],"wp:term":[{"taxonomy":"product_cat","embeddable":true,"href":"https:\/\/www.staging.imesch-produkte.ch\/index.php?rest_route=%2Fwp%2Fv2%2Fproduct_cat&post=4470"},{"taxonomy":"product_tag","embeddable":true,"href":"https:\/\/www.staging.imesch-produkte.ch\/index.php?rest_route=%2Fwp%2Fv2%2Fproduct_tag&post=4470"}],"curies":[{"name":"wp","href":"https:\/\/api.w.org\/{rel}","templated":true}]}}