{"id":4472,"date":"2020-04-23T17:11:36","date_gmt":"2020-04-23T15:11:36","guid":{"rendered":"http:\/\/www.imesch-produkte.ch\/wordpress\/?post_type=product&#038;p=4472"},"modified":"2024-05-12T20:44:47","modified_gmt":"2024-05-12T18:44:47","slug":"flaschenputzer-mit-schwammkopf-o-50-mm","status":"publish","type":"product","link":"https:\/\/www.staging.imesch-produkte.ch\/?product=flaschenputzer-mit-schwammkopf-o-50-mm","title":{"rendered":"Flaschenputzer mit Schwammkopf \u00d8 50 mm"},"content":{"rendered":"<h1>Flaschenputzer mit Schwammkopf \u00d8 50 mm<\/h1>\n<p>Der Flaschenputzer mit Schwammkopf \u00d8 50 mm ist ein n\u00fctzliches Reinigungswerkzeug, das speziell f\u00fcr die Reinigung von Flaschen entwickelt wurde. Der K\u00f6rper ist aus robustem PP-Kunststoff in der Farbe Blau gefertigt und der Besatz besteht aus weichem, weissen Kunststoff. Dieser flexible und weiche Besatz erm\u00f6glicht eine gr\u00fcndliche Reinigung der Flascheninnenw\u00e4nde, ohne dabei die Flasche zu besch\u00e4digen.<\/p>\n<p>Der Schwammkopf hat einen Durchmesser von 50 mm und passt in die meisten Flaschengr\u00f6ssen. Der Griff ist bequem zu halten und erm\u00f6glicht eine einfache Handhabung.<\/p>\n<p>Der Flaschenputzer ist auch in Bezug auf die Hygiene eine gute Wahl. Er ist leicht zu reinigen und kann in der Sp\u00fclmaschine gereinigt werden.<\/p>\n<p>Insgesamt ist der Flaschenputzer eine ideale Wahl f\u00fcr jeden, der schnell und einfach seine Flaschen sauber halten m\u00f6chte. Durch seine flexible und weiche Besatz und die Gr\u00f6sse des Schwammkopfs, erm\u00f6glicht er eine gr\u00fcndliche Reinigung ohne grossen Aufwand.<\/p>\n","protected":false},"excerpt":{"rendered":"<div class=\"w-full border-b border-black\/10 dark:border-gray-900\/50 text-gray-800 dark:text-gray-100 group bg-gray-50 dark:bg-[#444654]\">\n<div class=\"text-base gap-4 md:gap-6 m-auto md:max-w-2xl lg:max-w-2xl xl:max-w-3xl p-4 md:py-6 flex lg:px-0\">\n<div class=\"relative flex w-[calc(100%-50px)] md:flex-col lg:w-[calc(100%-115px)]\">\n<div class=\"flex flex-grow flex-col gap-3\">\n<div class=\"min-h-[20px] flex flex-col items-start gap-4 whitespace-pre-wrap\">\n<div class=\"markdown prose w-full break-words dark:prose-invert light\">\n<p>Der Flaschenputzer mit Schwammkopf \u00d8 50 mm ist ein n\u00fctzliches Reinigungswerkzeug, das speziell f\u00fcr die Reinigung von Flaschen entwickelt wurde. Der K\u00f6rper ist aus robustem PP-Kunststoff in der Farbe Blau gefertigt und der Besatz besteht aus weichem, weissen Kunststoff, der eine gr\u00fcndliche Reinigung erm\u00f6glicht, ohne die Flasche zu besch\u00e4digen.<\/p>\n<\/div>\n<\/div>\n<\/div>\n<div class=\"text-gray-400 flex self-end lg:self-center justify-center mt-2 gap-4 lg:gap-1 lg:absolute lg:top-0 lg:translate-x-full lg:right-0 lg:mt-0 lg:pl-2 visible\"><\/div>\n<\/div>\n<\/div>\n<\/div>\n","protected":false},"featured_media":4474,"comment_status":"open","ping_status":"closed","template":"","meta":[],"product_cat":[847,850],"product_tag":[733,94,699],"class_list":{"0":"post-4472","1":"product","2":"type-product","3":"status-publish","4":"has-post-thumbnail","6":"product_cat-reinigung","7":"product_cat-besen-buersten-pinsel","8":"product_tag-gastronomie","9":"product_tag-haushalt","10":"product_tag-unternehmen","12":"first","13":"instock","14":"taxable","15":"shipping-taxable","16":"purchasable","17":"product-type-simple"},"yoast_head":"<!-- This site is optimized with the Yoast SEO plugin v23.9 - https:\/\/yoast.com\/wordpress\/plugins\/seo\/ -->\n<title>Flaschenputzer mit Schwammkopf \u00d8 50 mm | Imesch Produkte<\/title>\n<meta name=\"description\" content=\"Flaschenputzer: Schwammkopf \u00d8 50 mm, PP-K\u00f6rper in blau, weicher wei\u00dfer Kunststoffbesatz, hygienisch und einfach zu reinigen.\" \/>\n<meta name=\"robots\" content=\"noindex, follow, max-snippet:-1, max-image-preview:large, max-video-preview:-1\" \/>\n<meta property=\"og:locale\" content=\"de_DE\" \/>\n<meta property=\"og:type\" content=\"article\" \/>\n<meta property=\"og:title\" content=\"Flaschenputzer mit Schwammkopf \u00d8 50 mm | Imesch Produkte\" \/>\n<meta property=\"og:description\" content=\"Flaschenputzer: Schwammkopf \u00d8 50 mm, PP-K\u00f6rper in blau, weicher wei\u00dfer Kunststoffbesatz, hygienisch und einfach zu reinigen.\" \/>\n<meta property=\"og:url\" content=\"https:\/\/www.staging.imesch-produkte.ch\/?product=flaschenputzer-mit-schwammkopf-o-50-mm\" \/>\n<meta property=\"og:site_name\" content=\"Imesch Produkte\" \/>\n<meta property=\"article:modified_time\" content=\"2024-05-12T18:44:47+00:00\" \/>\n<meta property=\"og:image\" content=\"https:\/\/www.staging.imesch-produkte.ch\/wp-content\/uploads\/2020\/04\/WEB_851030Flaschenputzer.jpg\" \/>\n\t<meta property=\"og:image:width\" content=\"500\" \/>\n\t<meta property=\"og:image:height\" content=\"500\" \/>\n\t<meta property=\"og:image:type\" content=\"image\/jpeg\" \/>\n<meta name=\"twitter:card\" content=\"summary_large_image\" \/>\n<meta name=\"twitter:label1\" content=\"Gesch\u00e4tzte Lesezeit\" \/>\n\t<meta name=\"twitter:data1\" content=\"1\u00a0Minute\" \/>\n<script type=\"application\/ld+json\" class=\"yoast-schema-graph\">{\"@context\":\"https:\/\/schema.org\",\"@graph\":[{\"@type\":\"WebPage\",\"@id\":\"https:\/\/www.staging.imesch-produkte.ch\/?product=flaschenputzer-mit-schwammkopf-o-50-mm\",\"url\":\"https:\/\/www.staging.imesch-produkte.ch\/?product=flaschenputzer-mit-schwammkopf-o-50-mm\",\"name\":\"Flaschenputzer mit Schwammkopf \u00d8 50 mm | Imesch Produkte\",\"isPartOf\":{\"@id\":\"https:\/\/www.staging.imesch-produkte.ch\/#website\"},\"primaryImageOfPage\":{\"@id\":\"https:\/\/www.staging.imesch-produkte.ch\/?product=flaschenputzer-mit-schwammkopf-o-50-mm#primaryimage\"},\"image\":{\"@id\":\"https:\/\/www.staging.imesch-produkte.ch\/?product=flaschenputzer-mit-schwammkopf-o-50-mm#primaryimage\"},\"thumbnailUrl\":\"https:\/\/www.staging.imesch-produkte.ch\/wp-content\/uploads\/2020\/04\/WEB_851030Flaschenputzer.jpg\",\"datePublished\":\"2020-04-23T15:11:36+00:00\",\"dateModified\":\"2024-05-12T18:44:47+00:00\",\"description\":\"Flaschenputzer: Schwammkopf \u00d8 50 mm, PP-K\u00f6rper in blau, weicher wei\u00dfer Kunststoffbesatz, hygienisch und einfach zu reinigen.\",\"breadcrumb\":{\"@id\":\"https:\/\/www.staging.imesch-produkte.ch\/?product=flaschenputzer-mit-schwammkopf-o-50-mm#breadcrumb\"},\"inLanguage\":\"de\",\"potentialAction\":[{\"@type\":\"ReadAction\",\"target\":[\"https:\/\/www.staging.imesch-produkte.ch\/?product=flaschenputzer-mit-schwammkopf-o-50-mm\"]}]},{\"@type\":\"ImageObject\",\"inLanguage\":\"de\",\"@id\":\"https:\/\/www.staging.imesch-produkte.ch\/?product=flaschenputzer-mit-schwammkopf-o-50-mm#primaryimage\",\"url\":\"https:\/\/www.staging.imesch-produkte.ch\/wp-content\/uploads\/2020\/04\/WEB_851030Flaschenputzer.jpg\",\"contentUrl\":\"https:\/\/www.staging.imesch-produkte.ch\/wp-content\/uploads\/2020\/04\/WEB_851030Flaschenputzer.jpg\",\"width\":500,\"height\":500,\"caption\":\"Flaschenputzer Schwammkopf \u00d8 50 mm, PP-K\u00f6rper in blau, weicher wei\u00dfer Kunststoffbesatz, hygienisch und einfach zu reinigen.\"},{\"@type\":\"BreadcrumbList\",\"@id\":\"https:\/\/www.staging.imesch-produkte.ch\/?product=flaschenputzer-mit-schwammkopf-o-50-mm#breadcrumb\",\"itemListElement\":[{\"@type\":\"ListItem\",\"position\":1,\"name\":\"Startseite\",\"item\":\"https:\/\/www.staging.imesch-produkte.ch\/\"},{\"@type\":\"ListItem\",\"position\":2,\"name\":\"Shop\",\"item\":\"https:\/\/www.staging.imesch-produkte.ch\/?page_id=401\"},{\"@type\":\"ListItem\",\"position\":3,\"name\":\"Flaschenputzer mit Schwammkopf \u00d8 50 mm\"}]},{\"@type\":\"WebSite\",\"@id\":\"https:\/\/www.staging.imesch-produkte.ch\/#website\",\"url\":\"https:\/\/www.staging.imesch-produkte.ch\/\",\"name\":\"Imesch-Produkte\",\"description\":\"Qualit\u00e4t verbindet Generationen\",\"publisher\":{\"@id\":\"https:\/\/www.staging.imesch-produkte.ch\/#organization\"},\"potentialAction\":[{\"@type\":\"SearchAction\",\"target\":{\"@type\":\"EntryPoint\",\"urlTemplate\":\"https:\/\/www.staging.imesch-produkte.ch\/?s={search_term_string}\"},\"query-input\":{\"@type\":\"PropertyValueSpecification\",\"valueRequired\":true,\"valueName\":\"search_term_string\"}}],\"inLanguage\":\"de\"},{\"@type\":\"Organization\",\"@id\":\"https:\/\/www.staging.imesch-produkte.ch\/#organization\",\"name\":\"Imesch-Produkte GmbH\",\"url\":\"https:\/\/www.staging.imesch-produkte.ch\/\",\"logo\":{\"@type\":\"ImageObject\",\"inLanguage\":\"de\",\"@id\":\"https:\/\/www.staging.imesch-produkte.ch\/#\/schema\/logo\/image\/\",\"url\":\"https:\/\/i0.wp.com\/www.imesch-produkte.ch\/wordpress\/wp-content\/uploads\/2020\/04\/Logo_Imesch_Produkte.png?fit=871%2C456&ssl=1\",\"contentUrl\":\"https:\/\/i0.wp.com\/www.imesch-produkte.ch\/wordpress\/wp-content\/uploads\/2020\/04\/Logo_Imesch_Produkte.png?fit=871%2C456&ssl=1\",\"width\":871,\"height\":456,\"caption\":\"Imesch-Produkte GmbH\"},\"image\":{\"@id\":\"https:\/\/www.staging.imesch-produkte.ch\/#\/schema\/logo\/image\/\"}}]}<\/script>\n<!-- \/ Yoast SEO plugin. -->","yoast_head_json":{"title":"Flaschenputzer mit Schwammkopf \u00d8 50 mm | Imesch Produkte","description":"Flaschenputzer: Schwammkopf \u00d8 50 mm, PP-K\u00f6rper in blau, weicher wei\u00dfer Kunststoffbesatz, hygienisch und einfach zu reinigen.","robots":{"index":"noindex","follow":"follow","max-snippet":"max-snippet:-1","max-image-preview":"max-image-preview:large","max-video-preview":"max-video-preview:-1"},"og_locale":"de_DE","og_type":"article","og_title":"Flaschenputzer mit Schwammkopf \u00d8 50 mm | Imesch Produkte","og_description":"Flaschenputzer: Schwammkopf \u00d8 50 mm, PP-K\u00f6rper in blau, weicher wei\u00dfer Kunststoffbesatz, hygienisch und einfach zu reinigen.","og_url":"https:\/\/www.staging.imesch-produkte.ch\/?product=flaschenputzer-mit-schwammkopf-o-50-mm","og_site_name":"Imesch Produkte","article_modified_time":"2024-05-12T18:44:47+00:00","og_image":[{"width":500,"height":500,"url":"https:\/\/www.staging.imesch-produkte.ch\/wp-content\/uploads\/2020\/04\/WEB_851030Flaschenputzer.jpg","type":"image\/jpeg"}],"twitter_card":"summary_large_image","twitter_misc":{"Gesch\u00e4tzte Lesezeit":"1\u00a0Minute"},"schema":{"@context":"https:\/\/schema.org","@graph":[{"@type":"WebPage","@id":"https:\/\/www.staging.imesch-produkte.ch\/?product=flaschenputzer-mit-schwammkopf-o-50-mm","url":"https:\/\/www.staging.imesch-produkte.ch\/?product=flaschenputzer-mit-schwammkopf-o-50-mm","name":"Flaschenputzer mit Schwammkopf \u00d8 50 mm | Imesch Produkte","isPartOf":{"@id":"https:\/\/www.staging.imesch-produkte.ch\/#website"},"primaryImageOfPage":{"@id":"https:\/\/www.staging.imesch-produkte.ch\/?product=flaschenputzer-mit-schwammkopf-o-50-mm#primaryimage"},"image":{"@id":"https:\/\/www.staging.imesch-produkte.ch\/?product=flaschenputzer-mit-schwammkopf-o-50-mm#primaryimage"},"thumbnailUrl":"https:\/\/www.staging.imesch-produkte.ch\/wp-content\/uploads\/2020\/04\/WEB_851030Flaschenputzer.jpg","datePublished":"2020-04-23T15:11:36+00:00","dateModified":"2024-05-12T18:44:47+00:00","description":"Flaschenputzer: Schwammkopf \u00d8 50 mm, PP-K\u00f6rper in blau, weicher wei\u00dfer Kunststoffbesatz, hygienisch und einfach zu reinigen.","breadcrumb":{"@id":"https:\/\/www.staging.imesch-produkte.ch\/?product=flaschenputzer-mit-schwammkopf-o-50-mm#breadcrumb"},"inLanguage":"de","potentialAction":[{"@type":"ReadAction","target":["https:\/\/www.staging.imesch-produkte.ch\/?product=flaschenputzer-mit-schwammkopf-o-50-mm"]}]},{"@type":"ImageObject","inLanguage":"de","@id":"https:\/\/www.staging.imesch-produkte.ch\/?product=flaschenputzer-mit-schwammkopf-o-50-mm#primaryimage","url":"https:\/\/www.staging.imesch-produkte.ch\/wp-content\/uploads\/2020\/04\/WEB_851030Flaschenputzer.jpg","contentUrl":"https:\/\/www.staging.imesch-produkte.ch\/wp-content\/uploads\/2020\/04\/WEB_851030Flaschenputzer.jpg","width":500,"height":500,"caption":"Flaschenputzer Schwammkopf \u00d8 50 mm, PP-K\u00f6rper in blau, weicher wei\u00dfer Kunststoffbesatz, hygienisch und einfach zu reinigen."},{"@type":"BreadcrumbList","@id":"https:\/\/www.staging.imesch-produkte.ch\/?product=flaschenputzer-mit-schwammkopf-o-50-mm#breadcrumb","itemListElement":[{"@type":"ListItem","position":1,"name":"Startseite","item":"https:\/\/www.staging.imesch-produkte.ch\/"},{"@type":"ListItem","position":2,"name":"Shop","item":"https:\/\/www.staging.imesch-produkte.ch\/?page_id=401"},{"@type":"ListItem","position":3,"name":"Flaschenputzer mit Schwammkopf \u00d8 50 mm"}]},{"@type":"WebSite","@id":"https:\/\/www.staging.imesch-produkte.ch\/#website","url":"https:\/\/www.staging.imesch-produkte.ch\/","name":"Imesch-Produkte","description":"Qualit\u00e4t verbindet Generationen","publisher":{"@id":"https:\/\/www.staging.imesch-produkte.ch\/#organization"},"potentialAction":[{"@type":"SearchAction","target":{"@type":"EntryPoint","urlTemplate":"https:\/\/www.staging.imesch-produkte.ch\/?s={search_term_string}"},"query-input":{"@type":"PropertyValueSpecification","valueRequired":true,"valueName":"search_term_string"}}],"inLanguage":"de"},{"@type":"Organization","@id":"https:\/\/www.staging.imesch-produkte.ch\/#organization","name":"Imesch-Produkte GmbH","url":"https:\/\/www.staging.imesch-produkte.ch\/","logo":{"@type":"ImageObject","inLanguage":"de","@id":"https:\/\/www.staging.imesch-produkte.ch\/#\/schema\/logo\/image\/","url":"https:\/\/i0.wp.com\/www.imesch-produkte.ch\/wordpress\/wp-content\/uploads\/2020\/04\/Logo_Imesch_Produkte.png?fit=871%2C456&ssl=1","contentUrl":"https:\/\/i0.wp.com\/www.imesch-produkte.ch\/wordpress\/wp-content\/uploads\/2020\/04\/Logo_Imesch_Produkte.png?fit=871%2C456&ssl=1","width":871,"height":456,"caption":"Imesch-Produkte GmbH"},"image":{"@id":"https:\/\/www.staging.imesch-produkte.ch\/#\/schema\/logo\/image\/"}}]}},"_links":{"self":[{"href":"https:\/\/www.staging.imesch-produkte.ch\/index.php?rest_route=\/wp\/v2\/product\/4472","targetHints":{"allow":["GET"]}}],"collection":[{"href":"https:\/\/www.staging.imesch-produkte.ch\/index.php?rest_route=\/wp\/v2\/product"}],"about":[{"href":"https:\/\/www.staging.imesch-produkte.ch\/index.php?rest_route=\/wp\/v2\/types\/product"}],"replies":[{"embeddable":true,"href":"https:\/\/www.staging.imesch-produkte.ch\/index.php?rest_route=%2Fwp%2Fv2%2Fcomments&post=4472"}],"version-history":[{"count":2,"href":"https:\/\/www.staging.imesch-produkte.ch\/index.php?rest_route=\/wp\/v2\/product\/4472\/revisions"}],"predecessor-version":[{"id":17541,"href":"https:\/\/www.staging.imesch-produkte.ch\/index.php?rest_route=\/wp\/v2\/product\/4472\/revisions\/17541"}],"wp:featuredmedia":[{"embeddable":true,"href":"https:\/\/www.staging.imesch-produkte.ch\/index.php?rest_route=\/wp\/v2\/media\/4474"}],"wp:attachment":[{"href":"https:\/\/www.staging.imesch-produkte.ch\/index.php?rest_route=%2Fwp%2Fv2%2Fmedia&parent=4472"}],"wp:term":[{"taxonomy":"product_cat","embeddable":true,"href":"https:\/\/www.staging.imesch-produkte.ch\/index.php?rest_route=%2Fwp%2Fv2%2Fproduct_cat&post=4472"},{"taxonomy":"product_tag","embeddable":true,"href":"https:\/\/www.staging.imesch-produkte.ch\/index.php?rest_route=%2Fwp%2Fv2%2Fproduct_tag&post=4472"}],"curies":[{"name":"wp","href":"https:\/\/api.w.org\/{rel}","templated":true}]}}