{"id":5455,"date":"2020-05-07T09:37:23","date_gmt":"2020-05-07T07:37:23","guid":{"rendered":"http:\/\/www.imesch-produkte.ch\/wordpress\/?post_type=product&#038;p=5455"},"modified":"2024-07-01T19:20:58","modified_gmt":"2024-07-01T17:20:58","slug":"desinfektionsmittel-deo","status":"publish","type":"product","link":"https:\/\/www.staging.imesch-produkte.ch\/?product=desinfektionsmittel-deo","title":{"rendered":"Desinfektionsmittel Deo"},"content":{"rendered":"<p>Das Desinfektionsmittel Deo\u00a0ist ein hochaktives und fl\u00fcssiges Reinigungsmittel f\u00fcr die Reinigung des gesamten Sanit\u00e4rbereichs. Die Reinigung hinterl\u00e4sst einen angenehmen Duft. Das\u00a0 Desinfektionsmittel reinigt und desinfiziert gr\u00fcndlich s\u00e4mtliche Oberfl\u00e4chen. Ausserdem ist das Desinfektionsmittel gepr\u00fcft nach <a href=\"https:\/\/www.beuth.de\/de\/norm\/din-en-1040\/85932314\">DIN EN 1040<\/a>.<\/p>\n<p>Weitere Reinigungsprodukte finden Sie <a href=\"https:\/\/www.imesch-produkte.ch\/produkt-kategorie\/reinigung\/\">hier<\/a>.<\/p>\n","protected":false},"excerpt":{"rendered":"<p>Das Desinfektionsmittel Deo\u00a0ist ein hochaktives und fl\u00fcssiges Reinigungsmittel f\u00fcr die Reinigung des gesamten Sanit\u00e4rbereichs. Die Reinigung hinterl\u00e4sst einen angenehmen Duft. Das\u00a0 Desinfektionsmittel reinigt und desinfiziert gr\u00fcndlich s\u00e4mtliche Oberfl\u00e4chen. Ausserdem ist das Desinfektionsmittel gepr\u00fcft nach <a href=\"https:\/\/www.beuth.de\/de\/norm\/din-en-1040\/85932314\">DIN EN 1040<\/a>.<\/p>\n","protected":false},"featured_media":5456,"comment_status":"open","ping_status":"closed","template":"","meta":[],"product_cat":[847,848,852],"product_tag":[733,94,699],"class_list":{"0":"post-5455","1":"product","2":"type-product","3":"status-publish","4":"has-post-thumbnail","6":"product_cat-reinigung","7":"product_cat-reinigungsmittel-reinigung","8":"product_cat-schutzartikel","9":"product_tag-gastronomie","10":"product_tag-haushalt","11":"product_tag-unternehmen","12":"pa_groesse-bidon-a-10-liter","13":"pa_groesse-bidon-a-20-liter","15":"first","16":"instock","17":"taxable","18":"shipping-taxable","19":"purchasable","20":"product-type-variable"},"yoast_head":"<!-- This site is optimized with the Yoast SEO plugin v23.9 - https:\/\/yoast.com\/wordpress\/plugins\/seo\/ -->\n<title>Desinfektionsmittel Deo | Imesch Produkte<\/title>\n<meta name=\"description\" content=\"Desinfektionsmittel Deo. Hochaktiv \u2714 F\u00fcr die Reinigung aller Oberfl\u00e4chen \u2714 Hinterl\u00e4sst einen angenehmen Duft \u2714\" \/>\n<meta name=\"robots\" content=\"noindex, follow, max-snippet:-1, max-image-preview:large, max-video-preview:-1\" \/>\n<meta property=\"og:locale\" content=\"de_DE\" \/>\n<meta property=\"og:type\" content=\"article\" \/>\n<meta property=\"og:title\" content=\"Desinfektionsmittel Deo | Imesch Produkte\" \/>\n<meta property=\"og:description\" content=\"Desinfektionsmittel Deo. Hochaktiv \u2714 F\u00fcr die Reinigung aller Oberfl\u00e4chen \u2714 Hinterl\u00e4sst einen angenehmen Duft \u2714\" \/>\n<meta property=\"og:url\" content=\"https:\/\/www.staging.imesch-produkte.ch\/?product=desinfektionsmittel-deo\" \/>\n<meta property=\"og:site_name\" content=\"Imesch Produkte\" \/>\n<meta property=\"article:modified_time\" content=\"2024-07-01T17:20:58+00:00\" \/>\n<meta property=\"og:image\" content=\"https:\/\/www.staging.imesch-produkte.ch\/wp-content\/uploads\/2020\/04\/WEB_Deo-Desinfektant.png\" \/>\n\t<meta property=\"og:image:width\" content=\"1000\" \/>\n\t<meta property=\"og:image:height\" content=\"1000\" \/>\n\t<meta property=\"og:image:type\" content=\"image\/png\" \/>\n<meta name=\"twitter:card\" content=\"summary_large_image\" \/>\n<script type=\"application\/ld+json\" class=\"yoast-schema-graph\">{\"@context\":\"https:\/\/schema.org\",\"@graph\":[{\"@type\":\"WebPage\",\"@id\":\"https:\/\/www.staging.imesch-produkte.ch\/?product=desinfektionsmittel-deo\",\"url\":\"https:\/\/www.staging.imesch-produkte.ch\/?product=desinfektionsmittel-deo\",\"name\":\"Desinfektionsmittel Deo | Imesch Produkte\",\"isPartOf\":{\"@id\":\"https:\/\/www.staging.imesch-produkte.ch\/#website\"},\"primaryImageOfPage\":{\"@id\":\"https:\/\/www.staging.imesch-produkte.ch\/?product=desinfektionsmittel-deo#primaryimage\"},\"image\":{\"@id\":\"https:\/\/www.staging.imesch-produkte.ch\/?product=desinfektionsmittel-deo#primaryimage\"},\"thumbnailUrl\":\"https:\/\/www.staging.imesch-produkte.ch\/wp-content\/uploads\/2020\/04\/WEB_Deo-Desinfektant.png\",\"datePublished\":\"2020-05-07T07:37:23+00:00\",\"dateModified\":\"2024-07-01T17:20:58+00:00\",\"description\":\"Desinfektionsmittel Deo. Hochaktiv \u2714 F\u00fcr die Reinigung aller Oberfl\u00e4chen \u2714 Hinterl\u00e4sst einen angenehmen Duft \u2714\",\"breadcrumb\":{\"@id\":\"https:\/\/www.staging.imesch-produkte.ch\/?product=desinfektionsmittel-deo#breadcrumb\"},\"inLanguage\":\"de\",\"potentialAction\":[{\"@type\":\"ReadAction\",\"target\":[\"https:\/\/www.staging.imesch-produkte.ch\/?product=desinfektionsmittel-deo\"]}]},{\"@type\":\"ImageObject\",\"inLanguage\":\"de\",\"@id\":\"https:\/\/www.staging.imesch-produkte.ch\/?product=desinfektionsmittel-deo#primaryimage\",\"url\":\"https:\/\/www.staging.imesch-produkte.ch\/wp-content\/uploads\/2020\/04\/WEB_Deo-Desinfektant.png\",\"contentUrl\":\"https:\/\/www.staging.imesch-produkte.ch\/wp-content\/uploads\/2020\/04\/WEB_Deo-Desinfektant.png\",\"width\":1000,\"height\":1000,\"caption\":\"Desinfektionsmittel Deo\"},{\"@type\":\"BreadcrumbList\",\"@id\":\"https:\/\/www.staging.imesch-produkte.ch\/?product=desinfektionsmittel-deo#breadcrumb\",\"itemListElement\":[{\"@type\":\"ListItem\",\"position\":1,\"name\":\"Startseite\",\"item\":\"https:\/\/www.staging.imesch-produkte.ch\/\"},{\"@type\":\"ListItem\",\"position\":2,\"name\":\"Shop\",\"item\":\"https:\/\/www.staging.imesch-produkte.ch\/?page_id=401\"},{\"@type\":\"ListItem\",\"position\":3,\"name\":\"Desinfektionsmittel Deo\"}]},{\"@type\":\"WebSite\",\"@id\":\"https:\/\/www.staging.imesch-produkte.ch\/#website\",\"url\":\"https:\/\/www.staging.imesch-produkte.ch\/\",\"name\":\"Imesch-Produkte\",\"description\":\"Qualit\u00e4t verbindet Generationen\",\"publisher\":{\"@id\":\"https:\/\/www.staging.imesch-produkte.ch\/#organization\"},\"potentialAction\":[{\"@type\":\"SearchAction\",\"target\":{\"@type\":\"EntryPoint\",\"urlTemplate\":\"https:\/\/www.staging.imesch-produkte.ch\/?s={search_term_string}\"},\"query-input\":{\"@type\":\"PropertyValueSpecification\",\"valueRequired\":true,\"valueName\":\"search_term_string\"}}],\"inLanguage\":\"de\"},{\"@type\":\"Organization\",\"@id\":\"https:\/\/www.staging.imesch-produkte.ch\/#organization\",\"name\":\"Imesch-Produkte GmbH\",\"url\":\"https:\/\/www.staging.imesch-produkte.ch\/\",\"logo\":{\"@type\":\"ImageObject\",\"inLanguage\":\"de\",\"@id\":\"https:\/\/www.staging.imesch-produkte.ch\/#\/schema\/logo\/image\/\",\"url\":\"https:\/\/i0.wp.com\/www.imesch-produkte.ch\/wordpress\/wp-content\/uploads\/2020\/04\/Logo_Imesch_Produkte.png?fit=871%2C456&ssl=1\",\"contentUrl\":\"https:\/\/i0.wp.com\/www.imesch-produkte.ch\/wordpress\/wp-content\/uploads\/2020\/04\/Logo_Imesch_Produkte.png?fit=871%2C456&ssl=1\",\"width\":871,\"height\":456,\"caption\":\"Imesch-Produkte GmbH\"},\"image\":{\"@id\":\"https:\/\/www.staging.imesch-produkte.ch\/#\/schema\/logo\/image\/\"}}]}<\/script>\n<!-- \/ Yoast SEO plugin. -->","yoast_head_json":{"title":"Desinfektionsmittel Deo | Imesch Produkte","description":"Desinfektionsmittel Deo. Hochaktiv \u2714 F\u00fcr die Reinigung aller Oberfl\u00e4chen \u2714 Hinterl\u00e4sst einen angenehmen Duft \u2714","robots":{"index":"noindex","follow":"follow","max-snippet":"max-snippet:-1","max-image-preview":"max-image-preview:large","max-video-preview":"max-video-preview:-1"},"og_locale":"de_DE","og_type":"article","og_title":"Desinfektionsmittel Deo | Imesch Produkte","og_description":"Desinfektionsmittel Deo. Hochaktiv \u2714 F\u00fcr die Reinigung aller Oberfl\u00e4chen \u2714 Hinterl\u00e4sst einen angenehmen Duft \u2714","og_url":"https:\/\/www.staging.imesch-produkte.ch\/?product=desinfektionsmittel-deo","og_site_name":"Imesch Produkte","article_modified_time":"2024-07-01T17:20:58+00:00","og_image":[{"width":1000,"height":1000,"url":"https:\/\/www.staging.imesch-produkte.ch\/wp-content\/uploads\/2020\/04\/WEB_Deo-Desinfektant.png","type":"image\/png"}],"twitter_card":"summary_large_image","schema":{"@context":"https:\/\/schema.org","@graph":[{"@type":"WebPage","@id":"https:\/\/www.staging.imesch-produkte.ch\/?product=desinfektionsmittel-deo","url":"https:\/\/www.staging.imesch-produkte.ch\/?product=desinfektionsmittel-deo","name":"Desinfektionsmittel Deo | Imesch Produkte","isPartOf":{"@id":"https:\/\/www.staging.imesch-produkte.ch\/#website"},"primaryImageOfPage":{"@id":"https:\/\/www.staging.imesch-produkte.ch\/?product=desinfektionsmittel-deo#primaryimage"},"image":{"@id":"https:\/\/www.staging.imesch-produkte.ch\/?product=desinfektionsmittel-deo#primaryimage"},"thumbnailUrl":"https:\/\/www.staging.imesch-produkte.ch\/wp-content\/uploads\/2020\/04\/WEB_Deo-Desinfektant.png","datePublished":"2020-05-07T07:37:23+00:00","dateModified":"2024-07-01T17:20:58+00:00","description":"Desinfektionsmittel Deo. Hochaktiv \u2714 F\u00fcr die Reinigung aller Oberfl\u00e4chen \u2714 Hinterl\u00e4sst einen angenehmen Duft \u2714","breadcrumb":{"@id":"https:\/\/www.staging.imesch-produkte.ch\/?product=desinfektionsmittel-deo#breadcrumb"},"inLanguage":"de","potentialAction":[{"@type":"ReadAction","target":["https:\/\/www.staging.imesch-produkte.ch\/?product=desinfektionsmittel-deo"]}]},{"@type":"ImageObject","inLanguage":"de","@id":"https:\/\/www.staging.imesch-produkte.ch\/?product=desinfektionsmittel-deo#primaryimage","url":"https:\/\/www.staging.imesch-produkte.ch\/wp-content\/uploads\/2020\/04\/WEB_Deo-Desinfektant.png","contentUrl":"https:\/\/www.staging.imesch-produkte.ch\/wp-content\/uploads\/2020\/04\/WEB_Deo-Desinfektant.png","width":1000,"height":1000,"caption":"Desinfektionsmittel Deo"},{"@type":"BreadcrumbList","@id":"https:\/\/www.staging.imesch-produkte.ch\/?product=desinfektionsmittel-deo#breadcrumb","itemListElement":[{"@type":"ListItem","position":1,"name":"Startseite","item":"https:\/\/www.staging.imesch-produkte.ch\/"},{"@type":"ListItem","position":2,"name":"Shop","item":"https:\/\/www.staging.imesch-produkte.ch\/?page_id=401"},{"@type":"ListItem","position":3,"name":"Desinfektionsmittel Deo"}]},{"@type":"WebSite","@id":"https:\/\/www.staging.imesch-produkte.ch\/#website","url":"https:\/\/www.staging.imesch-produkte.ch\/","name":"Imesch-Produkte","description":"Qualit\u00e4t verbindet Generationen","publisher":{"@id":"https:\/\/www.staging.imesch-produkte.ch\/#organization"},"potentialAction":[{"@type":"SearchAction","target":{"@type":"EntryPoint","urlTemplate":"https:\/\/www.staging.imesch-produkte.ch\/?s={search_term_string}"},"query-input":{"@type":"PropertyValueSpecification","valueRequired":true,"valueName":"search_term_string"}}],"inLanguage":"de"},{"@type":"Organization","@id":"https:\/\/www.staging.imesch-produkte.ch\/#organization","name":"Imesch-Produkte GmbH","url":"https:\/\/www.staging.imesch-produkte.ch\/","logo":{"@type":"ImageObject","inLanguage":"de","@id":"https:\/\/www.staging.imesch-produkte.ch\/#\/schema\/logo\/image\/","url":"https:\/\/i0.wp.com\/www.imesch-produkte.ch\/wordpress\/wp-content\/uploads\/2020\/04\/Logo_Imesch_Produkte.png?fit=871%2C456&ssl=1","contentUrl":"https:\/\/i0.wp.com\/www.imesch-produkte.ch\/wordpress\/wp-content\/uploads\/2020\/04\/Logo_Imesch_Produkte.png?fit=871%2C456&ssl=1","width":871,"height":456,"caption":"Imesch-Produkte GmbH"},"image":{"@id":"https:\/\/www.staging.imesch-produkte.ch\/#\/schema\/logo\/image\/"}}]}},"_links":{"self":[{"href":"https:\/\/www.staging.imesch-produkte.ch\/index.php?rest_route=\/wp\/v2\/product\/5455","targetHints":{"allow":["GET"]}}],"collection":[{"href":"https:\/\/www.staging.imesch-produkte.ch\/index.php?rest_route=\/wp\/v2\/product"}],"about":[{"href":"https:\/\/www.staging.imesch-produkte.ch\/index.php?rest_route=\/wp\/v2\/types\/product"}],"replies":[{"embeddable":true,"href":"https:\/\/www.staging.imesch-produkte.ch\/index.php?rest_route=%2Fwp%2Fv2%2Fcomments&post=5455"}],"version-history":[{"count":2,"href":"https:\/\/www.staging.imesch-produkte.ch\/index.php?rest_route=\/wp\/v2\/product\/5455\/revisions"}],"predecessor-version":[{"id":16080,"href":"https:\/\/www.staging.imesch-produkte.ch\/index.php?rest_route=\/wp\/v2\/product\/5455\/revisions\/16080"}],"wp:featuredmedia":[{"embeddable":true,"href":"https:\/\/www.staging.imesch-produkte.ch\/index.php?rest_route=\/wp\/v2\/media\/5456"}],"wp:attachment":[{"href":"https:\/\/www.staging.imesch-produkte.ch\/index.php?rest_route=%2Fwp%2Fv2%2Fmedia&parent=5455"}],"wp:term":[{"taxonomy":"product_cat","embeddable":true,"href":"https:\/\/www.staging.imesch-produkte.ch\/index.php?rest_route=%2Fwp%2Fv2%2Fproduct_cat&post=5455"},{"taxonomy":"product_tag","embeddable":true,"href":"https:\/\/www.staging.imesch-produkte.ch\/index.php?rest_route=%2Fwp%2Fv2%2Fproduct_tag&post=5455"}],"curies":[{"name":"wp","href":"https:\/\/api.w.org\/{rel}","templated":true}]}}