{"id":5644,"date":"2020-04-30T10:05:06","date_gmt":"2020-04-30T08:05:06","guid":{"rendered":"http:\/\/www.imesch-produkte.ch\/wordpress\/?post_type=product&#038;p=5644"},"modified":"2024-02-26T16:34:44","modified_gmt":"2024-02-26T15:34:44","slug":"servietten-airlaid-deni-meet-1-4-falz-tuerkis","status":"publish","type":"product","link":"https:\/\/www.staging.imesch-produkte.ch\/?product=servietten-airlaid-deni-meet-1-4-falz-tuerkis","title":{"rendered":"Servietten Airlaid Deni meet, 1\/4 Falz, T\u00fcrkis"},"content":{"rendered":"<p>Die Serviette wirkt durch die Farbe T\u00fcrkis besonders festlich. Die Airlaid Servietten sind auch noch in anderen Farben verf\u00fcgbar. Ob Weihnachten, Ostern, Geburtstage oder andere Feiertage &#8211; Mit den Airlaid Servietten sind Sie durch die vielen Variationen f\u00fcr jeden Anlass perfekt vorbereitet.<\/p>\n","protected":false},"excerpt":{"rendered":"<p>Preis f\u00fcr Palette \u00e0 32 Karton auf Anfrage<\/p>\n<p>&nbsp;<\/p>\n","protected":false},"featured_media":4161,"comment_status":"open","ping_status":"closed","template":"","meta":[],"product_cat":[840,845],"product_tag":[829,98,733,94,740],"class_list":{"0":"post-5644","1":"product","2":"type-product","3":"status-publish","4":"has-post-thumbnail","6":"product_cat-hygiene-tischpapiere","7":"product_cat-servietten-hygiene-tischpapiere","8":"product_tag-balkon-terrasse","9":"product_tag-fest","10":"product_tag-gastronomie","11":"product_tag-haushalt","12":"product_tag-sommer","13":"pa_anzahl-pack-a-50-stueck","14":"pa_anzahl-karton-a-12-pack","16":"first","17":"instock","18":"taxable","19":"shipping-taxable","20":"purchasable","21":"product-type-variable"},"yoast_head":"<!-- This site is optimized with the Yoast SEO plugin v23.9 - https:\/\/yoast.com\/wordpress\/plugins\/seo\/ -->\n<title>Servietten Airlaid Deni meet, 1\/4 Falz, T\u00fcrkis | Imesch Produkte<\/title>\n<meta name=\"description\" content=\"Die Serviette wirkt durch die Farbe T\u00fcrkis besonders festlich. Die Airlaid Servietten sind auch noch in anderen Farben verf\u00fcgbar.\" \/>\n<meta name=\"robots\" content=\"noindex, follow, max-snippet:-1, max-image-preview:large, max-video-preview:-1\" \/>\n<meta property=\"og:locale\" content=\"de_DE\" \/>\n<meta property=\"og:type\" content=\"article\" \/>\n<meta property=\"og:title\" content=\"Servietten Airlaid Deni meet, 1\/4 Falz, T\u00fcrkis | Imesch Produkte\" \/>\n<meta property=\"og:description\" content=\"Die Serviette wirkt durch die Farbe T\u00fcrkis besonders festlich. Die Airlaid Servietten sind auch noch in anderen Farben verf\u00fcgbar.\" \/>\n<meta property=\"og:url\" content=\"https:\/\/www.staging.imesch-produkte.ch\/?product=servietten-airlaid-deni-meet-1-4-falz-tuerkis\" \/>\n<meta property=\"og:site_name\" content=\"Imesch Produkte\" \/>\n<meta property=\"article:modified_time\" content=\"2024-02-26T15:34:44+00:00\" \/>\n<meta property=\"og:image\" content=\"https:\/\/www.staging.imesch-produkte.ch\/wp-content\/uploads\/2020\/04\/WEB_1085576t\u00fcrkis.jpg\" \/>\n\t<meta property=\"og:image:width\" content=\"500\" \/>\n\t<meta property=\"og:image:height\" content=\"500\" \/>\n\t<meta property=\"og:image:type\" content=\"image\/jpeg\" \/>\n<meta name=\"twitter:card\" content=\"summary_large_image\" \/>\n<script type=\"application\/ld+json\" class=\"yoast-schema-graph\">{\"@context\":\"https:\/\/schema.org\",\"@graph\":[{\"@type\":\"WebPage\",\"@id\":\"https:\/\/www.staging.imesch-produkte.ch\/?product=servietten-airlaid-deni-meet-1-4-falz-tuerkis\",\"url\":\"https:\/\/www.staging.imesch-produkte.ch\/?product=servietten-airlaid-deni-meet-1-4-falz-tuerkis\",\"name\":\"Servietten Airlaid Deni meet, 1\/4 Falz, T\u00fcrkis | Imesch Produkte\",\"isPartOf\":{\"@id\":\"https:\/\/www.staging.imesch-produkte.ch\/#website\"},\"primaryImageOfPage\":{\"@id\":\"https:\/\/www.staging.imesch-produkte.ch\/?product=servietten-airlaid-deni-meet-1-4-falz-tuerkis#primaryimage\"},\"image\":{\"@id\":\"https:\/\/www.staging.imesch-produkte.ch\/?product=servietten-airlaid-deni-meet-1-4-falz-tuerkis#primaryimage\"},\"thumbnailUrl\":\"https:\/\/www.staging.imesch-produkte.ch\/wp-content\/uploads\/2020\/04\/WEB_1085576t\u00fcrkis.jpg\",\"datePublished\":\"2020-04-30T08:05:06+00:00\",\"dateModified\":\"2024-02-26T15:34:44+00:00\",\"description\":\"Die Serviette wirkt durch die Farbe T\u00fcrkis besonders festlich. Die Airlaid Servietten sind auch noch in anderen Farben verf\u00fcgbar.\",\"breadcrumb\":{\"@id\":\"https:\/\/www.staging.imesch-produkte.ch\/?product=servietten-airlaid-deni-meet-1-4-falz-tuerkis#breadcrumb\"},\"inLanguage\":\"de\",\"potentialAction\":[{\"@type\":\"ReadAction\",\"target\":[\"https:\/\/www.staging.imesch-produkte.ch\/?product=servietten-airlaid-deni-meet-1-4-falz-tuerkis\"]}]},{\"@type\":\"ImageObject\",\"inLanguage\":\"de\",\"@id\":\"https:\/\/www.staging.imesch-produkte.ch\/?product=servietten-airlaid-deni-meet-1-4-falz-tuerkis#primaryimage\",\"url\":\"https:\/\/www.staging.imesch-produkte.ch\/wp-content\/uploads\/2020\/04\/WEB_1085576t\u00fcrkis.jpg\",\"contentUrl\":\"https:\/\/www.staging.imesch-produkte.ch\/wp-content\/uploads\/2020\/04\/WEB_1085576t\u00fcrkis.jpg\",\"width\":500,\"height\":500,\"caption\":\"Serviette, T\u00fcrkis, festlich\"},{\"@type\":\"BreadcrumbList\",\"@id\":\"https:\/\/www.staging.imesch-produkte.ch\/?product=servietten-airlaid-deni-meet-1-4-falz-tuerkis#breadcrumb\",\"itemListElement\":[{\"@type\":\"ListItem\",\"position\":1,\"name\":\"Startseite\",\"item\":\"https:\/\/www.staging.imesch-produkte.ch\/\"},{\"@type\":\"ListItem\",\"position\":2,\"name\":\"Shop\",\"item\":\"https:\/\/www.staging.imesch-produkte.ch\/?page_id=401\"},{\"@type\":\"ListItem\",\"position\":3,\"name\":\"Servietten Airlaid Deni meet, 1\/4 Falz, T\u00fcrkis\"}]},{\"@type\":\"WebSite\",\"@id\":\"https:\/\/www.staging.imesch-produkte.ch\/#website\",\"url\":\"https:\/\/www.staging.imesch-produkte.ch\/\",\"name\":\"Imesch-Produkte\",\"description\":\"Qualit\u00e4t verbindet Generationen\",\"publisher\":{\"@id\":\"https:\/\/www.staging.imesch-produkte.ch\/#organization\"},\"potentialAction\":[{\"@type\":\"SearchAction\",\"target\":{\"@type\":\"EntryPoint\",\"urlTemplate\":\"https:\/\/www.staging.imesch-produkte.ch\/?s={search_term_string}\"},\"query-input\":{\"@type\":\"PropertyValueSpecification\",\"valueRequired\":true,\"valueName\":\"search_term_string\"}}],\"inLanguage\":\"de\"},{\"@type\":\"Organization\",\"@id\":\"https:\/\/www.staging.imesch-produkte.ch\/#organization\",\"name\":\"Imesch-Produkte GmbH\",\"url\":\"https:\/\/www.staging.imesch-produkte.ch\/\",\"logo\":{\"@type\":\"ImageObject\",\"inLanguage\":\"de\",\"@id\":\"https:\/\/www.staging.imesch-produkte.ch\/#\/schema\/logo\/image\/\",\"url\":\"https:\/\/i0.wp.com\/www.imesch-produkte.ch\/wordpress\/wp-content\/uploads\/2020\/04\/Logo_Imesch_Produkte.png?fit=871%2C456&ssl=1\",\"contentUrl\":\"https:\/\/i0.wp.com\/www.imesch-produkte.ch\/wordpress\/wp-content\/uploads\/2020\/04\/Logo_Imesch_Produkte.png?fit=871%2C456&ssl=1\",\"width\":871,\"height\":456,\"caption\":\"Imesch-Produkte GmbH\"},\"image\":{\"@id\":\"https:\/\/www.staging.imesch-produkte.ch\/#\/schema\/logo\/image\/\"}}]}<\/script>\n<!-- \/ Yoast SEO plugin. -->","yoast_head_json":{"title":"Servietten Airlaid Deni meet, 1\/4 Falz, T\u00fcrkis | Imesch Produkte","description":"Die Serviette wirkt durch die Farbe T\u00fcrkis besonders festlich. Die Airlaid Servietten sind auch noch in anderen Farben verf\u00fcgbar.","robots":{"index":"noindex","follow":"follow","max-snippet":"max-snippet:-1","max-image-preview":"max-image-preview:large","max-video-preview":"max-video-preview:-1"},"og_locale":"de_DE","og_type":"article","og_title":"Servietten Airlaid Deni meet, 1\/4 Falz, T\u00fcrkis | Imesch Produkte","og_description":"Die Serviette wirkt durch die Farbe T\u00fcrkis besonders festlich. Die Airlaid Servietten sind auch noch in anderen Farben verf\u00fcgbar.","og_url":"https:\/\/www.staging.imesch-produkte.ch\/?product=servietten-airlaid-deni-meet-1-4-falz-tuerkis","og_site_name":"Imesch Produkte","article_modified_time":"2024-02-26T15:34:44+00:00","og_image":[{"width":500,"height":500,"url":"https:\/\/www.staging.imesch-produkte.ch\/wp-content\/uploads\/2020\/04\/WEB_1085576t\u00fcrkis.jpg","type":"image\/jpeg"}],"twitter_card":"summary_large_image","schema":{"@context":"https:\/\/schema.org","@graph":[{"@type":"WebPage","@id":"https:\/\/www.staging.imesch-produkte.ch\/?product=servietten-airlaid-deni-meet-1-4-falz-tuerkis","url":"https:\/\/www.staging.imesch-produkte.ch\/?product=servietten-airlaid-deni-meet-1-4-falz-tuerkis","name":"Servietten Airlaid Deni meet, 1\/4 Falz, T\u00fcrkis | Imesch Produkte","isPartOf":{"@id":"https:\/\/www.staging.imesch-produkte.ch\/#website"},"primaryImageOfPage":{"@id":"https:\/\/www.staging.imesch-produkte.ch\/?product=servietten-airlaid-deni-meet-1-4-falz-tuerkis#primaryimage"},"image":{"@id":"https:\/\/www.staging.imesch-produkte.ch\/?product=servietten-airlaid-deni-meet-1-4-falz-tuerkis#primaryimage"},"thumbnailUrl":"https:\/\/www.staging.imesch-produkte.ch\/wp-content\/uploads\/2020\/04\/WEB_1085576t\u00fcrkis.jpg","datePublished":"2020-04-30T08:05:06+00:00","dateModified":"2024-02-26T15:34:44+00:00","description":"Die Serviette wirkt durch die Farbe T\u00fcrkis besonders festlich. Die Airlaid Servietten sind auch noch in anderen Farben verf\u00fcgbar.","breadcrumb":{"@id":"https:\/\/www.staging.imesch-produkte.ch\/?product=servietten-airlaid-deni-meet-1-4-falz-tuerkis#breadcrumb"},"inLanguage":"de","potentialAction":[{"@type":"ReadAction","target":["https:\/\/www.staging.imesch-produkte.ch\/?product=servietten-airlaid-deni-meet-1-4-falz-tuerkis"]}]},{"@type":"ImageObject","inLanguage":"de","@id":"https:\/\/www.staging.imesch-produkte.ch\/?product=servietten-airlaid-deni-meet-1-4-falz-tuerkis#primaryimage","url":"https:\/\/www.staging.imesch-produkte.ch\/wp-content\/uploads\/2020\/04\/WEB_1085576t\u00fcrkis.jpg","contentUrl":"https:\/\/www.staging.imesch-produkte.ch\/wp-content\/uploads\/2020\/04\/WEB_1085576t\u00fcrkis.jpg","width":500,"height":500,"caption":"Serviette, T\u00fcrkis, festlich"},{"@type":"BreadcrumbList","@id":"https:\/\/www.staging.imesch-produkte.ch\/?product=servietten-airlaid-deni-meet-1-4-falz-tuerkis#breadcrumb","itemListElement":[{"@type":"ListItem","position":1,"name":"Startseite","item":"https:\/\/www.staging.imesch-produkte.ch\/"},{"@type":"ListItem","position":2,"name":"Shop","item":"https:\/\/www.staging.imesch-produkte.ch\/?page_id=401"},{"@type":"ListItem","position":3,"name":"Servietten Airlaid Deni meet, 1\/4 Falz, T\u00fcrkis"}]},{"@type":"WebSite","@id":"https:\/\/www.staging.imesch-produkte.ch\/#website","url":"https:\/\/www.staging.imesch-produkte.ch\/","name":"Imesch-Produkte","description":"Qualit\u00e4t verbindet Generationen","publisher":{"@id":"https:\/\/www.staging.imesch-produkte.ch\/#organization"},"potentialAction":[{"@type":"SearchAction","target":{"@type":"EntryPoint","urlTemplate":"https:\/\/www.staging.imesch-produkte.ch\/?s={search_term_string}"},"query-input":{"@type":"PropertyValueSpecification","valueRequired":true,"valueName":"search_term_string"}}],"inLanguage":"de"},{"@type":"Organization","@id":"https:\/\/www.staging.imesch-produkte.ch\/#organization","name":"Imesch-Produkte GmbH","url":"https:\/\/www.staging.imesch-produkte.ch\/","logo":{"@type":"ImageObject","inLanguage":"de","@id":"https:\/\/www.staging.imesch-produkte.ch\/#\/schema\/logo\/image\/","url":"https:\/\/i0.wp.com\/www.imesch-produkte.ch\/wordpress\/wp-content\/uploads\/2020\/04\/Logo_Imesch_Produkte.png?fit=871%2C456&ssl=1","contentUrl":"https:\/\/i0.wp.com\/www.imesch-produkte.ch\/wordpress\/wp-content\/uploads\/2020\/04\/Logo_Imesch_Produkte.png?fit=871%2C456&ssl=1","width":871,"height":456,"caption":"Imesch-Produkte GmbH"},"image":{"@id":"https:\/\/www.staging.imesch-produkte.ch\/#\/schema\/logo\/image\/"}}]}},"_links":{"self":[{"href":"https:\/\/www.staging.imesch-produkte.ch\/index.php?rest_route=\/wp\/v2\/product\/5644","targetHints":{"allow":["GET"]}}],"collection":[{"href":"https:\/\/www.staging.imesch-produkte.ch\/index.php?rest_route=\/wp\/v2\/product"}],"about":[{"href":"https:\/\/www.staging.imesch-produkte.ch\/index.php?rest_route=\/wp\/v2\/types\/product"}],"replies":[{"embeddable":true,"href":"https:\/\/www.staging.imesch-produkte.ch\/index.php?rest_route=%2Fwp%2Fv2%2Fcomments&post=5644"}],"version-history":[{"count":0,"href":"https:\/\/www.staging.imesch-produkte.ch\/index.php?rest_route=\/wp\/v2\/product\/5644\/revisions"}],"wp:featuredmedia":[{"embeddable":true,"href":"https:\/\/www.staging.imesch-produkte.ch\/index.php?rest_route=\/wp\/v2\/media\/4161"}],"wp:attachment":[{"href":"https:\/\/www.staging.imesch-produkte.ch\/index.php?rest_route=%2Fwp%2Fv2%2Fmedia&parent=5644"}],"wp:term":[{"taxonomy":"product_cat","embeddable":true,"href":"https:\/\/www.staging.imesch-produkte.ch\/index.php?rest_route=%2Fwp%2Fv2%2Fproduct_cat&post=5644"},{"taxonomy":"product_tag","embeddable":true,"href":"https:\/\/www.staging.imesch-produkte.ch\/index.php?rest_route=%2Fwp%2Fv2%2Fproduct_tag&post=5644"}],"curies":[{"name":"wp","href":"https:\/\/api.w.org\/{rel}","templated":true}]}}