{"id":5909,"date":"2020-05-07T10:19:08","date_gmt":"2020-05-07T08:19:08","guid":{"rendered":"http:\/\/www.imesch-produkte.ch\/wordpress\/?post_type=product&#038;p=5909"},"modified":"2024-02-26T16:34:47","modified_gmt":"2024-02-26T15:34:47","slug":"schmierseife","status":"publish","type":"product","link":"https:\/\/www.staging.imesch-produkte.ch\/?product=schmierseife","title":{"rendered":"Schmierseife"},"content":{"rendered":"<p>Schmierseife (Putzseife) kann f\u00fcr die gr\u00fcndliche Reinigung in beinahe allen Bereichen angewendet. Die Schmierseife ist parf\u00fcmiert und beinahe schaumfrei. Die Putzseife ist VOV-Free (<a href=\"https:\/\/de.simalfa.ch\/adhesive-application-and-technology\/voc-free\/\">frei von fl\u00fcchtigen organischen Verbindungen<\/a>).<\/p>\n<p>Weitere Reinigungsprodukte finden Sie <a href=\"https:\/\/www.imesch-produkte.ch\/produkt-kategorie\/reinigung\/\">hier<\/a>.<\/p>\n<div id=\"attachment_6106\" style=\"width: 160px\" class=\"wp-caption alignnone\"><a href=\"https:\/\/de.simalfa.ch\/adhesive-application-and-technology\/voc-free\/\"><img decoding=\"async\" aria-describedby=\"caption-attachment-6106\" class=\"wp-image-6106 size-thumbnail\" src=\"https:\/\/www.staging.imesch-produkte.ch\/wp-content\/uploads\/2020\/05\/VOC_FREE_piktogram_zelena-150x150.jpg\" alt=\"VOC-frei\" width=\"150\" height=\"150\" srcset=\"https:\/\/www.staging.imesch-produkte.ch\/wp-content\/uploads\/2020\/05\/VOC_FREE_piktogram_zelena-150x150.jpg 150w, https:\/\/www.staging.imesch-produkte.ch\/wp-content\/uploads\/2020\/05\/VOC_FREE_piktogram_zelena-300x300.jpg 300w, https:\/\/www.staging.imesch-produkte.ch\/wp-content\/uploads\/2020\/05\/VOC_FREE_piktogram_zelena-1024x1024.jpg 1024w, https:\/\/www.staging.imesch-produkte.ch\/wp-content\/uploads\/2020\/05\/VOC_FREE_piktogram_zelena-768x768.jpg 768w, https:\/\/www.staging.imesch-produkte.ch\/wp-content\/uploads\/2020\/05\/VOC_FREE_piktogram_zelena-600x600.jpg 600w, https:\/\/www.staging.imesch-produkte.ch\/wp-content\/uploads\/2020\/05\/VOC_FREE_piktogram_zelena-100x100.jpg 100w, https:\/\/www.staging.imesch-produkte.ch\/wp-content\/uploads\/2020\/05\/VOC_FREE_piktogram_zelena.jpg 1064w\" sizes=\"(max-width: 150px) 100vw, 150px\" \/><\/a><p id=\"caption-attachment-6106\" class=\"wp-caption-text\">Siegel &#8222;VOC-Free&#8220;<\/p><\/div>\n","protected":false},"excerpt":{"rendered":"<p>Schmierseife (Putzseife) kann f\u00fcr die gr\u00fcndliche Reinigung in beinahe allen Bereichen angewendet. Die Schmierseife ist parf\u00fcmiert und beinahe schaumfrei. Die Putzseife ist VOV-Free (<a href=\"https:\/\/de.simalfa.ch\/adhesive-application-and-technology\/voc-free\/\">frei von fl\u00fcchtigen organischen Verbindungen<\/a>).<\/p>\n","protected":false},"featured_media":5910,"comment_status":"open","ping_status":"closed","template":"","meta":[],"product_cat":[847,848,846],"product_tag":[733,94,699],"class_list":{"0":"post-5909","1":"product","2":"type-product","3":"status-publish","4":"has-post-thumbnail","6":"product_cat-reinigung","7":"product_cat-reinigungsmittel-reinigung","8":"product_cat-seifen-spender","9":"product_tag-gastronomie","10":"product_tag-haushalt","11":"product_tag-unternehmen","13":"first","14":"instock","15":"taxable","16":"shipping-taxable","17":"purchasable","18":"product-type-simple"},"yoast_head":"<!-- This site is optimized with the Yoast SEO plugin v23.9 - https:\/\/yoast.com\/wordpress\/plugins\/seo\/ -->\n<title>Schmierseife | Imesch Produkte<\/title>\n<meta name=\"description\" content=\"Schmierseife jetzt kaufen. F\u00fcr die gr\u00fcndliche Reinigung in beinahe allen Bereichen \u2714 VOC-Free \u2714 Bidon \u00e0 10 Liter.\" \/>\n<meta name=\"robots\" content=\"noindex, follow, max-snippet:-1, max-image-preview:large, max-video-preview:-1\" \/>\n<meta property=\"og:locale\" content=\"de_DE\" \/>\n<meta property=\"og:type\" content=\"article\" \/>\n<meta property=\"og:title\" content=\"Schmierseife | Imesch Produkte\" \/>\n<meta property=\"og:description\" content=\"Schmierseife jetzt kaufen. F\u00fcr die gr\u00fcndliche Reinigung in beinahe allen Bereichen \u2714 VOC-Free \u2714 Bidon \u00e0 10 Liter.\" \/>\n<meta property=\"og:url\" content=\"https:\/\/www.staging.imesch-produkte.ch\/?product=schmierseife\" \/>\n<meta property=\"og:site_name\" content=\"Imesch Produkte\" \/>\n<meta property=\"article:modified_time\" content=\"2024-02-26T15:34:47+00:00\" \/>\n<meta property=\"og:image\" content=\"https:\/\/www.staging.imesch-produkte.ch\/wp-content\/uploads\/2020\/04\/WEB_201151Putzseife.png\" \/>\n\t<meta property=\"og:image:width\" content=\"500\" \/>\n\t<meta property=\"og:image:height\" content=\"500\" \/>\n\t<meta property=\"og:image:type\" content=\"image\/png\" \/>\n<meta name=\"twitter:card\" content=\"summary_large_image\" \/>\n<meta name=\"twitter:label1\" content=\"Gesch\u00e4tzte Lesezeit\" \/>\n\t<meta name=\"twitter:data1\" content=\"1\u00a0Minute\" \/>\n<script type=\"application\/ld+json\" class=\"yoast-schema-graph\">{\"@context\":\"https:\/\/schema.org\",\"@graph\":[{\"@type\":\"WebPage\",\"@id\":\"https:\/\/www.staging.imesch-produkte.ch\/?product=schmierseife\",\"url\":\"https:\/\/www.staging.imesch-produkte.ch\/?product=schmierseife\",\"name\":\"Schmierseife | Imesch Produkte\",\"isPartOf\":{\"@id\":\"https:\/\/www.staging.imesch-produkte.ch\/#website\"},\"primaryImageOfPage\":{\"@id\":\"https:\/\/www.staging.imesch-produkte.ch\/?product=schmierseife#primaryimage\"},\"image\":{\"@id\":\"https:\/\/www.staging.imesch-produkte.ch\/?product=schmierseife#primaryimage\"},\"thumbnailUrl\":\"https:\/\/www.staging.imesch-produkte.ch\/wp-content\/uploads\/2020\/04\/WEB_201151Putzseife.png\",\"datePublished\":\"2020-05-07T08:19:08+00:00\",\"dateModified\":\"2024-02-26T15:34:47+00:00\",\"description\":\"Schmierseife jetzt kaufen. F\u00fcr die gr\u00fcndliche Reinigung in beinahe allen Bereichen \u2714 VOC-Free \u2714 Bidon \u00e0 10 Liter.\",\"breadcrumb\":{\"@id\":\"https:\/\/www.staging.imesch-produkte.ch\/?product=schmierseife#breadcrumb\"},\"inLanguage\":\"de\",\"potentialAction\":[{\"@type\":\"ReadAction\",\"target\":[\"https:\/\/www.staging.imesch-produkte.ch\/?product=schmierseife\"]}]},{\"@type\":\"ImageObject\",\"inLanguage\":\"de\",\"@id\":\"https:\/\/www.staging.imesch-produkte.ch\/?product=schmierseife#primaryimage\",\"url\":\"https:\/\/www.staging.imesch-produkte.ch\/wp-content\/uploads\/2020\/04\/WEB_201151Putzseife.png\",\"contentUrl\":\"https:\/\/www.staging.imesch-produkte.ch\/wp-content\/uploads\/2020\/04\/WEB_201151Putzseife.png\",\"width\":500,\"height\":500,\"caption\":\"Putzseife, fl\u00fcssige Schmierseife, Parf\u00fcmiert, schaumarm, Reinigung\"},{\"@type\":\"BreadcrumbList\",\"@id\":\"https:\/\/www.staging.imesch-produkte.ch\/?product=schmierseife#breadcrumb\",\"itemListElement\":[{\"@type\":\"ListItem\",\"position\":1,\"name\":\"Startseite\",\"item\":\"https:\/\/www.staging.imesch-produkte.ch\/\"},{\"@type\":\"ListItem\",\"position\":2,\"name\":\"Shop\",\"item\":\"https:\/\/www.staging.imesch-produkte.ch\/?page_id=401\"},{\"@type\":\"ListItem\",\"position\":3,\"name\":\"Schmierseife\"}]},{\"@type\":\"WebSite\",\"@id\":\"https:\/\/www.staging.imesch-produkte.ch\/#website\",\"url\":\"https:\/\/www.staging.imesch-produkte.ch\/\",\"name\":\"Imesch-Produkte\",\"description\":\"Qualit\u00e4t verbindet Generationen\",\"publisher\":{\"@id\":\"https:\/\/www.staging.imesch-produkte.ch\/#organization\"},\"potentialAction\":[{\"@type\":\"SearchAction\",\"target\":{\"@type\":\"EntryPoint\",\"urlTemplate\":\"https:\/\/www.staging.imesch-produkte.ch\/?s={search_term_string}\"},\"query-input\":{\"@type\":\"PropertyValueSpecification\",\"valueRequired\":true,\"valueName\":\"search_term_string\"}}],\"inLanguage\":\"de\"},{\"@type\":\"Organization\",\"@id\":\"https:\/\/www.staging.imesch-produkte.ch\/#organization\",\"name\":\"Imesch-Produkte GmbH\",\"url\":\"https:\/\/www.staging.imesch-produkte.ch\/\",\"logo\":{\"@type\":\"ImageObject\",\"inLanguage\":\"de\",\"@id\":\"https:\/\/www.staging.imesch-produkte.ch\/#\/schema\/logo\/image\/\",\"url\":\"https:\/\/i0.wp.com\/www.imesch-produkte.ch\/wordpress\/wp-content\/uploads\/2020\/04\/Logo_Imesch_Produkte.png?fit=871%2C456&ssl=1\",\"contentUrl\":\"https:\/\/i0.wp.com\/www.imesch-produkte.ch\/wordpress\/wp-content\/uploads\/2020\/04\/Logo_Imesch_Produkte.png?fit=871%2C456&ssl=1\",\"width\":871,\"height\":456,\"caption\":\"Imesch-Produkte GmbH\"},\"image\":{\"@id\":\"https:\/\/www.staging.imesch-produkte.ch\/#\/schema\/logo\/image\/\"}}]}<\/script>\n<!-- \/ Yoast SEO plugin. -->","yoast_head_json":{"title":"Schmierseife | Imesch Produkte","description":"Schmierseife jetzt kaufen. F\u00fcr die gr\u00fcndliche Reinigung in beinahe allen Bereichen \u2714 VOC-Free \u2714 Bidon \u00e0 10 Liter.","robots":{"index":"noindex","follow":"follow","max-snippet":"max-snippet:-1","max-image-preview":"max-image-preview:large","max-video-preview":"max-video-preview:-1"},"og_locale":"de_DE","og_type":"article","og_title":"Schmierseife | Imesch Produkte","og_description":"Schmierseife jetzt kaufen. F\u00fcr die gr\u00fcndliche Reinigung in beinahe allen Bereichen \u2714 VOC-Free \u2714 Bidon \u00e0 10 Liter.","og_url":"https:\/\/www.staging.imesch-produkte.ch\/?product=schmierseife","og_site_name":"Imesch Produkte","article_modified_time":"2024-02-26T15:34:47+00:00","og_image":[{"width":500,"height":500,"url":"https:\/\/www.staging.imesch-produkte.ch\/wp-content\/uploads\/2020\/04\/WEB_201151Putzseife.png","type":"image\/png"}],"twitter_card":"summary_large_image","twitter_misc":{"Gesch\u00e4tzte Lesezeit":"1\u00a0Minute"},"schema":{"@context":"https:\/\/schema.org","@graph":[{"@type":"WebPage","@id":"https:\/\/www.staging.imesch-produkte.ch\/?product=schmierseife","url":"https:\/\/www.staging.imesch-produkte.ch\/?product=schmierseife","name":"Schmierseife | Imesch Produkte","isPartOf":{"@id":"https:\/\/www.staging.imesch-produkte.ch\/#website"},"primaryImageOfPage":{"@id":"https:\/\/www.staging.imesch-produkte.ch\/?product=schmierseife#primaryimage"},"image":{"@id":"https:\/\/www.staging.imesch-produkte.ch\/?product=schmierseife#primaryimage"},"thumbnailUrl":"https:\/\/www.staging.imesch-produkte.ch\/wp-content\/uploads\/2020\/04\/WEB_201151Putzseife.png","datePublished":"2020-05-07T08:19:08+00:00","dateModified":"2024-02-26T15:34:47+00:00","description":"Schmierseife jetzt kaufen. F\u00fcr die gr\u00fcndliche Reinigung in beinahe allen Bereichen \u2714 VOC-Free \u2714 Bidon \u00e0 10 Liter.","breadcrumb":{"@id":"https:\/\/www.staging.imesch-produkte.ch\/?product=schmierseife#breadcrumb"},"inLanguage":"de","potentialAction":[{"@type":"ReadAction","target":["https:\/\/www.staging.imesch-produkte.ch\/?product=schmierseife"]}]},{"@type":"ImageObject","inLanguage":"de","@id":"https:\/\/www.staging.imesch-produkte.ch\/?product=schmierseife#primaryimage","url":"https:\/\/www.staging.imesch-produkte.ch\/wp-content\/uploads\/2020\/04\/WEB_201151Putzseife.png","contentUrl":"https:\/\/www.staging.imesch-produkte.ch\/wp-content\/uploads\/2020\/04\/WEB_201151Putzseife.png","width":500,"height":500,"caption":"Putzseife, fl\u00fcssige Schmierseife, Parf\u00fcmiert, schaumarm, Reinigung"},{"@type":"BreadcrumbList","@id":"https:\/\/www.staging.imesch-produkte.ch\/?product=schmierseife#breadcrumb","itemListElement":[{"@type":"ListItem","position":1,"name":"Startseite","item":"https:\/\/www.staging.imesch-produkte.ch\/"},{"@type":"ListItem","position":2,"name":"Shop","item":"https:\/\/www.staging.imesch-produkte.ch\/?page_id=401"},{"@type":"ListItem","position":3,"name":"Schmierseife"}]},{"@type":"WebSite","@id":"https:\/\/www.staging.imesch-produkte.ch\/#website","url":"https:\/\/www.staging.imesch-produkte.ch\/","name":"Imesch-Produkte","description":"Qualit\u00e4t verbindet Generationen","publisher":{"@id":"https:\/\/www.staging.imesch-produkte.ch\/#organization"},"potentialAction":[{"@type":"SearchAction","target":{"@type":"EntryPoint","urlTemplate":"https:\/\/www.staging.imesch-produkte.ch\/?s={search_term_string}"},"query-input":{"@type":"PropertyValueSpecification","valueRequired":true,"valueName":"search_term_string"}}],"inLanguage":"de"},{"@type":"Organization","@id":"https:\/\/www.staging.imesch-produkte.ch\/#organization","name":"Imesch-Produkte GmbH","url":"https:\/\/www.staging.imesch-produkte.ch\/","logo":{"@type":"ImageObject","inLanguage":"de","@id":"https:\/\/www.staging.imesch-produkte.ch\/#\/schema\/logo\/image\/","url":"https:\/\/i0.wp.com\/www.imesch-produkte.ch\/wordpress\/wp-content\/uploads\/2020\/04\/Logo_Imesch_Produkte.png?fit=871%2C456&ssl=1","contentUrl":"https:\/\/i0.wp.com\/www.imesch-produkte.ch\/wordpress\/wp-content\/uploads\/2020\/04\/Logo_Imesch_Produkte.png?fit=871%2C456&ssl=1","width":871,"height":456,"caption":"Imesch-Produkte GmbH"},"image":{"@id":"https:\/\/www.staging.imesch-produkte.ch\/#\/schema\/logo\/image\/"}}]}},"_links":{"self":[{"href":"https:\/\/www.staging.imesch-produkte.ch\/index.php?rest_route=\/wp\/v2\/product\/5909","targetHints":{"allow":["GET"]}}],"collection":[{"href":"https:\/\/www.staging.imesch-produkte.ch\/index.php?rest_route=\/wp\/v2\/product"}],"about":[{"href":"https:\/\/www.staging.imesch-produkte.ch\/index.php?rest_route=\/wp\/v2\/types\/product"}],"replies":[{"embeddable":true,"href":"https:\/\/www.staging.imesch-produkte.ch\/index.php?rest_route=%2Fwp%2Fv2%2Fcomments&post=5909"}],"version-history":[{"count":2,"href":"https:\/\/www.staging.imesch-produkte.ch\/index.php?rest_route=\/wp\/v2\/product\/5909\/revisions"}],"predecessor-version":[{"id":16075,"href":"https:\/\/www.staging.imesch-produkte.ch\/index.php?rest_route=\/wp\/v2\/product\/5909\/revisions\/16075"}],"wp:featuredmedia":[{"embeddable":true,"href":"https:\/\/www.staging.imesch-produkte.ch\/index.php?rest_route=\/wp\/v2\/media\/5910"}],"wp:attachment":[{"href":"https:\/\/www.staging.imesch-produkte.ch\/index.php?rest_route=%2Fwp%2Fv2%2Fmedia&parent=5909"}],"wp:term":[{"taxonomy":"product_cat","embeddable":true,"href":"https:\/\/www.staging.imesch-produkte.ch\/index.php?rest_route=%2Fwp%2Fv2%2Fproduct_cat&post=5909"},{"taxonomy":"product_tag","embeddable":true,"href":"https:\/\/www.staging.imesch-produkte.ch\/index.php?rest_route=%2Fwp%2Fv2%2Fproduct_tag&post=5909"}],"curies":[{"name":"wp","href":"https:\/\/api.w.org\/{rel}","templated":true}]}}