{"id":6866,"date":"2020-05-14T09:22:18","date_gmt":"2020-05-14T07:22:18","guid":{"rendered":"https:\/\/www.imesch-produkte.ch\/?post_type=product&#038;p=6866"},"modified":"2024-02-26T16:34:54","modified_gmt":"2024-02-26T15:34:54","slug":"seifenspender-0-17-liter","status":"publish","type":"product","link":"https:\/\/www.staging.imesch-produkte.ch\/?product=seifenspender-0-17-liter","title":{"rendered":"Seifenspender 0.17 Liter"},"content":{"rendered":"<p>Seifenspender 0.17 Liter. Der Spender ist aus weissem und transparenten <a href=\"https:\/\/de.wikipedia.org\/wiki\/Kunststoff\">Kunststoff<\/a> gemacht. Kunststoff ist hart, bruchfest und Temperaturbest\u00e4ndig. Der Seifenspender ist geeignet f\u00fcr die Wandmontage. Ausserdem ist der Seifenspender abschliessbar. Die Schrauben, D\u00fcbel und Schl\u00fcssel zur Wandmontage sind inklusive. Der Dispenser ist auch<strong> <a href=\"https:\/\/www.imesch-produkte.ch\/produkt\/dispenser-fuer-fluessigseife-0-17-liter-chrom\/\">in Chrom<\/a><\/strong> erh\u00e4ltlich.<\/p>\n<p>Weitere Seifenspender finden Sie <a href=\"https:\/\/www.imesch-produkte.ch\/produkt-kategorie\/seifen-spender\/\">hier<\/a>.<\/p>\n","protected":false},"excerpt":{"rendered":"<p>Seifenspender 0.17 Liter. Der Spender ist aus weissem und transparenten Kunststoff gemacht. Kunststoff ist hart, bruchfest und Temperaturbest\u00e4ndig. Der Seifenspender ist geeignet f\u00fcr die Wandmontage. Die Schrauben, D\u00fcbel und Schl\u00fcssel zur Wandmontage sind inklusive.<\/p>\n","protected":false},"featured_media":6868,"comment_status":"open","ping_status":"closed","template":"","meta":[],"product_cat":[846],"product_tag":[733,94,699],"class_list":{"0":"post-6866","1":"product","2":"type-product","3":"status-publish","4":"has-post-thumbnail","6":"product_cat-seifen-spender","7":"product_tag-gastronomie","8":"product_tag-haushalt","9":"product_tag-unternehmen","11":"first","12":"instock","13":"taxable","14":"shipping-taxable","15":"purchasable","16":"product-type-simple"},"yoast_head":"<!-- This site is optimized with the Yoast SEO plugin v23.9 - https:\/\/yoast.com\/wordpress\/plugins\/seo\/ -->\n<title>Seifenspender 0.17 Liter | Imesch Produkte<\/title>\n<meta name=\"description\" content=\"Seifenspender 0.17 Liter. Weisser und transparenter Kunststoff \u2713 Geeignet f\u00fcr Wandmontage \u2713 Inkl. Schrauben, D\u00fcbel und Schl\u00fcssel \u2713\" \/>\n<meta name=\"robots\" content=\"noindex, follow, max-snippet:-1, max-image-preview:large, max-video-preview:-1\" \/>\n<meta property=\"og:locale\" content=\"de_DE\" \/>\n<meta property=\"og:type\" content=\"article\" \/>\n<meta property=\"og:title\" content=\"Seifenspender 0.17 Liter | Imesch Produkte\" \/>\n<meta property=\"og:description\" content=\"Seifenspender 0.17 Liter. Weisser und transparenter Kunststoff \u2713 Geeignet f\u00fcr Wandmontage \u2713 Inkl. Schrauben, D\u00fcbel und Schl\u00fcssel \u2713\" \/>\n<meta property=\"og:url\" content=\"https:\/\/www.staging.imesch-produkte.ch\/?product=seifenspender-0-17-liter\" \/>\n<meta property=\"og:site_name\" content=\"Imesch Produkte\" \/>\n<meta property=\"article:modified_time\" content=\"2024-02-26T15:34:54+00:00\" \/>\n<meta property=\"og:image\" content=\"https:\/\/www.staging.imesch-produkte.ch\/wp-content\/uploads\/2020\/05\/WEB_1099583_Seifenspender0.17.png\" \/>\n\t<meta property=\"og:image:width\" content=\"500\" \/>\n\t<meta property=\"og:image:height\" content=\"500\" \/>\n\t<meta property=\"og:image:type\" content=\"image\/png\" \/>\n<meta name=\"twitter:card\" content=\"summary_large_image\" \/>\n<meta name=\"twitter:label1\" content=\"Gesch\u00e4tzte Lesezeit\" \/>\n\t<meta name=\"twitter:data1\" content=\"1\u00a0Minute\" \/>\n<script type=\"application\/ld+json\" class=\"yoast-schema-graph\">{\"@context\":\"https:\/\/schema.org\",\"@graph\":[{\"@type\":\"WebPage\",\"@id\":\"https:\/\/www.staging.imesch-produkte.ch\/?product=seifenspender-0-17-liter\",\"url\":\"https:\/\/www.staging.imesch-produkte.ch\/?product=seifenspender-0-17-liter\",\"name\":\"Seifenspender 0.17 Liter | Imesch Produkte\",\"isPartOf\":{\"@id\":\"https:\/\/www.staging.imesch-produkte.ch\/#website\"},\"primaryImageOfPage\":{\"@id\":\"https:\/\/www.staging.imesch-produkte.ch\/?product=seifenspender-0-17-liter#primaryimage\"},\"image\":{\"@id\":\"https:\/\/www.staging.imesch-produkte.ch\/?product=seifenspender-0-17-liter#primaryimage\"},\"thumbnailUrl\":\"https:\/\/www.staging.imesch-produkte.ch\/wp-content\/uploads\/2020\/05\/WEB_1099583_Seifenspender0.17.png\",\"datePublished\":\"2020-05-14T07:22:18+00:00\",\"dateModified\":\"2024-02-26T15:34:54+00:00\",\"description\":\"Seifenspender 0.17 Liter. Weisser und transparenter Kunststoff \u2713 Geeignet f\u00fcr Wandmontage \u2713 Inkl. Schrauben, D\u00fcbel und Schl\u00fcssel \u2713\",\"breadcrumb\":{\"@id\":\"https:\/\/www.staging.imesch-produkte.ch\/?product=seifenspender-0-17-liter#breadcrumb\"},\"inLanguage\":\"de\",\"potentialAction\":[{\"@type\":\"ReadAction\",\"target\":[\"https:\/\/www.staging.imesch-produkte.ch\/?product=seifenspender-0-17-liter\"]}]},{\"@type\":\"ImageObject\",\"inLanguage\":\"de\",\"@id\":\"https:\/\/www.staging.imesch-produkte.ch\/?product=seifenspender-0-17-liter#primaryimage\",\"url\":\"https:\/\/www.staging.imesch-produkte.ch\/wp-content\/uploads\/2020\/05\/WEB_1099583_Seifenspender0.17.png\",\"contentUrl\":\"https:\/\/www.staging.imesch-produkte.ch\/wp-content\/uploads\/2020\/05\/WEB_1099583_Seifenspender0.17.png\",\"width\":500,\"height\":500,\"caption\":\"Seifenspender 0.17 Liter\"},{\"@type\":\"BreadcrumbList\",\"@id\":\"https:\/\/www.staging.imesch-produkte.ch\/?product=seifenspender-0-17-liter#breadcrumb\",\"itemListElement\":[{\"@type\":\"ListItem\",\"position\":1,\"name\":\"Startseite\",\"item\":\"https:\/\/www.staging.imesch-produkte.ch\/\"},{\"@type\":\"ListItem\",\"position\":2,\"name\":\"Shop\",\"item\":\"https:\/\/www.staging.imesch-produkte.ch\/?page_id=401\"},{\"@type\":\"ListItem\",\"position\":3,\"name\":\"Seifenspender 0.17 Liter\"}]},{\"@type\":\"WebSite\",\"@id\":\"https:\/\/www.staging.imesch-produkte.ch\/#website\",\"url\":\"https:\/\/www.staging.imesch-produkte.ch\/\",\"name\":\"Imesch-Produkte\",\"description\":\"Qualit\u00e4t verbindet Generationen\",\"publisher\":{\"@id\":\"https:\/\/www.staging.imesch-produkte.ch\/#organization\"},\"potentialAction\":[{\"@type\":\"SearchAction\",\"target\":{\"@type\":\"EntryPoint\",\"urlTemplate\":\"https:\/\/www.staging.imesch-produkte.ch\/?s={search_term_string}\"},\"query-input\":{\"@type\":\"PropertyValueSpecification\",\"valueRequired\":true,\"valueName\":\"search_term_string\"}}],\"inLanguage\":\"de\"},{\"@type\":\"Organization\",\"@id\":\"https:\/\/www.staging.imesch-produkte.ch\/#organization\",\"name\":\"Imesch-Produkte GmbH\",\"url\":\"https:\/\/www.staging.imesch-produkte.ch\/\",\"logo\":{\"@type\":\"ImageObject\",\"inLanguage\":\"de\",\"@id\":\"https:\/\/www.staging.imesch-produkte.ch\/#\/schema\/logo\/image\/\",\"url\":\"https:\/\/i0.wp.com\/www.imesch-produkte.ch\/wordpress\/wp-content\/uploads\/2020\/04\/Logo_Imesch_Produkte.png?fit=871%2C456&ssl=1\",\"contentUrl\":\"https:\/\/i0.wp.com\/www.imesch-produkte.ch\/wordpress\/wp-content\/uploads\/2020\/04\/Logo_Imesch_Produkte.png?fit=871%2C456&ssl=1\",\"width\":871,\"height\":456,\"caption\":\"Imesch-Produkte GmbH\"},\"image\":{\"@id\":\"https:\/\/www.staging.imesch-produkte.ch\/#\/schema\/logo\/image\/\"}}]}<\/script>\n<!-- \/ Yoast SEO plugin. -->","yoast_head_json":{"title":"Seifenspender 0.17 Liter | Imesch Produkte","description":"Seifenspender 0.17 Liter. Weisser und transparenter Kunststoff \u2713 Geeignet f\u00fcr Wandmontage \u2713 Inkl. Schrauben, D\u00fcbel und Schl\u00fcssel \u2713","robots":{"index":"noindex","follow":"follow","max-snippet":"max-snippet:-1","max-image-preview":"max-image-preview:large","max-video-preview":"max-video-preview:-1"},"og_locale":"de_DE","og_type":"article","og_title":"Seifenspender 0.17 Liter | Imesch Produkte","og_description":"Seifenspender 0.17 Liter. Weisser und transparenter Kunststoff \u2713 Geeignet f\u00fcr Wandmontage \u2713 Inkl. Schrauben, D\u00fcbel und Schl\u00fcssel \u2713","og_url":"https:\/\/www.staging.imesch-produkte.ch\/?product=seifenspender-0-17-liter","og_site_name":"Imesch Produkte","article_modified_time":"2024-02-26T15:34:54+00:00","og_image":[{"width":500,"height":500,"url":"https:\/\/www.staging.imesch-produkte.ch\/wp-content\/uploads\/2020\/05\/WEB_1099583_Seifenspender0.17.png","type":"image\/png"}],"twitter_card":"summary_large_image","twitter_misc":{"Gesch\u00e4tzte Lesezeit":"1\u00a0Minute"},"schema":{"@context":"https:\/\/schema.org","@graph":[{"@type":"WebPage","@id":"https:\/\/www.staging.imesch-produkte.ch\/?product=seifenspender-0-17-liter","url":"https:\/\/www.staging.imesch-produkte.ch\/?product=seifenspender-0-17-liter","name":"Seifenspender 0.17 Liter | Imesch Produkte","isPartOf":{"@id":"https:\/\/www.staging.imesch-produkte.ch\/#website"},"primaryImageOfPage":{"@id":"https:\/\/www.staging.imesch-produkte.ch\/?product=seifenspender-0-17-liter#primaryimage"},"image":{"@id":"https:\/\/www.staging.imesch-produkte.ch\/?product=seifenspender-0-17-liter#primaryimage"},"thumbnailUrl":"https:\/\/www.staging.imesch-produkte.ch\/wp-content\/uploads\/2020\/05\/WEB_1099583_Seifenspender0.17.png","datePublished":"2020-05-14T07:22:18+00:00","dateModified":"2024-02-26T15:34:54+00:00","description":"Seifenspender 0.17 Liter. Weisser und transparenter Kunststoff \u2713 Geeignet f\u00fcr Wandmontage \u2713 Inkl. Schrauben, D\u00fcbel und Schl\u00fcssel \u2713","breadcrumb":{"@id":"https:\/\/www.staging.imesch-produkte.ch\/?product=seifenspender-0-17-liter#breadcrumb"},"inLanguage":"de","potentialAction":[{"@type":"ReadAction","target":["https:\/\/www.staging.imesch-produkte.ch\/?product=seifenspender-0-17-liter"]}]},{"@type":"ImageObject","inLanguage":"de","@id":"https:\/\/www.staging.imesch-produkte.ch\/?product=seifenspender-0-17-liter#primaryimage","url":"https:\/\/www.staging.imesch-produkte.ch\/wp-content\/uploads\/2020\/05\/WEB_1099583_Seifenspender0.17.png","contentUrl":"https:\/\/www.staging.imesch-produkte.ch\/wp-content\/uploads\/2020\/05\/WEB_1099583_Seifenspender0.17.png","width":500,"height":500,"caption":"Seifenspender 0.17 Liter"},{"@type":"BreadcrumbList","@id":"https:\/\/www.staging.imesch-produkte.ch\/?product=seifenspender-0-17-liter#breadcrumb","itemListElement":[{"@type":"ListItem","position":1,"name":"Startseite","item":"https:\/\/www.staging.imesch-produkte.ch\/"},{"@type":"ListItem","position":2,"name":"Shop","item":"https:\/\/www.staging.imesch-produkte.ch\/?page_id=401"},{"@type":"ListItem","position":3,"name":"Seifenspender 0.17 Liter"}]},{"@type":"WebSite","@id":"https:\/\/www.staging.imesch-produkte.ch\/#website","url":"https:\/\/www.staging.imesch-produkte.ch\/","name":"Imesch-Produkte","description":"Qualit\u00e4t verbindet Generationen","publisher":{"@id":"https:\/\/www.staging.imesch-produkte.ch\/#organization"},"potentialAction":[{"@type":"SearchAction","target":{"@type":"EntryPoint","urlTemplate":"https:\/\/www.staging.imesch-produkte.ch\/?s={search_term_string}"},"query-input":{"@type":"PropertyValueSpecification","valueRequired":true,"valueName":"search_term_string"}}],"inLanguage":"de"},{"@type":"Organization","@id":"https:\/\/www.staging.imesch-produkte.ch\/#organization","name":"Imesch-Produkte GmbH","url":"https:\/\/www.staging.imesch-produkte.ch\/","logo":{"@type":"ImageObject","inLanguage":"de","@id":"https:\/\/www.staging.imesch-produkte.ch\/#\/schema\/logo\/image\/","url":"https:\/\/i0.wp.com\/www.imesch-produkte.ch\/wordpress\/wp-content\/uploads\/2020\/04\/Logo_Imesch_Produkte.png?fit=871%2C456&ssl=1","contentUrl":"https:\/\/i0.wp.com\/www.imesch-produkte.ch\/wordpress\/wp-content\/uploads\/2020\/04\/Logo_Imesch_Produkte.png?fit=871%2C456&ssl=1","width":871,"height":456,"caption":"Imesch-Produkte GmbH"},"image":{"@id":"https:\/\/www.staging.imesch-produkte.ch\/#\/schema\/logo\/image\/"}}]}},"_links":{"self":[{"href":"https:\/\/www.staging.imesch-produkte.ch\/index.php?rest_route=\/wp\/v2\/product\/6866","targetHints":{"allow":["GET"]}}],"collection":[{"href":"https:\/\/www.staging.imesch-produkte.ch\/index.php?rest_route=\/wp\/v2\/product"}],"about":[{"href":"https:\/\/www.staging.imesch-produkte.ch\/index.php?rest_route=\/wp\/v2\/types\/product"}],"replies":[{"embeddable":true,"href":"https:\/\/www.staging.imesch-produkte.ch\/index.php?rest_route=%2Fwp%2Fv2%2Fcomments&post=6866"}],"version-history":[{"count":2,"href":"https:\/\/www.staging.imesch-produkte.ch\/index.php?rest_route=\/wp\/v2\/product\/6866\/revisions"}],"predecessor-version":[{"id":16205,"href":"https:\/\/www.staging.imesch-produkte.ch\/index.php?rest_route=\/wp\/v2\/product\/6866\/revisions\/16205"}],"wp:featuredmedia":[{"embeddable":true,"href":"https:\/\/www.staging.imesch-produkte.ch\/index.php?rest_route=\/wp\/v2\/media\/6868"}],"wp:attachment":[{"href":"https:\/\/www.staging.imesch-produkte.ch\/index.php?rest_route=%2Fwp%2Fv2%2Fmedia&parent=6866"}],"wp:term":[{"taxonomy":"product_cat","embeddable":true,"href":"https:\/\/www.staging.imesch-produkte.ch\/index.php?rest_route=%2Fwp%2Fv2%2Fproduct_cat&post=6866"},{"taxonomy":"product_tag","embeddable":true,"href":"https:\/\/www.staging.imesch-produkte.ch\/index.php?rest_route=%2Fwp%2Fv2%2Fproduct_tag&post=6866"}],"curies":[{"name":"wp","href":"https:\/\/api.w.org\/{rel}","templated":true}]}}