{"id":7525,"date":"2020-06-05T17:57:06","date_gmt":"2020-06-05T15:57:06","guid":{"rendered":"https:\/\/www.imesch-produkte.ch\/?post_type=product&#038;p=7525"},"modified":"2024-02-26T16:35:14","modified_gmt":"2024-02-26T15:35:14","slug":"dispenser-fuer-fluessigseife-0-17-liter-chrom","status":"publish","type":"product","link":"https:\/\/www.staging.imesch-produkte.ch\/?product=dispenser-fuer-fluessigseife-0-17-liter-chrom","title":{"rendered":"Dispenser f\u00fcr Fl\u00fcssigseife, 0.17 Liter, chrom"},"content":{"rendered":"<p>Der Dispenser f\u00fcr Fl\u00fcssigseife besteht aus Chrom und transparenten Kunststoff. Sowohl Kunststoff als auch Chrom sind hart, bruchfest und Temperaturbest\u00e4ndig. Wir verkaufen den Dispenser inklusive Schrauben, D\u00fcbel und Schl\u00fcssel. Der Dispenser ist auch <strong><a href=\"https:\/\/www.imesch-produkte.ch\/produkt\/dispenser-fuer-fluessigseife-0-17-liter\/\">ohne Chrom<\/a><\/strong> erh\u00e4ltlich.<\/p>\n","protected":false},"excerpt":{"rendered":"<p>H\u00f6he 15 cm, abschliessbar<\/p>\n<p>Der Dispenser ist auch <strong><a href=\"https:\/\/www.imesch-produkte.ch\/produkt\/dispenser-fuer-fluessigseife-0-17-liter\/\">ohne Chrom<\/a><\/strong> erh\u00e4ltlich<\/p>\n","protected":false},"featured_media":7562,"comment_status":"open","ping_status":"closed","template":"","meta":[],"product_cat":[846],"product_tag":[733,94,699],"class_list":{"0":"post-7525","1":"product","2":"type-product","3":"status-publish","4":"has-post-thumbnail","6":"product_cat-seifen-spender","7":"product_tag-gastronomie","8":"product_tag-haushalt","9":"product_tag-unternehmen","11":"first","12":"instock","13":"taxable","14":"shipping-taxable","15":"purchasable","16":"product-type-simple"},"yoast_head":"<!-- This site is optimized with the Yoast SEO plugin v23.9 - https:\/\/yoast.com\/wordpress\/plugins\/seo\/ -->\n<title>Dispenser f\u00fcr Fl\u00fcssigseife, 0.17 Liter, chrom | Imesch Produkte<\/title>\n<meta name=\"description\" content=\"Der Dispenser f\u00fcr Fl\u00fcssigseife besteht aus Chrom und transparenten Kunststoff. Sowohl Kunststoff als auch Chrom sind hart, bruchfest,Temperaturbest\u00e4ndig.\" \/>\n<meta name=\"robots\" content=\"noindex, follow, max-snippet:-1, max-image-preview:large, max-video-preview:-1\" \/>\n<meta property=\"og:locale\" content=\"de_DE\" \/>\n<meta property=\"og:type\" content=\"article\" \/>\n<meta property=\"og:title\" content=\"Dispenser f\u00fcr Fl\u00fcssigseife, 0.17 Liter, chrom | Imesch Produkte\" \/>\n<meta property=\"og:description\" content=\"Der Dispenser f\u00fcr Fl\u00fcssigseife besteht aus Chrom und transparenten Kunststoff. Sowohl Kunststoff als auch Chrom sind hart, bruchfest,Temperaturbest\u00e4ndig.\" \/>\n<meta property=\"og:url\" content=\"https:\/\/www.staging.imesch-produkte.ch\/?product=dispenser-fuer-fluessigseife-0-17-liter-chrom\" \/>\n<meta property=\"og:site_name\" content=\"Imesch Produkte\" \/>\n<meta property=\"article:modified_time\" content=\"2024-02-26T15:35:14+00:00\" \/>\n<meta property=\"og:image\" content=\"https:\/\/www.staging.imesch-produkte.ch\/wp-content\/uploads\/2020\/06\/WEB_1099583.1-0.17Lit.chromjpg.png\" \/>\n\t<meta property=\"og:image:width\" content=\"500\" \/>\n\t<meta property=\"og:image:height\" content=\"500\" \/>\n\t<meta property=\"og:image:type\" content=\"image\/png\" \/>\n<meta name=\"twitter:card\" content=\"summary_large_image\" \/>\n<script type=\"application\/ld+json\" class=\"yoast-schema-graph\">{\"@context\":\"https:\/\/schema.org\",\"@graph\":[{\"@type\":\"WebPage\",\"@id\":\"https:\/\/www.staging.imesch-produkte.ch\/?product=dispenser-fuer-fluessigseife-0-17-liter-chrom\",\"url\":\"https:\/\/www.staging.imesch-produkte.ch\/?product=dispenser-fuer-fluessigseife-0-17-liter-chrom\",\"name\":\"Dispenser f\u00fcr Fl\u00fcssigseife, 0.17 Liter, chrom | Imesch Produkte\",\"isPartOf\":{\"@id\":\"https:\/\/www.staging.imesch-produkte.ch\/#website\"},\"primaryImageOfPage\":{\"@id\":\"https:\/\/www.staging.imesch-produkte.ch\/?product=dispenser-fuer-fluessigseife-0-17-liter-chrom#primaryimage\"},\"image\":{\"@id\":\"https:\/\/www.staging.imesch-produkte.ch\/?product=dispenser-fuer-fluessigseife-0-17-liter-chrom#primaryimage\"},\"thumbnailUrl\":\"https:\/\/www.staging.imesch-produkte.ch\/wp-content\/uploads\/2020\/06\/WEB_1099583.1-0.17Lit.chromjpg.png\",\"datePublished\":\"2020-06-05T15:57:06+00:00\",\"dateModified\":\"2024-02-26T15:35:14+00:00\",\"description\":\"Der Dispenser f\u00fcr Fl\u00fcssigseife besteht aus Chrom und transparenten Kunststoff. Sowohl Kunststoff als auch Chrom sind hart, bruchfest,Temperaturbest\u00e4ndig.\",\"breadcrumb\":{\"@id\":\"https:\/\/www.staging.imesch-produkte.ch\/?product=dispenser-fuer-fluessigseife-0-17-liter-chrom#breadcrumb\"},\"inLanguage\":\"de\",\"potentialAction\":[{\"@type\":\"ReadAction\",\"target\":[\"https:\/\/www.staging.imesch-produkte.ch\/?product=dispenser-fuer-fluessigseife-0-17-liter-chrom\"]}]},{\"@type\":\"ImageObject\",\"inLanguage\":\"de\",\"@id\":\"https:\/\/www.staging.imesch-produkte.ch\/?product=dispenser-fuer-fluessigseife-0-17-liter-chrom#primaryimage\",\"url\":\"https:\/\/www.staging.imesch-produkte.ch\/wp-content\/uploads\/2020\/06\/WEB_1099583.1-0.17Lit.chromjpg.png\",\"contentUrl\":\"https:\/\/www.staging.imesch-produkte.ch\/wp-content\/uploads\/2020\/06\/WEB_1099583.1-0.17Lit.chromjpg.png\",\"width\":500,\"height\":500,\"caption\":\"Dispenser, Fl\u00fcssigseife\"},{\"@type\":\"BreadcrumbList\",\"@id\":\"https:\/\/www.staging.imesch-produkte.ch\/?product=dispenser-fuer-fluessigseife-0-17-liter-chrom#breadcrumb\",\"itemListElement\":[{\"@type\":\"ListItem\",\"position\":1,\"name\":\"Startseite\",\"item\":\"https:\/\/www.staging.imesch-produkte.ch\/\"},{\"@type\":\"ListItem\",\"position\":2,\"name\":\"Shop\",\"item\":\"https:\/\/www.staging.imesch-produkte.ch\/?page_id=401\"},{\"@type\":\"ListItem\",\"position\":3,\"name\":\"Dispenser f\u00fcr Fl\u00fcssigseife, 0.17 Liter, chrom\"}]},{\"@type\":\"WebSite\",\"@id\":\"https:\/\/www.staging.imesch-produkte.ch\/#website\",\"url\":\"https:\/\/www.staging.imesch-produkte.ch\/\",\"name\":\"Imesch-Produkte\",\"description\":\"Qualit\u00e4t verbindet Generationen\",\"publisher\":{\"@id\":\"https:\/\/www.staging.imesch-produkte.ch\/#organization\"},\"potentialAction\":[{\"@type\":\"SearchAction\",\"target\":{\"@type\":\"EntryPoint\",\"urlTemplate\":\"https:\/\/www.staging.imesch-produkte.ch\/?s={search_term_string}\"},\"query-input\":{\"@type\":\"PropertyValueSpecification\",\"valueRequired\":true,\"valueName\":\"search_term_string\"}}],\"inLanguage\":\"de\"},{\"@type\":\"Organization\",\"@id\":\"https:\/\/www.staging.imesch-produkte.ch\/#organization\",\"name\":\"Imesch-Produkte GmbH\",\"url\":\"https:\/\/www.staging.imesch-produkte.ch\/\",\"logo\":{\"@type\":\"ImageObject\",\"inLanguage\":\"de\",\"@id\":\"https:\/\/www.staging.imesch-produkte.ch\/#\/schema\/logo\/image\/\",\"url\":\"https:\/\/i0.wp.com\/www.imesch-produkte.ch\/wordpress\/wp-content\/uploads\/2020\/04\/Logo_Imesch_Produkte.png?fit=871%2C456&ssl=1\",\"contentUrl\":\"https:\/\/i0.wp.com\/www.imesch-produkte.ch\/wordpress\/wp-content\/uploads\/2020\/04\/Logo_Imesch_Produkte.png?fit=871%2C456&ssl=1\",\"width\":871,\"height\":456,\"caption\":\"Imesch-Produkte GmbH\"},\"image\":{\"@id\":\"https:\/\/www.staging.imesch-produkte.ch\/#\/schema\/logo\/image\/\"}}]}<\/script>\n<!-- \/ Yoast SEO plugin. -->","yoast_head_json":{"title":"Dispenser f\u00fcr Fl\u00fcssigseife, 0.17 Liter, chrom | Imesch Produkte","description":"Der Dispenser f\u00fcr Fl\u00fcssigseife besteht aus Chrom und transparenten Kunststoff. Sowohl Kunststoff als auch Chrom sind hart, bruchfest,Temperaturbest\u00e4ndig.","robots":{"index":"noindex","follow":"follow","max-snippet":"max-snippet:-1","max-image-preview":"max-image-preview:large","max-video-preview":"max-video-preview:-1"},"og_locale":"de_DE","og_type":"article","og_title":"Dispenser f\u00fcr Fl\u00fcssigseife, 0.17 Liter, chrom | Imesch Produkte","og_description":"Der Dispenser f\u00fcr Fl\u00fcssigseife besteht aus Chrom und transparenten Kunststoff. Sowohl Kunststoff als auch Chrom sind hart, bruchfest,Temperaturbest\u00e4ndig.","og_url":"https:\/\/www.staging.imesch-produkte.ch\/?product=dispenser-fuer-fluessigseife-0-17-liter-chrom","og_site_name":"Imesch Produkte","article_modified_time":"2024-02-26T15:35:14+00:00","og_image":[{"width":500,"height":500,"url":"https:\/\/www.staging.imesch-produkte.ch\/wp-content\/uploads\/2020\/06\/WEB_1099583.1-0.17Lit.chromjpg.png","type":"image\/png"}],"twitter_card":"summary_large_image","schema":{"@context":"https:\/\/schema.org","@graph":[{"@type":"WebPage","@id":"https:\/\/www.staging.imesch-produkte.ch\/?product=dispenser-fuer-fluessigseife-0-17-liter-chrom","url":"https:\/\/www.staging.imesch-produkte.ch\/?product=dispenser-fuer-fluessigseife-0-17-liter-chrom","name":"Dispenser f\u00fcr Fl\u00fcssigseife, 0.17 Liter, chrom | Imesch Produkte","isPartOf":{"@id":"https:\/\/www.staging.imesch-produkte.ch\/#website"},"primaryImageOfPage":{"@id":"https:\/\/www.staging.imesch-produkte.ch\/?product=dispenser-fuer-fluessigseife-0-17-liter-chrom#primaryimage"},"image":{"@id":"https:\/\/www.staging.imesch-produkte.ch\/?product=dispenser-fuer-fluessigseife-0-17-liter-chrom#primaryimage"},"thumbnailUrl":"https:\/\/www.staging.imesch-produkte.ch\/wp-content\/uploads\/2020\/06\/WEB_1099583.1-0.17Lit.chromjpg.png","datePublished":"2020-06-05T15:57:06+00:00","dateModified":"2024-02-26T15:35:14+00:00","description":"Der Dispenser f\u00fcr Fl\u00fcssigseife besteht aus Chrom und transparenten Kunststoff. Sowohl Kunststoff als auch Chrom sind hart, bruchfest,Temperaturbest\u00e4ndig.","breadcrumb":{"@id":"https:\/\/www.staging.imesch-produkte.ch\/?product=dispenser-fuer-fluessigseife-0-17-liter-chrom#breadcrumb"},"inLanguage":"de","potentialAction":[{"@type":"ReadAction","target":["https:\/\/www.staging.imesch-produkte.ch\/?product=dispenser-fuer-fluessigseife-0-17-liter-chrom"]}]},{"@type":"ImageObject","inLanguage":"de","@id":"https:\/\/www.staging.imesch-produkte.ch\/?product=dispenser-fuer-fluessigseife-0-17-liter-chrom#primaryimage","url":"https:\/\/www.staging.imesch-produkte.ch\/wp-content\/uploads\/2020\/06\/WEB_1099583.1-0.17Lit.chromjpg.png","contentUrl":"https:\/\/www.staging.imesch-produkte.ch\/wp-content\/uploads\/2020\/06\/WEB_1099583.1-0.17Lit.chromjpg.png","width":500,"height":500,"caption":"Dispenser, Fl\u00fcssigseife"},{"@type":"BreadcrumbList","@id":"https:\/\/www.staging.imesch-produkte.ch\/?product=dispenser-fuer-fluessigseife-0-17-liter-chrom#breadcrumb","itemListElement":[{"@type":"ListItem","position":1,"name":"Startseite","item":"https:\/\/www.staging.imesch-produkte.ch\/"},{"@type":"ListItem","position":2,"name":"Shop","item":"https:\/\/www.staging.imesch-produkte.ch\/?page_id=401"},{"@type":"ListItem","position":3,"name":"Dispenser f\u00fcr Fl\u00fcssigseife, 0.17 Liter, chrom"}]},{"@type":"WebSite","@id":"https:\/\/www.staging.imesch-produkte.ch\/#website","url":"https:\/\/www.staging.imesch-produkte.ch\/","name":"Imesch-Produkte","description":"Qualit\u00e4t verbindet Generationen","publisher":{"@id":"https:\/\/www.staging.imesch-produkte.ch\/#organization"},"potentialAction":[{"@type":"SearchAction","target":{"@type":"EntryPoint","urlTemplate":"https:\/\/www.staging.imesch-produkte.ch\/?s={search_term_string}"},"query-input":{"@type":"PropertyValueSpecification","valueRequired":true,"valueName":"search_term_string"}}],"inLanguage":"de"},{"@type":"Organization","@id":"https:\/\/www.staging.imesch-produkte.ch\/#organization","name":"Imesch-Produkte GmbH","url":"https:\/\/www.staging.imesch-produkte.ch\/","logo":{"@type":"ImageObject","inLanguage":"de","@id":"https:\/\/www.staging.imesch-produkte.ch\/#\/schema\/logo\/image\/","url":"https:\/\/i0.wp.com\/www.imesch-produkte.ch\/wordpress\/wp-content\/uploads\/2020\/04\/Logo_Imesch_Produkte.png?fit=871%2C456&ssl=1","contentUrl":"https:\/\/i0.wp.com\/www.imesch-produkte.ch\/wordpress\/wp-content\/uploads\/2020\/04\/Logo_Imesch_Produkte.png?fit=871%2C456&ssl=1","width":871,"height":456,"caption":"Imesch-Produkte GmbH"},"image":{"@id":"https:\/\/www.staging.imesch-produkte.ch\/#\/schema\/logo\/image\/"}}]}},"_links":{"self":[{"href":"https:\/\/www.staging.imesch-produkte.ch\/index.php?rest_route=\/wp\/v2\/product\/7525","targetHints":{"allow":["GET"]}}],"collection":[{"href":"https:\/\/www.staging.imesch-produkte.ch\/index.php?rest_route=\/wp\/v2\/product"}],"about":[{"href":"https:\/\/www.staging.imesch-produkte.ch\/index.php?rest_route=\/wp\/v2\/types\/product"}],"replies":[{"embeddable":true,"href":"https:\/\/www.staging.imesch-produkte.ch\/index.php?rest_route=%2Fwp%2Fv2%2Fcomments&post=7525"}],"version-history":[{"count":1,"href":"https:\/\/www.staging.imesch-produkte.ch\/index.php?rest_route=\/wp\/v2\/product\/7525\/revisions"}],"predecessor-version":[{"id":16829,"href":"https:\/\/www.staging.imesch-produkte.ch\/index.php?rest_route=\/wp\/v2\/product\/7525\/revisions\/16829"}],"wp:featuredmedia":[{"embeddable":true,"href":"https:\/\/www.staging.imesch-produkte.ch\/index.php?rest_route=\/wp\/v2\/media\/7562"}],"wp:attachment":[{"href":"https:\/\/www.staging.imesch-produkte.ch\/index.php?rest_route=%2Fwp%2Fv2%2Fmedia&parent=7525"}],"wp:term":[{"taxonomy":"product_cat","embeddable":true,"href":"https:\/\/www.staging.imesch-produkte.ch\/index.php?rest_route=%2Fwp%2Fv2%2Fproduct_cat&post=7525"},{"taxonomy":"product_tag","embeddable":true,"href":"https:\/\/www.staging.imesch-produkte.ch\/index.php?rest_route=%2Fwp%2Fv2%2Fproduct_tag&post=7525"}],"curies":[{"name":"wp","href":"https:\/\/api.w.org\/{rel}","templated":true}]}}