{"id":7541,"date":"2020-06-12T11:08:28","date_gmt":"2020-06-12T09:08:28","guid":{"rendered":"https:\/\/www.imesch-produkte.ch\/?post_type=product&#038;p=7541"},"modified":"2024-02-26T16:35:16","modified_gmt":"2024-02-26T15:35:16","slug":"mopphalter-duotex-kunststoff-40-cm","status":"publish","type":"product","link":"https:\/\/www.staging.imesch-produkte.ch\/?product=mopphalter-duotex-kunststoff-40-cm","title":{"rendered":"Mopphalter Duotex, Kunststoff, 40 cm"},"content":{"rendered":"<p>Der Mopphalter aus Aluminium e<span style=\"font-size: 16px;\">rf\u00fcllt die h\u00f6chsten Reinigungs- und Hygieneanforderungen. Er ist \u00e4usserst resistent und hinterl\u00e4sst keine sichtbaren Spuren von Waschmitteln, Schmutz, Staub und Fingerabdr\u00fccken. Die zentrierte Ausrichtung des Halters sorgt f\u00fcr hervorragende Balance und Ergonomie. Das Klettband l\u00e4sst sich auswechseln und ist auf Schienen montiert. <\/span><\/p>\n<p><span style=\"font-size: 16px;\"><a href=\"https:\/\/www.staging.imesch-produkte.ch\/wp-content\/uploads\/2020\/06\/Anleitung-Microwash.jpg\"><img fetchpriority=\"high\" decoding=\"async\" class=\"alignnone wp-image-7603\" src=\"https:\/\/www.staging.imesch-produkte.ch\/wp-content\/uploads\/2020\/06\/Anleitung-Microwash-300x201.jpg\" alt=\"\" width=\"370\" height=\"248\" srcset=\"https:\/\/www.staging.imesch-produkte.ch\/wp-content\/uploads\/2020\/06\/Anleitung-Microwash-300x201.jpg 300w, https:\/\/www.staging.imesch-produkte.ch\/wp-content\/uploads\/2020\/06\/Anleitung-Microwash-600x402.jpg 600w, https:\/\/www.staging.imesch-produkte.ch\/wp-content\/uploads\/2020\/06\/Anleitung-Microwash.jpg 750w\" sizes=\"(max-width: 370px) 100vw, 370px\" \/><\/a><\/span><\/p>\n","protected":false},"excerpt":{"rendered":"<p>Das Duotex-System wurde in die &#8222;Kategorie A &#8211; sehr wenige Emissionen von Mikroplastik w\u00e4hrend der gesamten Produktlebensdauer&#8220; eingestuft. Durotex reduziert ohne Chemikalien 99.9% aller MRSA-Bakterien.<\/p>\n<p><strong>Duotex &#8211; more than cleaning<\/strong><\/p>\n<p>&nbsp;<\/p>\n","protected":false},"featured_media":7542,"comment_status":"open","ping_status":"closed","template":"","meta":[],"product_cat":[847,849],"product_tag":[98,825,733,94,700,699],"class_list":{"0":"post-7541","1":"product","2":"type-product","3":"status-publish","4":"has-post-thumbnail","6":"product_cat-reinigung","7":"product_cat-reinigungsutensilien-reinigung","8":"product_tag-fest","9":"product_tag-fruehlingsputz","10":"product_tag-gastronomie","11":"product_tag-haushalt","12":"product_tag-umwelt","13":"product_tag-unternehmen","15":"first","16":"instock","17":"taxable","18":"shipping-taxable","19":"purchasable","20":"product-type-simple"},"yoast_head":"<!-- This site is optimized with the Yoast SEO plugin v23.9 - https:\/\/yoast.com\/wordpress\/plugins\/seo\/ -->\n<title>Mopphalter Duotex, Kunststoff, 40 cm | Imesch Produkte<\/title>\n<meta name=\"description\" content=\"Der Mopphalter aus Aluminium erf\u00fcllt die h\u00f6chsten Reinigungs- und Hygieneanforderungen. Er ist \u00e4usserst resistent und hinterl\u00e4sst keine sichtbaren Spuren.\" \/>\n<meta name=\"robots\" content=\"noindex, follow, max-snippet:-1, max-image-preview:large, max-video-preview:-1\" \/>\n<meta property=\"og:locale\" content=\"de_DE\" \/>\n<meta property=\"og:type\" content=\"article\" \/>\n<meta property=\"og:title\" content=\"Mopphalter Duotex, Kunststoff, 40 cm | Imesch Produkte\" \/>\n<meta property=\"og:description\" content=\"Der Mopphalter aus Aluminium erf\u00fcllt die h\u00f6chsten Reinigungs- und Hygieneanforderungen. Er ist \u00e4usserst resistent und hinterl\u00e4sst keine sichtbaren Spuren.\" \/>\n<meta property=\"og:url\" content=\"https:\/\/www.staging.imesch-produkte.ch\/?product=mopphalter-duotex-kunststoff-40-cm\" \/>\n<meta property=\"og:site_name\" content=\"Imesch Produkte\" \/>\n<meta property=\"article:modified_time\" content=\"2024-02-26T15:35:16+00:00\" \/>\n<meta property=\"og:image\" content=\"https:\/\/www.staging.imesch-produkte.ch\/wp-content\/uploads\/2020\/06\/WEB_2MS310002Mophalter-Duotex01.jpg\" \/>\n\t<meta property=\"og:image:width\" content=\"500\" \/>\n\t<meta property=\"og:image:height\" content=\"500\" \/>\n\t<meta property=\"og:image:type\" content=\"image\/jpeg\" \/>\n<meta name=\"twitter:card\" content=\"summary_large_image\" \/>\n<script type=\"application\/ld+json\" class=\"yoast-schema-graph\">{\"@context\":\"https:\/\/schema.org\",\"@graph\":[{\"@type\":\"WebPage\",\"@id\":\"https:\/\/www.staging.imesch-produkte.ch\/?product=mopphalter-duotex-kunststoff-40-cm\",\"url\":\"https:\/\/www.staging.imesch-produkte.ch\/?product=mopphalter-duotex-kunststoff-40-cm\",\"name\":\"Mopphalter Duotex, Kunststoff, 40 cm | Imesch Produkte\",\"isPartOf\":{\"@id\":\"https:\/\/www.staging.imesch-produkte.ch\/#website\"},\"primaryImageOfPage\":{\"@id\":\"https:\/\/www.staging.imesch-produkte.ch\/?product=mopphalter-duotex-kunststoff-40-cm#primaryimage\"},\"image\":{\"@id\":\"https:\/\/www.staging.imesch-produkte.ch\/?product=mopphalter-duotex-kunststoff-40-cm#primaryimage\"},\"thumbnailUrl\":\"https:\/\/www.staging.imesch-produkte.ch\/wp-content\/uploads\/2020\/06\/WEB_2MS310002Mophalter-Duotex01.jpg\",\"datePublished\":\"2020-06-12T09:08:28+00:00\",\"dateModified\":\"2024-02-26T15:35:16+00:00\",\"description\":\"Der Mopphalter aus Aluminium erf\u00fcllt die h\u00f6chsten Reinigungs- und Hygieneanforderungen. Er ist \u00e4usserst resistent und hinterl\u00e4sst keine sichtbaren Spuren.\",\"breadcrumb\":{\"@id\":\"https:\/\/www.staging.imesch-produkte.ch\/?product=mopphalter-duotex-kunststoff-40-cm#breadcrumb\"},\"inLanguage\":\"de\",\"potentialAction\":[{\"@type\":\"ReadAction\",\"target\":[\"https:\/\/www.staging.imesch-produkte.ch\/?product=mopphalter-duotex-kunststoff-40-cm\"]}]},{\"@type\":\"ImageObject\",\"inLanguage\":\"de\",\"@id\":\"https:\/\/www.staging.imesch-produkte.ch\/?product=mopphalter-duotex-kunststoff-40-cm#primaryimage\",\"url\":\"https:\/\/www.staging.imesch-produkte.ch\/wp-content\/uploads\/2020\/06\/WEB_2MS310002Mophalter-Duotex01.jpg\",\"contentUrl\":\"https:\/\/www.staging.imesch-produkte.ch\/wp-content\/uploads\/2020\/06\/WEB_2MS310002Mophalter-Duotex01.jpg\",\"width\":500,\"height\":500,\"caption\":\"Mopphalter Duotex\"},{\"@type\":\"BreadcrumbList\",\"@id\":\"https:\/\/www.staging.imesch-produkte.ch\/?product=mopphalter-duotex-kunststoff-40-cm#breadcrumb\",\"itemListElement\":[{\"@type\":\"ListItem\",\"position\":1,\"name\":\"Startseite\",\"item\":\"https:\/\/www.staging.imesch-produkte.ch\/\"},{\"@type\":\"ListItem\",\"position\":2,\"name\":\"Shop\",\"item\":\"https:\/\/www.staging.imesch-produkte.ch\/?page_id=401\"},{\"@type\":\"ListItem\",\"position\":3,\"name\":\"Mopphalter Duotex, Kunststoff, 40 cm\"}]},{\"@type\":\"WebSite\",\"@id\":\"https:\/\/www.staging.imesch-produkte.ch\/#website\",\"url\":\"https:\/\/www.staging.imesch-produkte.ch\/\",\"name\":\"Imesch-Produkte\",\"description\":\"Qualit\u00e4t verbindet Generationen\",\"publisher\":{\"@id\":\"https:\/\/www.staging.imesch-produkte.ch\/#organization\"},\"potentialAction\":[{\"@type\":\"SearchAction\",\"target\":{\"@type\":\"EntryPoint\",\"urlTemplate\":\"https:\/\/www.staging.imesch-produkte.ch\/?s={search_term_string}\"},\"query-input\":{\"@type\":\"PropertyValueSpecification\",\"valueRequired\":true,\"valueName\":\"search_term_string\"}}],\"inLanguage\":\"de\"},{\"@type\":\"Organization\",\"@id\":\"https:\/\/www.staging.imesch-produkte.ch\/#organization\",\"name\":\"Imesch-Produkte GmbH\",\"url\":\"https:\/\/www.staging.imesch-produkte.ch\/\",\"logo\":{\"@type\":\"ImageObject\",\"inLanguage\":\"de\",\"@id\":\"https:\/\/www.staging.imesch-produkte.ch\/#\/schema\/logo\/image\/\",\"url\":\"https:\/\/i0.wp.com\/www.imesch-produkte.ch\/wordpress\/wp-content\/uploads\/2020\/04\/Logo_Imesch_Produkte.png?fit=871%2C456&ssl=1\",\"contentUrl\":\"https:\/\/i0.wp.com\/www.imesch-produkte.ch\/wordpress\/wp-content\/uploads\/2020\/04\/Logo_Imesch_Produkte.png?fit=871%2C456&ssl=1\",\"width\":871,\"height\":456,\"caption\":\"Imesch-Produkte GmbH\"},\"image\":{\"@id\":\"https:\/\/www.staging.imesch-produkte.ch\/#\/schema\/logo\/image\/\"}}]}<\/script>\n<!-- \/ Yoast SEO plugin. -->","yoast_head_json":{"title":"Mopphalter Duotex, Kunststoff, 40 cm | Imesch Produkte","description":"Der Mopphalter aus Aluminium erf\u00fcllt die h\u00f6chsten Reinigungs- und Hygieneanforderungen. Er ist \u00e4usserst resistent und hinterl\u00e4sst keine sichtbaren Spuren.","robots":{"index":"noindex","follow":"follow","max-snippet":"max-snippet:-1","max-image-preview":"max-image-preview:large","max-video-preview":"max-video-preview:-1"},"og_locale":"de_DE","og_type":"article","og_title":"Mopphalter Duotex, Kunststoff, 40 cm | Imesch Produkte","og_description":"Der Mopphalter aus Aluminium erf\u00fcllt die h\u00f6chsten Reinigungs- und Hygieneanforderungen. Er ist \u00e4usserst resistent und hinterl\u00e4sst keine sichtbaren Spuren.","og_url":"https:\/\/www.staging.imesch-produkte.ch\/?product=mopphalter-duotex-kunststoff-40-cm","og_site_name":"Imesch Produkte","article_modified_time":"2024-02-26T15:35:16+00:00","og_image":[{"width":500,"height":500,"url":"https:\/\/www.staging.imesch-produkte.ch\/wp-content\/uploads\/2020\/06\/WEB_2MS310002Mophalter-Duotex01.jpg","type":"image\/jpeg"}],"twitter_card":"summary_large_image","schema":{"@context":"https:\/\/schema.org","@graph":[{"@type":"WebPage","@id":"https:\/\/www.staging.imesch-produkte.ch\/?product=mopphalter-duotex-kunststoff-40-cm","url":"https:\/\/www.staging.imesch-produkte.ch\/?product=mopphalter-duotex-kunststoff-40-cm","name":"Mopphalter Duotex, Kunststoff, 40 cm | Imesch Produkte","isPartOf":{"@id":"https:\/\/www.staging.imesch-produkte.ch\/#website"},"primaryImageOfPage":{"@id":"https:\/\/www.staging.imesch-produkte.ch\/?product=mopphalter-duotex-kunststoff-40-cm#primaryimage"},"image":{"@id":"https:\/\/www.staging.imesch-produkte.ch\/?product=mopphalter-duotex-kunststoff-40-cm#primaryimage"},"thumbnailUrl":"https:\/\/www.staging.imesch-produkte.ch\/wp-content\/uploads\/2020\/06\/WEB_2MS310002Mophalter-Duotex01.jpg","datePublished":"2020-06-12T09:08:28+00:00","dateModified":"2024-02-26T15:35:16+00:00","description":"Der Mopphalter aus Aluminium erf\u00fcllt die h\u00f6chsten Reinigungs- und Hygieneanforderungen. Er ist \u00e4usserst resistent und hinterl\u00e4sst keine sichtbaren Spuren.","breadcrumb":{"@id":"https:\/\/www.staging.imesch-produkte.ch\/?product=mopphalter-duotex-kunststoff-40-cm#breadcrumb"},"inLanguage":"de","potentialAction":[{"@type":"ReadAction","target":["https:\/\/www.staging.imesch-produkte.ch\/?product=mopphalter-duotex-kunststoff-40-cm"]}]},{"@type":"ImageObject","inLanguage":"de","@id":"https:\/\/www.staging.imesch-produkte.ch\/?product=mopphalter-duotex-kunststoff-40-cm#primaryimage","url":"https:\/\/www.staging.imesch-produkte.ch\/wp-content\/uploads\/2020\/06\/WEB_2MS310002Mophalter-Duotex01.jpg","contentUrl":"https:\/\/www.staging.imesch-produkte.ch\/wp-content\/uploads\/2020\/06\/WEB_2MS310002Mophalter-Duotex01.jpg","width":500,"height":500,"caption":"Mopphalter Duotex"},{"@type":"BreadcrumbList","@id":"https:\/\/www.staging.imesch-produkte.ch\/?product=mopphalter-duotex-kunststoff-40-cm#breadcrumb","itemListElement":[{"@type":"ListItem","position":1,"name":"Startseite","item":"https:\/\/www.staging.imesch-produkte.ch\/"},{"@type":"ListItem","position":2,"name":"Shop","item":"https:\/\/www.staging.imesch-produkte.ch\/?page_id=401"},{"@type":"ListItem","position":3,"name":"Mopphalter Duotex, Kunststoff, 40 cm"}]},{"@type":"WebSite","@id":"https:\/\/www.staging.imesch-produkte.ch\/#website","url":"https:\/\/www.staging.imesch-produkte.ch\/","name":"Imesch-Produkte","description":"Qualit\u00e4t verbindet Generationen","publisher":{"@id":"https:\/\/www.staging.imesch-produkte.ch\/#organization"},"potentialAction":[{"@type":"SearchAction","target":{"@type":"EntryPoint","urlTemplate":"https:\/\/www.staging.imesch-produkte.ch\/?s={search_term_string}"},"query-input":{"@type":"PropertyValueSpecification","valueRequired":true,"valueName":"search_term_string"}}],"inLanguage":"de"},{"@type":"Organization","@id":"https:\/\/www.staging.imesch-produkte.ch\/#organization","name":"Imesch-Produkte GmbH","url":"https:\/\/www.staging.imesch-produkte.ch\/","logo":{"@type":"ImageObject","inLanguage":"de","@id":"https:\/\/www.staging.imesch-produkte.ch\/#\/schema\/logo\/image\/","url":"https:\/\/i0.wp.com\/www.imesch-produkte.ch\/wordpress\/wp-content\/uploads\/2020\/04\/Logo_Imesch_Produkte.png?fit=871%2C456&ssl=1","contentUrl":"https:\/\/i0.wp.com\/www.imesch-produkte.ch\/wordpress\/wp-content\/uploads\/2020\/04\/Logo_Imesch_Produkte.png?fit=871%2C456&ssl=1","width":871,"height":456,"caption":"Imesch-Produkte GmbH"},"image":{"@id":"https:\/\/www.staging.imesch-produkte.ch\/#\/schema\/logo\/image\/"}}]}},"_links":{"self":[{"href":"https:\/\/www.staging.imesch-produkte.ch\/index.php?rest_route=\/wp\/v2\/product\/7541","targetHints":{"allow":["GET"]}}],"collection":[{"href":"https:\/\/www.staging.imesch-produkte.ch\/index.php?rest_route=\/wp\/v2\/product"}],"about":[{"href":"https:\/\/www.staging.imesch-produkte.ch\/index.php?rest_route=\/wp\/v2\/types\/product"}],"replies":[{"embeddable":true,"href":"https:\/\/www.staging.imesch-produkte.ch\/index.php?rest_route=%2Fwp%2Fv2%2Fcomments&post=7541"}],"version-history":[{"count":0,"href":"https:\/\/www.staging.imesch-produkte.ch\/index.php?rest_route=\/wp\/v2\/product\/7541\/revisions"}],"wp:featuredmedia":[{"embeddable":true,"href":"https:\/\/www.staging.imesch-produkte.ch\/index.php?rest_route=\/wp\/v2\/media\/7542"}],"wp:attachment":[{"href":"https:\/\/www.staging.imesch-produkte.ch\/index.php?rest_route=%2Fwp%2Fv2%2Fmedia&parent=7541"}],"wp:term":[{"taxonomy":"product_cat","embeddable":true,"href":"https:\/\/www.staging.imesch-produkte.ch\/index.php?rest_route=%2Fwp%2Fv2%2Fproduct_cat&post=7541"},{"taxonomy":"product_tag","embeddable":true,"href":"https:\/\/www.staging.imesch-produkte.ch\/index.php?rest_route=%2Fwp%2Fv2%2Fproduct_tag&post=7541"}],"curies":[{"name":"wp","href":"https:\/\/api.w.org\/{rel}","templated":true}]}}