{"id":7612,"date":"2020-06-12T11:28:35","date_gmt":"2020-06-12T09:28:35","guid":{"rendered":"https:\/\/www.imesch-produkte.ch\/?post_type=product&#038;p=7612"},"modified":"2024-02-26T16:35:18","modified_gmt":"2024-02-26T15:35:18","slug":"fensterabzieher-aluminium-t-traeger-bionic","status":"publish","type":"product","link":"https:\/\/www.staging.imesch-produkte.ch\/?product=fensterabzieher-aluminium-t-traeger-bionic","title":{"rendered":"Fensterabzieher Aluminium T-Tr\u00e4ger Bionic"},"content":{"rendered":"<h1>Fensterabzieher Aluminium T-Tr\u00e4ger Bionic<\/h1>\n<p>Der Fensterabzieher Aluminium T-Tr\u00e4ger Bionic mit ergonomischem BI-Komponenten-Griff ist ein innovatives Werkzeug, um deine Fenster und Oberfl\u00e4chen sauber zu halten. Das einzigartige Design des Fensterabziehers besteht aus einer T-Balken-Schneide aus Aluminium, die st\u00e4rker und steifer als herk\u00f6mmliche Abzieher ist. Dies erm\u00f6glicht es dir gleichm\u00e4ssigen Druck auf die Oberfl\u00e4chen auszu\u00fcben, um streifenfrei zu reinigen. Der ergonomische BI-Komponenten-Griff sorgt f\u00fcr \u00fcberragenden Komfort und Kontrolle bei der Benutzung. Er liegt gut in der Hand und seine Form f\u00f6rdert die optimale Position zum Schrubben von Oberfl\u00e4chen.<\/p>\n<p>Der T-Balken aus Aluminium ist mit einer abnehmbaren Gummiklinge ausgestattet, die bei Bedarf leicht ausgetauscht werden kann. Ausserdem hat dieser Abzieher einen einzigartigen abgewinkelten Kopf, mit dem du auch schwer zug\u00e4ngliche Stellen wie Ecken und Kanten erreichen kannst. So kannst du auch die Innenseite von Fenstern oder Spiegeln reinigen, ohne deinen K\u00f6rper in eine unbequeme Position bringen zu m\u00fcssen.<\/p>\n<p>Der Fensterabzieher Aluminium T-Beam Bionic mit ergonomischem BI-Komponentengriff ist definitiv das ultimative Werkzeug, um deine Fenster und Oberfl\u00e4chen blitzsauber zu halten!<\/p>\n","protected":false},"excerpt":{"rendered":"<p>Der Fensterabzieher Aluminium T-Tr\u00e4ger Bionic mit ergonomischem BI-Komponentengriff ist ein Werkzeug zur Reinigung von Fenstern. Der T-Tr\u00e4ger aus Aluminium und der BI-Komponentengriff sorgen f\u00fcr Stabilit\u00e4t und ergonomische Anwendung. Der Abzieher eignet sich zur Anwendung von Reinigungsmitteln und ist ideal f\u00fcr den Haushalt und die professionelle Anwendung.<\/p>\n","protected":false},"featured_media":7618,"comment_status":"open","ping_status":"closed","template":"","meta":[],"product_cat":[847,849],"product_tag":[98,825,733,94,699],"class_list":{"0":"post-7612","1":"product","2":"type-product","3":"status-publish","4":"has-post-thumbnail","6":"product_cat-reinigung","7":"product_cat-reinigungsutensilien-reinigung","8":"product_tag-fest","9":"product_tag-fruehlingsputz","10":"product_tag-gastronomie","11":"product_tag-haushalt","12":"product_tag-unternehmen","13":"pa_groesse-25-cm","14":"pa_groesse-35-cm","15":"pa_groesse-45-cm","16":"pa_groesse-55-cm","18":"first","19":"instock","20":"taxable","21":"shipping-taxable","22":"purchasable","23":"product-type-variable"},"yoast_head":"<!-- This site is optimized with the Yoast SEO plugin v23.9 - https:\/\/yoast.com\/wordpress\/plugins\/seo\/ -->\n<title>Fensterabzieher Aluminium T-Tr\u00e4ger Bionic | Imesch Produkte<\/title>\n<meta name=\"description\" content=\"Fensterabzieher mit Aluminium T-Tr\u00e4ger Bionic und ergonomischem BI-Griff f\u00fcr m\u00fchelose Fensterreinigung zu Hause und beruflich.\" \/>\n<meta name=\"robots\" content=\"noindex, follow, max-snippet:-1, max-image-preview:large, max-video-preview:-1\" \/>\n<meta property=\"og:locale\" content=\"de_DE\" \/>\n<meta property=\"og:type\" content=\"article\" \/>\n<meta property=\"og:title\" content=\"Fensterabzieher Aluminium T-Tr\u00e4ger Bionic | Imesch Produkte\" \/>\n<meta property=\"og:description\" content=\"Fensterabzieher mit Aluminium T-Tr\u00e4ger Bionic und ergonomischem BI-Griff f\u00fcr m\u00fchelose Fensterreinigung zu Hause und beruflich.\" \/>\n<meta property=\"og:url\" content=\"https:\/\/www.staging.imesch-produkte.ch\/?product=fensterabzieher-aluminium-t-traeger-bionic\" \/>\n<meta property=\"og:site_name\" content=\"Imesch Produkte\" \/>\n<meta property=\"article:modified_time\" content=\"2024-02-26T15:35:18+00:00\" \/>\n<meta property=\"og:image\" content=\"https:\/\/www.staging.imesch-produkte.ch\/wp-content\/uploads\/2020\/06\/WEB_854-10033_54-10034_54-10035_54-10036Fenster-Aluminium-T-Tr\u00e4ger.jpg\" \/>\n\t<meta property=\"og:image:width\" content=\"500\" \/>\n\t<meta property=\"og:image:height\" content=\"500\" \/>\n\t<meta property=\"og:image:type\" content=\"image\/jpeg\" \/>\n<meta name=\"twitter:card\" content=\"summary_large_image\" \/>\n<meta name=\"twitter:label1\" content=\"Gesch\u00e4tzte Lesezeit\" \/>\n\t<meta name=\"twitter:data1\" content=\"1\u00a0Minute\" \/>\n<script type=\"application\/ld+json\" class=\"yoast-schema-graph\">{\"@context\":\"https:\/\/schema.org\",\"@graph\":[{\"@type\":\"WebPage\",\"@id\":\"https:\/\/www.staging.imesch-produkte.ch\/?product=fensterabzieher-aluminium-t-traeger-bionic\",\"url\":\"https:\/\/www.staging.imesch-produkte.ch\/?product=fensterabzieher-aluminium-t-traeger-bionic\",\"name\":\"Fensterabzieher Aluminium T-Tr\u00e4ger Bionic | Imesch Produkte\",\"isPartOf\":{\"@id\":\"https:\/\/www.staging.imesch-produkte.ch\/#website\"},\"primaryImageOfPage\":{\"@id\":\"https:\/\/www.staging.imesch-produkte.ch\/?product=fensterabzieher-aluminium-t-traeger-bionic#primaryimage\"},\"image\":{\"@id\":\"https:\/\/www.staging.imesch-produkte.ch\/?product=fensterabzieher-aluminium-t-traeger-bionic#primaryimage\"},\"thumbnailUrl\":\"https:\/\/www.staging.imesch-produkte.ch\/wp-content\/uploads\/2020\/06\/WEB_854-10033_54-10034_54-10035_54-10036Fenster-Aluminium-T-Tr\u00e4ger.jpg\",\"datePublished\":\"2020-06-12T09:28:35+00:00\",\"dateModified\":\"2024-02-26T15:35:18+00:00\",\"description\":\"Fensterabzieher mit Aluminium T-Tr\u00e4ger Bionic und ergonomischem BI-Griff f\u00fcr m\u00fchelose Fensterreinigung zu Hause und beruflich.\",\"breadcrumb\":{\"@id\":\"https:\/\/www.staging.imesch-produkte.ch\/?product=fensterabzieher-aluminium-t-traeger-bionic#breadcrumb\"},\"inLanguage\":\"de\",\"potentialAction\":[{\"@type\":\"ReadAction\",\"target\":[\"https:\/\/www.staging.imesch-produkte.ch\/?product=fensterabzieher-aluminium-t-traeger-bionic\"]}]},{\"@type\":\"ImageObject\",\"inLanguage\":\"de\",\"@id\":\"https:\/\/www.staging.imesch-produkte.ch\/?product=fensterabzieher-aluminium-t-traeger-bionic#primaryimage\",\"url\":\"https:\/\/www.staging.imesch-produkte.ch\/wp-content\/uploads\/2020\/06\/WEB_854-10033_54-10034_54-10035_54-10036Fenster-Aluminium-T-Tr\u00e4ger.jpg\",\"contentUrl\":\"https:\/\/www.staging.imesch-produkte.ch\/wp-content\/uploads\/2020\/06\/WEB_854-10033_54-10034_54-10035_54-10036Fenster-Aluminium-T-Tr\u00e4ger.jpg\",\"width\":500,\"height\":500,\"caption\":\"Fensterabzieher mit Aluminium T-Tr\u00e4ger und ergonomischem BI-Komponentengriff zur m\u00fchelosen Reinigung von Fenstern im Haushalt oder professionell. Stabiler T-Tr\u00e4ger und flexibler BI-Griff sorgen f\u00fcr bequeme Anwendung mit Reinigungsmitteln.\"},{\"@type\":\"BreadcrumbList\",\"@id\":\"https:\/\/www.staging.imesch-produkte.ch\/?product=fensterabzieher-aluminium-t-traeger-bionic#breadcrumb\",\"itemListElement\":[{\"@type\":\"ListItem\",\"position\":1,\"name\":\"Startseite\",\"item\":\"https:\/\/www.staging.imesch-produkte.ch\/\"},{\"@type\":\"ListItem\",\"position\":2,\"name\":\"Shop\",\"item\":\"https:\/\/www.staging.imesch-produkte.ch\/?page_id=401\"},{\"@type\":\"ListItem\",\"position\":3,\"name\":\"Fensterabzieher Aluminium T-Tr\u00e4ger Bionic\"}]},{\"@type\":\"WebSite\",\"@id\":\"https:\/\/www.staging.imesch-produkte.ch\/#website\",\"url\":\"https:\/\/www.staging.imesch-produkte.ch\/\",\"name\":\"Imesch-Produkte\",\"description\":\"Qualit\u00e4t verbindet Generationen\",\"publisher\":{\"@id\":\"https:\/\/www.staging.imesch-produkte.ch\/#organization\"},\"potentialAction\":[{\"@type\":\"SearchAction\",\"target\":{\"@type\":\"EntryPoint\",\"urlTemplate\":\"https:\/\/www.staging.imesch-produkte.ch\/?s={search_term_string}\"},\"query-input\":{\"@type\":\"PropertyValueSpecification\",\"valueRequired\":true,\"valueName\":\"search_term_string\"}}],\"inLanguage\":\"de\"},{\"@type\":\"Organization\",\"@id\":\"https:\/\/www.staging.imesch-produkte.ch\/#organization\",\"name\":\"Imesch-Produkte GmbH\",\"url\":\"https:\/\/www.staging.imesch-produkte.ch\/\",\"logo\":{\"@type\":\"ImageObject\",\"inLanguage\":\"de\",\"@id\":\"https:\/\/www.staging.imesch-produkte.ch\/#\/schema\/logo\/image\/\",\"url\":\"https:\/\/i0.wp.com\/www.imesch-produkte.ch\/wordpress\/wp-content\/uploads\/2020\/04\/Logo_Imesch_Produkte.png?fit=871%2C456&ssl=1\",\"contentUrl\":\"https:\/\/i0.wp.com\/www.imesch-produkte.ch\/wordpress\/wp-content\/uploads\/2020\/04\/Logo_Imesch_Produkte.png?fit=871%2C456&ssl=1\",\"width\":871,\"height\":456,\"caption\":\"Imesch-Produkte GmbH\"},\"image\":{\"@id\":\"https:\/\/www.staging.imesch-produkte.ch\/#\/schema\/logo\/image\/\"}}]}<\/script>\n<!-- \/ Yoast SEO plugin. -->","yoast_head_json":{"title":"Fensterabzieher Aluminium T-Tr\u00e4ger Bionic | Imesch Produkte","description":"Fensterabzieher mit Aluminium T-Tr\u00e4ger Bionic und ergonomischem BI-Griff f\u00fcr m\u00fchelose Fensterreinigung zu Hause und beruflich.","robots":{"index":"noindex","follow":"follow","max-snippet":"max-snippet:-1","max-image-preview":"max-image-preview:large","max-video-preview":"max-video-preview:-1"},"og_locale":"de_DE","og_type":"article","og_title":"Fensterabzieher Aluminium T-Tr\u00e4ger Bionic | Imesch Produkte","og_description":"Fensterabzieher mit Aluminium T-Tr\u00e4ger Bionic und ergonomischem BI-Griff f\u00fcr m\u00fchelose Fensterreinigung zu Hause und beruflich.","og_url":"https:\/\/www.staging.imesch-produkte.ch\/?product=fensterabzieher-aluminium-t-traeger-bionic","og_site_name":"Imesch Produkte","article_modified_time":"2024-02-26T15:35:18+00:00","og_image":[{"width":500,"height":500,"url":"https:\/\/www.staging.imesch-produkte.ch\/wp-content\/uploads\/2020\/06\/WEB_854-10033_54-10034_54-10035_54-10036Fenster-Aluminium-T-Tr\u00e4ger.jpg","type":"image\/jpeg"}],"twitter_card":"summary_large_image","twitter_misc":{"Gesch\u00e4tzte Lesezeit":"1\u00a0Minute"},"schema":{"@context":"https:\/\/schema.org","@graph":[{"@type":"WebPage","@id":"https:\/\/www.staging.imesch-produkte.ch\/?product=fensterabzieher-aluminium-t-traeger-bionic","url":"https:\/\/www.staging.imesch-produkte.ch\/?product=fensterabzieher-aluminium-t-traeger-bionic","name":"Fensterabzieher Aluminium T-Tr\u00e4ger Bionic | Imesch Produkte","isPartOf":{"@id":"https:\/\/www.staging.imesch-produkte.ch\/#website"},"primaryImageOfPage":{"@id":"https:\/\/www.staging.imesch-produkte.ch\/?product=fensterabzieher-aluminium-t-traeger-bionic#primaryimage"},"image":{"@id":"https:\/\/www.staging.imesch-produkte.ch\/?product=fensterabzieher-aluminium-t-traeger-bionic#primaryimage"},"thumbnailUrl":"https:\/\/www.staging.imesch-produkte.ch\/wp-content\/uploads\/2020\/06\/WEB_854-10033_54-10034_54-10035_54-10036Fenster-Aluminium-T-Tr\u00e4ger.jpg","datePublished":"2020-06-12T09:28:35+00:00","dateModified":"2024-02-26T15:35:18+00:00","description":"Fensterabzieher mit Aluminium T-Tr\u00e4ger Bionic und ergonomischem BI-Griff f\u00fcr m\u00fchelose Fensterreinigung zu Hause und beruflich.","breadcrumb":{"@id":"https:\/\/www.staging.imesch-produkte.ch\/?product=fensterabzieher-aluminium-t-traeger-bionic#breadcrumb"},"inLanguage":"de","potentialAction":[{"@type":"ReadAction","target":["https:\/\/www.staging.imesch-produkte.ch\/?product=fensterabzieher-aluminium-t-traeger-bionic"]}]},{"@type":"ImageObject","inLanguage":"de","@id":"https:\/\/www.staging.imesch-produkte.ch\/?product=fensterabzieher-aluminium-t-traeger-bionic#primaryimage","url":"https:\/\/www.staging.imesch-produkte.ch\/wp-content\/uploads\/2020\/06\/WEB_854-10033_54-10034_54-10035_54-10036Fenster-Aluminium-T-Tr\u00e4ger.jpg","contentUrl":"https:\/\/www.staging.imesch-produkte.ch\/wp-content\/uploads\/2020\/06\/WEB_854-10033_54-10034_54-10035_54-10036Fenster-Aluminium-T-Tr\u00e4ger.jpg","width":500,"height":500,"caption":"Fensterabzieher mit Aluminium T-Tr\u00e4ger und ergonomischem BI-Komponentengriff zur m\u00fchelosen Reinigung von Fenstern im Haushalt oder professionell. Stabiler T-Tr\u00e4ger und flexibler BI-Griff sorgen f\u00fcr bequeme Anwendung mit Reinigungsmitteln."},{"@type":"BreadcrumbList","@id":"https:\/\/www.staging.imesch-produkte.ch\/?product=fensterabzieher-aluminium-t-traeger-bionic#breadcrumb","itemListElement":[{"@type":"ListItem","position":1,"name":"Startseite","item":"https:\/\/www.staging.imesch-produkte.ch\/"},{"@type":"ListItem","position":2,"name":"Shop","item":"https:\/\/www.staging.imesch-produkte.ch\/?page_id=401"},{"@type":"ListItem","position":3,"name":"Fensterabzieher Aluminium T-Tr\u00e4ger Bionic"}]},{"@type":"WebSite","@id":"https:\/\/www.staging.imesch-produkte.ch\/#website","url":"https:\/\/www.staging.imesch-produkte.ch\/","name":"Imesch-Produkte","description":"Qualit\u00e4t verbindet Generationen","publisher":{"@id":"https:\/\/www.staging.imesch-produkte.ch\/#organization"},"potentialAction":[{"@type":"SearchAction","target":{"@type":"EntryPoint","urlTemplate":"https:\/\/www.staging.imesch-produkte.ch\/?s={search_term_string}"},"query-input":{"@type":"PropertyValueSpecification","valueRequired":true,"valueName":"search_term_string"}}],"inLanguage":"de"},{"@type":"Organization","@id":"https:\/\/www.staging.imesch-produkte.ch\/#organization","name":"Imesch-Produkte GmbH","url":"https:\/\/www.staging.imesch-produkte.ch\/","logo":{"@type":"ImageObject","inLanguage":"de","@id":"https:\/\/www.staging.imesch-produkte.ch\/#\/schema\/logo\/image\/","url":"https:\/\/i0.wp.com\/www.imesch-produkte.ch\/wordpress\/wp-content\/uploads\/2020\/04\/Logo_Imesch_Produkte.png?fit=871%2C456&ssl=1","contentUrl":"https:\/\/i0.wp.com\/www.imesch-produkte.ch\/wordpress\/wp-content\/uploads\/2020\/04\/Logo_Imesch_Produkte.png?fit=871%2C456&ssl=1","width":871,"height":456,"caption":"Imesch-Produkte GmbH"},"image":{"@id":"https:\/\/www.staging.imesch-produkte.ch\/#\/schema\/logo\/image\/"}}]}},"_links":{"self":[{"href":"https:\/\/www.staging.imesch-produkte.ch\/index.php?rest_route=\/wp\/v2\/product\/7612","targetHints":{"allow":["GET"]}}],"collection":[{"href":"https:\/\/www.staging.imesch-produkte.ch\/index.php?rest_route=\/wp\/v2\/product"}],"about":[{"href":"https:\/\/www.staging.imesch-produkte.ch\/index.php?rest_route=\/wp\/v2\/types\/product"}],"replies":[{"embeddable":true,"href":"https:\/\/www.staging.imesch-produkte.ch\/index.php?rest_route=%2Fwp%2Fv2%2Fcomments&post=7612"}],"version-history":[{"count":2,"href":"https:\/\/www.staging.imesch-produkte.ch\/index.php?rest_route=\/wp\/v2\/product\/7612\/revisions"}],"predecessor-version":[{"id":17507,"href":"https:\/\/www.staging.imesch-produkte.ch\/index.php?rest_route=\/wp\/v2\/product\/7612\/revisions\/17507"}],"wp:featuredmedia":[{"embeddable":true,"href":"https:\/\/www.staging.imesch-produkte.ch\/index.php?rest_route=\/wp\/v2\/media\/7618"}],"wp:attachment":[{"href":"https:\/\/www.staging.imesch-produkte.ch\/index.php?rest_route=%2Fwp%2Fv2%2Fmedia&parent=7612"}],"wp:term":[{"taxonomy":"product_cat","embeddable":true,"href":"https:\/\/www.staging.imesch-produkte.ch\/index.php?rest_route=%2Fwp%2Fv2%2Fproduct_cat&post=7612"},{"taxonomy":"product_tag","embeddable":true,"href":"https:\/\/www.staging.imesch-produkte.ch\/index.php?rest_route=%2Fwp%2Fv2%2Fproduct_tag&post=7612"}],"curies":[{"name":"wp","href":"https:\/\/api.w.org\/{rel}","templated":true}]}}