{"id":7675,"date":"2020-06-12T16:30:42","date_gmt":"2020-06-12T14:30:42","guid":{"rendered":"https:\/\/www.imesch-produkte.ch\/?post_type=product&#038;p=7675"},"modified":"2024-02-26T16:35:22","modified_gmt":"2024-02-26T15:35:22","slug":"fensterabzieher-basic","status":"publish","type":"product","link":"https:\/\/www.staging.imesch-produkte.ch\/?product=fensterabzieher-basic","title":{"rendered":"Fensterabzieher Basic"},"content":{"rendered":"<h1>Fensterabzieher Basic<\/h1>\n<p>Dieser Fensterabzieher Basic mit Kunststoffgriff und Aluminiumschiene ist das perfekte Werkzeug f\u00fcr die Reinigung von Fenstern, Glas, Spiegeln und anderen glatten Oberfl\u00e4chen. Der ergonomisch geformte Griff ist aus strapazierf\u00e4higem Kunststoff gefertigt. Der Griff liegt gut in der Hand, auch wenn er nass ist. Die Aluminiumschiene ist stabil und leicht, sodass du grosse Fl\u00e4chen schnell reinigen kannst. Mit seinem gebogenen Kopf passt dieser Fensterabzieher leicht in Ecken und enge R\u00e4ume. Die Gummiklinge ist weich und dennoch fest genug, um Schmutz, Staub, Flecken und Schlieren zu entfernen. Ganz ohne die Oberfl\u00e4che zu zerkratzen oder Streifen zu hinterlassen. Dank seines einfachen Designs kannst du ihn mit nur einer Hand \u00fcber einen l\u00e4ngeren Zeitraum benutzen, ohne dass dein Arm oder dein Handgelenk erm\u00fcdet. Dieser Fensterabzieher mit Kunststoffgriff und Aluminiumschiene eignet sich perfekt f\u00fcr professionelle Reiniger oder den normalen Hausgebrauch. Er sorgt f\u00fcr strahlend saubere Fenster, ohne R\u00fcckst\u00e4nde oder Schlieren zu hinterlassen.<\/p>\n","protected":false},"excerpt":{"rendered":"<p>Dieser Fensterabzieher ist perfekt f\u00fcr eine Vielzahl von Reinigungsaufgaben. Er hat einen Kunststoffgriff und eine Aluminiumschiene, die ihn robust und widerstandsf\u00e4hig gegen Abnutzung macht. Der Griff ist ergonomisch geformt, sodass er gut in der Hand liegt und bequem benutzt werden kann. Sein modernes Design erm\u00f6glicht es dir, den Abzieher leicht in engen R\u00e4umen zu man\u00f6vrieren, was ihn ideal f\u00fcr Fenster mit komplizierten Formen oder Mustern macht.<\/p>\n<p>Das hochwertige Gummiblatt sorgt daf\u00fcr, dass deine Fensterfl\u00e4chen nach jedem Gebrauch streifenfrei sind. Dank seiner zuverl\u00e4ssigen Konstruktion verbiegt sich dieser Abzieher nicht und bricht auch nicht, wenn er st\u00e4ndigem Druck durch Wischen oder Reiben ausgesetzt ist.<\/p>\n<p>Dieser Fensterabzieher ist sowohl f\u00fcr den Innen- als auch f\u00fcr den Aussenbereich geeignet und kann Schmutz, Staub, Fingerabdr\u00fccke, Ungeziefer und andere Verschmutzungen schnell und effizient beseitigen. Dieser pflegeleichte und \u00e4usserst langlebige Fensterabzieher k\u00f6nnte die perfekte Erg\u00e4nzung f\u00fcr dein Reinigungsarsenal zu Hause oder in deinem Unternehmen sein!<\/p>\n","protected":false},"featured_media":7678,"comment_status":"open","ping_status":"closed","template":"","meta":[],"product_cat":[847,849],"product_tag":[98,825,733,94,699],"class_list":{"0":"post-7675","1":"product","2":"type-product","3":"status-publish","4":"has-post-thumbnail","6":"product_cat-reinigung","7":"product_cat-reinigungsutensilien-reinigung","8":"product_tag-fest","9":"product_tag-fruehlingsputz","10":"product_tag-gastronomie","11":"product_tag-haushalt","12":"product_tag-unternehmen","13":"pa_groesse-25-cm","14":"pa_groesse-35-cm","16":"first","17":"instock","18":"taxable","19":"shipping-taxable","20":"purchasable","21":"product-type-variable"},"yoast_head":"<!-- This site is optimized with the Yoast SEO plugin v23.9 - https:\/\/yoast.com\/wordpress\/plugins\/seo\/ -->\n<title>Fensterabzieher Basic | Imesch Produkte<\/title>\n<meta name=\"description\" content=\"Der Fensterabzieher Basic f\u00fcr eine einfach effiziente Fensterreinigung. Er ist langlebig und garantiert streifenfreie Ergebnisse.\" \/>\n<meta name=\"robots\" content=\"noindex, follow, max-snippet:-1, max-image-preview:large, max-video-preview:-1\" \/>\n<meta property=\"og:locale\" content=\"de_DE\" \/>\n<meta property=\"og:type\" content=\"article\" \/>\n<meta property=\"og:title\" content=\"Fensterabzieher Basic | Imesch Produkte\" \/>\n<meta property=\"og:description\" content=\"Der Fensterabzieher Basic f\u00fcr eine einfach effiziente Fensterreinigung. Er ist langlebig und garantiert streifenfreie Ergebnisse.\" \/>\n<meta property=\"og:url\" content=\"https:\/\/www.staging.imesch-produkte.ch\/?product=fensterabzieher-basic\" \/>\n<meta property=\"og:site_name\" content=\"Imesch Produkte\" \/>\n<meta property=\"article:modified_time\" content=\"2024-02-26T15:35:22+00:00\" \/>\n<meta property=\"og:image\" content=\"https:\/\/www.staging.imesch-produkte.ch\/wp-content\/uploads\/2020\/06\/WEB_854175_Fensterabzieher_Basic.jpg\" \/>\n\t<meta property=\"og:image:width\" content=\"500\" \/>\n\t<meta property=\"og:image:height\" content=\"500\" \/>\n\t<meta property=\"og:image:type\" content=\"image\/jpeg\" \/>\n<meta name=\"twitter:card\" content=\"summary_large_image\" \/>\n<meta name=\"twitter:label1\" content=\"Gesch\u00e4tzte Lesezeit\" \/>\n\t<meta name=\"twitter:data1\" content=\"1\u00a0Minute\" \/>\n<script type=\"application\/ld+json\" class=\"yoast-schema-graph\">{\"@context\":\"https:\/\/schema.org\",\"@graph\":[{\"@type\":\"WebPage\",\"@id\":\"https:\/\/www.staging.imesch-produkte.ch\/?product=fensterabzieher-basic\",\"url\":\"https:\/\/www.staging.imesch-produkte.ch\/?product=fensterabzieher-basic\",\"name\":\"Fensterabzieher Basic | Imesch Produkte\",\"isPartOf\":{\"@id\":\"https:\/\/www.staging.imesch-produkte.ch\/#website\"},\"primaryImageOfPage\":{\"@id\":\"https:\/\/www.staging.imesch-produkte.ch\/?product=fensterabzieher-basic#primaryimage\"},\"image\":{\"@id\":\"https:\/\/www.staging.imesch-produkte.ch\/?product=fensterabzieher-basic#primaryimage\"},\"thumbnailUrl\":\"https:\/\/www.staging.imesch-produkte.ch\/wp-content\/uploads\/2020\/06\/WEB_854175_Fensterabzieher_Basic.jpg\",\"datePublished\":\"2020-06-12T14:30:42+00:00\",\"dateModified\":\"2024-02-26T15:35:22+00:00\",\"description\":\"Der Fensterabzieher Basic f\u00fcr eine einfach effiziente Fensterreinigung. Er ist langlebig und garantiert streifenfreie Ergebnisse.\",\"breadcrumb\":{\"@id\":\"https:\/\/www.staging.imesch-produkte.ch\/?product=fensterabzieher-basic#breadcrumb\"},\"inLanguage\":\"de\",\"potentialAction\":[{\"@type\":\"ReadAction\",\"target\":[\"https:\/\/www.staging.imesch-produkte.ch\/?product=fensterabzieher-basic\"]}]},{\"@type\":\"ImageObject\",\"inLanguage\":\"de\",\"@id\":\"https:\/\/www.staging.imesch-produkte.ch\/?product=fensterabzieher-basic#primaryimage\",\"url\":\"https:\/\/www.staging.imesch-produkte.ch\/wp-content\/uploads\/2020\/06\/WEB_854175_Fensterabzieher_Basic.jpg\",\"contentUrl\":\"https:\/\/www.staging.imesch-produkte.ch\/wp-content\/uploads\/2020\/06\/WEB_854175_Fensterabzieher_Basic.jpg\",\"width\":500,\"height\":500,\"caption\":\"Dieser hochwertige Fensterabzieher ist das perfekte Werkzeug f\u00fcr eine einfache und effiziente Fensterreinigung. Mit seinem Kunststoffgriff und der Aluminiumschiene ist dieser Abzieher strapazierf\u00e4hig und langlebig und garantiert dir jahrelang streifenfreie Ergebnisse. Das ergonomische Design des Griffs liegt perfekt in der Hand und gibt dir eine komfortable Kontrolle beim Schrubben der Fenster. Die weiche Gummilippe des Abziehers sorgt daf\u00fcr, dass er schnell trocknet und keine Streifen oder R\u00fcckst\u00e4nde hinterl\u00e4sst. Dieses Fensterreinigungsger\u00e4t ist sowohl f\u00fcr den Innen- als auch f\u00fcr den Au\u00dfenbereich geeignet und ist eine gute Wahl f\u00fcr jeden Hausbesitzer oder Gesch\u00e4ftsinhaber, der jedes Mal eine professionelle Reinigung w\u00fcnscht.\"},{\"@type\":\"BreadcrumbList\",\"@id\":\"https:\/\/www.staging.imesch-produkte.ch\/?product=fensterabzieher-basic#breadcrumb\",\"itemListElement\":[{\"@type\":\"ListItem\",\"position\":1,\"name\":\"Startseite\",\"item\":\"https:\/\/www.staging.imesch-produkte.ch\/\"},{\"@type\":\"ListItem\",\"position\":2,\"name\":\"Shop\",\"item\":\"https:\/\/www.staging.imesch-produkte.ch\/?page_id=401\"},{\"@type\":\"ListItem\",\"position\":3,\"name\":\"Fensterabzieher Basic\"}]},{\"@type\":\"WebSite\",\"@id\":\"https:\/\/www.staging.imesch-produkte.ch\/#website\",\"url\":\"https:\/\/www.staging.imesch-produkte.ch\/\",\"name\":\"Imesch-Produkte\",\"description\":\"Qualit\u00e4t verbindet Generationen\",\"publisher\":{\"@id\":\"https:\/\/www.staging.imesch-produkte.ch\/#organization\"},\"potentialAction\":[{\"@type\":\"SearchAction\",\"target\":{\"@type\":\"EntryPoint\",\"urlTemplate\":\"https:\/\/www.staging.imesch-produkte.ch\/?s={search_term_string}\"},\"query-input\":{\"@type\":\"PropertyValueSpecification\",\"valueRequired\":true,\"valueName\":\"search_term_string\"}}],\"inLanguage\":\"de\"},{\"@type\":\"Organization\",\"@id\":\"https:\/\/www.staging.imesch-produkte.ch\/#organization\",\"name\":\"Imesch-Produkte GmbH\",\"url\":\"https:\/\/www.staging.imesch-produkte.ch\/\",\"logo\":{\"@type\":\"ImageObject\",\"inLanguage\":\"de\",\"@id\":\"https:\/\/www.staging.imesch-produkte.ch\/#\/schema\/logo\/image\/\",\"url\":\"https:\/\/i0.wp.com\/www.imesch-produkte.ch\/wordpress\/wp-content\/uploads\/2020\/04\/Logo_Imesch_Produkte.png?fit=871%2C456&ssl=1\",\"contentUrl\":\"https:\/\/i0.wp.com\/www.imesch-produkte.ch\/wordpress\/wp-content\/uploads\/2020\/04\/Logo_Imesch_Produkte.png?fit=871%2C456&ssl=1\",\"width\":871,\"height\":456,\"caption\":\"Imesch-Produkte GmbH\"},\"image\":{\"@id\":\"https:\/\/www.staging.imesch-produkte.ch\/#\/schema\/logo\/image\/\"}}]}<\/script>\n<!-- \/ Yoast SEO plugin. -->","yoast_head_json":{"title":"Fensterabzieher Basic | Imesch Produkte","description":"Der Fensterabzieher Basic f\u00fcr eine einfach effiziente Fensterreinigung. Er ist langlebig und garantiert streifenfreie Ergebnisse.","robots":{"index":"noindex","follow":"follow","max-snippet":"max-snippet:-1","max-image-preview":"max-image-preview:large","max-video-preview":"max-video-preview:-1"},"og_locale":"de_DE","og_type":"article","og_title":"Fensterabzieher Basic | Imesch Produkte","og_description":"Der Fensterabzieher Basic f\u00fcr eine einfach effiziente Fensterreinigung. Er ist langlebig und garantiert streifenfreie Ergebnisse.","og_url":"https:\/\/www.staging.imesch-produkte.ch\/?product=fensterabzieher-basic","og_site_name":"Imesch Produkte","article_modified_time":"2024-02-26T15:35:22+00:00","og_image":[{"width":500,"height":500,"url":"https:\/\/www.staging.imesch-produkte.ch\/wp-content\/uploads\/2020\/06\/WEB_854175_Fensterabzieher_Basic.jpg","type":"image\/jpeg"}],"twitter_card":"summary_large_image","twitter_misc":{"Gesch\u00e4tzte Lesezeit":"1\u00a0Minute"},"schema":{"@context":"https:\/\/schema.org","@graph":[{"@type":"WebPage","@id":"https:\/\/www.staging.imesch-produkte.ch\/?product=fensterabzieher-basic","url":"https:\/\/www.staging.imesch-produkte.ch\/?product=fensterabzieher-basic","name":"Fensterabzieher Basic | Imesch Produkte","isPartOf":{"@id":"https:\/\/www.staging.imesch-produkte.ch\/#website"},"primaryImageOfPage":{"@id":"https:\/\/www.staging.imesch-produkte.ch\/?product=fensterabzieher-basic#primaryimage"},"image":{"@id":"https:\/\/www.staging.imesch-produkte.ch\/?product=fensterabzieher-basic#primaryimage"},"thumbnailUrl":"https:\/\/www.staging.imesch-produkte.ch\/wp-content\/uploads\/2020\/06\/WEB_854175_Fensterabzieher_Basic.jpg","datePublished":"2020-06-12T14:30:42+00:00","dateModified":"2024-02-26T15:35:22+00:00","description":"Der Fensterabzieher Basic f\u00fcr eine einfach effiziente Fensterreinigung. Er ist langlebig und garantiert streifenfreie Ergebnisse.","breadcrumb":{"@id":"https:\/\/www.staging.imesch-produkte.ch\/?product=fensterabzieher-basic#breadcrumb"},"inLanguage":"de","potentialAction":[{"@type":"ReadAction","target":["https:\/\/www.staging.imesch-produkte.ch\/?product=fensterabzieher-basic"]}]},{"@type":"ImageObject","inLanguage":"de","@id":"https:\/\/www.staging.imesch-produkte.ch\/?product=fensterabzieher-basic#primaryimage","url":"https:\/\/www.staging.imesch-produkte.ch\/wp-content\/uploads\/2020\/06\/WEB_854175_Fensterabzieher_Basic.jpg","contentUrl":"https:\/\/www.staging.imesch-produkte.ch\/wp-content\/uploads\/2020\/06\/WEB_854175_Fensterabzieher_Basic.jpg","width":500,"height":500,"caption":"Dieser hochwertige Fensterabzieher ist das perfekte Werkzeug f\u00fcr eine einfache und effiziente Fensterreinigung. Mit seinem Kunststoffgriff und der Aluminiumschiene ist dieser Abzieher strapazierf\u00e4hig und langlebig und garantiert dir jahrelang streifenfreie Ergebnisse. Das ergonomische Design des Griffs liegt perfekt in der Hand und gibt dir eine komfortable Kontrolle beim Schrubben der Fenster. Die weiche Gummilippe des Abziehers sorgt daf\u00fcr, dass er schnell trocknet und keine Streifen oder R\u00fcckst\u00e4nde hinterl\u00e4sst. Dieses Fensterreinigungsger\u00e4t ist sowohl f\u00fcr den Innen- als auch f\u00fcr den Au\u00dfenbereich geeignet und ist eine gute Wahl f\u00fcr jeden Hausbesitzer oder Gesch\u00e4ftsinhaber, der jedes Mal eine professionelle Reinigung w\u00fcnscht."},{"@type":"BreadcrumbList","@id":"https:\/\/www.staging.imesch-produkte.ch\/?product=fensterabzieher-basic#breadcrumb","itemListElement":[{"@type":"ListItem","position":1,"name":"Startseite","item":"https:\/\/www.staging.imesch-produkte.ch\/"},{"@type":"ListItem","position":2,"name":"Shop","item":"https:\/\/www.staging.imesch-produkte.ch\/?page_id=401"},{"@type":"ListItem","position":3,"name":"Fensterabzieher Basic"}]},{"@type":"WebSite","@id":"https:\/\/www.staging.imesch-produkte.ch\/#website","url":"https:\/\/www.staging.imesch-produkte.ch\/","name":"Imesch-Produkte","description":"Qualit\u00e4t verbindet Generationen","publisher":{"@id":"https:\/\/www.staging.imesch-produkte.ch\/#organization"},"potentialAction":[{"@type":"SearchAction","target":{"@type":"EntryPoint","urlTemplate":"https:\/\/www.staging.imesch-produkte.ch\/?s={search_term_string}"},"query-input":{"@type":"PropertyValueSpecification","valueRequired":true,"valueName":"search_term_string"}}],"inLanguage":"de"},{"@type":"Organization","@id":"https:\/\/www.staging.imesch-produkte.ch\/#organization","name":"Imesch-Produkte GmbH","url":"https:\/\/www.staging.imesch-produkte.ch\/","logo":{"@type":"ImageObject","inLanguage":"de","@id":"https:\/\/www.staging.imesch-produkte.ch\/#\/schema\/logo\/image\/","url":"https:\/\/i0.wp.com\/www.imesch-produkte.ch\/wordpress\/wp-content\/uploads\/2020\/04\/Logo_Imesch_Produkte.png?fit=871%2C456&ssl=1","contentUrl":"https:\/\/i0.wp.com\/www.imesch-produkte.ch\/wordpress\/wp-content\/uploads\/2020\/04\/Logo_Imesch_Produkte.png?fit=871%2C456&ssl=1","width":871,"height":456,"caption":"Imesch-Produkte GmbH"},"image":{"@id":"https:\/\/www.staging.imesch-produkte.ch\/#\/schema\/logo\/image\/"}}]}},"_links":{"self":[{"href":"https:\/\/www.staging.imesch-produkte.ch\/index.php?rest_route=\/wp\/v2\/product\/7675","targetHints":{"allow":["GET"]}}],"collection":[{"href":"https:\/\/www.staging.imesch-produkte.ch\/index.php?rest_route=\/wp\/v2\/product"}],"about":[{"href":"https:\/\/www.staging.imesch-produkte.ch\/index.php?rest_route=\/wp\/v2\/types\/product"}],"replies":[{"embeddable":true,"href":"https:\/\/www.staging.imesch-produkte.ch\/index.php?rest_route=%2Fwp%2Fv2%2Fcomments&post=7675"}],"version-history":[{"count":4,"href":"https:\/\/www.staging.imesch-produkte.ch\/index.php?rest_route=\/wp\/v2\/product\/7675\/revisions"}],"predecessor-version":[{"id":17505,"href":"https:\/\/www.staging.imesch-produkte.ch\/index.php?rest_route=\/wp\/v2\/product\/7675\/revisions\/17505"}],"wp:featuredmedia":[{"embeddable":true,"href":"https:\/\/www.staging.imesch-produkte.ch\/index.php?rest_route=\/wp\/v2\/media\/7678"}],"wp:attachment":[{"href":"https:\/\/www.staging.imesch-produkte.ch\/index.php?rest_route=%2Fwp%2Fv2%2Fmedia&parent=7675"}],"wp:term":[{"taxonomy":"product_cat","embeddable":true,"href":"https:\/\/www.staging.imesch-produkte.ch\/index.php?rest_route=%2Fwp%2Fv2%2Fproduct_cat&post=7675"},{"taxonomy":"product_tag","embeddable":true,"href":"https:\/\/www.staging.imesch-produkte.ch\/index.php?rest_route=%2Fwp%2Fv2%2Fproduct_tag&post=7675"}],"curies":[{"name":"wp","href":"https:\/\/api.w.org\/{rel}","templated":true}]}}