{"id":7912,"date":"2020-06-23T11:22:56","date_gmt":"2020-06-23T09:22:56","guid":{"rendered":"https:\/\/www.imesch-produkte.ch\/?post_type=product&#038;p=7912"},"modified":"2024-02-26T16:35:21","modified_gmt":"2024-02-26T15:35:21","slug":"schrubber-eingepresst","status":"publish","type":"product","link":"https:\/\/www.staging.imesch-produkte.ch\/?product=schrubber-eingepresst","title":{"rendered":"Schrubber eingepresst ohne Stiel"},"content":{"rendered":"<h1>Schrubber eingepresst ohne Stiel<\/h1>\n<p>Du suchst einen leistungsstarken und einfach zu bedienenden Schrubber f\u00fcr deine harten Oberfl\u00e4chen? Dann ist der Schrubber der Imesch Produkte GmbH genau das Richtige f\u00fcr dich! Dieser Schrubber ist metalleingepresst und 23 cm lang, was ihn perfekt f\u00fcr die Reinigung von B\u00f6den, W\u00e4nden und Ger\u00e4ten macht. Dank seiner kompakten Gr\u00f6sse ist er leicht zu man\u00f6vrieren und sorgt daf\u00fcr, dass du alle schwer zu reinigenden Stellen erreichst.<\/p>\n<p>Ausserdem hat der Schrubber keinen Griff, sodass du ihn benutzen kannst, ohne Angst zu haben, den Halt zu verlieren. Egal, ob du dein Haus oder dein B\u00fcro reinigst, der Schrubber der Imesch Produkte GmbH ist die perfekte Wahl f\u00fcr eine gr\u00fcndliche Reinigung.<\/p>\n<p>&nbsp;<\/p>\n<p>Hier findest du den Schrubber mit Stiel:<\/p>\n<p><a href=\"https:\/\/www.imesch-produkte.ch\/produkt\/schrupper-23-cm-metalleingepresst\/\" target=\"_blank\" rel=\"noopener\"><img fetchpriority=\"high\" decoding=\"async\" class=\"alignnone wp-image-17404 size-medium\" src=\"https:\/\/www.staging.imesch-produkte.ch\/wp-content\/uploads\/2020\/06\/WEB_829000_Schrupper-300x300.webp\" alt=\"Schrubber mit Stiel\" width=\"300\" height=\"300\" srcset=\"https:\/\/www.staging.imesch-produkte.ch\/wp-content\/uploads\/2020\/06\/WEB_829000_Schrupper-300x300.webp 300w, https:\/\/www.staging.imesch-produkte.ch\/wp-content\/uploads\/2020\/06\/WEB_829000_Schrupper-150x150.webp 150w, https:\/\/www.staging.imesch-produkte.ch\/wp-content\/uploads\/2020\/06\/WEB_829000_Schrupper-100x100.webp 100w, https:\/\/www.staging.imesch-produkte.ch\/wp-content\/uploads\/2020\/06\/WEB_829000_Schrupper.webp 500w\" sizes=\"(max-width: 300px) 100vw, 300px\" \/><\/a><\/p>\n","protected":false},"excerpt":{"rendered":"<p>Du suchst einen leistungsstarken und einfach zu bedienenden Schrubber f\u00fcr deine harten Oberfl\u00e4chen? Dann ist der Schrubber der Imesch Produkte GmbH genau das Richtige f\u00fcr dich! Dank seiner kompakten Gr\u00f6sse ist er leicht zu man\u00f6vrieren und sorgt daf\u00fcr, dass du alle schwer zu reinigenden Stellen erreichst.<\/p>\n","protected":false},"featured_media":7913,"comment_status":"open","ping_status":"closed","template":"","meta":[],"product_cat":[847,850],"product_tag":[98,733,94,699],"class_list":{"0":"post-7912","1":"product","2":"type-product","3":"status-publish","4":"has-post-thumbnail","6":"product_cat-reinigung","7":"product_cat-besen-buersten-pinsel","8":"product_tag-fest","9":"product_tag-gastronomie","10":"product_tag-haushalt","11":"product_tag-unternehmen","13":"first","14":"instock","15":"taxable","16":"shipping-taxable","17":"purchasable","18":"product-type-simple"},"yoast_head":"<!-- This site is optimized with the Yoast SEO plugin v23.9 - https:\/\/yoast.com\/wordpress\/plugins\/seo\/ -->\n<title>Schrubber eingepresst ohne Stiel | Imesch Produkte<\/title>\n<meta name=\"description\" content=\"Die Schrubber sind f\u00fcr die intensive Reinigung von harten Oberfl\u00e4chen wie B\u00f6den, W\u00e4nden und Ger\u00e4ten konzipiert.\" \/>\n<meta name=\"robots\" content=\"noindex, follow, max-snippet:-1, max-image-preview:large, max-video-preview:-1\" \/>\n<meta property=\"og:locale\" content=\"de_DE\" \/>\n<meta property=\"og:type\" content=\"article\" \/>\n<meta property=\"og:title\" content=\"Schrubber eingepresst ohne Stiel | Imesch Produkte\" \/>\n<meta property=\"og:description\" content=\"Die Schrubber sind f\u00fcr die intensive Reinigung von harten Oberfl\u00e4chen wie B\u00f6den, W\u00e4nden und Ger\u00e4ten konzipiert.\" \/>\n<meta property=\"og:url\" content=\"https:\/\/www.staging.imesch-produkte.ch\/?product=schrubber-eingepresst\" \/>\n<meta property=\"og:site_name\" content=\"Imesch Produkte\" \/>\n<meta property=\"article:modified_time\" content=\"2024-02-26T15:35:21+00:00\" \/>\n<meta property=\"og:image\" content=\"https:\/\/www.staging.imesch-produkte.ch\/wp-content\/uploads\/2020\/06\/WEB_829001_Ersatzschrupper.jpg\" \/>\n\t<meta property=\"og:image:width\" content=\"500\" \/>\n\t<meta property=\"og:image:height\" content=\"500\" \/>\n\t<meta property=\"og:image:type\" content=\"image\/jpeg\" \/>\n<meta name=\"twitter:card\" content=\"summary_large_image\" \/>\n<meta name=\"twitter:label1\" content=\"Gesch\u00e4tzte Lesezeit\" \/>\n\t<meta name=\"twitter:data1\" content=\"1\u00a0Minute\" \/>\n<script type=\"application\/ld+json\" class=\"yoast-schema-graph\">{\"@context\":\"https:\/\/schema.org\",\"@graph\":[{\"@type\":\"WebPage\",\"@id\":\"https:\/\/www.staging.imesch-produkte.ch\/?product=schrubber-eingepresst\",\"url\":\"https:\/\/www.staging.imesch-produkte.ch\/?product=schrubber-eingepresst\",\"name\":\"Schrubber eingepresst ohne Stiel | Imesch Produkte\",\"isPartOf\":{\"@id\":\"https:\/\/www.staging.imesch-produkte.ch\/#website\"},\"primaryImageOfPage\":{\"@id\":\"https:\/\/www.staging.imesch-produkte.ch\/?product=schrubber-eingepresst#primaryimage\"},\"image\":{\"@id\":\"https:\/\/www.staging.imesch-produkte.ch\/?product=schrubber-eingepresst#primaryimage\"},\"thumbnailUrl\":\"https:\/\/www.staging.imesch-produkte.ch\/wp-content\/uploads\/2020\/06\/WEB_829001_Ersatzschrupper.jpg\",\"datePublished\":\"2020-06-23T09:22:56+00:00\",\"dateModified\":\"2024-02-26T15:35:21+00:00\",\"description\":\"Die Schrubber sind f\u00fcr die intensive Reinigung von harten Oberfl\u00e4chen wie B\u00f6den, W\u00e4nden und Ger\u00e4ten konzipiert.\",\"breadcrumb\":{\"@id\":\"https:\/\/www.staging.imesch-produkte.ch\/?product=schrubber-eingepresst#breadcrumb\"},\"inLanguage\":\"de\",\"potentialAction\":[{\"@type\":\"ReadAction\",\"target\":[\"https:\/\/www.staging.imesch-produkte.ch\/?product=schrubber-eingepresst\"]}]},{\"@type\":\"ImageObject\",\"inLanguage\":\"de\",\"@id\":\"https:\/\/www.staging.imesch-produkte.ch\/?product=schrubber-eingepresst#primaryimage\",\"url\":\"https:\/\/www.staging.imesch-produkte.ch\/wp-content\/uploads\/2020\/06\/WEB_829001_Ersatzschrupper.jpg\",\"contentUrl\":\"https:\/\/www.staging.imesch-produkte.ch\/wp-content\/uploads\/2020\/06\/WEB_829001_Ersatzschrupper.jpg\",\"width\":500,\"height\":500},{\"@type\":\"BreadcrumbList\",\"@id\":\"https:\/\/www.staging.imesch-produkte.ch\/?product=schrubber-eingepresst#breadcrumb\",\"itemListElement\":[{\"@type\":\"ListItem\",\"position\":1,\"name\":\"Startseite\",\"item\":\"https:\/\/www.staging.imesch-produkte.ch\/\"},{\"@type\":\"ListItem\",\"position\":2,\"name\":\"Shop\",\"item\":\"https:\/\/www.staging.imesch-produkte.ch\/?page_id=401\"},{\"@type\":\"ListItem\",\"position\":3,\"name\":\"Schrubber eingepresst ohne Stiel\"}]},{\"@type\":\"WebSite\",\"@id\":\"https:\/\/www.staging.imesch-produkte.ch\/#website\",\"url\":\"https:\/\/www.staging.imesch-produkte.ch\/\",\"name\":\"Imesch-Produkte\",\"description\":\"Qualit\u00e4t verbindet Generationen\",\"publisher\":{\"@id\":\"https:\/\/www.staging.imesch-produkte.ch\/#organization\"},\"potentialAction\":[{\"@type\":\"SearchAction\",\"target\":{\"@type\":\"EntryPoint\",\"urlTemplate\":\"https:\/\/www.staging.imesch-produkte.ch\/?s={search_term_string}\"},\"query-input\":{\"@type\":\"PropertyValueSpecification\",\"valueRequired\":true,\"valueName\":\"search_term_string\"}}],\"inLanguage\":\"de\"},{\"@type\":\"Organization\",\"@id\":\"https:\/\/www.staging.imesch-produkte.ch\/#organization\",\"name\":\"Imesch-Produkte GmbH\",\"url\":\"https:\/\/www.staging.imesch-produkte.ch\/\",\"logo\":{\"@type\":\"ImageObject\",\"inLanguage\":\"de\",\"@id\":\"https:\/\/www.staging.imesch-produkte.ch\/#\/schema\/logo\/image\/\",\"url\":\"https:\/\/i0.wp.com\/www.imesch-produkte.ch\/wordpress\/wp-content\/uploads\/2020\/04\/Logo_Imesch_Produkte.png?fit=871%2C456&ssl=1\",\"contentUrl\":\"https:\/\/i0.wp.com\/www.imesch-produkte.ch\/wordpress\/wp-content\/uploads\/2020\/04\/Logo_Imesch_Produkte.png?fit=871%2C456&ssl=1\",\"width\":871,\"height\":456,\"caption\":\"Imesch-Produkte GmbH\"},\"image\":{\"@id\":\"https:\/\/www.staging.imesch-produkte.ch\/#\/schema\/logo\/image\/\"}}]}<\/script>\n<!-- \/ Yoast SEO plugin. -->","yoast_head_json":{"title":"Schrubber eingepresst ohne Stiel | Imesch Produkte","description":"Die Schrubber sind f\u00fcr die intensive Reinigung von harten Oberfl\u00e4chen wie B\u00f6den, W\u00e4nden und Ger\u00e4ten konzipiert.","robots":{"index":"noindex","follow":"follow","max-snippet":"max-snippet:-1","max-image-preview":"max-image-preview:large","max-video-preview":"max-video-preview:-1"},"og_locale":"de_DE","og_type":"article","og_title":"Schrubber eingepresst ohne Stiel | Imesch Produkte","og_description":"Die Schrubber sind f\u00fcr die intensive Reinigung von harten Oberfl\u00e4chen wie B\u00f6den, W\u00e4nden und Ger\u00e4ten konzipiert.","og_url":"https:\/\/www.staging.imesch-produkte.ch\/?product=schrubber-eingepresst","og_site_name":"Imesch Produkte","article_modified_time":"2024-02-26T15:35:21+00:00","og_image":[{"width":500,"height":500,"url":"https:\/\/www.staging.imesch-produkte.ch\/wp-content\/uploads\/2020\/06\/WEB_829001_Ersatzschrupper.jpg","type":"image\/jpeg"}],"twitter_card":"summary_large_image","twitter_misc":{"Gesch\u00e4tzte Lesezeit":"1\u00a0Minute"},"schema":{"@context":"https:\/\/schema.org","@graph":[{"@type":"WebPage","@id":"https:\/\/www.staging.imesch-produkte.ch\/?product=schrubber-eingepresst","url":"https:\/\/www.staging.imesch-produkte.ch\/?product=schrubber-eingepresst","name":"Schrubber eingepresst ohne Stiel | Imesch Produkte","isPartOf":{"@id":"https:\/\/www.staging.imesch-produkte.ch\/#website"},"primaryImageOfPage":{"@id":"https:\/\/www.staging.imesch-produkte.ch\/?product=schrubber-eingepresst#primaryimage"},"image":{"@id":"https:\/\/www.staging.imesch-produkte.ch\/?product=schrubber-eingepresst#primaryimage"},"thumbnailUrl":"https:\/\/www.staging.imesch-produkte.ch\/wp-content\/uploads\/2020\/06\/WEB_829001_Ersatzschrupper.jpg","datePublished":"2020-06-23T09:22:56+00:00","dateModified":"2024-02-26T15:35:21+00:00","description":"Die Schrubber sind f\u00fcr die intensive Reinigung von harten Oberfl\u00e4chen wie B\u00f6den, W\u00e4nden und Ger\u00e4ten konzipiert.","breadcrumb":{"@id":"https:\/\/www.staging.imesch-produkte.ch\/?product=schrubber-eingepresst#breadcrumb"},"inLanguage":"de","potentialAction":[{"@type":"ReadAction","target":["https:\/\/www.staging.imesch-produkte.ch\/?product=schrubber-eingepresst"]}]},{"@type":"ImageObject","inLanguage":"de","@id":"https:\/\/www.staging.imesch-produkte.ch\/?product=schrubber-eingepresst#primaryimage","url":"https:\/\/www.staging.imesch-produkte.ch\/wp-content\/uploads\/2020\/06\/WEB_829001_Ersatzschrupper.jpg","contentUrl":"https:\/\/www.staging.imesch-produkte.ch\/wp-content\/uploads\/2020\/06\/WEB_829001_Ersatzschrupper.jpg","width":500,"height":500},{"@type":"BreadcrumbList","@id":"https:\/\/www.staging.imesch-produkte.ch\/?product=schrubber-eingepresst#breadcrumb","itemListElement":[{"@type":"ListItem","position":1,"name":"Startseite","item":"https:\/\/www.staging.imesch-produkte.ch\/"},{"@type":"ListItem","position":2,"name":"Shop","item":"https:\/\/www.staging.imesch-produkte.ch\/?page_id=401"},{"@type":"ListItem","position":3,"name":"Schrubber eingepresst ohne Stiel"}]},{"@type":"WebSite","@id":"https:\/\/www.staging.imesch-produkte.ch\/#website","url":"https:\/\/www.staging.imesch-produkte.ch\/","name":"Imesch-Produkte","description":"Qualit\u00e4t verbindet Generationen","publisher":{"@id":"https:\/\/www.staging.imesch-produkte.ch\/#organization"},"potentialAction":[{"@type":"SearchAction","target":{"@type":"EntryPoint","urlTemplate":"https:\/\/www.staging.imesch-produkte.ch\/?s={search_term_string}"},"query-input":{"@type":"PropertyValueSpecification","valueRequired":true,"valueName":"search_term_string"}}],"inLanguage":"de"},{"@type":"Organization","@id":"https:\/\/www.staging.imesch-produkte.ch\/#organization","name":"Imesch-Produkte GmbH","url":"https:\/\/www.staging.imesch-produkte.ch\/","logo":{"@type":"ImageObject","inLanguage":"de","@id":"https:\/\/www.staging.imesch-produkte.ch\/#\/schema\/logo\/image\/","url":"https:\/\/i0.wp.com\/www.imesch-produkte.ch\/wordpress\/wp-content\/uploads\/2020\/04\/Logo_Imesch_Produkte.png?fit=871%2C456&ssl=1","contentUrl":"https:\/\/i0.wp.com\/www.imesch-produkte.ch\/wordpress\/wp-content\/uploads\/2020\/04\/Logo_Imesch_Produkte.png?fit=871%2C456&ssl=1","width":871,"height":456,"caption":"Imesch-Produkte GmbH"},"image":{"@id":"https:\/\/www.staging.imesch-produkte.ch\/#\/schema\/logo\/image\/"}}]}},"_links":{"self":[{"href":"https:\/\/www.staging.imesch-produkte.ch\/index.php?rest_route=\/wp\/v2\/product\/7912","targetHints":{"allow":["GET"]}}],"collection":[{"href":"https:\/\/www.staging.imesch-produkte.ch\/index.php?rest_route=\/wp\/v2\/product"}],"about":[{"href":"https:\/\/www.staging.imesch-produkte.ch\/index.php?rest_route=\/wp\/v2\/types\/product"}],"replies":[{"embeddable":true,"href":"https:\/\/www.staging.imesch-produkte.ch\/index.php?rest_route=%2Fwp%2Fv2%2Fcomments&post=7912"}],"version-history":[{"count":2,"href":"https:\/\/www.staging.imesch-produkte.ch\/index.php?rest_route=\/wp\/v2\/product\/7912\/revisions"}],"predecessor-version":[{"id":17405,"href":"https:\/\/www.staging.imesch-produkte.ch\/index.php?rest_route=\/wp\/v2\/product\/7912\/revisions\/17405"}],"wp:featuredmedia":[{"embeddable":true,"href":"https:\/\/www.staging.imesch-produkte.ch\/index.php?rest_route=\/wp\/v2\/media\/7913"}],"wp:attachment":[{"href":"https:\/\/www.staging.imesch-produkte.ch\/index.php?rest_route=%2Fwp%2Fv2%2Fmedia&parent=7912"}],"wp:term":[{"taxonomy":"product_cat","embeddable":true,"href":"https:\/\/www.staging.imesch-produkte.ch\/index.php?rest_route=%2Fwp%2Fv2%2Fproduct_cat&post=7912"},{"taxonomy":"product_tag","embeddable":true,"href":"https:\/\/www.staging.imesch-produkte.ch\/index.php?rest_route=%2Fwp%2Fv2%2Fproduct_tag&post=7912"}],"curies":[{"name":"wp","href":"https:\/\/api.w.org\/{rel}","templated":true}]}}