{"id":7967,"date":"2020-06-26T10:54:12","date_gmt":"2020-06-26T08:54:12","guid":{"rendered":"https:\/\/www.imesch-produkte.ch\/?post_type=product&#038;p=7967"},"modified":"2024-02-26T16:35:21","modified_gmt":"2024-02-26T15:35:21","slug":"abfallcontainer-brute-75-l","status":"publish","type":"product","link":"https:\/\/www.staging.imesch-produkte.ch\/?product=abfallcontainer-brute-75-l","title":{"rendered":"Abfallcontainer Brute, 75 Liter"},"content":{"rendered":"<p>Abfallcontainer Brute. Widerstandsf\u00e4hig. Druckfest. Reissfest. Der Abfallcontainer besteht aus nicht br\u00fcchigem <a href=\"https:\/\/de.wikipedia.org\/wiki\/Kunststoff\">Kunststoff<\/a>. Der Container umfasst 121 Liter.<\/p>\n<div class=\"tab-body\">\n<p>Die Container eignen sich durch ihre Stabilit\u00e4t f\u00fcr gewerbliche Umgebungen. Das Heben und Bewegen f\u00e4llt, durch den abgerundeten Griff leicht. F\u00fcr den Abfallcontainer Brute sind gr\u00f6ssere Belastungen dank ihrer Verst\u00e4rkung kein Problem. Die ebenfalls verst\u00e4rkte Basis wurde speziell f\u00fcr das Schleppen \u00fcber raue Oberfl\u00e4chen konzipiert und erh\u00f6ht die Lebensdauer und allgemeine Haltbarkeit auch unter den h\u00e4rtesten Umgebungsbedingungen. Die abgerundeten Griffmulden an der Unterseite sorgen hingegen f\u00fcr einen besseren Halt und eine bessere Ergonomie, weniger Belastung und eine h\u00f6here Effizienz beim Leeren der Container.<\/p>\n<\/div>\n<div>Den Container gibt es auch in <a href=\"https:\/\/www.imesch-produkte.ch\/produkt\/abfallcontainer-brute-121-l\/\">121 Liter<\/a>.<\/div>\n","protected":false},"excerpt":{"rendered":"<p>Abfallcontainer Brute. Widerstandsf\u00e4hig. Druckfest. Reissfest. Der Abfallcontainer besteht aus nicht br\u00fcchigem <a href=\"https:\/\/de.wikipedia.org\/wiki\/Kunststoff\">Kunststoff<\/a>. Der Container umfasst 121 Liter.<\/p>\n","protected":false},"featured_media":7968,"comment_status":"open","ping_status":"closed","template":"","meta":[],"product_cat":[847,851],"product_tag":[98,733,94,699],"class_list":{"0":"post-7967","1":"product","2":"type-product","3":"status-publish","4":"has-post-thumbnail","6":"product_cat-reinigung","7":"product_cat-entsorgung","8":"product_tag-fest","9":"product_tag-gastronomie","10":"product_tag-haushalt","11":"product_tag-unternehmen","13":"first","14":"instock","15":"taxable","16":"shipping-taxable","17":"purchasable","18":"product-type-simple"},"yoast_head":"<!-- This site is optimized with the Yoast SEO plugin v23.9 - https:\/\/yoast.com\/wordpress\/plugins\/seo\/ -->\n<title>Abfallcontainer Brute, 75 Liter | Imesch Produkte<\/title>\n<meta name=\"description\" content=\"Abfallcontainer Brute. Widerstandsf\u00e4hig. Druckfest. Reissfest. Der Container besteht aus nicht br\u00fcchigem Kunststoff. 75 Liter.\u00a0\" \/>\n<meta name=\"robots\" content=\"noindex, follow, max-snippet:-1, max-image-preview:large, max-video-preview:-1\" \/>\n<meta property=\"og:locale\" content=\"de_DE\" \/>\n<meta property=\"og:type\" content=\"article\" \/>\n<meta property=\"og:title\" content=\"Abfallcontainer Brute, 75 Liter | Imesch Produkte\" \/>\n<meta property=\"og:description\" content=\"Abfallcontainer Brute. Widerstandsf\u00e4hig. Druckfest. Reissfest. Der Container besteht aus nicht br\u00fcchigem Kunststoff. 75 Liter.\u00a0\" \/>\n<meta property=\"og:url\" content=\"https:\/\/www.staging.imesch-produkte.ch\/?product=abfallcontainer-brute-75-l\" \/>\n<meta property=\"og:site_name\" content=\"Imesch Produkte\" \/>\n<meta property=\"article:modified_time\" content=\"2024-02-26T15:35:21+00:00\" \/>\n<meta property=\"og:image\" content=\"https:\/\/www.staging.imesch-produkte.ch\/wp-content\/uploads\/2020\/06\/WEB_202620_202632Brute-Container.jpg\" \/>\n\t<meta property=\"og:image:width\" content=\"500\" \/>\n\t<meta property=\"og:image:height\" content=\"500\" \/>\n\t<meta property=\"og:image:type\" content=\"image\/jpeg\" \/>\n<meta name=\"twitter:card\" content=\"summary_large_image\" \/>\n<meta name=\"twitter:label1\" content=\"Gesch\u00e4tzte Lesezeit\" \/>\n\t<meta name=\"twitter:data1\" content=\"1\u00a0Minute\" \/>\n<script type=\"application\/ld+json\" class=\"yoast-schema-graph\">{\"@context\":\"https:\/\/schema.org\",\"@graph\":[{\"@type\":\"WebPage\",\"@id\":\"https:\/\/www.staging.imesch-produkte.ch\/?product=abfallcontainer-brute-75-l\",\"url\":\"https:\/\/www.staging.imesch-produkte.ch\/?product=abfallcontainer-brute-75-l\",\"name\":\"Abfallcontainer Brute, 75 Liter | Imesch Produkte\",\"isPartOf\":{\"@id\":\"https:\/\/www.staging.imesch-produkte.ch\/#website\"},\"primaryImageOfPage\":{\"@id\":\"https:\/\/www.staging.imesch-produkte.ch\/?product=abfallcontainer-brute-75-l#primaryimage\"},\"image\":{\"@id\":\"https:\/\/www.staging.imesch-produkte.ch\/?product=abfallcontainer-brute-75-l#primaryimage\"},\"thumbnailUrl\":\"https:\/\/www.staging.imesch-produkte.ch\/wp-content\/uploads\/2020\/06\/WEB_202620_202632Brute-Container.jpg\",\"datePublished\":\"2020-06-26T08:54:12+00:00\",\"dateModified\":\"2024-02-26T15:35:21+00:00\",\"description\":\"Abfallcontainer Brute. Widerstandsf\u00e4hig. Druckfest. Reissfest. Der Container besteht aus nicht br\u00fcchigem Kunststoff. 75 Liter.\u00a0\",\"breadcrumb\":{\"@id\":\"https:\/\/www.staging.imesch-produkte.ch\/?product=abfallcontainer-brute-75-l#breadcrumb\"},\"inLanguage\":\"de\",\"potentialAction\":[{\"@type\":\"ReadAction\",\"target\":[\"https:\/\/www.staging.imesch-produkte.ch\/?product=abfallcontainer-brute-75-l\"]}]},{\"@type\":\"ImageObject\",\"inLanguage\":\"de\",\"@id\":\"https:\/\/www.staging.imesch-produkte.ch\/?product=abfallcontainer-brute-75-l#primaryimage\",\"url\":\"https:\/\/www.staging.imesch-produkte.ch\/wp-content\/uploads\/2020\/06\/WEB_202620_202632Brute-Container.jpg\",\"contentUrl\":\"https:\/\/www.staging.imesch-produkte.ch\/wp-content\/uploads\/2020\/06\/WEB_202620_202632Brute-Container.jpg\",\"width\":500,\"height\":500,\"caption\":\"Abfallcontainer\"},{\"@type\":\"BreadcrumbList\",\"@id\":\"https:\/\/www.staging.imesch-produkte.ch\/?product=abfallcontainer-brute-75-l#breadcrumb\",\"itemListElement\":[{\"@type\":\"ListItem\",\"position\":1,\"name\":\"Startseite\",\"item\":\"https:\/\/www.staging.imesch-produkte.ch\/\"},{\"@type\":\"ListItem\",\"position\":2,\"name\":\"Shop\",\"item\":\"https:\/\/www.staging.imesch-produkte.ch\/?page_id=401\"},{\"@type\":\"ListItem\",\"position\":3,\"name\":\"Abfallcontainer Brute, 75 Liter\"}]},{\"@type\":\"WebSite\",\"@id\":\"https:\/\/www.staging.imesch-produkte.ch\/#website\",\"url\":\"https:\/\/www.staging.imesch-produkte.ch\/\",\"name\":\"Imesch-Produkte\",\"description\":\"Qualit\u00e4t verbindet Generationen\",\"publisher\":{\"@id\":\"https:\/\/www.staging.imesch-produkte.ch\/#organization\"},\"potentialAction\":[{\"@type\":\"SearchAction\",\"target\":{\"@type\":\"EntryPoint\",\"urlTemplate\":\"https:\/\/www.staging.imesch-produkte.ch\/?s={search_term_string}\"},\"query-input\":{\"@type\":\"PropertyValueSpecification\",\"valueRequired\":true,\"valueName\":\"search_term_string\"}}],\"inLanguage\":\"de\"},{\"@type\":\"Organization\",\"@id\":\"https:\/\/www.staging.imesch-produkte.ch\/#organization\",\"name\":\"Imesch-Produkte GmbH\",\"url\":\"https:\/\/www.staging.imesch-produkte.ch\/\",\"logo\":{\"@type\":\"ImageObject\",\"inLanguage\":\"de\",\"@id\":\"https:\/\/www.staging.imesch-produkte.ch\/#\/schema\/logo\/image\/\",\"url\":\"https:\/\/i0.wp.com\/www.imesch-produkte.ch\/wordpress\/wp-content\/uploads\/2020\/04\/Logo_Imesch_Produkte.png?fit=871%2C456&ssl=1\",\"contentUrl\":\"https:\/\/i0.wp.com\/www.imesch-produkte.ch\/wordpress\/wp-content\/uploads\/2020\/04\/Logo_Imesch_Produkte.png?fit=871%2C456&ssl=1\",\"width\":871,\"height\":456,\"caption\":\"Imesch-Produkte GmbH\"},\"image\":{\"@id\":\"https:\/\/www.staging.imesch-produkte.ch\/#\/schema\/logo\/image\/\"}}]}<\/script>\n<!-- \/ Yoast SEO plugin. -->","yoast_head_json":{"title":"Abfallcontainer Brute, 75 Liter | Imesch Produkte","description":"Abfallcontainer Brute. Widerstandsf\u00e4hig. Druckfest. Reissfest. Der Container besteht aus nicht br\u00fcchigem Kunststoff. 75 Liter.\u00a0","robots":{"index":"noindex","follow":"follow","max-snippet":"max-snippet:-1","max-image-preview":"max-image-preview:large","max-video-preview":"max-video-preview:-1"},"og_locale":"de_DE","og_type":"article","og_title":"Abfallcontainer Brute, 75 Liter | Imesch Produkte","og_description":"Abfallcontainer Brute. Widerstandsf\u00e4hig. Druckfest. Reissfest. Der Container besteht aus nicht br\u00fcchigem Kunststoff. 75 Liter.\u00a0","og_url":"https:\/\/www.staging.imesch-produkte.ch\/?product=abfallcontainer-brute-75-l","og_site_name":"Imesch Produkte","article_modified_time":"2024-02-26T15:35:21+00:00","og_image":[{"width":500,"height":500,"url":"https:\/\/www.staging.imesch-produkte.ch\/wp-content\/uploads\/2020\/06\/WEB_202620_202632Brute-Container.jpg","type":"image\/jpeg"}],"twitter_card":"summary_large_image","twitter_misc":{"Gesch\u00e4tzte Lesezeit":"1\u00a0Minute"},"schema":{"@context":"https:\/\/schema.org","@graph":[{"@type":"WebPage","@id":"https:\/\/www.staging.imesch-produkte.ch\/?product=abfallcontainer-brute-75-l","url":"https:\/\/www.staging.imesch-produkte.ch\/?product=abfallcontainer-brute-75-l","name":"Abfallcontainer Brute, 75 Liter | Imesch Produkte","isPartOf":{"@id":"https:\/\/www.staging.imesch-produkte.ch\/#website"},"primaryImageOfPage":{"@id":"https:\/\/www.staging.imesch-produkte.ch\/?product=abfallcontainer-brute-75-l#primaryimage"},"image":{"@id":"https:\/\/www.staging.imesch-produkte.ch\/?product=abfallcontainer-brute-75-l#primaryimage"},"thumbnailUrl":"https:\/\/www.staging.imesch-produkte.ch\/wp-content\/uploads\/2020\/06\/WEB_202620_202632Brute-Container.jpg","datePublished":"2020-06-26T08:54:12+00:00","dateModified":"2024-02-26T15:35:21+00:00","description":"Abfallcontainer Brute. Widerstandsf\u00e4hig. Druckfest. Reissfest. Der Container besteht aus nicht br\u00fcchigem Kunststoff. 75 Liter.\u00a0","breadcrumb":{"@id":"https:\/\/www.staging.imesch-produkte.ch\/?product=abfallcontainer-brute-75-l#breadcrumb"},"inLanguage":"de","potentialAction":[{"@type":"ReadAction","target":["https:\/\/www.staging.imesch-produkte.ch\/?product=abfallcontainer-brute-75-l"]}]},{"@type":"ImageObject","inLanguage":"de","@id":"https:\/\/www.staging.imesch-produkte.ch\/?product=abfallcontainer-brute-75-l#primaryimage","url":"https:\/\/www.staging.imesch-produkte.ch\/wp-content\/uploads\/2020\/06\/WEB_202620_202632Brute-Container.jpg","contentUrl":"https:\/\/www.staging.imesch-produkte.ch\/wp-content\/uploads\/2020\/06\/WEB_202620_202632Brute-Container.jpg","width":500,"height":500,"caption":"Abfallcontainer"},{"@type":"BreadcrumbList","@id":"https:\/\/www.staging.imesch-produkte.ch\/?product=abfallcontainer-brute-75-l#breadcrumb","itemListElement":[{"@type":"ListItem","position":1,"name":"Startseite","item":"https:\/\/www.staging.imesch-produkte.ch\/"},{"@type":"ListItem","position":2,"name":"Shop","item":"https:\/\/www.staging.imesch-produkte.ch\/?page_id=401"},{"@type":"ListItem","position":3,"name":"Abfallcontainer Brute, 75 Liter"}]},{"@type":"WebSite","@id":"https:\/\/www.staging.imesch-produkte.ch\/#website","url":"https:\/\/www.staging.imesch-produkte.ch\/","name":"Imesch-Produkte","description":"Qualit\u00e4t verbindet Generationen","publisher":{"@id":"https:\/\/www.staging.imesch-produkte.ch\/#organization"},"potentialAction":[{"@type":"SearchAction","target":{"@type":"EntryPoint","urlTemplate":"https:\/\/www.staging.imesch-produkte.ch\/?s={search_term_string}"},"query-input":{"@type":"PropertyValueSpecification","valueRequired":true,"valueName":"search_term_string"}}],"inLanguage":"de"},{"@type":"Organization","@id":"https:\/\/www.staging.imesch-produkte.ch\/#organization","name":"Imesch-Produkte GmbH","url":"https:\/\/www.staging.imesch-produkte.ch\/","logo":{"@type":"ImageObject","inLanguage":"de","@id":"https:\/\/www.staging.imesch-produkte.ch\/#\/schema\/logo\/image\/","url":"https:\/\/i0.wp.com\/www.imesch-produkte.ch\/wordpress\/wp-content\/uploads\/2020\/04\/Logo_Imesch_Produkte.png?fit=871%2C456&ssl=1","contentUrl":"https:\/\/i0.wp.com\/www.imesch-produkte.ch\/wordpress\/wp-content\/uploads\/2020\/04\/Logo_Imesch_Produkte.png?fit=871%2C456&ssl=1","width":871,"height":456,"caption":"Imesch-Produkte GmbH"},"image":{"@id":"https:\/\/www.staging.imesch-produkte.ch\/#\/schema\/logo\/image\/"}}]}},"_links":{"self":[{"href":"https:\/\/www.staging.imesch-produkte.ch\/index.php?rest_route=\/wp\/v2\/product\/7967","targetHints":{"allow":["GET"]}}],"collection":[{"href":"https:\/\/www.staging.imesch-produkte.ch\/index.php?rest_route=\/wp\/v2\/product"}],"about":[{"href":"https:\/\/www.staging.imesch-produkte.ch\/index.php?rest_route=\/wp\/v2\/types\/product"}],"replies":[{"embeddable":true,"href":"https:\/\/www.staging.imesch-produkte.ch\/index.php?rest_route=%2Fwp%2Fv2%2Fcomments&post=7967"}],"version-history":[{"count":0,"href":"https:\/\/www.staging.imesch-produkte.ch\/index.php?rest_route=\/wp\/v2\/product\/7967\/revisions"}],"wp:featuredmedia":[{"embeddable":true,"href":"https:\/\/www.staging.imesch-produkte.ch\/index.php?rest_route=\/wp\/v2\/media\/7968"}],"wp:attachment":[{"href":"https:\/\/www.staging.imesch-produkte.ch\/index.php?rest_route=%2Fwp%2Fv2%2Fmedia&parent=7967"}],"wp:term":[{"taxonomy":"product_cat","embeddable":true,"href":"https:\/\/www.staging.imesch-produkte.ch\/index.php?rest_route=%2Fwp%2Fv2%2Fproduct_cat&post=7967"},{"taxonomy":"product_tag","embeddable":true,"href":"https:\/\/www.staging.imesch-produkte.ch\/index.php?rest_route=%2Fwp%2Fv2%2Fproduct_tag&post=7967"}],"curies":[{"name":"wp","href":"https:\/\/api.w.org\/{rel}","templated":true}]}}