{"id":7973,"date":"2020-06-26T09:12:49","date_gmt":"2020-06-26T07:12:49","guid":{"rendered":"https:\/\/www.imesch-produkte.ch\/?post_type=product&#038;p=7973"},"modified":"2024-02-26T16:35:22","modified_gmt":"2024-02-26T15:35:22","slug":"fahrgestell-zu-abfallcontainer-brute","status":"publish","type":"product","link":"https:\/\/www.staging.imesch-produkte.ch\/?product=fahrgestell-zu-abfallcontainer-brute","title":{"rendered":"Fahrgestell zu Abfallcontainer Brute"},"content":{"rendered":"<p>Das Fahrgestell geh\u00f6rt zum Abfallcontainer Brute. Der Abfallcontainer Brute besteht aus widerstandsf\u00e4higem, nicht br\u00fcchigem Kunststoff. Er ist Druck- und Reissfest.<\/p>\n","protected":false},"excerpt":{"rendered":"<p>Widerstandsf\u00e4higer, nicht br\u00fcchiger Kunststoff, Druck- und reissfest<\/p>\n","protected":false},"featured_media":7974,"comment_status":"open","ping_status":"closed","template":"","meta":[],"product_cat":[847,851],"product_tag":[98,733,94,699],"class_list":{"0":"post-7973","1":"product","2":"type-product","3":"status-publish","4":"has-post-thumbnail","6":"product_cat-reinigung","7":"product_cat-entsorgung","8":"product_tag-fest","9":"product_tag-gastronomie","10":"product_tag-haushalt","11":"product_tag-unternehmen","13":"first","14":"instock","15":"taxable","16":"shipping-taxable","17":"purchasable","18":"product-type-simple"},"yoast_head":"<!-- This site is optimized with the Yoast SEO plugin v23.9 - https:\/\/yoast.com\/wordpress\/plugins\/seo\/ -->\n<title>Fahrgestell zu Abfallcontainer Brute | Imesch Produkte<\/title>\n<meta name=\"description\" content=\"Das Fahrgestell geh\u00f6rt zum Abfallcontainer Brute. Der Abfallcontainer Brute besteht aus widerstandsf\u00e4higem, nicht br\u00fcchigem Kunststoff.\" \/>\n<meta name=\"robots\" content=\"noindex, follow, max-snippet:-1, max-image-preview:large, max-video-preview:-1\" \/>\n<meta property=\"og:locale\" content=\"de_DE\" \/>\n<meta property=\"og:type\" content=\"article\" \/>\n<meta property=\"og:title\" content=\"Fahrgestell zu Abfallcontainer Brute | Imesch Produkte\" \/>\n<meta property=\"og:description\" content=\"Das Fahrgestell geh\u00f6rt zum Abfallcontainer Brute. Der Abfallcontainer Brute besteht aus widerstandsf\u00e4higem, nicht br\u00fcchigem Kunststoff.\" \/>\n<meta property=\"og:url\" content=\"https:\/\/www.staging.imesch-produkte.ch\/?product=fahrgestell-zu-abfallcontainer-brute\" \/>\n<meta property=\"og:site_name\" content=\"Imesch Produkte\" \/>\n<meta property=\"article:modified_time\" content=\"2024-02-26T15:35:22+00:00\" \/>\n<meta property=\"og:image\" content=\"https:\/\/www.staging.imesch-produkte.ch\/wp-content\/uploads\/2020\/06\/WEB_202640_Brute-Fahrgestell.jpg\" \/>\n\t<meta property=\"og:image:width\" content=\"500\" \/>\n\t<meta property=\"og:image:height\" content=\"500\" \/>\n\t<meta property=\"og:image:type\" content=\"image\/jpeg\" \/>\n<meta name=\"twitter:card\" content=\"summary_large_image\" \/>\n<meta name=\"twitter:label1\" content=\"Gesch\u00e4tzte Lesezeit\" \/>\n\t<meta name=\"twitter:data1\" content=\"1\u00a0Minute\" \/>\n<script type=\"application\/ld+json\" class=\"yoast-schema-graph\">{\"@context\":\"https:\/\/schema.org\",\"@graph\":[{\"@type\":\"WebPage\",\"@id\":\"https:\/\/www.staging.imesch-produkte.ch\/?product=fahrgestell-zu-abfallcontainer-brute\",\"url\":\"https:\/\/www.staging.imesch-produkte.ch\/?product=fahrgestell-zu-abfallcontainer-brute\",\"name\":\"Fahrgestell zu Abfallcontainer Brute | Imesch Produkte\",\"isPartOf\":{\"@id\":\"https:\/\/www.staging.imesch-produkte.ch\/#website\"},\"primaryImageOfPage\":{\"@id\":\"https:\/\/www.staging.imesch-produkte.ch\/?product=fahrgestell-zu-abfallcontainer-brute#primaryimage\"},\"image\":{\"@id\":\"https:\/\/www.staging.imesch-produkte.ch\/?product=fahrgestell-zu-abfallcontainer-brute#primaryimage\"},\"thumbnailUrl\":\"https:\/\/www.staging.imesch-produkte.ch\/wp-content\/uploads\/2020\/06\/WEB_202640_Brute-Fahrgestell.jpg\",\"datePublished\":\"2020-06-26T07:12:49+00:00\",\"dateModified\":\"2024-02-26T15:35:22+00:00\",\"description\":\"Das Fahrgestell geh\u00f6rt zum Abfallcontainer Brute. Der Abfallcontainer Brute besteht aus widerstandsf\u00e4higem, nicht br\u00fcchigem Kunststoff.\",\"breadcrumb\":{\"@id\":\"https:\/\/www.staging.imesch-produkte.ch\/?product=fahrgestell-zu-abfallcontainer-brute#breadcrumb\"},\"inLanguage\":\"de\",\"potentialAction\":[{\"@type\":\"ReadAction\",\"target\":[\"https:\/\/www.staging.imesch-produkte.ch\/?product=fahrgestell-zu-abfallcontainer-brute\"]}]},{\"@type\":\"ImageObject\",\"inLanguage\":\"de\",\"@id\":\"https:\/\/www.staging.imesch-produkte.ch\/?product=fahrgestell-zu-abfallcontainer-brute#primaryimage\",\"url\":\"https:\/\/www.staging.imesch-produkte.ch\/wp-content\/uploads\/2020\/06\/WEB_202640_Brute-Fahrgestell.jpg\",\"contentUrl\":\"https:\/\/www.staging.imesch-produkte.ch\/wp-content\/uploads\/2020\/06\/WEB_202640_Brute-Fahrgestell.jpg\",\"width\":500,\"height\":500},{\"@type\":\"BreadcrumbList\",\"@id\":\"https:\/\/www.staging.imesch-produkte.ch\/?product=fahrgestell-zu-abfallcontainer-brute#breadcrumb\",\"itemListElement\":[{\"@type\":\"ListItem\",\"position\":1,\"name\":\"Startseite\",\"item\":\"https:\/\/www.staging.imesch-produkte.ch\/\"},{\"@type\":\"ListItem\",\"position\":2,\"name\":\"Shop\",\"item\":\"https:\/\/www.staging.imesch-produkte.ch\/?page_id=401\"},{\"@type\":\"ListItem\",\"position\":3,\"name\":\"Fahrgestell zu Abfallcontainer Brute\"}]},{\"@type\":\"WebSite\",\"@id\":\"https:\/\/www.staging.imesch-produkte.ch\/#website\",\"url\":\"https:\/\/www.staging.imesch-produkte.ch\/\",\"name\":\"Imesch-Produkte\",\"description\":\"Qualit\u00e4t verbindet Generationen\",\"publisher\":{\"@id\":\"https:\/\/www.staging.imesch-produkte.ch\/#organization\"},\"potentialAction\":[{\"@type\":\"SearchAction\",\"target\":{\"@type\":\"EntryPoint\",\"urlTemplate\":\"https:\/\/www.staging.imesch-produkte.ch\/?s={search_term_string}\"},\"query-input\":{\"@type\":\"PropertyValueSpecification\",\"valueRequired\":true,\"valueName\":\"search_term_string\"}}],\"inLanguage\":\"de\"},{\"@type\":\"Organization\",\"@id\":\"https:\/\/www.staging.imesch-produkte.ch\/#organization\",\"name\":\"Imesch-Produkte GmbH\",\"url\":\"https:\/\/www.staging.imesch-produkte.ch\/\",\"logo\":{\"@type\":\"ImageObject\",\"inLanguage\":\"de\",\"@id\":\"https:\/\/www.staging.imesch-produkte.ch\/#\/schema\/logo\/image\/\",\"url\":\"https:\/\/i0.wp.com\/www.imesch-produkte.ch\/wordpress\/wp-content\/uploads\/2020\/04\/Logo_Imesch_Produkte.png?fit=871%2C456&ssl=1\",\"contentUrl\":\"https:\/\/i0.wp.com\/www.imesch-produkte.ch\/wordpress\/wp-content\/uploads\/2020\/04\/Logo_Imesch_Produkte.png?fit=871%2C456&ssl=1\",\"width\":871,\"height\":456,\"caption\":\"Imesch-Produkte GmbH\"},\"image\":{\"@id\":\"https:\/\/www.staging.imesch-produkte.ch\/#\/schema\/logo\/image\/\"}}]}<\/script>\n<!-- \/ Yoast SEO plugin. -->","yoast_head_json":{"title":"Fahrgestell zu Abfallcontainer Brute | Imesch Produkte","description":"Das Fahrgestell geh\u00f6rt zum Abfallcontainer Brute. Der Abfallcontainer Brute besteht aus widerstandsf\u00e4higem, nicht br\u00fcchigem Kunststoff.","robots":{"index":"noindex","follow":"follow","max-snippet":"max-snippet:-1","max-image-preview":"max-image-preview:large","max-video-preview":"max-video-preview:-1"},"og_locale":"de_DE","og_type":"article","og_title":"Fahrgestell zu Abfallcontainer Brute | Imesch Produkte","og_description":"Das Fahrgestell geh\u00f6rt zum Abfallcontainer Brute. Der Abfallcontainer Brute besteht aus widerstandsf\u00e4higem, nicht br\u00fcchigem Kunststoff.","og_url":"https:\/\/www.staging.imesch-produkte.ch\/?product=fahrgestell-zu-abfallcontainer-brute","og_site_name":"Imesch Produkte","article_modified_time":"2024-02-26T15:35:22+00:00","og_image":[{"width":500,"height":500,"url":"https:\/\/www.staging.imesch-produkte.ch\/wp-content\/uploads\/2020\/06\/WEB_202640_Brute-Fahrgestell.jpg","type":"image\/jpeg"}],"twitter_card":"summary_large_image","twitter_misc":{"Gesch\u00e4tzte Lesezeit":"1\u00a0Minute"},"schema":{"@context":"https:\/\/schema.org","@graph":[{"@type":"WebPage","@id":"https:\/\/www.staging.imesch-produkte.ch\/?product=fahrgestell-zu-abfallcontainer-brute","url":"https:\/\/www.staging.imesch-produkte.ch\/?product=fahrgestell-zu-abfallcontainer-brute","name":"Fahrgestell zu Abfallcontainer Brute | Imesch Produkte","isPartOf":{"@id":"https:\/\/www.staging.imesch-produkte.ch\/#website"},"primaryImageOfPage":{"@id":"https:\/\/www.staging.imesch-produkte.ch\/?product=fahrgestell-zu-abfallcontainer-brute#primaryimage"},"image":{"@id":"https:\/\/www.staging.imesch-produkte.ch\/?product=fahrgestell-zu-abfallcontainer-brute#primaryimage"},"thumbnailUrl":"https:\/\/www.staging.imesch-produkte.ch\/wp-content\/uploads\/2020\/06\/WEB_202640_Brute-Fahrgestell.jpg","datePublished":"2020-06-26T07:12:49+00:00","dateModified":"2024-02-26T15:35:22+00:00","description":"Das Fahrgestell geh\u00f6rt zum Abfallcontainer Brute. Der Abfallcontainer Brute besteht aus widerstandsf\u00e4higem, nicht br\u00fcchigem Kunststoff.","breadcrumb":{"@id":"https:\/\/www.staging.imesch-produkte.ch\/?product=fahrgestell-zu-abfallcontainer-brute#breadcrumb"},"inLanguage":"de","potentialAction":[{"@type":"ReadAction","target":["https:\/\/www.staging.imesch-produkte.ch\/?product=fahrgestell-zu-abfallcontainer-brute"]}]},{"@type":"ImageObject","inLanguage":"de","@id":"https:\/\/www.staging.imesch-produkte.ch\/?product=fahrgestell-zu-abfallcontainer-brute#primaryimage","url":"https:\/\/www.staging.imesch-produkte.ch\/wp-content\/uploads\/2020\/06\/WEB_202640_Brute-Fahrgestell.jpg","contentUrl":"https:\/\/www.staging.imesch-produkte.ch\/wp-content\/uploads\/2020\/06\/WEB_202640_Brute-Fahrgestell.jpg","width":500,"height":500},{"@type":"BreadcrumbList","@id":"https:\/\/www.staging.imesch-produkte.ch\/?product=fahrgestell-zu-abfallcontainer-brute#breadcrumb","itemListElement":[{"@type":"ListItem","position":1,"name":"Startseite","item":"https:\/\/www.staging.imesch-produkte.ch\/"},{"@type":"ListItem","position":2,"name":"Shop","item":"https:\/\/www.staging.imesch-produkte.ch\/?page_id=401"},{"@type":"ListItem","position":3,"name":"Fahrgestell zu Abfallcontainer Brute"}]},{"@type":"WebSite","@id":"https:\/\/www.staging.imesch-produkte.ch\/#website","url":"https:\/\/www.staging.imesch-produkte.ch\/","name":"Imesch-Produkte","description":"Qualit\u00e4t verbindet Generationen","publisher":{"@id":"https:\/\/www.staging.imesch-produkte.ch\/#organization"},"potentialAction":[{"@type":"SearchAction","target":{"@type":"EntryPoint","urlTemplate":"https:\/\/www.staging.imesch-produkte.ch\/?s={search_term_string}"},"query-input":{"@type":"PropertyValueSpecification","valueRequired":true,"valueName":"search_term_string"}}],"inLanguage":"de"},{"@type":"Organization","@id":"https:\/\/www.staging.imesch-produkte.ch\/#organization","name":"Imesch-Produkte GmbH","url":"https:\/\/www.staging.imesch-produkte.ch\/","logo":{"@type":"ImageObject","inLanguage":"de","@id":"https:\/\/www.staging.imesch-produkte.ch\/#\/schema\/logo\/image\/","url":"https:\/\/i0.wp.com\/www.imesch-produkte.ch\/wordpress\/wp-content\/uploads\/2020\/04\/Logo_Imesch_Produkte.png?fit=871%2C456&ssl=1","contentUrl":"https:\/\/i0.wp.com\/www.imesch-produkte.ch\/wordpress\/wp-content\/uploads\/2020\/04\/Logo_Imesch_Produkte.png?fit=871%2C456&ssl=1","width":871,"height":456,"caption":"Imesch-Produkte GmbH"},"image":{"@id":"https:\/\/www.staging.imesch-produkte.ch\/#\/schema\/logo\/image\/"}}]}},"_links":{"self":[{"href":"https:\/\/www.staging.imesch-produkte.ch\/index.php?rest_route=\/wp\/v2\/product\/7973","targetHints":{"allow":["GET"]}}],"collection":[{"href":"https:\/\/www.staging.imesch-produkte.ch\/index.php?rest_route=\/wp\/v2\/product"}],"about":[{"href":"https:\/\/www.staging.imesch-produkte.ch\/index.php?rest_route=\/wp\/v2\/types\/product"}],"replies":[{"embeddable":true,"href":"https:\/\/www.staging.imesch-produkte.ch\/index.php?rest_route=%2Fwp%2Fv2%2Fcomments&post=7973"}],"version-history":[{"count":0,"href":"https:\/\/www.staging.imesch-produkte.ch\/index.php?rest_route=\/wp\/v2\/product\/7973\/revisions"}],"wp:featuredmedia":[{"embeddable":true,"href":"https:\/\/www.staging.imesch-produkte.ch\/index.php?rest_route=\/wp\/v2\/media\/7974"}],"wp:attachment":[{"href":"https:\/\/www.staging.imesch-produkte.ch\/index.php?rest_route=%2Fwp%2Fv2%2Fmedia&parent=7973"}],"wp:term":[{"taxonomy":"product_cat","embeddable":true,"href":"https:\/\/www.staging.imesch-produkte.ch\/index.php?rest_route=%2Fwp%2Fv2%2Fproduct_cat&post=7973"},{"taxonomy":"product_tag","embeddable":true,"href":"https:\/\/www.staging.imesch-produkte.ch\/index.php?rest_route=%2Fwp%2Fv2%2Fproduct_tag&post=7973"}],"curies":[{"name":"wp","href":"https:\/\/api.w.org\/{rel}","templated":true}]}}