{"id":8225,"date":"2020-07-07T15:01:48","date_gmt":"2020-07-07T13:01:48","guid":{"rendered":"https:\/\/www.imesch-produkte.ch\/?post_type=product&#038;p=8225"},"modified":"2024-02-26T16:35:27","modified_gmt":"2024-02-26T15:35:27","slug":"spender-tork-rollenhandtuch-h1-matic-kunststoff-weiss","status":"publish","type":"product","link":"https:\/\/www.staging.imesch-produkte.ch\/?product=spender-tork-rollenhandtuch-h1-matic-kunststoff-weiss","title":{"rendered":"Spender Tork Rollenhandtuch H1 Matic, Kunststoff weiss"},"content":{"rendered":"<p>&#8211; f\u00fcr fast alle Waschraumtypen geeignet<br \/>\n&#8211; hohe Kapazit\u00e4t und geringe Wartung<br \/>\n&#8211; robustes Design: auch f\u00fcr anspruchsvolle Umgebungen geeignet<\/p>\n<p><a href=\"https:\/\/www.staging.imesch-produkte.ch\/wp-content\/uploads\/2020\/07\/Abschliessbar.png\"><img decoding=\"async\" class=\"alignnone size-full wp-image-8232\" src=\"https:\/\/www.staging.imesch-produkte.ch\/wp-content\/uploads\/2020\/07\/Abschliessbar.png\" alt=\"\" width=\"301\" height=\"116\" \/><\/a><\/p>\n","protected":false},"excerpt":{"rendered":"<p>Wird kostenlos, leihweise zur Verf\u00fcgung gestellt. Nur mit Vertrag erh\u00e4ltlich.<\/p>\n<p>Tork Matic H1 Spender f\u00fcr Rollenhandt\u00fccher, erh\u00e4ltlich in den Farben weiss, schwarz und grau, aus Kunststoff oder Aluminium, mit Sichtfenster.<br \/>\nModernes Design, hohe Funktionalit\u00e4t und optimale Hygiene, all das verbinden diese Tork Spender.<\/p>\n","protected":false},"featured_media":8226,"comment_status":"open","ping_status":"closed","template":"","meta":[],"product_cat":[846],"product_tag":[733,699],"class_list":{"0":"post-8225","1":"product","2":"type-product","3":"status-publish","4":"has-post-thumbnail","6":"product_cat-seifen-spender","7":"product_tag-gastronomie","8":"product_tag-unternehmen","10":"first","11":"instock","12":"taxable","13":"shipping-taxable","14":"purchasable","15":"product-type-simple"},"yoast_head":"<!-- This site is optimized with the Yoast SEO plugin v23.9 - https:\/\/yoast.com\/wordpress\/plugins\/seo\/ -->\n<title>Spender Tork Rollenhandtuch H1 Matic, Kunststoff weiss | Imesch Produkte<\/title>\n<meta name=\"robots\" content=\"noindex, follow, max-snippet:-1, max-image-preview:large, max-video-preview:-1\" \/>\n<meta property=\"og:locale\" content=\"de_DE\" \/>\n<meta property=\"og:type\" content=\"article\" \/>\n<meta property=\"og:title\" content=\"Spender Tork Rollenhandtuch H1 Matic, Kunststoff weiss | Imesch Produkte\" \/>\n<meta property=\"og:description\" content=\"Wird kostenlos, leihweise zur Verf\u00fcgung gestellt. Nur mit Vertrag erh\u00e4ltlich.  Tork Matic H1 Spender f\u00fcr Rollenhandt\u00fccher, erh\u00e4ltlich in den Farben weiss, schwarz und grau, aus Kunststoff oder Aluminium, mit Sichtfenster. Modernes Design, hohe Funktionalit\u00e4t und optimale Hygiene, all das verbinden diese Tork Spender.\" \/>\n<meta property=\"og:url\" content=\"https:\/\/www.staging.imesch-produkte.ch\/?product=spender-tork-rollenhandtuch-h1-matic-kunststoff-weiss\" \/>\n<meta property=\"og:site_name\" content=\"Imesch Produkte\" \/>\n<meta property=\"article:modified_time\" content=\"2024-02-26T15:35:27+00:00\" \/>\n<meta property=\"og:image\" content=\"https:\/\/www.staging.imesch-produkte.ch\/wp-content\/uploads\/2020\/07\/WEB_22035.10198_Tork-Dispenser-H1-weiss_01.jpg\" \/>\n\t<meta property=\"og:image:width\" content=\"750\" \/>\n\t<meta property=\"og:image:height\" content=\"750\" \/>\n\t<meta property=\"og:image:type\" content=\"image\/jpeg\" \/>\n<meta name=\"twitter:card\" content=\"summary_large_image\" \/>\n<script type=\"application\/ld+json\" class=\"yoast-schema-graph\">{\"@context\":\"https:\/\/schema.org\",\"@graph\":[{\"@type\":\"WebPage\",\"@id\":\"https:\/\/www.staging.imesch-produkte.ch\/?product=spender-tork-rollenhandtuch-h1-matic-kunststoff-weiss\",\"url\":\"https:\/\/www.staging.imesch-produkte.ch\/?product=spender-tork-rollenhandtuch-h1-matic-kunststoff-weiss\",\"name\":\"Spender Tork Rollenhandtuch H1 Matic, Kunststoff weiss | Imesch Produkte\",\"isPartOf\":{\"@id\":\"https:\/\/www.staging.imesch-produkte.ch\/#website\"},\"primaryImageOfPage\":{\"@id\":\"https:\/\/www.staging.imesch-produkte.ch\/?product=spender-tork-rollenhandtuch-h1-matic-kunststoff-weiss#primaryimage\"},\"image\":{\"@id\":\"https:\/\/www.staging.imesch-produkte.ch\/?product=spender-tork-rollenhandtuch-h1-matic-kunststoff-weiss#primaryimage\"},\"thumbnailUrl\":\"https:\/\/www.staging.imesch-produkte.ch\/wp-content\/uploads\/2020\/07\/WEB_22035.10198_Tork-Dispenser-H1-weiss_01.jpg\",\"datePublished\":\"2020-07-07T13:01:48+00:00\",\"dateModified\":\"2024-02-26T15:35:27+00:00\",\"breadcrumb\":{\"@id\":\"https:\/\/www.staging.imesch-produkte.ch\/?product=spender-tork-rollenhandtuch-h1-matic-kunststoff-weiss#breadcrumb\"},\"inLanguage\":\"de\",\"potentialAction\":[{\"@type\":\"ReadAction\",\"target\":[\"https:\/\/www.staging.imesch-produkte.ch\/?product=spender-tork-rollenhandtuch-h1-matic-kunststoff-weiss\"]}]},{\"@type\":\"ImageObject\",\"inLanguage\":\"de\",\"@id\":\"https:\/\/www.staging.imesch-produkte.ch\/?product=spender-tork-rollenhandtuch-h1-matic-kunststoff-weiss#primaryimage\",\"url\":\"https:\/\/www.staging.imesch-produkte.ch\/wp-content\/uploads\/2020\/07\/WEB_22035.10198_Tork-Dispenser-H1-weiss_01.jpg\",\"contentUrl\":\"https:\/\/www.staging.imesch-produkte.ch\/wp-content\/uploads\/2020\/07\/WEB_22035.10198_Tork-Dispenser-H1-weiss_01.jpg\",\"width\":750,\"height\":750},{\"@type\":\"BreadcrumbList\",\"@id\":\"https:\/\/www.staging.imesch-produkte.ch\/?product=spender-tork-rollenhandtuch-h1-matic-kunststoff-weiss#breadcrumb\",\"itemListElement\":[{\"@type\":\"ListItem\",\"position\":1,\"name\":\"Startseite\",\"item\":\"https:\/\/www.staging.imesch-produkte.ch\/\"},{\"@type\":\"ListItem\",\"position\":2,\"name\":\"Shop\",\"item\":\"https:\/\/www.staging.imesch-produkte.ch\/?page_id=401\"},{\"@type\":\"ListItem\",\"position\":3,\"name\":\"Spender Tork Rollenhandtuch H1 Matic, Kunststoff weiss\"}]},{\"@type\":\"WebSite\",\"@id\":\"https:\/\/www.staging.imesch-produkte.ch\/#website\",\"url\":\"https:\/\/www.staging.imesch-produkte.ch\/\",\"name\":\"Imesch-Produkte\",\"description\":\"Qualit\u00e4t verbindet Generationen\",\"publisher\":{\"@id\":\"https:\/\/www.staging.imesch-produkte.ch\/#organization\"},\"potentialAction\":[{\"@type\":\"SearchAction\",\"target\":{\"@type\":\"EntryPoint\",\"urlTemplate\":\"https:\/\/www.staging.imesch-produkte.ch\/?s={search_term_string}\"},\"query-input\":{\"@type\":\"PropertyValueSpecification\",\"valueRequired\":true,\"valueName\":\"search_term_string\"}}],\"inLanguage\":\"de\"},{\"@type\":\"Organization\",\"@id\":\"https:\/\/www.staging.imesch-produkte.ch\/#organization\",\"name\":\"Imesch-Produkte GmbH\",\"url\":\"https:\/\/www.staging.imesch-produkte.ch\/\",\"logo\":{\"@type\":\"ImageObject\",\"inLanguage\":\"de\",\"@id\":\"https:\/\/www.staging.imesch-produkte.ch\/#\/schema\/logo\/image\/\",\"url\":\"https:\/\/i0.wp.com\/www.imesch-produkte.ch\/wordpress\/wp-content\/uploads\/2020\/04\/Logo_Imesch_Produkte.png?fit=871%2C456&ssl=1\",\"contentUrl\":\"https:\/\/i0.wp.com\/www.imesch-produkte.ch\/wordpress\/wp-content\/uploads\/2020\/04\/Logo_Imesch_Produkte.png?fit=871%2C456&ssl=1\",\"width\":871,\"height\":456,\"caption\":\"Imesch-Produkte GmbH\"},\"image\":{\"@id\":\"https:\/\/www.staging.imesch-produkte.ch\/#\/schema\/logo\/image\/\"}}]}<\/script>\n<!-- \/ Yoast SEO plugin. -->","yoast_head_json":{"title":"Spender Tork Rollenhandtuch H1 Matic, Kunststoff weiss | Imesch Produkte","robots":{"index":"noindex","follow":"follow","max-snippet":"max-snippet:-1","max-image-preview":"max-image-preview:large","max-video-preview":"max-video-preview:-1"},"og_locale":"de_DE","og_type":"article","og_title":"Spender Tork Rollenhandtuch H1 Matic, Kunststoff weiss | Imesch Produkte","og_description":"Wird kostenlos, leihweise zur Verf\u00fcgung gestellt. Nur mit Vertrag erh\u00e4ltlich.  Tork Matic H1 Spender f\u00fcr Rollenhandt\u00fccher, erh\u00e4ltlich in den Farben weiss, schwarz und grau, aus Kunststoff oder Aluminium, mit Sichtfenster. Modernes Design, hohe Funktionalit\u00e4t und optimale Hygiene, all das verbinden diese Tork Spender.","og_url":"https:\/\/www.staging.imesch-produkte.ch\/?product=spender-tork-rollenhandtuch-h1-matic-kunststoff-weiss","og_site_name":"Imesch Produkte","article_modified_time":"2024-02-26T15:35:27+00:00","og_image":[{"width":750,"height":750,"url":"https:\/\/www.staging.imesch-produkte.ch\/wp-content\/uploads\/2020\/07\/WEB_22035.10198_Tork-Dispenser-H1-weiss_01.jpg","type":"image\/jpeg"}],"twitter_card":"summary_large_image","schema":{"@context":"https:\/\/schema.org","@graph":[{"@type":"WebPage","@id":"https:\/\/www.staging.imesch-produkte.ch\/?product=spender-tork-rollenhandtuch-h1-matic-kunststoff-weiss","url":"https:\/\/www.staging.imesch-produkte.ch\/?product=spender-tork-rollenhandtuch-h1-matic-kunststoff-weiss","name":"Spender Tork Rollenhandtuch H1 Matic, Kunststoff weiss | Imesch Produkte","isPartOf":{"@id":"https:\/\/www.staging.imesch-produkte.ch\/#website"},"primaryImageOfPage":{"@id":"https:\/\/www.staging.imesch-produkte.ch\/?product=spender-tork-rollenhandtuch-h1-matic-kunststoff-weiss#primaryimage"},"image":{"@id":"https:\/\/www.staging.imesch-produkte.ch\/?product=spender-tork-rollenhandtuch-h1-matic-kunststoff-weiss#primaryimage"},"thumbnailUrl":"https:\/\/www.staging.imesch-produkte.ch\/wp-content\/uploads\/2020\/07\/WEB_22035.10198_Tork-Dispenser-H1-weiss_01.jpg","datePublished":"2020-07-07T13:01:48+00:00","dateModified":"2024-02-26T15:35:27+00:00","breadcrumb":{"@id":"https:\/\/www.staging.imesch-produkte.ch\/?product=spender-tork-rollenhandtuch-h1-matic-kunststoff-weiss#breadcrumb"},"inLanguage":"de","potentialAction":[{"@type":"ReadAction","target":["https:\/\/www.staging.imesch-produkte.ch\/?product=spender-tork-rollenhandtuch-h1-matic-kunststoff-weiss"]}]},{"@type":"ImageObject","inLanguage":"de","@id":"https:\/\/www.staging.imesch-produkte.ch\/?product=spender-tork-rollenhandtuch-h1-matic-kunststoff-weiss#primaryimage","url":"https:\/\/www.staging.imesch-produkte.ch\/wp-content\/uploads\/2020\/07\/WEB_22035.10198_Tork-Dispenser-H1-weiss_01.jpg","contentUrl":"https:\/\/www.staging.imesch-produkte.ch\/wp-content\/uploads\/2020\/07\/WEB_22035.10198_Tork-Dispenser-H1-weiss_01.jpg","width":750,"height":750},{"@type":"BreadcrumbList","@id":"https:\/\/www.staging.imesch-produkte.ch\/?product=spender-tork-rollenhandtuch-h1-matic-kunststoff-weiss#breadcrumb","itemListElement":[{"@type":"ListItem","position":1,"name":"Startseite","item":"https:\/\/www.staging.imesch-produkte.ch\/"},{"@type":"ListItem","position":2,"name":"Shop","item":"https:\/\/www.staging.imesch-produkte.ch\/?page_id=401"},{"@type":"ListItem","position":3,"name":"Spender Tork Rollenhandtuch H1 Matic, Kunststoff weiss"}]},{"@type":"WebSite","@id":"https:\/\/www.staging.imesch-produkte.ch\/#website","url":"https:\/\/www.staging.imesch-produkte.ch\/","name":"Imesch-Produkte","description":"Qualit\u00e4t verbindet Generationen","publisher":{"@id":"https:\/\/www.staging.imesch-produkte.ch\/#organization"},"potentialAction":[{"@type":"SearchAction","target":{"@type":"EntryPoint","urlTemplate":"https:\/\/www.staging.imesch-produkte.ch\/?s={search_term_string}"},"query-input":{"@type":"PropertyValueSpecification","valueRequired":true,"valueName":"search_term_string"}}],"inLanguage":"de"},{"@type":"Organization","@id":"https:\/\/www.staging.imesch-produkte.ch\/#organization","name":"Imesch-Produkte GmbH","url":"https:\/\/www.staging.imesch-produkte.ch\/","logo":{"@type":"ImageObject","inLanguage":"de","@id":"https:\/\/www.staging.imesch-produkte.ch\/#\/schema\/logo\/image\/","url":"https:\/\/i0.wp.com\/www.imesch-produkte.ch\/wordpress\/wp-content\/uploads\/2020\/04\/Logo_Imesch_Produkte.png?fit=871%2C456&ssl=1","contentUrl":"https:\/\/i0.wp.com\/www.imesch-produkte.ch\/wordpress\/wp-content\/uploads\/2020\/04\/Logo_Imesch_Produkte.png?fit=871%2C456&ssl=1","width":871,"height":456,"caption":"Imesch-Produkte GmbH"},"image":{"@id":"https:\/\/www.staging.imesch-produkte.ch\/#\/schema\/logo\/image\/"}}]}},"_links":{"self":[{"href":"https:\/\/www.staging.imesch-produkte.ch\/index.php?rest_route=\/wp\/v2\/product\/8225","targetHints":{"allow":["GET"]}}],"collection":[{"href":"https:\/\/www.staging.imesch-produkte.ch\/index.php?rest_route=\/wp\/v2\/product"}],"about":[{"href":"https:\/\/www.staging.imesch-produkte.ch\/index.php?rest_route=\/wp\/v2\/types\/product"}],"replies":[{"embeddable":true,"href":"https:\/\/www.staging.imesch-produkte.ch\/index.php?rest_route=%2Fwp%2Fv2%2Fcomments&post=8225"}],"version-history":[{"count":0,"href":"https:\/\/www.staging.imesch-produkte.ch\/index.php?rest_route=\/wp\/v2\/product\/8225\/revisions"}],"wp:featuredmedia":[{"embeddable":true,"href":"https:\/\/www.staging.imesch-produkte.ch\/index.php?rest_route=\/wp\/v2\/media\/8226"}],"wp:attachment":[{"href":"https:\/\/www.staging.imesch-produkte.ch\/index.php?rest_route=%2Fwp%2Fv2%2Fmedia&parent=8225"}],"wp:term":[{"taxonomy":"product_cat","embeddable":true,"href":"https:\/\/www.staging.imesch-produkte.ch\/index.php?rest_route=%2Fwp%2Fv2%2Fproduct_cat&post=8225"},{"taxonomy":"product_tag","embeddable":true,"href":"https:\/\/www.staging.imesch-produkte.ch\/index.php?rest_route=%2Fwp%2Fv2%2Fproduct_tag&post=8225"}],"curies":[{"name":"wp","href":"https:\/\/api.w.org\/{rel}","templated":true}]}}