{"id":8299,"date":"2020-07-09T15:44:23","date_gmt":"2020-07-09T13:44:23","guid":{"rendered":"https:\/\/www.imesch-produkte.ch\/?post_type=product&#038;p=8299"},"modified":"2024-02-26T16:35:32","modified_gmt":"2024-02-26T15:35:32","slug":"allzwecktuch-vlies-pack-a-10-stk","status":"publish","type":"product","link":"https:\/\/www.staging.imesch-produkte.ch\/?product=allzwecktuch-vlies-pack-a-10-stk","title":{"rendered":"Allzwecktuch Vlies, Pack \u00e0 10 Stk."},"content":{"rendered":"<p>Das Allzwecktuch Vlies ist sehr farbenintensiv. Das Tuch besteht zu 82 % aus Viskose und zu 18 % aus Polypropylen. Viskose ist eine chemisch hergestellte Faser aus nat\u00fcrlichem Grundstoff. Optisch ist Viskose der Baumwolle sehr \u00e4hnlich. Allerdings ist Viskose keine Kunstfaser, sondern ein Produkt aus nat\u00fcrlicher Cellulose. Cellulose ist der Hauptbestandteil pflanzlicher Zellw\u00e4nde. Polypropylen ist ein sehr belastbarer Kunststoff.<\/p>\n","protected":false},"excerpt":{"rendered":"<p>82 % Viskose \/ 18 % Polypropylen<br \/>\nWaschbar 60\u00b0<\/p>\n","protected":false},"featured_media":8308,"comment_status":"open","ping_status":"closed","template":"","meta":[],"product_cat":[847,849],"product_tag":[98,825,733,94,699],"class_list":{"0":"post-8299","1":"product","2":"type-product","3":"status-publish","4":"has-post-thumbnail","6":"product_cat-reinigung","7":"product_cat-reinigungsutensilien-reinigung","8":"product_tag-fest","9":"product_tag-fruehlingsputz","10":"product_tag-gastronomie","11":"product_tag-haushalt","12":"product_tag-unternehmen","13":"pa_farbe-blau","14":"pa_farbe-gelb","15":"pa_farbe-gruen","16":"pa_farbe-rot","18":"first","19":"instock","20":"taxable","21":"shipping-taxable","22":"purchasable","23":"product-type-variable"},"yoast_head":"<!-- This site is optimized with the Yoast SEO plugin v23.9 - https:\/\/yoast.com\/wordpress\/plugins\/seo\/ -->\n<title>Allzwecktuch Vlies, Pack \u00e0 10 Stk. | Imesch Produkte<\/title>\n<meta name=\"description\" content=\"as Allzwecktuch Vlies ist sehr farbenintensiv. Das Tuch besteht zu 82 % aus Viskose und zu 18 % aus Polypropylen.\" \/>\n<meta name=\"robots\" content=\"noindex, follow, max-snippet:-1, max-image-preview:large, max-video-preview:-1\" \/>\n<meta property=\"og:locale\" content=\"de_DE\" \/>\n<meta property=\"og:type\" content=\"article\" \/>\n<meta property=\"og:title\" content=\"Allzwecktuch Vlies, Pack \u00e0 10 Stk. | Imesch Produkte\" \/>\n<meta property=\"og:description\" content=\"as Allzwecktuch Vlies ist sehr farbenintensiv. Das Tuch besteht zu 82 % aus Viskose und zu 18 % aus Polypropylen.\" \/>\n<meta property=\"og:url\" content=\"https:\/\/www.staging.imesch-produkte.ch\/?product=allzwecktuch-vlies-pack-a-10-stk\" \/>\n<meta property=\"og:site_name\" content=\"Imesch Produkte\" \/>\n<meta property=\"article:modified_time\" content=\"2024-02-26T15:35:32+00:00\" \/>\n<meta property=\"og:image\" content=\"https:\/\/www.staging.imesch-produkte.ch\/wp-content\/uploads\/2020\/07\/WEB_894011.x-10.jpg\" \/>\n\t<meta property=\"og:image:width\" content=\"500\" \/>\n\t<meta property=\"og:image:height\" content=\"500\" \/>\n\t<meta property=\"og:image:type\" content=\"image\/jpeg\" \/>\n<meta name=\"twitter:card\" content=\"summary_large_image\" \/>\n<script type=\"application\/ld+json\" class=\"yoast-schema-graph\">{\"@context\":\"https:\/\/schema.org\",\"@graph\":[{\"@type\":\"WebPage\",\"@id\":\"https:\/\/www.staging.imesch-produkte.ch\/?product=allzwecktuch-vlies-pack-a-10-stk\",\"url\":\"https:\/\/www.staging.imesch-produkte.ch\/?product=allzwecktuch-vlies-pack-a-10-stk\",\"name\":\"Allzwecktuch Vlies, Pack \u00e0 10 Stk. | Imesch Produkte\",\"isPartOf\":{\"@id\":\"https:\/\/www.staging.imesch-produkte.ch\/#website\"},\"primaryImageOfPage\":{\"@id\":\"https:\/\/www.staging.imesch-produkte.ch\/?product=allzwecktuch-vlies-pack-a-10-stk#primaryimage\"},\"image\":{\"@id\":\"https:\/\/www.staging.imesch-produkte.ch\/?product=allzwecktuch-vlies-pack-a-10-stk#primaryimage\"},\"thumbnailUrl\":\"https:\/\/www.staging.imesch-produkte.ch\/wp-content\/uploads\/2020\/07\/WEB_894011.x-10.jpg\",\"datePublished\":\"2020-07-09T13:44:23+00:00\",\"dateModified\":\"2024-02-26T15:35:32+00:00\",\"description\":\"as Allzwecktuch Vlies ist sehr farbenintensiv. Das Tuch besteht zu 82 % aus Viskose und zu 18 % aus Polypropylen.\",\"breadcrumb\":{\"@id\":\"https:\/\/www.staging.imesch-produkte.ch\/?product=allzwecktuch-vlies-pack-a-10-stk#breadcrumb\"},\"inLanguage\":\"de\",\"potentialAction\":[{\"@type\":\"ReadAction\",\"target\":[\"https:\/\/www.staging.imesch-produkte.ch\/?product=allzwecktuch-vlies-pack-a-10-stk\"]}]},{\"@type\":\"ImageObject\",\"inLanguage\":\"de\",\"@id\":\"https:\/\/www.staging.imesch-produkte.ch\/?product=allzwecktuch-vlies-pack-a-10-stk#primaryimage\",\"url\":\"https:\/\/www.staging.imesch-produkte.ch\/wp-content\/uploads\/2020\/07\/WEB_894011.x-10.jpg\",\"contentUrl\":\"https:\/\/www.staging.imesch-produkte.ch\/wp-content\/uploads\/2020\/07\/WEB_894011.x-10.jpg\",\"width\":500,\"height\":500},{\"@type\":\"BreadcrumbList\",\"@id\":\"https:\/\/www.staging.imesch-produkte.ch\/?product=allzwecktuch-vlies-pack-a-10-stk#breadcrumb\",\"itemListElement\":[{\"@type\":\"ListItem\",\"position\":1,\"name\":\"Startseite\",\"item\":\"https:\/\/www.staging.imesch-produkte.ch\/\"},{\"@type\":\"ListItem\",\"position\":2,\"name\":\"Shop\",\"item\":\"https:\/\/www.staging.imesch-produkte.ch\/?page_id=401\"},{\"@type\":\"ListItem\",\"position\":3,\"name\":\"Allzwecktuch Vlies, Pack \u00e0 10 Stk.\"}]},{\"@type\":\"WebSite\",\"@id\":\"https:\/\/www.staging.imesch-produkte.ch\/#website\",\"url\":\"https:\/\/www.staging.imesch-produkte.ch\/\",\"name\":\"Imesch-Produkte\",\"description\":\"Qualit\u00e4t verbindet Generationen\",\"publisher\":{\"@id\":\"https:\/\/www.staging.imesch-produkte.ch\/#organization\"},\"potentialAction\":[{\"@type\":\"SearchAction\",\"target\":{\"@type\":\"EntryPoint\",\"urlTemplate\":\"https:\/\/www.staging.imesch-produkte.ch\/?s={search_term_string}\"},\"query-input\":{\"@type\":\"PropertyValueSpecification\",\"valueRequired\":true,\"valueName\":\"search_term_string\"}}],\"inLanguage\":\"de\"},{\"@type\":\"Organization\",\"@id\":\"https:\/\/www.staging.imesch-produkte.ch\/#organization\",\"name\":\"Imesch-Produkte GmbH\",\"url\":\"https:\/\/www.staging.imesch-produkte.ch\/\",\"logo\":{\"@type\":\"ImageObject\",\"inLanguage\":\"de\",\"@id\":\"https:\/\/www.staging.imesch-produkte.ch\/#\/schema\/logo\/image\/\",\"url\":\"https:\/\/i0.wp.com\/www.imesch-produkte.ch\/wordpress\/wp-content\/uploads\/2020\/04\/Logo_Imesch_Produkte.png?fit=871%2C456&ssl=1\",\"contentUrl\":\"https:\/\/i0.wp.com\/www.imesch-produkte.ch\/wordpress\/wp-content\/uploads\/2020\/04\/Logo_Imesch_Produkte.png?fit=871%2C456&ssl=1\",\"width\":871,\"height\":456,\"caption\":\"Imesch-Produkte GmbH\"},\"image\":{\"@id\":\"https:\/\/www.staging.imesch-produkte.ch\/#\/schema\/logo\/image\/\"}}]}<\/script>\n<!-- \/ Yoast SEO plugin. -->","yoast_head_json":{"title":"Allzwecktuch Vlies, Pack \u00e0 10 Stk. | Imesch Produkte","description":"as Allzwecktuch Vlies ist sehr farbenintensiv. Das Tuch besteht zu 82 % aus Viskose und zu 18 % aus Polypropylen.","robots":{"index":"noindex","follow":"follow","max-snippet":"max-snippet:-1","max-image-preview":"max-image-preview:large","max-video-preview":"max-video-preview:-1"},"og_locale":"de_DE","og_type":"article","og_title":"Allzwecktuch Vlies, Pack \u00e0 10 Stk. | Imesch Produkte","og_description":"as Allzwecktuch Vlies ist sehr farbenintensiv. Das Tuch besteht zu 82 % aus Viskose und zu 18 % aus Polypropylen.","og_url":"https:\/\/www.staging.imesch-produkte.ch\/?product=allzwecktuch-vlies-pack-a-10-stk","og_site_name":"Imesch Produkte","article_modified_time":"2024-02-26T15:35:32+00:00","og_image":[{"width":500,"height":500,"url":"https:\/\/www.staging.imesch-produkte.ch\/wp-content\/uploads\/2020\/07\/WEB_894011.x-10.jpg","type":"image\/jpeg"}],"twitter_card":"summary_large_image","schema":{"@context":"https:\/\/schema.org","@graph":[{"@type":"WebPage","@id":"https:\/\/www.staging.imesch-produkte.ch\/?product=allzwecktuch-vlies-pack-a-10-stk","url":"https:\/\/www.staging.imesch-produkte.ch\/?product=allzwecktuch-vlies-pack-a-10-stk","name":"Allzwecktuch Vlies, Pack \u00e0 10 Stk. | Imesch Produkte","isPartOf":{"@id":"https:\/\/www.staging.imesch-produkte.ch\/#website"},"primaryImageOfPage":{"@id":"https:\/\/www.staging.imesch-produkte.ch\/?product=allzwecktuch-vlies-pack-a-10-stk#primaryimage"},"image":{"@id":"https:\/\/www.staging.imesch-produkte.ch\/?product=allzwecktuch-vlies-pack-a-10-stk#primaryimage"},"thumbnailUrl":"https:\/\/www.staging.imesch-produkte.ch\/wp-content\/uploads\/2020\/07\/WEB_894011.x-10.jpg","datePublished":"2020-07-09T13:44:23+00:00","dateModified":"2024-02-26T15:35:32+00:00","description":"as Allzwecktuch Vlies ist sehr farbenintensiv. Das Tuch besteht zu 82 % aus Viskose und zu 18 % aus Polypropylen.","breadcrumb":{"@id":"https:\/\/www.staging.imesch-produkte.ch\/?product=allzwecktuch-vlies-pack-a-10-stk#breadcrumb"},"inLanguage":"de","potentialAction":[{"@type":"ReadAction","target":["https:\/\/www.staging.imesch-produkte.ch\/?product=allzwecktuch-vlies-pack-a-10-stk"]}]},{"@type":"ImageObject","inLanguage":"de","@id":"https:\/\/www.staging.imesch-produkte.ch\/?product=allzwecktuch-vlies-pack-a-10-stk#primaryimage","url":"https:\/\/www.staging.imesch-produkte.ch\/wp-content\/uploads\/2020\/07\/WEB_894011.x-10.jpg","contentUrl":"https:\/\/www.staging.imesch-produkte.ch\/wp-content\/uploads\/2020\/07\/WEB_894011.x-10.jpg","width":500,"height":500},{"@type":"BreadcrumbList","@id":"https:\/\/www.staging.imesch-produkte.ch\/?product=allzwecktuch-vlies-pack-a-10-stk#breadcrumb","itemListElement":[{"@type":"ListItem","position":1,"name":"Startseite","item":"https:\/\/www.staging.imesch-produkte.ch\/"},{"@type":"ListItem","position":2,"name":"Shop","item":"https:\/\/www.staging.imesch-produkte.ch\/?page_id=401"},{"@type":"ListItem","position":3,"name":"Allzwecktuch Vlies, Pack \u00e0 10 Stk."}]},{"@type":"WebSite","@id":"https:\/\/www.staging.imesch-produkte.ch\/#website","url":"https:\/\/www.staging.imesch-produkte.ch\/","name":"Imesch-Produkte","description":"Qualit\u00e4t verbindet Generationen","publisher":{"@id":"https:\/\/www.staging.imesch-produkte.ch\/#organization"},"potentialAction":[{"@type":"SearchAction","target":{"@type":"EntryPoint","urlTemplate":"https:\/\/www.staging.imesch-produkte.ch\/?s={search_term_string}"},"query-input":{"@type":"PropertyValueSpecification","valueRequired":true,"valueName":"search_term_string"}}],"inLanguage":"de"},{"@type":"Organization","@id":"https:\/\/www.staging.imesch-produkte.ch\/#organization","name":"Imesch-Produkte GmbH","url":"https:\/\/www.staging.imesch-produkte.ch\/","logo":{"@type":"ImageObject","inLanguage":"de","@id":"https:\/\/www.staging.imesch-produkte.ch\/#\/schema\/logo\/image\/","url":"https:\/\/i0.wp.com\/www.imesch-produkte.ch\/wordpress\/wp-content\/uploads\/2020\/04\/Logo_Imesch_Produkte.png?fit=871%2C456&ssl=1","contentUrl":"https:\/\/i0.wp.com\/www.imesch-produkte.ch\/wordpress\/wp-content\/uploads\/2020\/04\/Logo_Imesch_Produkte.png?fit=871%2C456&ssl=1","width":871,"height":456,"caption":"Imesch-Produkte GmbH"},"image":{"@id":"https:\/\/www.staging.imesch-produkte.ch\/#\/schema\/logo\/image\/"}}]}},"_links":{"self":[{"href":"https:\/\/www.staging.imesch-produkte.ch\/index.php?rest_route=\/wp\/v2\/product\/8299","targetHints":{"allow":["GET"]}}],"collection":[{"href":"https:\/\/www.staging.imesch-produkte.ch\/index.php?rest_route=\/wp\/v2\/product"}],"about":[{"href":"https:\/\/www.staging.imesch-produkte.ch\/index.php?rest_route=\/wp\/v2\/types\/product"}],"replies":[{"embeddable":true,"href":"https:\/\/www.staging.imesch-produkte.ch\/index.php?rest_route=%2Fwp%2Fv2%2Fcomments&post=8299"}],"version-history":[{"count":0,"href":"https:\/\/www.staging.imesch-produkte.ch\/index.php?rest_route=\/wp\/v2\/product\/8299\/revisions"}],"wp:featuredmedia":[{"embeddable":true,"href":"https:\/\/www.staging.imesch-produkte.ch\/index.php?rest_route=\/wp\/v2\/media\/8308"}],"wp:attachment":[{"href":"https:\/\/www.staging.imesch-produkte.ch\/index.php?rest_route=%2Fwp%2Fv2%2Fmedia&parent=8299"}],"wp:term":[{"taxonomy":"product_cat","embeddable":true,"href":"https:\/\/www.staging.imesch-produkte.ch\/index.php?rest_route=%2Fwp%2Fv2%2Fproduct_cat&post=8299"},{"taxonomy":"product_tag","embeddable":true,"href":"https:\/\/www.staging.imesch-produkte.ch\/index.php?rest_route=%2Fwp%2Fv2%2Fproduct_tag&post=8299"}],"curies":[{"name":"wp","href":"https:\/\/api.w.org\/{rel}","templated":true}]}}