{"id":8385,"date":"2020-07-10T20:13:54","date_gmt":"2020-07-10T18:13:54","guid":{"rendered":"https:\/\/www.imesch-produkte.ch\/?post_type=product&#038;p=8385"},"modified":"2024-10-27T17:08:51","modified_gmt":"2024-10-27T16:08:51","slug":"bodenwischer-holz-nylon-rot-80-cm","status":"publish","type":"product","link":"https:\/\/www.staging.imesch-produkte.ch\/?product=bodenwischer-holz-nylon-rot-80-cm","title":{"rendered":"Bodenwischer Holz, Nylon rot, 80 cm"},"content":{"rendered":"<p>Unser Bodenwischer aus Holz hat einen K\u00f6rper aus Buche und einen Besatz aus rotem Nylon. Die Buche ist die h\u00e4ufigste Laubbaumart der Schweiz und zeichnet sich vor allem durch Ihre Festigkeit und H\u00e4rte aus. Ausserdem wird das schlichte Aussehen und die Farbauspr\u00e4gungen der Buche sehr gesch\u00e4tzt.<\/p>\n<p>Nylon zeichnet sich durch eine hohe Scheuer- und Rei\u00dffestigkeit aus und nimmt wenig Fl\u00fcssigkeit auf. Es wird ausschliesslich durch Luft, Wasser und Kohlenstoff hergestellt.<\/p>\n<p>&nbsp;<\/p>\n<p>&nbsp;<\/p>\n","protected":false},"excerpt":{"rendered":"<p>Mit Fl\u00fcgelschraube f\u00fcr CH-Stielhalter<br \/>\nK\u00f6rper: Buche<br \/>\nBesatz: Nylon<\/p>\n","protected":false},"featured_media":8386,"comment_status":"open","ping_status":"closed","template":"","meta":[],"product_cat":[847,850],"product_tag":[733,94,699],"class_list":{"0":"post-8385","1":"product","2":"type-product","3":"status-publish","4":"has-post-thumbnail","6":"product_cat-reinigung","7":"product_cat-besen-buersten-pinsel","8":"product_tag-gastronomie","9":"product_tag-haushalt","10":"product_tag-unternehmen","12":"first","13":"instock","14":"taxable","15":"shipping-taxable","16":"purchasable","17":"product-type-simple"},"yoast_head":"<!-- This site is optimized with the Yoast SEO plugin v23.9 - https:\/\/yoast.com\/wordpress\/plugins\/seo\/ -->\n<title>Bodenwischer Holz, Nylon rot, 80 cm | Imesch Produkte<\/title>\n<meta name=\"description\" content=\"Unser Bodenwischer aus Holz hat einen K\u00f6rper aus Buche und einen Besatz aus rotem Nylon. Die Buche ist die h\u00e4ufigste Laubbaumart der Schweiz.\" \/>\n<meta name=\"robots\" content=\"noindex, follow, max-snippet:-1, max-image-preview:large, max-video-preview:-1\" \/>\n<meta property=\"og:locale\" content=\"de_DE\" \/>\n<meta property=\"og:type\" content=\"article\" \/>\n<meta property=\"og:title\" content=\"Bodenwischer Holz, Nylon rot, 80 cm | Imesch Produkte\" \/>\n<meta property=\"og:description\" content=\"Unser Bodenwischer aus Holz hat einen K\u00f6rper aus Buche und einen Besatz aus rotem Nylon. Die Buche ist die h\u00e4ufigste Laubbaumart der Schweiz.\" \/>\n<meta property=\"og:url\" content=\"https:\/\/www.staging.imesch-produkte.ch\/?product=bodenwischer-holz-nylon-rot-80-cm\" \/>\n<meta property=\"og:site_name\" content=\"Imesch Produkte\" \/>\n<meta property=\"article:modified_time\" content=\"2024-10-27T16:08:51+00:00\" \/>\n<meta property=\"og:image\" content=\"https:\/\/www.staging.imesch-produkte.ch\/wp-content\/uploads\/2020\/07\/WEB_824080_Bodenwischer-Nylon_80cm.jpg\" \/>\n\t<meta property=\"og:image:width\" content=\"500\" \/>\n\t<meta property=\"og:image:height\" content=\"500\" \/>\n\t<meta property=\"og:image:type\" content=\"image\/jpeg\" \/>\n<meta name=\"twitter:card\" content=\"summary_large_image\" \/>\n<meta name=\"twitter:label1\" content=\"Gesch\u00e4tzte Lesezeit\" \/>\n\t<meta name=\"twitter:data1\" content=\"1\u00a0Minute\" \/>\n<script type=\"application\/ld+json\" class=\"yoast-schema-graph\">{\"@context\":\"https:\/\/schema.org\",\"@graph\":[{\"@type\":\"WebPage\",\"@id\":\"https:\/\/www.staging.imesch-produkte.ch\/?product=bodenwischer-holz-nylon-rot-80-cm\",\"url\":\"https:\/\/www.staging.imesch-produkte.ch\/?product=bodenwischer-holz-nylon-rot-80-cm\",\"name\":\"Bodenwischer Holz, Nylon rot, 80 cm | Imesch Produkte\",\"isPartOf\":{\"@id\":\"https:\/\/www.staging.imesch-produkte.ch\/#website\"},\"primaryImageOfPage\":{\"@id\":\"https:\/\/www.staging.imesch-produkte.ch\/?product=bodenwischer-holz-nylon-rot-80-cm#primaryimage\"},\"image\":{\"@id\":\"https:\/\/www.staging.imesch-produkte.ch\/?product=bodenwischer-holz-nylon-rot-80-cm#primaryimage\"},\"thumbnailUrl\":\"https:\/\/www.staging.imesch-produkte.ch\/wp-content\/uploads\/2020\/07\/WEB_824080_Bodenwischer-Nylon_80cm.jpg\",\"datePublished\":\"2020-07-10T18:13:54+00:00\",\"dateModified\":\"2024-10-27T16:08:51+00:00\",\"description\":\"Unser Bodenwischer aus Holz hat einen K\u00f6rper aus Buche und einen Besatz aus rotem Nylon. Die Buche ist die h\u00e4ufigste Laubbaumart der Schweiz.\",\"breadcrumb\":{\"@id\":\"https:\/\/www.staging.imesch-produkte.ch\/?product=bodenwischer-holz-nylon-rot-80-cm#breadcrumb\"},\"inLanguage\":\"de\",\"potentialAction\":[{\"@type\":\"ReadAction\",\"target\":[\"https:\/\/www.staging.imesch-produkte.ch\/?product=bodenwischer-holz-nylon-rot-80-cm\"]}]},{\"@type\":\"ImageObject\",\"inLanguage\":\"de\",\"@id\":\"https:\/\/www.staging.imesch-produkte.ch\/?product=bodenwischer-holz-nylon-rot-80-cm#primaryimage\",\"url\":\"https:\/\/www.staging.imesch-produkte.ch\/wp-content\/uploads\/2020\/07\/WEB_824080_Bodenwischer-Nylon_80cm.jpg\",\"contentUrl\":\"https:\/\/www.staging.imesch-produkte.ch\/wp-content\/uploads\/2020\/07\/WEB_824080_Bodenwischer-Nylon_80cm.jpg\",\"width\":500,\"height\":500},{\"@type\":\"BreadcrumbList\",\"@id\":\"https:\/\/www.staging.imesch-produkte.ch\/?product=bodenwischer-holz-nylon-rot-80-cm#breadcrumb\",\"itemListElement\":[{\"@type\":\"ListItem\",\"position\":1,\"name\":\"Startseite\",\"item\":\"https:\/\/www.staging.imesch-produkte.ch\/\"},{\"@type\":\"ListItem\",\"position\":2,\"name\":\"Shop\",\"item\":\"https:\/\/www.staging.imesch-produkte.ch\/?page_id=401\"},{\"@type\":\"ListItem\",\"position\":3,\"name\":\"Bodenwischer Holz, Nylon rot, 80 cm\"}]},{\"@type\":\"WebSite\",\"@id\":\"https:\/\/www.staging.imesch-produkte.ch\/#website\",\"url\":\"https:\/\/www.staging.imesch-produkte.ch\/\",\"name\":\"Imesch-Produkte\",\"description\":\"Qualit\u00e4t verbindet Generationen\",\"publisher\":{\"@id\":\"https:\/\/www.staging.imesch-produkte.ch\/#organization\"},\"potentialAction\":[{\"@type\":\"SearchAction\",\"target\":{\"@type\":\"EntryPoint\",\"urlTemplate\":\"https:\/\/www.staging.imesch-produkte.ch\/?s={search_term_string}\"},\"query-input\":{\"@type\":\"PropertyValueSpecification\",\"valueRequired\":true,\"valueName\":\"search_term_string\"}}],\"inLanguage\":\"de\"},{\"@type\":\"Organization\",\"@id\":\"https:\/\/www.staging.imesch-produkte.ch\/#organization\",\"name\":\"Imesch-Produkte GmbH\",\"url\":\"https:\/\/www.staging.imesch-produkte.ch\/\",\"logo\":{\"@type\":\"ImageObject\",\"inLanguage\":\"de\",\"@id\":\"https:\/\/www.staging.imesch-produkte.ch\/#\/schema\/logo\/image\/\",\"url\":\"https:\/\/i0.wp.com\/www.imesch-produkte.ch\/wordpress\/wp-content\/uploads\/2020\/04\/Logo_Imesch_Produkte.png?fit=871%2C456&ssl=1\",\"contentUrl\":\"https:\/\/i0.wp.com\/www.imesch-produkte.ch\/wordpress\/wp-content\/uploads\/2020\/04\/Logo_Imesch_Produkte.png?fit=871%2C456&ssl=1\",\"width\":871,\"height\":456,\"caption\":\"Imesch-Produkte GmbH\"},\"image\":{\"@id\":\"https:\/\/www.staging.imesch-produkte.ch\/#\/schema\/logo\/image\/\"}}]}<\/script>\n<!-- \/ Yoast SEO plugin. -->","yoast_head_json":{"title":"Bodenwischer Holz, Nylon rot, 80 cm | Imesch Produkte","description":"Unser Bodenwischer aus Holz hat einen K\u00f6rper aus Buche und einen Besatz aus rotem Nylon. Die Buche ist die h\u00e4ufigste Laubbaumart der Schweiz.","robots":{"index":"noindex","follow":"follow","max-snippet":"max-snippet:-1","max-image-preview":"max-image-preview:large","max-video-preview":"max-video-preview:-1"},"og_locale":"de_DE","og_type":"article","og_title":"Bodenwischer Holz, Nylon rot, 80 cm | Imesch Produkte","og_description":"Unser Bodenwischer aus Holz hat einen K\u00f6rper aus Buche und einen Besatz aus rotem Nylon. Die Buche ist die h\u00e4ufigste Laubbaumart der Schweiz.","og_url":"https:\/\/www.staging.imesch-produkte.ch\/?product=bodenwischer-holz-nylon-rot-80-cm","og_site_name":"Imesch Produkte","article_modified_time":"2024-10-27T16:08:51+00:00","og_image":[{"width":500,"height":500,"url":"https:\/\/www.staging.imesch-produkte.ch\/wp-content\/uploads\/2020\/07\/WEB_824080_Bodenwischer-Nylon_80cm.jpg","type":"image\/jpeg"}],"twitter_card":"summary_large_image","twitter_misc":{"Gesch\u00e4tzte Lesezeit":"1\u00a0Minute"},"schema":{"@context":"https:\/\/schema.org","@graph":[{"@type":"WebPage","@id":"https:\/\/www.staging.imesch-produkte.ch\/?product=bodenwischer-holz-nylon-rot-80-cm","url":"https:\/\/www.staging.imesch-produkte.ch\/?product=bodenwischer-holz-nylon-rot-80-cm","name":"Bodenwischer Holz, Nylon rot, 80 cm | Imesch Produkte","isPartOf":{"@id":"https:\/\/www.staging.imesch-produkte.ch\/#website"},"primaryImageOfPage":{"@id":"https:\/\/www.staging.imesch-produkte.ch\/?product=bodenwischer-holz-nylon-rot-80-cm#primaryimage"},"image":{"@id":"https:\/\/www.staging.imesch-produkte.ch\/?product=bodenwischer-holz-nylon-rot-80-cm#primaryimage"},"thumbnailUrl":"https:\/\/www.staging.imesch-produkte.ch\/wp-content\/uploads\/2020\/07\/WEB_824080_Bodenwischer-Nylon_80cm.jpg","datePublished":"2020-07-10T18:13:54+00:00","dateModified":"2024-10-27T16:08:51+00:00","description":"Unser Bodenwischer aus Holz hat einen K\u00f6rper aus Buche und einen Besatz aus rotem Nylon. Die Buche ist die h\u00e4ufigste Laubbaumart der Schweiz.","breadcrumb":{"@id":"https:\/\/www.staging.imesch-produkte.ch\/?product=bodenwischer-holz-nylon-rot-80-cm#breadcrumb"},"inLanguage":"de","potentialAction":[{"@type":"ReadAction","target":["https:\/\/www.staging.imesch-produkte.ch\/?product=bodenwischer-holz-nylon-rot-80-cm"]}]},{"@type":"ImageObject","inLanguage":"de","@id":"https:\/\/www.staging.imesch-produkte.ch\/?product=bodenwischer-holz-nylon-rot-80-cm#primaryimage","url":"https:\/\/www.staging.imesch-produkte.ch\/wp-content\/uploads\/2020\/07\/WEB_824080_Bodenwischer-Nylon_80cm.jpg","contentUrl":"https:\/\/www.staging.imesch-produkte.ch\/wp-content\/uploads\/2020\/07\/WEB_824080_Bodenwischer-Nylon_80cm.jpg","width":500,"height":500},{"@type":"BreadcrumbList","@id":"https:\/\/www.staging.imesch-produkte.ch\/?product=bodenwischer-holz-nylon-rot-80-cm#breadcrumb","itemListElement":[{"@type":"ListItem","position":1,"name":"Startseite","item":"https:\/\/www.staging.imesch-produkte.ch\/"},{"@type":"ListItem","position":2,"name":"Shop","item":"https:\/\/www.staging.imesch-produkte.ch\/?page_id=401"},{"@type":"ListItem","position":3,"name":"Bodenwischer Holz, Nylon rot, 80 cm"}]},{"@type":"WebSite","@id":"https:\/\/www.staging.imesch-produkte.ch\/#website","url":"https:\/\/www.staging.imesch-produkte.ch\/","name":"Imesch-Produkte","description":"Qualit\u00e4t verbindet Generationen","publisher":{"@id":"https:\/\/www.staging.imesch-produkte.ch\/#organization"},"potentialAction":[{"@type":"SearchAction","target":{"@type":"EntryPoint","urlTemplate":"https:\/\/www.staging.imesch-produkte.ch\/?s={search_term_string}"},"query-input":{"@type":"PropertyValueSpecification","valueRequired":true,"valueName":"search_term_string"}}],"inLanguage":"de"},{"@type":"Organization","@id":"https:\/\/www.staging.imesch-produkte.ch\/#organization","name":"Imesch-Produkte GmbH","url":"https:\/\/www.staging.imesch-produkte.ch\/","logo":{"@type":"ImageObject","inLanguage":"de","@id":"https:\/\/www.staging.imesch-produkte.ch\/#\/schema\/logo\/image\/","url":"https:\/\/i0.wp.com\/www.imesch-produkte.ch\/wordpress\/wp-content\/uploads\/2020\/04\/Logo_Imesch_Produkte.png?fit=871%2C456&ssl=1","contentUrl":"https:\/\/i0.wp.com\/www.imesch-produkte.ch\/wordpress\/wp-content\/uploads\/2020\/04\/Logo_Imesch_Produkte.png?fit=871%2C456&ssl=1","width":871,"height":456,"caption":"Imesch-Produkte GmbH"},"image":{"@id":"https:\/\/www.staging.imesch-produkte.ch\/#\/schema\/logo\/image\/"}}]}},"_links":{"self":[{"href":"https:\/\/www.staging.imesch-produkte.ch\/index.php?rest_route=\/wp\/v2\/product\/8385","targetHints":{"allow":["GET"]}}],"collection":[{"href":"https:\/\/www.staging.imesch-produkte.ch\/index.php?rest_route=\/wp\/v2\/product"}],"about":[{"href":"https:\/\/www.staging.imesch-produkte.ch\/index.php?rest_route=\/wp\/v2\/types\/product"}],"replies":[{"embeddable":true,"href":"https:\/\/www.staging.imesch-produkte.ch\/index.php?rest_route=%2Fwp%2Fv2%2Fcomments&post=8385"}],"version-history":[{"count":1,"href":"https:\/\/www.staging.imesch-produkte.ch\/index.php?rest_route=\/wp\/v2\/product\/8385\/revisions"}],"predecessor-version":[{"id":16959,"href":"https:\/\/www.staging.imesch-produkte.ch\/index.php?rest_route=\/wp\/v2\/product\/8385\/revisions\/16959"}],"wp:featuredmedia":[{"embeddable":true,"href":"https:\/\/www.staging.imesch-produkte.ch\/index.php?rest_route=\/wp\/v2\/media\/8386"}],"wp:attachment":[{"href":"https:\/\/www.staging.imesch-produkte.ch\/index.php?rest_route=%2Fwp%2Fv2%2Fmedia&parent=8385"}],"wp:term":[{"taxonomy":"product_cat","embeddable":true,"href":"https:\/\/www.staging.imesch-produkte.ch\/index.php?rest_route=%2Fwp%2Fv2%2Fproduct_cat&post=8385"},{"taxonomy":"product_tag","embeddable":true,"href":"https:\/\/www.staging.imesch-produkte.ch\/index.php?rest_route=%2Fwp%2Fv2%2Fproduct_tag&post=8385"}],"curies":[{"name":"wp","href":"https:\/\/api.w.org\/{rel}","templated":true}]}}