{"id":8915,"date":"2020-07-31T14:15:19","date_gmt":"2020-07-31T12:15:19","guid":{"rendered":"https:\/\/www.imesch-produkte.ch\/?post_type=product&#038;p=8915"},"modified":"2024-02-26T16:35:51","modified_gmt":"2024-02-26T15:35:51","slug":"tork-abfallbehaelter","status":"publish","type":"product","link":"https:\/\/www.staging.imesch-produkte.ch\/?product=tork-abfallbehaelter","title":{"rendered":"Tork Abfallbeh\u00e4lter Mini, 20 Liter"},"content":{"rendered":"<p><a href=\"https:\/\/www.tork.ch\/de\/\">Tork<\/a> Abfallbeh\u00e4lter Mini. Der Abfallbeh\u00e4lter 20 Liter kann freistehend platziert werden und ist auch f\u00fcr die Wandmontage geeignet. Er hat ein Fassungsverm\u00f6gen von 20 Liter.\u00a0 Der Abfallbeh\u00e4lter besteht aus Kunststoff und ist daher Bruchfest, Temperatur und W\u00e4rmeformbest\u00e4ndig. Weitere Produkte passend zum Abfalleimer findest du <a href=\"https:\/\/www.imesch-produkte.ch\/produkt-kategorie\/reinigung\/entsorgung\/\">hier<\/a>.<\/p>\n<p>&nbsp;<\/p>\n","protected":false},"excerpt":{"rendered":"<p>Tork Abfallbeh\u00e4lter Mini. Der Abfallbeh\u00e4lter 20 Liter kann freistehend platziert werden und ist auch f\u00fcr die Wandmontage geeignet. Er hat ein Fassungsverm\u00f6gen von 20 Liter. Der Abfallbeh\u00e4lter besteht aus Kunststoff und ist daher Bruchfest, Temperatur und W\u00e4rmeformbest\u00e4ndig. Weitere Produkte findest du <a href=\"https:\/\/www.imesch-produkte.ch\/produkt-kategorie\/reinigung\/entsorgung\/\">hier<\/a>.<\/p>\n<p>&nbsp;<\/p>\n","protected":false},"featured_media":8917,"comment_status":"open","ping_status":"closed","template":"","meta":[],"product_cat":[847,851],"product_tag":[733,94,699],"class_list":{"0":"post-8915","1":"product","2":"type-product","3":"status-publish","4":"has-post-thumbnail","6":"product_cat-reinigung","7":"product_cat-entsorgung","8":"product_tag-gastronomie","9":"product_tag-haushalt","10":"product_tag-unternehmen","12":"first","13":"instock","14":"taxable","15":"shipping-taxable","16":"purchasable","17":"product-type-simple"},"yoast_head":"<!-- This site is optimized with the Yoast SEO plugin v23.9 - https:\/\/yoast.com\/wordpress\/plugins\/seo\/ -->\n<title>Tork Abfallbeh\u00e4lter Mini, 20 Liter | Imesch Produkte<\/title>\n<meta name=\"description\" content=\"Tork Abfallbeh\u00e4lter Mini. Der Abfallbeh\u00e4lter 20 Liter kann freistehend platziert werden und ist auch f\u00fcr die Wandmontage geeignet.\" \/>\n<meta name=\"robots\" content=\"noindex, follow, max-snippet:-1, max-image-preview:large, max-video-preview:-1\" \/>\n<meta property=\"og:locale\" content=\"de_DE\" \/>\n<meta property=\"og:type\" content=\"article\" \/>\n<meta property=\"og:title\" content=\"Tork Abfallbeh\u00e4lter Mini, 20 Liter | Imesch Produkte\" \/>\n<meta property=\"og:description\" content=\"Tork Abfallbeh\u00e4lter Mini. Der Abfallbeh\u00e4lter 20 Liter kann freistehend platziert werden und ist auch f\u00fcr die Wandmontage geeignet.\" \/>\n<meta property=\"og:url\" content=\"https:\/\/www.staging.imesch-produkte.ch\/?product=tork-abfallbehaelter\" \/>\n<meta property=\"og:site_name\" content=\"Imesch Produkte\" \/>\n<meta property=\"article:modified_time\" content=\"2024-02-26T15:35:51+00:00\" \/>\n<meta property=\"og:image\" content=\"https:\/\/www.staging.imesch-produkte.ch\/wp-content\/uploads\/2020\/07\/WEB_22035.10357_Abfallbeh\u00e4lter_20-Liter.jpg\" \/>\n\t<meta property=\"og:image:width\" content=\"750\" \/>\n\t<meta property=\"og:image:height\" content=\"750\" \/>\n\t<meta property=\"og:image:type\" content=\"image\/jpeg\" \/>\n<meta name=\"twitter:card\" content=\"summary_large_image\" \/>\n<script type=\"application\/ld+json\" class=\"yoast-schema-graph\">{\"@context\":\"https:\/\/schema.org\",\"@graph\":[{\"@type\":\"WebPage\",\"@id\":\"https:\/\/www.staging.imesch-produkte.ch\/?product=tork-abfallbehaelter\",\"url\":\"https:\/\/www.staging.imesch-produkte.ch\/?product=tork-abfallbehaelter\",\"name\":\"Tork Abfallbeh\u00e4lter Mini, 20 Liter | Imesch Produkte\",\"isPartOf\":{\"@id\":\"https:\/\/www.staging.imesch-produkte.ch\/#website\"},\"primaryImageOfPage\":{\"@id\":\"https:\/\/www.staging.imesch-produkte.ch\/?product=tork-abfallbehaelter#primaryimage\"},\"image\":{\"@id\":\"https:\/\/www.staging.imesch-produkte.ch\/?product=tork-abfallbehaelter#primaryimage\"},\"thumbnailUrl\":\"https:\/\/www.staging.imesch-produkte.ch\/wp-content\/uploads\/2020\/07\/WEB_22035.10357_Abfallbeh\u00e4lter_20-Liter.jpg\",\"datePublished\":\"2020-07-31T12:15:19+00:00\",\"dateModified\":\"2024-02-26T15:35:51+00:00\",\"description\":\"Tork Abfallbeh\u00e4lter Mini. Der Abfallbeh\u00e4lter 20 Liter kann freistehend platziert werden und ist auch f\u00fcr die Wandmontage geeignet.\",\"breadcrumb\":{\"@id\":\"https:\/\/www.staging.imesch-produkte.ch\/?product=tork-abfallbehaelter#breadcrumb\"},\"inLanguage\":\"de\",\"potentialAction\":[{\"@type\":\"ReadAction\",\"target\":[\"https:\/\/www.staging.imesch-produkte.ch\/?product=tork-abfallbehaelter\"]}]},{\"@type\":\"ImageObject\",\"inLanguage\":\"de\",\"@id\":\"https:\/\/www.staging.imesch-produkte.ch\/?product=tork-abfallbehaelter#primaryimage\",\"url\":\"https:\/\/www.staging.imesch-produkte.ch\/wp-content\/uploads\/2020\/07\/WEB_22035.10357_Abfallbeh\u00e4lter_20-Liter.jpg\",\"contentUrl\":\"https:\/\/www.staging.imesch-produkte.ch\/wp-content\/uploads\/2020\/07\/WEB_22035.10357_Abfallbeh\u00e4lter_20-Liter.jpg\",\"width\":750,\"height\":750,\"caption\":\"Tork Abfallbeh\u00e4lter Mini\"},{\"@type\":\"BreadcrumbList\",\"@id\":\"https:\/\/www.staging.imesch-produkte.ch\/?product=tork-abfallbehaelter#breadcrumb\",\"itemListElement\":[{\"@type\":\"ListItem\",\"position\":1,\"name\":\"Startseite\",\"item\":\"https:\/\/www.staging.imesch-produkte.ch\/\"},{\"@type\":\"ListItem\",\"position\":2,\"name\":\"Shop\",\"item\":\"https:\/\/www.staging.imesch-produkte.ch\/?page_id=401\"},{\"@type\":\"ListItem\",\"position\":3,\"name\":\"Tork Abfallbeh\u00e4lter Mini, 20 Liter\"}]},{\"@type\":\"WebSite\",\"@id\":\"https:\/\/www.staging.imesch-produkte.ch\/#website\",\"url\":\"https:\/\/www.staging.imesch-produkte.ch\/\",\"name\":\"Imesch-Produkte\",\"description\":\"Qualit\u00e4t verbindet Generationen\",\"publisher\":{\"@id\":\"https:\/\/www.staging.imesch-produkte.ch\/#organization\"},\"potentialAction\":[{\"@type\":\"SearchAction\",\"target\":{\"@type\":\"EntryPoint\",\"urlTemplate\":\"https:\/\/www.staging.imesch-produkte.ch\/?s={search_term_string}\"},\"query-input\":{\"@type\":\"PropertyValueSpecification\",\"valueRequired\":true,\"valueName\":\"search_term_string\"}}],\"inLanguage\":\"de\"},{\"@type\":\"Organization\",\"@id\":\"https:\/\/www.staging.imesch-produkte.ch\/#organization\",\"name\":\"Imesch-Produkte GmbH\",\"url\":\"https:\/\/www.staging.imesch-produkte.ch\/\",\"logo\":{\"@type\":\"ImageObject\",\"inLanguage\":\"de\",\"@id\":\"https:\/\/www.staging.imesch-produkte.ch\/#\/schema\/logo\/image\/\",\"url\":\"https:\/\/i0.wp.com\/www.imesch-produkte.ch\/wordpress\/wp-content\/uploads\/2020\/04\/Logo_Imesch_Produkte.png?fit=871%2C456&ssl=1\",\"contentUrl\":\"https:\/\/i0.wp.com\/www.imesch-produkte.ch\/wordpress\/wp-content\/uploads\/2020\/04\/Logo_Imesch_Produkte.png?fit=871%2C456&ssl=1\",\"width\":871,\"height\":456,\"caption\":\"Imesch-Produkte GmbH\"},\"image\":{\"@id\":\"https:\/\/www.staging.imesch-produkte.ch\/#\/schema\/logo\/image\/\"}}]}<\/script>\n<!-- \/ Yoast SEO plugin. -->","yoast_head_json":{"title":"Tork Abfallbeh\u00e4lter Mini, 20 Liter | Imesch Produkte","description":"Tork Abfallbeh\u00e4lter Mini. Der Abfallbeh\u00e4lter 20 Liter kann freistehend platziert werden und ist auch f\u00fcr die Wandmontage geeignet.","robots":{"index":"noindex","follow":"follow","max-snippet":"max-snippet:-1","max-image-preview":"max-image-preview:large","max-video-preview":"max-video-preview:-1"},"og_locale":"de_DE","og_type":"article","og_title":"Tork Abfallbeh\u00e4lter Mini, 20 Liter | Imesch Produkte","og_description":"Tork Abfallbeh\u00e4lter Mini. Der Abfallbeh\u00e4lter 20 Liter kann freistehend platziert werden und ist auch f\u00fcr die Wandmontage geeignet.","og_url":"https:\/\/www.staging.imesch-produkte.ch\/?product=tork-abfallbehaelter","og_site_name":"Imesch Produkte","article_modified_time":"2024-02-26T15:35:51+00:00","og_image":[{"width":750,"height":750,"url":"https:\/\/www.staging.imesch-produkte.ch\/wp-content\/uploads\/2020\/07\/WEB_22035.10357_Abfallbeh\u00e4lter_20-Liter.jpg","type":"image\/jpeg"}],"twitter_card":"summary_large_image","schema":{"@context":"https:\/\/schema.org","@graph":[{"@type":"WebPage","@id":"https:\/\/www.staging.imesch-produkte.ch\/?product=tork-abfallbehaelter","url":"https:\/\/www.staging.imesch-produkte.ch\/?product=tork-abfallbehaelter","name":"Tork Abfallbeh\u00e4lter Mini, 20 Liter | Imesch Produkte","isPartOf":{"@id":"https:\/\/www.staging.imesch-produkte.ch\/#website"},"primaryImageOfPage":{"@id":"https:\/\/www.staging.imesch-produkte.ch\/?product=tork-abfallbehaelter#primaryimage"},"image":{"@id":"https:\/\/www.staging.imesch-produkte.ch\/?product=tork-abfallbehaelter#primaryimage"},"thumbnailUrl":"https:\/\/www.staging.imesch-produkte.ch\/wp-content\/uploads\/2020\/07\/WEB_22035.10357_Abfallbeh\u00e4lter_20-Liter.jpg","datePublished":"2020-07-31T12:15:19+00:00","dateModified":"2024-02-26T15:35:51+00:00","description":"Tork Abfallbeh\u00e4lter Mini. Der Abfallbeh\u00e4lter 20 Liter kann freistehend platziert werden und ist auch f\u00fcr die Wandmontage geeignet.","breadcrumb":{"@id":"https:\/\/www.staging.imesch-produkte.ch\/?product=tork-abfallbehaelter#breadcrumb"},"inLanguage":"de","potentialAction":[{"@type":"ReadAction","target":["https:\/\/www.staging.imesch-produkte.ch\/?product=tork-abfallbehaelter"]}]},{"@type":"ImageObject","inLanguage":"de","@id":"https:\/\/www.staging.imesch-produkte.ch\/?product=tork-abfallbehaelter#primaryimage","url":"https:\/\/www.staging.imesch-produkte.ch\/wp-content\/uploads\/2020\/07\/WEB_22035.10357_Abfallbeh\u00e4lter_20-Liter.jpg","contentUrl":"https:\/\/www.staging.imesch-produkte.ch\/wp-content\/uploads\/2020\/07\/WEB_22035.10357_Abfallbeh\u00e4lter_20-Liter.jpg","width":750,"height":750,"caption":"Tork Abfallbeh\u00e4lter Mini"},{"@type":"BreadcrumbList","@id":"https:\/\/www.staging.imesch-produkte.ch\/?product=tork-abfallbehaelter#breadcrumb","itemListElement":[{"@type":"ListItem","position":1,"name":"Startseite","item":"https:\/\/www.staging.imesch-produkte.ch\/"},{"@type":"ListItem","position":2,"name":"Shop","item":"https:\/\/www.staging.imesch-produkte.ch\/?page_id=401"},{"@type":"ListItem","position":3,"name":"Tork Abfallbeh\u00e4lter Mini, 20 Liter"}]},{"@type":"WebSite","@id":"https:\/\/www.staging.imesch-produkte.ch\/#website","url":"https:\/\/www.staging.imesch-produkte.ch\/","name":"Imesch-Produkte","description":"Qualit\u00e4t verbindet Generationen","publisher":{"@id":"https:\/\/www.staging.imesch-produkte.ch\/#organization"},"potentialAction":[{"@type":"SearchAction","target":{"@type":"EntryPoint","urlTemplate":"https:\/\/www.staging.imesch-produkte.ch\/?s={search_term_string}"},"query-input":{"@type":"PropertyValueSpecification","valueRequired":true,"valueName":"search_term_string"}}],"inLanguage":"de"},{"@type":"Organization","@id":"https:\/\/www.staging.imesch-produkte.ch\/#organization","name":"Imesch-Produkte GmbH","url":"https:\/\/www.staging.imesch-produkte.ch\/","logo":{"@type":"ImageObject","inLanguage":"de","@id":"https:\/\/www.staging.imesch-produkte.ch\/#\/schema\/logo\/image\/","url":"https:\/\/i0.wp.com\/www.imesch-produkte.ch\/wordpress\/wp-content\/uploads\/2020\/04\/Logo_Imesch_Produkte.png?fit=871%2C456&ssl=1","contentUrl":"https:\/\/i0.wp.com\/www.imesch-produkte.ch\/wordpress\/wp-content\/uploads\/2020\/04\/Logo_Imesch_Produkte.png?fit=871%2C456&ssl=1","width":871,"height":456,"caption":"Imesch-Produkte GmbH"},"image":{"@id":"https:\/\/www.staging.imesch-produkte.ch\/#\/schema\/logo\/image\/"}}]}},"_links":{"self":[{"href":"https:\/\/www.staging.imesch-produkte.ch\/index.php?rest_route=\/wp\/v2\/product\/8915","targetHints":{"allow":["GET"]}}],"collection":[{"href":"https:\/\/www.staging.imesch-produkte.ch\/index.php?rest_route=\/wp\/v2\/product"}],"about":[{"href":"https:\/\/www.staging.imesch-produkte.ch\/index.php?rest_route=\/wp\/v2\/types\/product"}],"replies":[{"embeddable":true,"href":"https:\/\/www.staging.imesch-produkte.ch\/index.php?rest_route=%2Fwp%2Fv2%2Fcomments&post=8915"}],"version-history":[{"count":1,"href":"https:\/\/www.staging.imesch-produkte.ch\/index.php?rest_route=\/wp\/v2\/product\/8915\/revisions"}],"predecessor-version":[{"id":17196,"href":"https:\/\/www.staging.imesch-produkte.ch\/index.php?rest_route=\/wp\/v2\/product\/8915\/revisions\/17196"}],"wp:featuredmedia":[{"embeddable":true,"href":"https:\/\/www.staging.imesch-produkte.ch\/index.php?rest_route=\/wp\/v2\/media\/8917"}],"wp:attachment":[{"href":"https:\/\/www.staging.imesch-produkte.ch\/index.php?rest_route=%2Fwp%2Fv2%2Fmedia&parent=8915"}],"wp:term":[{"taxonomy":"product_cat","embeddable":true,"href":"https:\/\/www.staging.imesch-produkte.ch\/index.php?rest_route=%2Fwp%2Fv2%2Fproduct_cat&post=8915"},{"taxonomy":"product_tag","embeddable":true,"href":"https:\/\/www.staging.imesch-produkte.ch\/index.php?rest_route=%2Fwp%2Fv2%2Fproduct_tag&post=8915"}],"curies":[{"name":"wp","href":"https:\/\/api.w.org\/{rel}","templated":true}]}}