{"id":9259,"date":"2020-08-22T10:25:11","date_gmt":"2020-08-22T08:25:11","guid":{"rendered":"https:\/\/www.imesch-produkte.ch\/?post_type=product&#038;p=9259"},"modified":"2024-02-26T16:35:55","modified_gmt":"2024-02-26T15:35:55","slug":"erste-hilfe-koffer-cederroth-medium","status":"publish","type":"product","link":"https:\/\/www.staging.imesch-produkte.ch\/?product=erste-hilfe-koffer-cederroth-medium","title":{"rendered":"Erste Hilfe Koffer Cederroth M"},"content":{"rendered":"<h1>Erste Hilfe Koffer Cederroth M<\/h1>\n<p>Der Erste Hilfe Koffer Cederroth M ist ein komplettes, leichtes und einfach zu verwendendes Set, das alles enth\u00e4lt, was Sie f\u00fcr die Notfallversorgung ben\u00f6tigen. Dank des praktischen Tragegriffs kann er \u00fcberallhin mitgenommen werden, ohne dass er sperrig wird oder Sie belastet! Das wasserabweisende Design sch\u00fctzt vor Schmutz und Staub und h\u00e4lt gleichzeitig die Feuchtigkeit fern, sodass dieses Produkt immer erhalten bleibt, egal in welcher Umgebung es sich im Laufe der Zeit befindet.<\/p>\n<p><b>Inhalt CEDERROTH erste Hilfe Koffer Medium<br \/>\n<\/b>&#8211; 1 x Cederroth 4-in-1 Blutstiller<br \/>\n&#8211; 1 x Cederroth 4-in-1 mini Blutstiller<br \/>\n&#8211; 10 x Salvequick Pflaster<br \/>\n&#8211; 6 x Salvequick Wundreinigungst\u00fccher<br \/>\n&#8211; 4 x Salvequick Maxi Cover<br \/>\n&#8211; 1 x Beatmungsmaske<br \/>\n&#8211; 2 x Safety Hand Cleanser<br \/>\n&#8211; 2 x Paar Handschuhe<br \/>\n&#8211; 1 x Rettungsdecke<br \/>\n&#8211; 1 x Elastische Binde<br \/>\n&#8211; 1 x Cederroth Burn Gel Dressing<br \/>\n&#8211; 1 x Schere<br \/>\n&#8211; 1 x Erste-Hilfe-Anweisungen<\/p>\n","protected":false},"excerpt":{"rendered":"<p>Der Erste-Hilfe-Koffer ist ein komplettes, leichtes und einfach zu verwendendes Set, das alles enth\u00e4lt, was Sie f\u00fcr die Notfallversorgung ben\u00f6tigen. Dank des praktischen Tragegriffs kann er \u00fcberallhin mitgenommen werden, ohne dass er sperrig wird oder Sie belastet!<\/p>\n","protected":false},"featured_media":9260,"comment_status":"open","ping_status":"closed","template":"","meta":[],"product_cat":[852],"product_tag":[98,733,94,699],"class_list":{"0":"post-9259","1":"product","2":"type-product","3":"status-publish","4":"has-post-thumbnail","6":"product_cat-schutzartikel","7":"product_tag-fest","8":"product_tag-gastronomie","9":"product_tag-haushalt","10":"product_tag-unternehmen","12":"first","13":"instock","14":"taxable","15":"shipping-taxable","16":"purchasable","17":"product-type-simple"},"yoast_head":"<!-- This site is optimized with the Yoast SEO plugin v23.9 - https:\/\/yoast.com\/wordpress\/plugins\/seo\/ -->\n<title>Erste Hilfe Koffer Cederroth M | Imesch Produkte<\/title>\n<meta name=\"description\" content=\"Das wasserabweisende Design sch\u00fctzt vor Schmutz und h\u00e4lt Feuchtigkeit fern. Sein kompaktes Klappsystem ist ideal f\u00fcr das Verstauen im Auto .\" \/>\n<meta name=\"robots\" content=\"noindex, follow, max-snippet:-1, max-image-preview:large, max-video-preview:-1\" \/>\n<meta property=\"og:locale\" content=\"de_DE\" \/>\n<meta property=\"og:type\" content=\"article\" \/>\n<meta property=\"og:title\" content=\"Erste Hilfe Koffer Cederroth M | Imesch Produkte\" \/>\n<meta property=\"og:description\" content=\"Das wasserabweisende Design sch\u00fctzt vor Schmutz und h\u00e4lt Feuchtigkeit fern. Sein kompaktes Klappsystem ist ideal f\u00fcr das Verstauen im Auto .\" \/>\n<meta property=\"og:url\" content=\"https:\/\/www.staging.imesch-produkte.ch\/?product=erste-hilfe-koffer-cederroth-medium\" \/>\n<meta property=\"og:site_name\" content=\"Imesch Produkte\" \/>\n<meta property=\"article:modified_time\" content=\"2024-02-26T15:35:55+00:00\" \/>\n<meta property=\"og:image\" content=\"https:\/\/www.staging.imesch-produkte.ch\/wp-content\/uploads\/2020\/08\/WEB_2CD390101_Erste-Hilfe-Koffer_medium_01.jpg\" \/>\n\t<meta property=\"og:image:width\" content=\"750\" \/>\n\t<meta property=\"og:image:height\" content=\"750\" \/>\n\t<meta property=\"og:image:type\" content=\"image\/jpeg\" \/>\n<meta name=\"twitter:card\" content=\"summary_large_image\" \/>\n<meta name=\"twitter:label1\" content=\"Gesch\u00e4tzte Lesezeit\" \/>\n\t<meta name=\"twitter:data1\" content=\"1\u00a0Minute\" \/>\n<script type=\"application\/ld+json\" class=\"yoast-schema-graph\">{\"@context\":\"https:\/\/schema.org\",\"@graph\":[{\"@type\":\"WebPage\",\"@id\":\"https:\/\/www.staging.imesch-produkte.ch\/?product=erste-hilfe-koffer-cederroth-medium\",\"url\":\"https:\/\/www.staging.imesch-produkte.ch\/?product=erste-hilfe-koffer-cederroth-medium\",\"name\":\"Erste Hilfe Koffer Cederroth M | Imesch Produkte\",\"isPartOf\":{\"@id\":\"https:\/\/www.staging.imesch-produkte.ch\/#website\"},\"primaryImageOfPage\":{\"@id\":\"https:\/\/www.staging.imesch-produkte.ch\/?product=erste-hilfe-koffer-cederroth-medium#primaryimage\"},\"image\":{\"@id\":\"https:\/\/www.staging.imesch-produkte.ch\/?product=erste-hilfe-koffer-cederroth-medium#primaryimage\"},\"thumbnailUrl\":\"https:\/\/www.staging.imesch-produkte.ch\/wp-content\/uploads\/2020\/08\/WEB_2CD390101_Erste-Hilfe-Koffer_medium_01.jpg\",\"datePublished\":\"2020-08-22T08:25:11+00:00\",\"dateModified\":\"2024-02-26T15:35:55+00:00\",\"description\":\"Das wasserabweisende Design sch\u00fctzt vor Schmutz und h\u00e4lt Feuchtigkeit fern. Sein kompaktes Klappsystem ist ideal f\u00fcr das Verstauen im Auto .\",\"breadcrumb\":{\"@id\":\"https:\/\/www.staging.imesch-produkte.ch\/?product=erste-hilfe-koffer-cederroth-medium#breadcrumb\"},\"inLanguage\":\"de\",\"potentialAction\":[{\"@type\":\"ReadAction\",\"target\":[\"https:\/\/www.staging.imesch-produkte.ch\/?product=erste-hilfe-koffer-cederroth-medium\"]}]},{\"@type\":\"ImageObject\",\"inLanguage\":\"de\",\"@id\":\"https:\/\/www.staging.imesch-produkte.ch\/?product=erste-hilfe-koffer-cederroth-medium#primaryimage\",\"url\":\"https:\/\/www.staging.imesch-produkte.ch\/wp-content\/uploads\/2020\/08\/WEB_2CD390101_Erste-Hilfe-Koffer_medium_01.jpg\",\"contentUrl\":\"https:\/\/www.staging.imesch-produkte.ch\/wp-content\/uploads\/2020\/08\/WEB_2CD390101_Erste-Hilfe-Koffer_medium_01.jpg\",\"width\":750,\"height\":750},{\"@type\":\"BreadcrumbList\",\"@id\":\"https:\/\/www.staging.imesch-produkte.ch\/?product=erste-hilfe-koffer-cederroth-medium#breadcrumb\",\"itemListElement\":[{\"@type\":\"ListItem\",\"position\":1,\"name\":\"Startseite\",\"item\":\"https:\/\/www.staging.imesch-produkte.ch\/\"},{\"@type\":\"ListItem\",\"position\":2,\"name\":\"Shop\",\"item\":\"https:\/\/www.staging.imesch-produkte.ch\/?page_id=401\"},{\"@type\":\"ListItem\",\"position\":3,\"name\":\"Erste Hilfe Koffer Cederroth M\"}]},{\"@type\":\"WebSite\",\"@id\":\"https:\/\/www.staging.imesch-produkte.ch\/#website\",\"url\":\"https:\/\/www.staging.imesch-produkte.ch\/\",\"name\":\"Imesch-Produkte\",\"description\":\"Qualit\u00e4t verbindet Generationen\",\"publisher\":{\"@id\":\"https:\/\/www.staging.imesch-produkte.ch\/#organization\"},\"potentialAction\":[{\"@type\":\"SearchAction\",\"target\":{\"@type\":\"EntryPoint\",\"urlTemplate\":\"https:\/\/www.staging.imesch-produkte.ch\/?s={search_term_string}\"},\"query-input\":{\"@type\":\"PropertyValueSpecification\",\"valueRequired\":true,\"valueName\":\"search_term_string\"}}],\"inLanguage\":\"de\"},{\"@type\":\"Organization\",\"@id\":\"https:\/\/www.staging.imesch-produkte.ch\/#organization\",\"name\":\"Imesch-Produkte GmbH\",\"url\":\"https:\/\/www.staging.imesch-produkte.ch\/\",\"logo\":{\"@type\":\"ImageObject\",\"inLanguage\":\"de\",\"@id\":\"https:\/\/www.staging.imesch-produkte.ch\/#\/schema\/logo\/image\/\",\"url\":\"https:\/\/i0.wp.com\/www.imesch-produkte.ch\/wordpress\/wp-content\/uploads\/2020\/04\/Logo_Imesch_Produkte.png?fit=871%2C456&ssl=1\",\"contentUrl\":\"https:\/\/i0.wp.com\/www.imesch-produkte.ch\/wordpress\/wp-content\/uploads\/2020\/04\/Logo_Imesch_Produkte.png?fit=871%2C456&ssl=1\",\"width\":871,\"height\":456,\"caption\":\"Imesch-Produkte GmbH\"},\"image\":{\"@id\":\"https:\/\/www.staging.imesch-produkte.ch\/#\/schema\/logo\/image\/\"}}]}<\/script>\n<!-- \/ Yoast SEO plugin. -->","yoast_head_json":{"title":"Erste Hilfe Koffer Cederroth M | Imesch Produkte","description":"Das wasserabweisende Design sch\u00fctzt vor Schmutz und h\u00e4lt Feuchtigkeit fern. Sein kompaktes Klappsystem ist ideal f\u00fcr das Verstauen im Auto .","robots":{"index":"noindex","follow":"follow","max-snippet":"max-snippet:-1","max-image-preview":"max-image-preview:large","max-video-preview":"max-video-preview:-1"},"og_locale":"de_DE","og_type":"article","og_title":"Erste Hilfe Koffer Cederroth M | Imesch Produkte","og_description":"Das wasserabweisende Design sch\u00fctzt vor Schmutz und h\u00e4lt Feuchtigkeit fern. Sein kompaktes Klappsystem ist ideal f\u00fcr das Verstauen im Auto .","og_url":"https:\/\/www.staging.imesch-produkte.ch\/?product=erste-hilfe-koffer-cederroth-medium","og_site_name":"Imesch Produkte","article_modified_time":"2024-02-26T15:35:55+00:00","og_image":[{"width":750,"height":750,"url":"https:\/\/www.staging.imesch-produkte.ch\/wp-content\/uploads\/2020\/08\/WEB_2CD390101_Erste-Hilfe-Koffer_medium_01.jpg","type":"image\/jpeg"}],"twitter_card":"summary_large_image","twitter_misc":{"Gesch\u00e4tzte Lesezeit":"1\u00a0Minute"},"schema":{"@context":"https:\/\/schema.org","@graph":[{"@type":"WebPage","@id":"https:\/\/www.staging.imesch-produkte.ch\/?product=erste-hilfe-koffer-cederroth-medium","url":"https:\/\/www.staging.imesch-produkte.ch\/?product=erste-hilfe-koffer-cederroth-medium","name":"Erste Hilfe Koffer Cederroth M | Imesch Produkte","isPartOf":{"@id":"https:\/\/www.staging.imesch-produkte.ch\/#website"},"primaryImageOfPage":{"@id":"https:\/\/www.staging.imesch-produkte.ch\/?product=erste-hilfe-koffer-cederroth-medium#primaryimage"},"image":{"@id":"https:\/\/www.staging.imesch-produkte.ch\/?product=erste-hilfe-koffer-cederroth-medium#primaryimage"},"thumbnailUrl":"https:\/\/www.staging.imesch-produkte.ch\/wp-content\/uploads\/2020\/08\/WEB_2CD390101_Erste-Hilfe-Koffer_medium_01.jpg","datePublished":"2020-08-22T08:25:11+00:00","dateModified":"2024-02-26T15:35:55+00:00","description":"Das wasserabweisende Design sch\u00fctzt vor Schmutz und h\u00e4lt Feuchtigkeit fern. Sein kompaktes Klappsystem ist ideal f\u00fcr das Verstauen im Auto .","breadcrumb":{"@id":"https:\/\/www.staging.imesch-produkte.ch\/?product=erste-hilfe-koffer-cederroth-medium#breadcrumb"},"inLanguage":"de","potentialAction":[{"@type":"ReadAction","target":["https:\/\/www.staging.imesch-produkte.ch\/?product=erste-hilfe-koffer-cederroth-medium"]}]},{"@type":"ImageObject","inLanguage":"de","@id":"https:\/\/www.staging.imesch-produkte.ch\/?product=erste-hilfe-koffer-cederroth-medium#primaryimage","url":"https:\/\/www.staging.imesch-produkte.ch\/wp-content\/uploads\/2020\/08\/WEB_2CD390101_Erste-Hilfe-Koffer_medium_01.jpg","contentUrl":"https:\/\/www.staging.imesch-produkte.ch\/wp-content\/uploads\/2020\/08\/WEB_2CD390101_Erste-Hilfe-Koffer_medium_01.jpg","width":750,"height":750},{"@type":"BreadcrumbList","@id":"https:\/\/www.staging.imesch-produkte.ch\/?product=erste-hilfe-koffer-cederroth-medium#breadcrumb","itemListElement":[{"@type":"ListItem","position":1,"name":"Startseite","item":"https:\/\/www.staging.imesch-produkte.ch\/"},{"@type":"ListItem","position":2,"name":"Shop","item":"https:\/\/www.staging.imesch-produkte.ch\/?page_id=401"},{"@type":"ListItem","position":3,"name":"Erste Hilfe Koffer Cederroth M"}]},{"@type":"WebSite","@id":"https:\/\/www.staging.imesch-produkte.ch\/#website","url":"https:\/\/www.staging.imesch-produkte.ch\/","name":"Imesch-Produkte","description":"Qualit\u00e4t verbindet Generationen","publisher":{"@id":"https:\/\/www.staging.imesch-produkte.ch\/#organization"},"potentialAction":[{"@type":"SearchAction","target":{"@type":"EntryPoint","urlTemplate":"https:\/\/www.staging.imesch-produkte.ch\/?s={search_term_string}"},"query-input":{"@type":"PropertyValueSpecification","valueRequired":true,"valueName":"search_term_string"}}],"inLanguage":"de"},{"@type":"Organization","@id":"https:\/\/www.staging.imesch-produkte.ch\/#organization","name":"Imesch-Produkte GmbH","url":"https:\/\/www.staging.imesch-produkte.ch\/","logo":{"@type":"ImageObject","inLanguage":"de","@id":"https:\/\/www.staging.imesch-produkte.ch\/#\/schema\/logo\/image\/","url":"https:\/\/i0.wp.com\/www.imesch-produkte.ch\/wordpress\/wp-content\/uploads\/2020\/04\/Logo_Imesch_Produkte.png?fit=871%2C456&ssl=1","contentUrl":"https:\/\/i0.wp.com\/www.imesch-produkte.ch\/wordpress\/wp-content\/uploads\/2020\/04\/Logo_Imesch_Produkte.png?fit=871%2C456&ssl=1","width":871,"height":456,"caption":"Imesch-Produkte GmbH"},"image":{"@id":"https:\/\/www.staging.imesch-produkte.ch\/#\/schema\/logo\/image\/"}}]}},"_links":{"self":[{"href":"https:\/\/www.staging.imesch-produkte.ch\/index.php?rest_route=\/wp\/v2\/product\/9259","targetHints":{"allow":["GET"]}}],"collection":[{"href":"https:\/\/www.staging.imesch-produkte.ch\/index.php?rest_route=\/wp\/v2\/product"}],"about":[{"href":"https:\/\/www.staging.imesch-produkte.ch\/index.php?rest_route=\/wp\/v2\/types\/product"}],"replies":[{"embeddable":true,"href":"https:\/\/www.staging.imesch-produkte.ch\/index.php?rest_route=%2Fwp%2Fv2%2Fcomments&post=9259"}],"version-history":[{"count":4,"href":"https:\/\/www.staging.imesch-produkte.ch\/index.php?rest_route=\/wp\/v2\/product\/9259\/revisions"}],"predecessor-version":[{"id":17414,"href":"https:\/\/www.staging.imesch-produkte.ch\/index.php?rest_route=\/wp\/v2\/product\/9259\/revisions\/17414"}],"wp:featuredmedia":[{"embeddable":true,"href":"https:\/\/www.staging.imesch-produkte.ch\/index.php?rest_route=\/wp\/v2\/media\/9260"}],"wp:attachment":[{"href":"https:\/\/www.staging.imesch-produkte.ch\/index.php?rest_route=%2Fwp%2Fv2%2Fmedia&parent=9259"}],"wp:term":[{"taxonomy":"product_cat","embeddable":true,"href":"https:\/\/www.staging.imesch-produkte.ch\/index.php?rest_route=%2Fwp%2Fv2%2Fproduct_cat&post=9259"},{"taxonomy":"product_tag","embeddable":true,"href":"https:\/\/www.staging.imesch-produkte.ch\/index.php?rest_route=%2Fwp%2Fv2%2Fproduct_tag&post=9259"}],"curies":[{"name":"wp","href":"https:\/\/api.w.org\/{rel}","templated":true}]}}