{"id":9266,"date":"2020-08-22T10:41:31","date_gmt":"2020-08-22T08:41:31","guid":{"rendered":"https:\/\/www.imesch-produkte.ch\/?post_type=product&#038;p=9266"},"modified":"2024-02-26T16:35:55","modified_gmt":"2024-02-26T15:35:55","slug":"erste-hilfe-koffer-cederroth-xl","status":"publish","type":"product","link":"https:\/\/www.staging.imesch-produkte.ch\/?product=erste-hilfe-koffer-cederroth-xl","title":{"rendered":"Erste Hilfe Koffer Cederroth XL"},"content":{"rendered":"<h1>Erste Hilfe Koffer Cederroth XL<\/h1>\n<p>Der Erste-Hilfe-Koffer von CEDERROTH ist die perfekte Wahl f\u00fcr Mitarbeiter, die viel unterwegs sind. Er ist leicht und benutzerfreundlich und hat alles, was du brauchst, an einem Ort &#8211; von F\u00e4chern, die den Inhalt ordentlich aufbewahren, bis hin zu einem angebrachten Pflasterspender f\u00fcr den schnellen Zugriff bei Bedarf. Au\u00dferdem sch\u00fctzt die matte Oberfl\u00e4che vor Staub, Feuchtigkeit und Schmutz &#8211; so ist dein Verbandskasten immer sicher und einsatzbereit!<\/p>\n<p>&nbsp;<\/p>\n<p><b>Inhalt Erste Hilfe Koffer XL CEDERROTH <\/b><br \/>\n&#8211; 3 x 4-in-1 Blutstiller CEDERROTH (REF 1910)<br \/>\n&#8211; 4 x 4-in-1 mini Blutstiller CEDERROTH (REF 1911)<br \/>\n&#8211; 45 x Pflaster SALVEQUICK Plastik (REF 6036)<br \/>\n&#8211; 40 x Pflaster SALVEQUICK textil (REF 6444)<br \/>\n&#8211; 10 x Wundreinigungst\u00fccher SALVEQUICK (REF 3227)<br \/>\n&#8211; 2 x Soft Foam Bandage 6 cm x 40 cm (676100)<br \/>\n&#8211; 1 x Beatmungsmaske (REF 2596)<br \/>\n&#8211; 4 x Handreinigungst\u00fccher<br \/>\n&#8211; 4 x Paar Handschuhe<br \/>\n&#8211; 1 x Rettungsdecke (REF 1892)<br \/>\n&#8211; 2 x Elastische Binden (REF 1882)<br \/>\n&#8211; 3 x Kompressen mit Aluminiumbeschichtung 20 x 40 cm<br \/>\n&#8211; 2 x Netzverband (REF 1893)<br \/>\n&#8211; 1 x Burn Gel Kompressen CEDERROTH (REF 901900)<br \/>\n&#8211; 1 x Dreieckstuch<br \/>\n&#8211; 1 x K\u00e4lte-Sofortkompresse (REF 219600)<br \/>\n&#8211; 1 x Augen und Wunden Reinigungsspray (REF 726000)<br \/>\n&#8211; 1 x Schere (REF 270002)<br \/>\n&#8211; 1 x Pinzette (REF 1875)<br \/>\n&#8211; 1 x Erste-Hilfe-Anweisung<\/p>\n","protected":false},"excerpt":{"rendered":"<p>Der CEDERROTH Erste-Hilfe-Koffer XL ist der perfekte Begleiter f\u00fcr unterwegs. Mit seinen F\u00e4chern und dem angebrachten Pflasterspender ist alles, was du brauchst, \u00fcbersichtlich und leicht zug\u00e4nglich, damit du noch schneller medizinische Hilfe leisten kannst! Die matte Oberfl\u00e4che sch\u00fctzt ihn au\u00dferdem vor Schmutz, Staub und Feuchtigkeit, damit deine wertvollen Utensilien immer sofort einsatzbereit sind, wenn du sie brauchst.<\/p>\n","protected":false},"featured_media":9267,"comment_status":"open","ping_status":"closed","template":"","meta":[],"product_cat":[852],"product_tag":[98,733,94,699],"class_list":{"0":"post-9266","1":"product","2":"type-product","3":"status-publish","4":"has-post-thumbnail","6":"product_cat-schutzartikel","7":"product_tag-fest","8":"product_tag-gastronomie","9":"product_tag-haushalt","10":"product_tag-unternehmen","12":"first","13":"instock","14":"taxable","15":"shipping-taxable","16":"purchasable","17":"product-type-simple"},"yoast_head":"<!-- This site is optimized with the Yoast SEO plugin v23.9 - https:\/\/yoast.com\/wordpress\/plugins\/seo\/ -->\n<title>Erste Hilfe Koffer Cederroth XL | Imesch Produkte<\/title>\n<meta name=\"description\" content=\"Der CEDERROTH Erste-Hilfe-Koffer XL ist der perfekte Begleiter f\u00fcr unterwegs. Damit du noch schneller medizinische Hilfe leisten kannst!\" \/>\n<meta name=\"robots\" content=\"noindex, follow, max-snippet:-1, max-image-preview:large, max-video-preview:-1\" \/>\n<meta property=\"og:locale\" content=\"de_DE\" \/>\n<meta property=\"og:type\" content=\"article\" \/>\n<meta property=\"og:title\" content=\"Erste Hilfe Koffer Cederroth XL | Imesch Produkte\" \/>\n<meta property=\"og:description\" content=\"Der CEDERROTH Erste-Hilfe-Koffer XL ist der perfekte Begleiter f\u00fcr unterwegs. Damit du noch schneller medizinische Hilfe leisten kannst!\" \/>\n<meta property=\"og:url\" content=\"https:\/\/www.staging.imesch-produkte.ch\/?product=erste-hilfe-koffer-cederroth-xl\" \/>\n<meta property=\"og:site_name\" content=\"Imesch Produkte\" \/>\n<meta property=\"article:modified_time\" content=\"2024-02-26T15:35:55+00:00\" \/>\n<meta property=\"og:image\" content=\"https:\/\/www.staging.imesch-produkte.ch\/wp-content\/uploads\/2020\/08\/WEB_2CD390103_Erste-Hilfe-Koffer_XL.jpg\" \/>\n\t<meta property=\"og:image:width\" content=\"750\" \/>\n\t<meta property=\"og:image:height\" content=\"750\" \/>\n\t<meta property=\"og:image:type\" content=\"image\/jpeg\" \/>\n<meta name=\"twitter:card\" content=\"summary_large_image\" \/>\n<meta name=\"twitter:label1\" content=\"Gesch\u00e4tzte Lesezeit\" \/>\n\t<meta name=\"twitter:data1\" content=\"1\u00a0Minute\" \/>\n<script type=\"application\/ld+json\" class=\"yoast-schema-graph\">{\"@context\":\"https:\/\/schema.org\",\"@graph\":[{\"@type\":\"WebPage\",\"@id\":\"https:\/\/www.staging.imesch-produkte.ch\/?product=erste-hilfe-koffer-cederroth-xl\",\"url\":\"https:\/\/www.staging.imesch-produkte.ch\/?product=erste-hilfe-koffer-cederroth-xl\",\"name\":\"Erste Hilfe Koffer Cederroth XL | Imesch Produkte\",\"isPartOf\":{\"@id\":\"https:\/\/www.staging.imesch-produkte.ch\/#website\"},\"primaryImageOfPage\":{\"@id\":\"https:\/\/www.staging.imesch-produkte.ch\/?product=erste-hilfe-koffer-cederroth-xl#primaryimage\"},\"image\":{\"@id\":\"https:\/\/www.staging.imesch-produkte.ch\/?product=erste-hilfe-koffer-cederroth-xl#primaryimage\"},\"thumbnailUrl\":\"https:\/\/www.staging.imesch-produkte.ch\/wp-content\/uploads\/2020\/08\/WEB_2CD390103_Erste-Hilfe-Koffer_XL.jpg\",\"datePublished\":\"2020-08-22T08:41:31+00:00\",\"dateModified\":\"2024-02-26T15:35:55+00:00\",\"description\":\"Der CEDERROTH Erste-Hilfe-Koffer XL ist der perfekte Begleiter f\u00fcr unterwegs. Damit du noch schneller medizinische Hilfe leisten kannst!\",\"breadcrumb\":{\"@id\":\"https:\/\/www.staging.imesch-produkte.ch\/?product=erste-hilfe-koffer-cederroth-xl#breadcrumb\"},\"inLanguage\":\"de\",\"potentialAction\":[{\"@type\":\"ReadAction\",\"target\":[\"https:\/\/www.staging.imesch-produkte.ch\/?product=erste-hilfe-koffer-cederroth-xl\"]}]},{\"@type\":\"ImageObject\",\"inLanguage\":\"de\",\"@id\":\"https:\/\/www.staging.imesch-produkte.ch\/?product=erste-hilfe-koffer-cederroth-xl#primaryimage\",\"url\":\"https:\/\/www.staging.imesch-produkte.ch\/wp-content\/uploads\/2020\/08\/WEB_2CD390103_Erste-Hilfe-Koffer_XL.jpg\",\"contentUrl\":\"https:\/\/www.staging.imesch-produkte.ch\/wp-content\/uploads\/2020\/08\/WEB_2CD390103_Erste-Hilfe-Koffer_XL.jpg\",\"width\":750,\"height\":750,\"caption\":\"Der CEDERROTH Erste-Hilfe-Koffer XL ist der perfekte Begleiter f\u00fcr unterwegs. Mit seinen F\u00e4chern und dem angebrachten Pflasterspender ist alles, was du brauchst, \u00fcbersichtlich organisiert und leicht zug\u00e4nglich, damit du noch schneller medizinische Hilfe leisten kannst!\"},{\"@type\":\"BreadcrumbList\",\"@id\":\"https:\/\/www.staging.imesch-produkte.ch\/?product=erste-hilfe-koffer-cederroth-xl#breadcrumb\",\"itemListElement\":[{\"@type\":\"ListItem\",\"position\":1,\"name\":\"Startseite\",\"item\":\"https:\/\/www.staging.imesch-produkte.ch\/\"},{\"@type\":\"ListItem\",\"position\":2,\"name\":\"Shop\",\"item\":\"https:\/\/www.staging.imesch-produkte.ch\/?page_id=401\"},{\"@type\":\"ListItem\",\"position\":3,\"name\":\"Erste Hilfe Koffer Cederroth XL\"}]},{\"@type\":\"WebSite\",\"@id\":\"https:\/\/www.staging.imesch-produkte.ch\/#website\",\"url\":\"https:\/\/www.staging.imesch-produkte.ch\/\",\"name\":\"Imesch-Produkte\",\"description\":\"Qualit\u00e4t verbindet Generationen\",\"publisher\":{\"@id\":\"https:\/\/www.staging.imesch-produkte.ch\/#organization\"},\"potentialAction\":[{\"@type\":\"SearchAction\",\"target\":{\"@type\":\"EntryPoint\",\"urlTemplate\":\"https:\/\/www.staging.imesch-produkte.ch\/?s={search_term_string}\"},\"query-input\":{\"@type\":\"PropertyValueSpecification\",\"valueRequired\":true,\"valueName\":\"search_term_string\"}}],\"inLanguage\":\"de\"},{\"@type\":\"Organization\",\"@id\":\"https:\/\/www.staging.imesch-produkte.ch\/#organization\",\"name\":\"Imesch-Produkte GmbH\",\"url\":\"https:\/\/www.staging.imesch-produkte.ch\/\",\"logo\":{\"@type\":\"ImageObject\",\"inLanguage\":\"de\",\"@id\":\"https:\/\/www.staging.imesch-produkte.ch\/#\/schema\/logo\/image\/\",\"url\":\"https:\/\/i0.wp.com\/www.imesch-produkte.ch\/wordpress\/wp-content\/uploads\/2020\/04\/Logo_Imesch_Produkte.png?fit=871%2C456&ssl=1\",\"contentUrl\":\"https:\/\/i0.wp.com\/www.imesch-produkte.ch\/wordpress\/wp-content\/uploads\/2020\/04\/Logo_Imesch_Produkte.png?fit=871%2C456&ssl=1\",\"width\":871,\"height\":456,\"caption\":\"Imesch-Produkte GmbH\"},\"image\":{\"@id\":\"https:\/\/www.staging.imesch-produkte.ch\/#\/schema\/logo\/image\/\"}}]}<\/script>\n<!-- \/ Yoast SEO plugin. -->","yoast_head_json":{"title":"Erste Hilfe Koffer Cederroth XL | Imesch Produkte","description":"Der CEDERROTH Erste-Hilfe-Koffer XL ist der perfekte Begleiter f\u00fcr unterwegs. Damit du noch schneller medizinische Hilfe leisten kannst!","robots":{"index":"noindex","follow":"follow","max-snippet":"max-snippet:-1","max-image-preview":"max-image-preview:large","max-video-preview":"max-video-preview:-1"},"og_locale":"de_DE","og_type":"article","og_title":"Erste Hilfe Koffer Cederroth XL | Imesch Produkte","og_description":"Der CEDERROTH Erste-Hilfe-Koffer XL ist der perfekte Begleiter f\u00fcr unterwegs. Damit du noch schneller medizinische Hilfe leisten kannst!","og_url":"https:\/\/www.staging.imesch-produkte.ch\/?product=erste-hilfe-koffer-cederroth-xl","og_site_name":"Imesch Produkte","article_modified_time":"2024-02-26T15:35:55+00:00","og_image":[{"width":750,"height":750,"url":"https:\/\/www.staging.imesch-produkte.ch\/wp-content\/uploads\/2020\/08\/WEB_2CD390103_Erste-Hilfe-Koffer_XL.jpg","type":"image\/jpeg"}],"twitter_card":"summary_large_image","twitter_misc":{"Gesch\u00e4tzte Lesezeit":"1\u00a0Minute"},"schema":{"@context":"https:\/\/schema.org","@graph":[{"@type":"WebPage","@id":"https:\/\/www.staging.imesch-produkte.ch\/?product=erste-hilfe-koffer-cederroth-xl","url":"https:\/\/www.staging.imesch-produkte.ch\/?product=erste-hilfe-koffer-cederroth-xl","name":"Erste Hilfe Koffer Cederroth XL | Imesch Produkte","isPartOf":{"@id":"https:\/\/www.staging.imesch-produkte.ch\/#website"},"primaryImageOfPage":{"@id":"https:\/\/www.staging.imesch-produkte.ch\/?product=erste-hilfe-koffer-cederroth-xl#primaryimage"},"image":{"@id":"https:\/\/www.staging.imesch-produkte.ch\/?product=erste-hilfe-koffer-cederroth-xl#primaryimage"},"thumbnailUrl":"https:\/\/www.staging.imesch-produkte.ch\/wp-content\/uploads\/2020\/08\/WEB_2CD390103_Erste-Hilfe-Koffer_XL.jpg","datePublished":"2020-08-22T08:41:31+00:00","dateModified":"2024-02-26T15:35:55+00:00","description":"Der CEDERROTH Erste-Hilfe-Koffer XL ist der perfekte Begleiter f\u00fcr unterwegs. Damit du noch schneller medizinische Hilfe leisten kannst!","breadcrumb":{"@id":"https:\/\/www.staging.imesch-produkte.ch\/?product=erste-hilfe-koffer-cederroth-xl#breadcrumb"},"inLanguage":"de","potentialAction":[{"@type":"ReadAction","target":["https:\/\/www.staging.imesch-produkte.ch\/?product=erste-hilfe-koffer-cederroth-xl"]}]},{"@type":"ImageObject","inLanguage":"de","@id":"https:\/\/www.staging.imesch-produkte.ch\/?product=erste-hilfe-koffer-cederroth-xl#primaryimage","url":"https:\/\/www.staging.imesch-produkte.ch\/wp-content\/uploads\/2020\/08\/WEB_2CD390103_Erste-Hilfe-Koffer_XL.jpg","contentUrl":"https:\/\/www.staging.imesch-produkte.ch\/wp-content\/uploads\/2020\/08\/WEB_2CD390103_Erste-Hilfe-Koffer_XL.jpg","width":750,"height":750,"caption":"Der CEDERROTH Erste-Hilfe-Koffer XL ist der perfekte Begleiter f\u00fcr unterwegs. Mit seinen F\u00e4chern und dem angebrachten Pflasterspender ist alles, was du brauchst, \u00fcbersichtlich organisiert und leicht zug\u00e4nglich, damit du noch schneller medizinische Hilfe leisten kannst!"},{"@type":"BreadcrumbList","@id":"https:\/\/www.staging.imesch-produkte.ch\/?product=erste-hilfe-koffer-cederroth-xl#breadcrumb","itemListElement":[{"@type":"ListItem","position":1,"name":"Startseite","item":"https:\/\/www.staging.imesch-produkte.ch\/"},{"@type":"ListItem","position":2,"name":"Shop","item":"https:\/\/www.staging.imesch-produkte.ch\/?page_id=401"},{"@type":"ListItem","position":3,"name":"Erste Hilfe Koffer Cederroth XL"}]},{"@type":"WebSite","@id":"https:\/\/www.staging.imesch-produkte.ch\/#website","url":"https:\/\/www.staging.imesch-produkte.ch\/","name":"Imesch-Produkte","description":"Qualit\u00e4t verbindet Generationen","publisher":{"@id":"https:\/\/www.staging.imesch-produkte.ch\/#organization"},"potentialAction":[{"@type":"SearchAction","target":{"@type":"EntryPoint","urlTemplate":"https:\/\/www.staging.imesch-produkte.ch\/?s={search_term_string}"},"query-input":{"@type":"PropertyValueSpecification","valueRequired":true,"valueName":"search_term_string"}}],"inLanguage":"de"},{"@type":"Organization","@id":"https:\/\/www.staging.imesch-produkte.ch\/#organization","name":"Imesch-Produkte GmbH","url":"https:\/\/www.staging.imesch-produkte.ch\/","logo":{"@type":"ImageObject","inLanguage":"de","@id":"https:\/\/www.staging.imesch-produkte.ch\/#\/schema\/logo\/image\/","url":"https:\/\/i0.wp.com\/www.imesch-produkte.ch\/wordpress\/wp-content\/uploads\/2020\/04\/Logo_Imesch_Produkte.png?fit=871%2C456&ssl=1","contentUrl":"https:\/\/i0.wp.com\/www.imesch-produkte.ch\/wordpress\/wp-content\/uploads\/2020\/04\/Logo_Imesch_Produkte.png?fit=871%2C456&ssl=1","width":871,"height":456,"caption":"Imesch-Produkte GmbH"},"image":{"@id":"https:\/\/www.staging.imesch-produkte.ch\/#\/schema\/logo\/image\/"}}]}},"_links":{"self":[{"href":"https:\/\/www.staging.imesch-produkte.ch\/index.php?rest_route=\/wp\/v2\/product\/9266","targetHints":{"allow":["GET"]}}],"collection":[{"href":"https:\/\/www.staging.imesch-produkte.ch\/index.php?rest_route=\/wp\/v2\/product"}],"about":[{"href":"https:\/\/www.staging.imesch-produkte.ch\/index.php?rest_route=\/wp\/v2\/types\/product"}],"replies":[{"embeddable":true,"href":"https:\/\/www.staging.imesch-produkte.ch\/index.php?rest_route=%2Fwp%2Fv2%2Fcomments&post=9266"}],"version-history":[{"count":3,"href":"https:\/\/www.staging.imesch-produkte.ch\/index.php?rest_route=\/wp\/v2\/product\/9266\/revisions"}],"predecessor-version":[{"id":17501,"href":"https:\/\/www.staging.imesch-produkte.ch\/index.php?rest_route=\/wp\/v2\/product\/9266\/revisions\/17501"}],"wp:featuredmedia":[{"embeddable":true,"href":"https:\/\/www.staging.imesch-produkte.ch\/index.php?rest_route=\/wp\/v2\/media\/9267"}],"wp:attachment":[{"href":"https:\/\/www.staging.imesch-produkte.ch\/index.php?rest_route=%2Fwp%2Fv2%2Fmedia&parent=9266"}],"wp:term":[{"taxonomy":"product_cat","embeddable":true,"href":"https:\/\/www.staging.imesch-produkte.ch\/index.php?rest_route=%2Fwp%2Fv2%2Fproduct_cat&post=9266"},{"taxonomy":"product_tag","embeddable":true,"href":"https:\/\/www.staging.imesch-produkte.ch\/index.php?rest_route=%2Fwp%2Fv2%2Fproduct_tag&post=9266"}],"curies":[{"name":"wp","href":"https:\/\/api.w.org\/{rel}","templated":true}]}}